{"id":10859,"date":"2019-01-09T16:06:20","date_gmt":"2019-01-09T21:06:20","guid":{"rendered":"https:\/\/www.s1helmets.ca\/?page_id=10859"},"modified":"2026-05-12T15:14:35","modified_gmt":"2026-05-12T20:14:35","slug":"page-daccueil","status":"publish","type":"page","link":"https:\/\/www.s1helmets.ca\/fr\/","title":{"rendered":"Page d&rsquo;accueil"},"content":{"rendered":"\n<p> <\/p>\n\n\n\n<blockquote class=\"wp-block-quote is-layout-flow wp-block-quote-is-layout-flow\">\n<p><\/p>\n<\/blockquote>\n","protected":false},"excerpt":{"rendered":"","protected":false},"author":1,"featured_media":8375,"parent":0,"menu_order":0,"comment_status":"closed","ping_status":"closed","template":"template-home.php","meta":{"_acf_changed":false,"footnotes":""},"class_list":["post-10859","page","type-page","status-publish","has-post-thumbnail","hentry"],"acf":[],"yoast_head":"<!-- This site is optimized with the Yoast SEO plugin v27.6 - https:\/\/yoast.com\/product\/yoast-seo-wordpress\/ -->\n<title>Meilleur casque de Roller Derby - S1 Helmets Canada<\/title>\n<meta name=\"description\" content=\"Meilleurs casques et protections pour Roller Derby | Casques de Patin | Casques de planche \u00e0 roulettes | Casques pour v\u00e9los \u00e9lectriques | S1 Helmets Canada\" \/>\n<meta name=\"robots\" content=\"index, follow, max-snippet:-1, max-image-preview:large, max-video-preview:-1\" \/>\n<link rel=\"canonical\" href=\"https:\/\/www.s1helmets.ca\/fr\/\" \/>\n<meta property=\"og:locale\" content=\"fr_FR\" \/>\n<meta property=\"og:type\" content=\"article\" \/>\n<meta property=\"og:title\" content=\"Meilleur casque de Roller Derby - S1 Helmets Canada\" \/>\n<meta property=\"og:description\" content=\"Meilleurs casques et protections pour Roller Derby | Casques de Patin | Casques de planche \u00e0 roulettes | Casques pour v\u00e9los \u00e9lectriques | S1 Helmets Canada\" \/>\n<meta property=\"og:url\" content=\"https:\/\/www.s1helmets.ca\/fr\/\" \/>\n<meta property=\"og:site_name\" content=\"S1 Helmets Canada\" \/>\n<meta property=\"article:modified_time\" content=\"2026-05-12T20:14:35+00:00\" \/>\n<meta property=\"og:image\" content=\"https:\/\/www.s1helmets.ca\/wp-content\/uploads\/2023\/07\/S1-Lifer-Boyd-Hilder-Helmet-34-View.jpg\" \/>\n\t<meta property=\"og:image:width\" content=\"1445\" \/>\n\t<meta property=\"og:image:height\" content=\"1761\" \/>\n\t<meta property=\"og:image:type\" content=\"image\/jpeg\" \/>\n<meta name=\"twitter:card\" content=\"summary_large_image\" \/>\n<meta name=\"twitter:label1\" content=\"Dur\u00e9e de lecture estim\u00e9e\" \/>\n\t<meta name=\"twitter:data1\" content=\"1 minute\" \/>\n<script type=\"application\/ld+json\" class=\"yoast-schema-graph\">{\"@context\":\"https:\\\/\\\/schema.org\",\"@graph\":[{\"@type\":\"WebPage\",\"@id\":\"https:\\\/\\\/www.s1helmets.ca\\\/fr\\\/\",\"url\":\"https:\\\/\\\/www.s1helmets.ca\\\/fr\\\/\",\"name\":\"Meilleur casque de Roller Derby - S1 Helmets Canada\",\"isPartOf\":{\"@id\":\"https:\\\/\\\/www.s1helmets.ca\\\/fr\\\/#website\"},\"primaryImageOfPage\":{\"@id\":\"https:\\\/\\\/www.s1helmets.ca\\\/fr\\\/#primaryimage\"},\"image\":{\"@id\":\"https:\\\/\\\/www.s1helmets.ca\\\/fr\\\/#primaryimage\"},\"thumbnailUrl\":\"https:\\\/\\\/www.s1helmets.ca\\\/wp-content\\\/uploads\\\/2023\\\/07\\\/S1-Lifer-Boyd-Hilder-Helmet-34-View.jpg\",\"datePublished\":\"2019-01-09T21:06:20+00:00\",\"dateModified\":\"2026-05-12T20:14:35+00:00\",\"description\":\"Meilleurs casques et protections pour Roller Derby | Casques de Patin | Casques de planche \u00e0 roulettes | Casques pour v\u00e9los \u00e9lectriques | S1 Helmets Canada\",\"breadcrumb\":{\"@id\":\"https:\\\/\\\/www.s1helmets.ca\\\/fr\\\/#breadcrumb\"},\"inLanguage\":\"fr-FR\",\"potentialAction\":[{\"@type\":\"ReadAction\",\"target\":[\"https:\\\/\\\/www.s1helmets.ca\\\/fr\\\/\"]}]},{\"@type\":\"ImageObject\",\"inLanguage\":\"fr-FR\",\"@id\":\"https:\\\/\\\/www.s1helmets.ca\\\/fr\\\/#primaryimage\",\"url\":\"https:\\\/\\\/www.s1helmets.ca\\\/wp-content\\\/uploads\\\/2023\\\/07\\\/S1-Lifer-Boyd-Hilder-Helmet-34-View.jpg\",\"contentUrl\":\"https:\\\/\\\/www.s1helmets.ca\\\/wp-content\\\/uploads\\\/2023\\\/07\\\/S1-Lifer-Boyd-Hilder-Helmet-34-View.jpg\",\"width\":1445,\"height\":1761,\"caption\":\"Meilleur casque de Roller Derby\"},{\"@type\":\"BreadcrumbList\",\"@id\":\"https:\\\/\\\/www.s1helmets.ca\\\/fr\\\/#breadcrumb\",\"itemListElement\":[{\"@type\":\"ListItem\",\"position\":1,\"name\":\"Home\",\"item\":\"https:\\\/\\\/www.s1helmets.ca\\\/fr\\\/\"},{\"@type\":\"ListItem\",\"position\":2,\"name\":\"Page d&rsquo;accueil\"}]},{\"@type\":\"WebSite\",\"@id\":\"https:\\\/\\\/www.s1helmets.ca\\\/fr\\\/#website\",\"url\":\"https:\\\/\\\/www.s1helmets.ca\\\/fr\\\/\",\"name\":\"S1 Helmets Canada\",\"description\":\"Roller Derby Helmet and Pads | Skate Helmets | S1 Helmets Canada\",\"potentialAction\":[{\"@type\":\"SearchAction\",\"target\":{\"@type\":\"EntryPoint\",\"urlTemplate\":\"https:\\\/\\\/www.s1helmets.ca\\\/fr\\\/?s={search_term_string}\"},\"query-input\":{\"@type\":\"PropertyValueSpecification\",\"valueRequired\":true,\"valueName\":\"search_term_string\"}}],\"inLanguage\":\"fr-FR\"}]}<\/script>\n<!-- \/ Yoast SEO plugin. -->","yoast_head_json":{"title":"Meilleur casque de Roller Derby - S1 Helmets Canada","description":"Meilleurs casques et protections pour Roller Derby | Casques de Patin | Casques de planche \u00e0 roulettes | Casques pour v\u00e9los \u00e9lectriques | S1 Helmets Canada","robots":{"index":"index","follow":"follow","max-snippet":"max-snippet:-1","max-image-preview":"max-image-preview:large","max-video-preview":"max-video-preview:-1"},"canonical":"https:\/\/www.s1helmets.ca\/fr\/","og_locale":"fr_FR","og_type":"article","og_title":"Meilleur casque de Roller Derby - S1 Helmets Canada","og_description":"Meilleurs casques et protections pour Roller Derby | Casques de Patin | Casques de planche \u00e0 roulettes | Casques pour v\u00e9los \u00e9lectriques | S1 Helmets Canada","og_url":"https:\/\/www.s1helmets.ca\/fr\/","og_site_name":"S1 Helmets Canada","article_modified_time":"2026-05-12T20:14:35+00:00","og_image":[{"width":1445,"height":1761,"url":"https:\/\/www.s1helmets.ca\/wp-content\/uploads\/2023\/07\/S1-Lifer-Boyd-Hilder-Helmet-34-View.jpg","type":"image\/jpeg"}],"twitter_card":"summary_large_image","twitter_misc":{"Dur\u00e9e de lecture estim\u00e9e":"1 minute"},"schema":{"@context":"https:\/\/schema.org","@graph":[{"@type":"WebPage","@id":"https:\/\/www.s1helmets.ca\/fr\/","url":"https:\/\/www.s1helmets.ca\/fr\/","name":"Meilleur casque de Roller Derby - S1 Helmets Canada","isPartOf":{"@id":"https:\/\/www.s1helmets.ca\/fr\/#website"},"primaryImageOfPage":{"@id":"https:\/\/www.s1helmets.ca\/fr\/#primaryimage"},"image":{"@id":"https:\/\/www.s1helmets.ca\/fr\/#primaryimage"},"thumbnailUrl":"https:\/\/www.s1helmets.ca\/wp-content\/uploads\/2023\/07\/S1-Lifer-Boyd-Hilder-Helmet-34-View.jpg","datePublished":"2019-01-09T21:06:20+00:00","dateModified":"2026-05-12T20:14:35+00:00","description":"Meilleurs casques et protections pour Roller Derby | Casques de Patin | Casques de planche \u00e0 roulettes | Casques pour v\u00e9los \u00e9lectriques | S1 Helmets Canada","breadcrumb":{"@id":"https:\/\/www.s1helmets.ca\/fr\/#breadcrumb"},"inLanguage":"fr-FR","potentialAction":[{"@type":"ReadAction","target":["https:\/\/www.s1helmets.ca\/fr\/"]}]},{"@type":"ImageObject","inLanguage":"fr-FR","@id":"https:\/\/www.s1helmets.ca\/fr\/#primaryimage","url":"https:\/\/www.s1helmets.ca\/wp-content\/uploads\/2023\/07\/S1-Lifer-Boyd-Hilder-Helmet-34-View.jpg","contentUrl":"https:\/\/www.s1helmets.ca\/wp-content\/uploads\/2023\/07\/S1-Lifer-Boyd-Hilder-Helmet-34-View.jpg","width":1445,"height":1761,"caption":"Meilleur casque de Roller Derby"},{"@type":"BreadcrumbList","@id":"https:\/\/www.s1helmets.ca\/fr\/#breadcrumb","itemListElement":[{"@type":"ListItem","position":1,"name":"Home","item":"https:\/\/www.s1helmets.ca\/fr\/"},{"@type":"ListItem","position":2,"name":"Page d&rsquo;accueil"}]},{"@type":"WebSite","@id":"https:\/\/www.s1helmets.ca\/fr\/#website","url":"https:\/\/www.s1helmets.ca\/fr\/","name":"S1 Helmets Canada","description":"Roller Derby Helmet and Pads | Skate Helmets | S1 Helmets Canada","potentialAction":[{"@type":"SearchAction","target":{"@type":"EntryPoint","urlTemplate":"https:\/\/www.s1helmets.ca\/fr\/?s={search_term_string}"},"query-input":{"@type":"PropertyValueSpecification","valueRequired":true,"valueName":"search_term_string"}}],"inLanguage":"fr-FR"}]}},"_links":{"self":[{"href":"https:\/\/www.s1helmets.ca\/fr\/wp-json\/wp\/v2\/pages\/10859","targetHints":{"allow":["GET"]}}],"collection":[{"href":"https:\/\/www.s1helmets.ca\/fr\/wp-json\/wp\/v2\/pages"}],"about":[{"href":"https:\/\/www.s1helmets.ca\/fr\/wp-json\/wp\/v2\/types\/page"}],"author":[{"embeddable":true,"href":"https:\/\/www.s1helmets.ca\/fr\/wp-json\/wp\/v2\/users\/1"}],"replies":[{"embeddable":true,"href":"https:\/\/www.s1helmets.ca\/fr\/wp-json\/wp\/v2\/comments?post=10859"}],"version-history":[{"count":4,"href":"https:\/\/www.s1helmets.ca\/fr\/wp-json\/wp\/v2\/pages\/10859\/revisions"}],"predecessor-version":[{"id":10979,"href":"https:\/\/www.s1helmets.ca\/fr\/wp-json\/wp\/v2\/pages\/10859\/revisions\/10979"}],"wp:featuredmedia":[{"embeddable":true,"href":"https:\/\/www.s1helmets.ca\/fr\/wp-json\/wp\/v2\/media\/8375"}],"wp:attachment":[{"href":"https:\/\/www.s1helmets.ca\/fr\/wp-json\/wp\/v2\/media?parent=10859"}],"curies":[{"name":"wp","href":"https:\/\/api.w.org\/{rel}","templated":true}]}}