{"id":10910,"date":"2019-06-07T15:03:26","date_gmt":"2019-06-07T20:03:26","guid":{"rendered":"https:\/\/www.s1helmets.ca\/politiques\/"},"modified":"2019-06-07T15:03:26","modified_gmt":"2019-06-07T20:03:26","slug":"politiques","status":"publish","type":"page","link":"https:\/\/www.s1helmets.ca\/fr\/politiques\/","title":{"rendered":"POLITIQUES"},"content":{"rendered":"<p><em><strong>LIVRAISON<\/strong><\/em><\/p>\n<p><span style=\"font-size: 0.9vw;\">Nous appliquons un tarif forfaitaire. QC-ON=$20, NL,NU,YK= $35, NB,NS,PEI,MB,SK= $25, AB,BC=$27. L&rsquo;envoi se fera soit par FedEx Ground, UPS, Purolator, Postes Canada ou Canpar. Si vous avez des questions concernant la livraison, veuillez nous contacter par e-mail. <a href=\"mailto:info@s1helmets.ca\">info@s1helmets.ca<\/a>. La plupart du temps, la commande sera exp\u00e9di\u00e9e dans les 24 \u00e0 48 heures.<\/span><\/p>\n<p><strong style=\"display:inline-block;margin-top:40px;\"><em>POLITIQUES DE RETOURS<\/em><\/strong><\/p>\n<p><span style=\"font-size: 0.9vw;\"><em>RETOURS : Vous pouvez retourner un produit dans un d\u00e9lai de 60 jours \u00e0 condition qu&rsquo;il n&rsquo;ait pas \u00e9t\u00e9 utilis\u00e9. Envoyez simplement un courriel \u00e0 <a href=\"mailto:info@s1helmets.ca\">info@s1helmets.ca<\/a> et dites-nous quel est le probl\u00e8me ou pourquoi vous souhaitez retourner le produit.&nbsp;Si c&rsquo;est un probl\u00e8me de taille pour un casque et que vous avez d\u00e9j\u00e0 essay\u00e9 toutes les autres doublures de taille dans la bo\u00eete, nous pourrons peut-\u00eatre simplement vous envoyer la doublure de taille appropri\u00e9e et vous faire \u00e9conomiser de l&rsquo;argent sur les frais de retour du casque. Assurez-vous de demander #RA. Nous vous enverrons un courriel avec un num\u00e9ro d&rsquo;autorisation de retour (RA#) et il vous suffira ensuite d&rsquo;envoyer le casque \u00e0 l&rsquo;adresse ci-dessous. (Vous payez les frais d&rsquo;exp\u00e9dition et nous vous sugg\u00e9rons de demander un num\u00e9ro de suivi afin de pouvoir suivre le colis). D\u00e8s r\u00e9ception du casque, nous vous rembourserons le montant de l&rsquo;achat initial moins les frais d&rsquo;exp\u00e9dition initiaux.<\/em><\/span><\/p>\n<p><span style=\"font-size: 0.9vw;\"><em>GARANTIE : Tous les produits sont garantis 1 an \u00e0 compter de la date d&rsquo;achat contre tout d\u00e9faut de fabrication. Ceci s&rsquo;applique uniquement au propri\u00e9taire d&rsquo;origine et doit \u00eatre accompagn\u00e9 d&rsquo;un re\u00e7u de vente comme preuve d&rsquo;achat. Cette garantie ne s&rsquo;applique pas aux dommages r\u00e9sultant d&rsquo;un choc, d&rsquo;une mauvaise utilisation, d&rsquo;un abus, d&rsquo;un accident, d&rsquo;une n\u00e9gligence ou d&rsquo;une usure normale. Si vous croyez que votre casque a un d\u00e9faut de fabrication, veuillez envoyer un courriel \u00e0 <a href=\"mailto:info@s1helmets.ca\">info@s1helmets.ca<\/a> avec des photos et une explication du probl\u00e8me. Nous vous r\u00e9pondrons \u00e0 votre courriel avec un #WA. Une fois que vous avez le num\u00e9ro #WA, envoyez le casque \u00e0 l&rsquo;adresse ci-dessous. Si le casque pr\u00e9sente un d\u00e9faut de fabrication, nous vous enverrons un nouveau casque. Si le casque ne pr\u00e9sente pas de d\u00e9faut de fabrication, vous devrez assumer les frais d&rsquo;exp\u00e9dition pour que nous vous le retournions.<\/em><\/span><\/p>\n<p><span style=\"font-size: 0.9vw;\">Envoyer \u00c0:<br \/>\nXact Performance inc.<br \/>\nAttn: Returns RA # _______<br \/>\n12770 Brault suite 101<br \/>\nMirabel, Qc J7J 0W3<br \/>\n450-419-9941<\/span><\/p>\n","protected":false},"excerpt":{"rendered":"LIVRAISON Nous appliquons un tarif forfaitaire. QC-ON=$20, NL,NU,YK= $35, NB,NS,PEI,MB,SK= $25, AB,BC=$27. L&rsquo;envoi se fera soit par FedEx Ground, UPS, Purolator, Postes Canada ou Canpar. Si vous avez des questions concernant la livraison, veuillez nous contacter par e-mail. info@s1helmets.ca. La plupart du temps, la commande sera exp\u00e9di\u00e9e dans les 24 \u00e0 48 heures. POLITIQUES DE&#8230; <a class=\"view-article\" href=\"https:\/\/www.s1helmets.ca\/fr\/politiques\/\">Voir l&rsquo;article<\/a>","protected":false},"author":1,"featured_media":0,"parent":0,"menu_order":0,"comment_status":"closed","ping_status":"closed","template":"template-mesure.php","meta":{"_acf_changed":false,"footnotes":""},"class_list":["post-10910","page","type-page","status-publish","hentry"],"acf":[],"yoast_head":"<!-- This site is optimized with the Yoast SEO plugin v27.6 - https:\/\/yoast.com\/product\/yoast-seo-wordpress\/ -->\n<title>S1 Helmets Canada - S1 Helmets Canada<\/title>\n<meta name=\"description\" content=\"S1 Helmets Canada. Roller Derby Helmets and Pads | Skate Helmets | Skateboard Helmets | E-Bike Helmets | S1 Helmets Canada\" \/>\n<meta name=\"robots\" content=\"index, follow, max-snippet:-1, max-image-preview:large, max-video-preview:-1\" \/>\n<link rel=\"canonical\" href=\"https:\/\/www.s1helmets.ca\/fr\/politiques\/\" \/>\n<meta property=\"og:locale\" content=\"fr_FR\" \/>\n<meta property=\"og:type\" content=\"article\" \/>\n<meta property=\"og:title\" content=\"S1 Helmets Canada - S1 Helmets Canada\" \/>\n<meta property=\"og:description\" content=\"S1 Helmets Canada. Roller Derby Helmets and Pads | Skate Helmets | Skateboard Helmets | E-Bike Helmets | S1 Helmets Canada\" \/>\n<meta property=\"og:url\" content=\"https:\/\/www.s1helmets.ca\/fr\/politiques\/\" \/>\n<meta property=\"og:site_name\" content=\"S1 Helmets Canada\" \/>\n<meta property=\"og:image\" content=\"https:\/\/www.s1helmets.ca\/wp-content\/uploads\/2023\/11\/banner-44x120-trusted-small-web-2.jpg\" \/>\n\t<meta property=\"og:image:width\" content=\"800\" \/>\n\t<meta property=\"og:image:height\" content=\"330\" \/>\n\t<meta property=\"og:image:type\" content=\"image\/jpeg\" \/>\n<meta name=\"twitter:card\" content=\"summary_large_image\" \/>\n<meta name=\"twitter:label1\" content=\"Dur\u00e9e de lecture estim\u00e9e\" \/>\n\t<meta name=\"twitter:data1\" content=\"2 minutes\" \/>\n<script type=\"application\/ld+json\" class=\"yoast-schema-graph\">{\"@context\":\"https:\\\/\\\/schema.org\",\"@graph\":[{\"@type\":\"WebPage\",\"@id\":\"https:\\\/\\\/www.s1helmets.ca\\\/fr\\\/politiques\\\/\",\"url\":\"https:\\\/\\\/www.s1helmets.ca\\\/fr\\\/politiques\\\/\",\"name\":\"S1 Helmets Canada - S1 Helmets Canada\",\"isPartOf\":{\"@id\":\"https:\\\/\\\/www.s1helmets.ca\\\/fr\\\/#website\"},\"datePublished\":\"2019-06-07T20:03:26+00:00\",\"description\":\"S1 Helmets Canada. Roller Derby Helmets and Pads | Skate Helmets | Skateboard Helmets | E-Bike Helmets | S1 Helmets Canada\",\"breadcrumb\":{\"@id\":\"https:\\\/\\\/www.s1helmets.ca\\\/fr\\\/politiques\\\/#breadcrumb\"},\"inLanguage\":\"fr-FR\",\"potentialAction\":[{\"@type\":\"ReadAction\",\"target\":[\"https:\\\/\\\/www.s1helmets.ca\\\/fr\\\/politiques\\\/\"]}]},{\"@type\":\"BreadcrumbList\",\"@id\":\"https:\\\/\\\/www.s1helmets.ca\\\/fr\\\/politiques\\\/#breadcrumb\",\"itemListElement\":[{\"@type\":\"ListItem\",\"position\":1,\"name\":\"Home\",\"item\":\"https:\\\/\\\/www.s1helmets.ca\\\/fr\\\/\"},{\"@type\":\"ListItem\",\"position\":2,\"name\":\"POLITIQUES\"}]},{\"@type\":\"WebSite\",\"@id\":\"https:\\\/\\\/www.s1helmets.ca\\\/fr\\\/#website\",\"url\":\"https:\\\/\\\/www.s1helmets.ca\\\/fr\\\/\",\"name\":\"S1 Helmets Canada\",\"description\":\"Roller Derby Helmet and Pads | Skate Helmets | S1 Helmets Canada\",\"potentialAction\":[{\"@type\":\"SearchAction\",\"target\":{\"@type\":\"EntryPoint\",\"urlTemplate\":\"https:\\\/\\\/www.s1helmets.ca\\\/fr\\\/?s={search_term_string}\"},\"query-input\":{\"@type\":\"PropertyValueSpecification\",\"valueRequired\":true,\"valueName\":\"search_term_string\"}}],\"inLanguage\":\"fr-FR\"}]}<\/script>\n<!-- \/ Yoast SEO plugin. -->","yoast_head_json":{"title":"S1 Helmets Canada - S1 Helmets Canada","description":"S1 Helmets Canada. Roller Derby Helmets and Pads | Skate Helmets | Skateboard Helmets | E-Bike Helmets | S1 Helmets Canada","robots":{"index":"index","follow":"follow","max-snippet":"max-snippet:-1","max-image-preview":"max-image-preview:large","max-video-preview":"max-video-preview:-1"},"canonical":"https:\/\/www.s1helmets.ca\/fr\/politiques\/","og_locale":"fr_FR","og_type":"article","og_title":"S1 Helmets Canada - S1 Helmets Canada","og_description":"S1 Helmets Canada. Roller Derby Helmets and Pads | Skate Helmets | Skateboard Helmets | E-Bike Helmets | S1 Helmets Canada","og_url":"https:\/\/www.s1helmets.ca\/fr\/politiques\/","og_site_name":"S1 Helmets Canada","og_image":[{"width":800,"height":330,"url":"https:\/\/www.s1helmets.ca\/wp-content\/uploads\/2023\/11\/banner-44x120-trusted-small-web-2.jpg","type":"image\/jpeg"}],"twitter_card":"summary_large_image","twitter_misc":{"Dur\u00e9e de lecture estim\u00e9e":"2 minutes"},"schema":{"@context":"https:\/\/schema.org","@graph":[{"@type":"WebPage","@id":"https:\/\/www.s1helmets.ca\/fr\/politiques\/","url":"https:\/\/www.s1helmets.ca\/fr\/politiques\/","name":"S1 Helmets Canada - S1 Helmets Canada","isPartOf":{"@id":"https:\/\/www.s1helmets.ca\/fr\/#website"},"datePublished":"2019-06-07T20:03:26+00:00","description":"S1 Helmets Canada. Roller Derby Helmets and Pads | Skate Helmets | Skateboard Helmets | E-Bike Helmets | S1 Helmets Canada","breadcrumb":{"@id":"https:\/\/www.s1helmets.ca\/fr\/politiques\/#breadcrumb"},"inLanguage":"fr-FR","potentialAction":[{"@type":"ReadAction","target":["https:\/\/www.s1helmets.ca\/fr\/politiques\/"]}]},{"@type":"BreadcrumbList","@id":"https:\/\/www.s1helmets.ca\/fr\/politiques\/#breadcrumb","itemListElement":[{"@type":"ListItem","position":1,"name":"Home","item":"https:\/\/www.s1helmets.ca\/fr\/"},{"@type":"ListItem","position":2,"name":"POLITIQUES"}]},{"@type":"WebSite","@id":"https:\/\/www.s1helmets.ca\/fr\/#website","url":"https:\/\/www.s1helmets.ca\/fr\/","name":"S1 Helmets Canada","description":"Roller Derby Helmet and Pads | Skate Helmets | S1 Helmets Canada","potentialAction":[{"@type":"SearchAction","target":{"@type":"EntryPoint","urlTemplate":"https:\/\/www.s1helmets.ca\/fr\/?s={search_term_string}"},"query-input":{"@type":"PropertyValueSpecification","valueRequired":true,"valueName":"search_term_string"}}],"inLanguage":"fr-FR"}]}},"_links":{"self":[{"href":"https:\/\/www.s1helmets.ca\/fr\/wp-json\/wp\/v2\/pages\/10910","targetHints":{"allow":["GET"]}}],"collection":[{"href":"https:\/\/www.s1helmets.ca\/fr\/wp-json\/wp\/v2\/pages"}],"about":[{"href":"https:\/\/www.s1helmets.ca\/fr\/wp-json\/wp\/v2\/types\/page"}],"author":[{"embeddable":true,"href":"https:\/\/www.s1helmets.ca\/fr\/wp-json\/wp\/v2\/users\/1"}],"replies":[{"embeddable":true,"href":"https:\/\/www.s1helmets.ca\/fr\/wp-json\/wp\/v2\/comments?post=10910"}],"version-history":[{"count":0,"href":"https:\/\/www.s1helmets.ca\/fr\/wp-json\/wp\/v2\/pages\/10910\/revisions"}],"wp:attachment":[{"href":"https:\/\/www.s1helmets.ca\/fr\/wp-json\/wp\/v2\/media?parent=10910"}],"curies":[{"name":"wp","href":"https:\/\/api.w.org\/{rel}","templated":true}]}}