{"id":10933,"date":"2019-06-07T15:01:50","date_gmt":"2019-06-07T20:01:50","guid":{"rendered":"https:\/\/www.s1helmets.ca\/expedition-et-retours\/"},"modified":"2019-06-07T15:01:50","modified_gmt":"2019-06-07T20:01:50","slug":"expedition-et-retours","status":"publish","type":"page","link":"https:\/\/www.s1helmets.ca\/fr\/expedition-et-retours\/","title":{"rendered":"EXP\u00c9DITION ET RETOURS"},"content":{"rendered":"<p><em><strong>Exp\u00e9dition <\/strong><\/em><\/p>\n<p>Lors de votre commande, un tarif forfaitaire sera appliqu\u00e9 \u00e0 la plupart des articles, et un tarif inf\u00e9rieur \u00e0 d&rsquo;autres. Les frais d&rsquo;exp\u00e9dition sont plus \u00e9lev\u00e9s, mais nous le faisons par courtoisie envers nos clients. L&rsquo;exp\u00e9dition se fera par UPS. Pour toute question concernant la livraison, veuillez envoyer un courriel \u00e0 sales@xactperformance.com.<\/p>\n<p><strong><em>Politique de retour<\/em><\/strong><em><br \/>\nRETOURS : Vous pouvez retourner un produit dans un d\u00e9lai de 30 jours \u00e0 condition qu&rsquo;il n&rsquo;ait pas \u00e9t\u00e9 utilis\u00e9. Vous n&rsquo;avez qu&rsquo;\u00e0 envoyer un courriel \u00e0 marc@xactperformance.com pour nous dire le probl\u00e8me ou la raison pour laquelle vous voulez retourner le produit. S&rsquo;il s&rsquo;agit d&rsquo;un probl\u00e8me de taille pour un casque et que vous avez d\u00e9j\u00e0 essay\u00e9 toutes les autres doublures de taille dans la bo\u00eete, nous pourrons peut-\u00eatre simplement vous envoyer la doublure de taille correcte et vous faire \u00e9conomiser de l&rsquo;argent sur les frais de retour du casque. Assurez-vous de demander #AR. Nous vous enverrons un courriel avec un num\u00e9ro d&rsquo;autorisation de retour (#AR) et il vous suffira ensuite d&rsquo;envoyer le casque \u00e0 l&rsquo;adresse ci-dessous. (Vous payez les frais d&rsquo;exp\u00e9dition et nous vous sugg\u00e9rons de demander un num\u00e9ro de suivi afin de pouvoir suivre le colis). D\u00e8s la r\u00e9ception du casque, nous vous rembourserons le montant de l&rsquo;achat initial. <strong>Le casque doit \u00eatre retourn\u00e9 dans sa bo\u00eete d&rsquo;origine avec les doublures suppl\u00e9mentaires fournies lors de la vente.<\/strong><\/em><\/p>\n<p><em>GARANTIE : Tous les produits sont garantis 90 jours \u00e0 compter de la date d&rsquo;achat contre tout d\u00e9faut de fabrication. Ceci s&rsquo;applique uniquement au propri\u00e9taire d&rsquo;origine et doit \u00eatre accompagn\u00e9 d&rsquo;un re\u00e7u de vente comme preuve d&rsquo;achat. Cette garantie ne s&rsquo;applique pas aux dommages r\u00e9sultant d&rsquo;un choc, d&rsquo;une mauvaise utilisation, d&rsquo;un abus, d&rsquo;un accident, d&rsquo;une n\u00e9gligence ou d&rsquo;une usure normale. Si vous croyez que votre casque a un d\u00e9faut de fabrication, veuillez envoyer un courriel \u00e0 marc@xactperformance.com avec des photos et une explication du probl\u00e8me. Nous vous r\u00e9pondrons \u00e0 votre courriel avec un #WA. Une fois que vous avez le num\u00e9ro #WA, envoyez le casque \u00e0 l&rsquo;adresse ci-dessous. Si le casque pr\u00e9sente un d\u00e9faut de fabrication, nous vous enverrons un nouveau casque. If the helmet does not have a manufacturer defect you will need to pay for shipping for us to return the helmet to you.<\/em><\/p>\n","protected":false},"excerpt":{"rendered":"Exp\u00e9dition Lors de votre commande, un tarif forfaitaire sera appliqu\u00e9 \u00e0 la plupart des articles, et un tarif inf\u00e9rieur \u00e0 d&rsquo;autres. Les frais d&rsquo;exp\u00e9dition sont plus \u00e9lev\u00e9s, mais nous le faisons par courtoisie envers nos clients. L&rsquo;exp\u00e9dition se fera par UPS. Pour toute question concernant la livraison, veuillez envoyer un courriel \u00e0 sales@xactperformance.com. Politique de&#8230; <a class=\"view-article\" href=\"https:\/\/www.s1helmets.ca\/fr\/expedition-et-retours\/\">Voir l&rsquo;article<\/a>","protected":false},"author":1,"featured_media":0,"parent":0,"menu_order":0,"comment_status":"closed","ping_status":"closed","template":"template-mesure.php","meta":{"_acf_changed":false,"footnotes":""},"class_list":["post-10933","page","type-page","status-publish","hentry"],"acf":[],"yoast_head":"<!-- This site is optimized with the Yoast SEO plugin v27.6 - https:\/\/yoast.com\/product\/yoast-seo-wordpress\/ -->\n<title>S1 Helmets Canada - S1 Helmets Canada<\/title>\n<meta name=\"description\" content=\"S1 Helmets Canada. Roller Derby Helmets and Pads | Skate Helmets | Skateboard Helmets | E-Bike Helmets | S1 Helmets Canada\" \/>\n<meta name=\"robots\" content=\"index, follow, max-snippet:-1, max-image-preview:large, max-video-preview:-1\" \/>\n<link rel=\"canonical\" href=\"https:\/\/www.s1helmets.ca\/fr\/expedition-et-retours\/\" \/>\n<meta property=\"og:locale\" content=\"fr_FR\" \/>\n<meta property=\"og:type\" content=\"article\" \/>\n<meta property=\"og:title\" content=\"S1 Helmets Canada - S1 Helmets Canada\" \/>\n<meta property=\"og:description\" content=\"S1 Helmets Canada. Roller Derby Helmets and Pads | Skate Helmets | Skateboard Helmets | E-Bike Helmets | S1 Helmets Canada\" \/>\n<meta property=\"og:url\" content=\"https:\/\/www.s1helmets.ca\/fr\/expedition-et-retours\/\" \/>\n<meta property=\"og:site_name\" content=\"S1 Helmets Canada\" \/>\n<meta property=\"og:image\" content=\"https:\/\/www.s1helmets.ca\/wp-content\/uploads\/2023\/11\/banner-44x120-trusted-small-web-2.jpg\" \/>\n\t<meta property=\"og:image:width\" content=\"800\" \/>\n\t<meta property=\"og:image:height\" content=\"330\" \/>\n\t<meta property=\"og:image:type\" content=\"image\/jpeg\" \/>\n<meta name=\"twitter:card\" content=\"summary_large_image\" \/>\n<meta name=\"twitter:label1\" content=\"Dur\u00e9e de lecture estim\u00e9e\" \/>\n\t<meta name=\"twitter:data1\" content=\"2 minutes\" \/>\n<script type=\"application\/ld+json\" class=\"yoast-schema-graph\">{\"@context\":\"https:\\\/\\\/schema.org\",\"@graph\":[{\"@type\":\"WebPage\",\"@id\":\"https:\\\/\\\/www.s1helmets.ca\\\/fr\\\/expedition-et-retours\\\/\",\"url\":\"https:\\\/\\\/www.s1helmets.ca\\\/fr\\\/expedition-et-retours\\\/\",\"name\":\"S1 Helmets Canada - S1 Helmets Canada\",\"isPartOf\":{\"@id\":\"https:\\\/\\\/www.s1helmets.ca\\\/fr\\\/#website\"},\"datePublished\":\"2019-06-07T20:01:50+00:00\",\"description\":\"S1 Helmets Canada. Roller Derby Helmets and Pads | Skate Helmets | Skateboard Helmets | E-Bike Helmets | S1 Helmets Canada\",\"breadcrumb\":{\"@id\":\"https:\\\/\\\/www.s1helmets.ca\\\/fr\\\/expedition-et-retours\\\/#breadcrumb\"},\"inLanguage\":\"fr-FR\",\"potentialAction\":[{\"@type\":\"ReadAction\",\"target\":[\"https:\\\/\\\/www.s1helmets.ca\\\/fr\\\/expedition-et-retours\\\/\"]}]},{\"@type\":\"BreadcrumbList\",\"@id\":\"https:\\\/\\\/www.s1helmets.ca\\\/fr\\\/expedition-et-retours\\\/#breadcrumb\",\"itemListElement\":[{\"@type\":\"ListItem\",\"position\":1,\"name\":\"Home\",\"item\":\"https:\\\/\\\/www.s1helmets.ca\\\/fr\\\/\"},{\"@type\":\"ListItem\",\"position\":2,\"name\":\"EXP\u00c9DITION ET RETOURS\"}]},{\"@type\":\"WebSite\",\"@id\":\"https:\\\/\\\/www.s1helmets.ca\\\/fr\\\/#website\",\"url\":\"https:\\\/\\\/www.s1helmets.ca\\\/fr\\\/\",\"name\":\"S1 Helmets Canada\",\"description\":\"Roller Derby Helmet and Pads | Skate Helmets | S1 Helmets Canada\",\"potentialAction\":[{\"@type\":\"SearchAction\",\"target\":{\"@type\":\"EntryPoint\",\"urlTemplate\":\"https:\\\/\\\/www.s1helmets.ca\\\/fr\\\/?s={search_term_string}\"},\"query-input\":{\"@type\":\"PropertyValueSpecification\",\"valueRequired\":true,\"valueName\":\"search_term_string\"}}],\"inLanguage\":\"fr-FR\"}]}<\/script>\n<!-- \/ Yoast SEO plugin. -->","yoast_head_json":{"title":"S1 Helmets Canada - S1 Helmets Canada","description":"S1 Helmets Canada. Roller Derby Helmets and Pads | Skate Helmets | Skateboard Helmets | E-Bike Helmets | S1 Helmets Canada","robots":{"index":"index","follow":"follow","max-snippet":"max-snippet:-1","max-image-preview":"max-image-preview:large","max-video-preview":"max-video-preview:-1"},"canonical":"https:\/\/www.s1helmets.ca\/fr\/expedition-et-retours\/","og_locale":"fr_FR","og_type":"article","og_title":"S1 Helmets Canada - S1 Helmets Canada","og_description":"S1 Helmets Canada. Roller Derby Helmets and Pads | Skate Helmets | Skateboard Helmets | E-Bike Helmets | S1 Helmets Canada","og_url":"https:\/\/www.s1helmets.ca\/fr\/expedition-et-retours\/","og_site_name":"S1 Helmets Canada","og_image":[{"width":800,"height":330,"url":"https:\/\/www.s1helmets.ca\/wp-content\/uploads\/2023\/11\/banner-44x120-trusted-small-web-2.jpg","type":"image\/jpeg"}],"twitter_card":"summary_large_image","twitter_misc":{"Dur\u00e9e de lecture estim\u00e9e":"2 minutes"},"schema":{"@context":"https:\/\/schema.org","@graph":[{"@type":"WebPage","@id":"https:\/\/www.s1helmets.ca\/fr\/expedition-et-retours\/","url":"https:\/\/www.s1helmets.ca\/fr\/expedition-et-retours\/","name":"S1 Helmets Canada - S1 Helmets Canada","isPartOf":{"@id":"https:\/\/www.s1helmets.ca\/fr\/#website"},"datePublished":"2019-06-07T20:01:50+00:00","description":"S1 Helmets Canada. Roller Derby Helmets and Pads | Skate Helmets | Skateboard Helmets | E-Bike Helmets | S1 Helmets Canada","breadcrumb":{"@id":"https:\/\/www.s1helmets.ca\/fr\/expedition-et-retours\/#breadcrumb"},"inLanguage":"fr-FR","potentialAction":[{"@type":"ReadAction","target":["https:\/\/www.s1helmets.ca\/fr\/expedition-et-retours\/"]}]},{"@type":"BreadcrumbList","@id":"https:\/\/www.s1helmets.ca\/fr\/expedition-et-retours\/#breadcrumb","itemListElement":[{"@type":"ListItem","position":1,"name":"Home","item":"https:\/\/www.s1helmets.ca\/fr\/"},{"@type":"ListItem","position":2,"name":"EXP\u00c9DITION ET RETOURS"}]},{"@type":"WebSite","@id":"https:\/\/www.s1helmets.ca\/fr\/#website","url":"https:\/\/www.s1helmets.ca\/fr\/","name":"S1 Helmets Canada","description":"Roller Derby Helmet and Pads | Skate Helmets | S1 Helmets Canada","potentialAction":[{"@type":"SearchAction","target":{"@type":"EntryPoint","urlTemplate":"https:\/\/www.s1helmets.ca\/fr\/?s={search_term_string}"},"query-input":{"@type":"PropertyValueSpecification","valueRequired":true,"valueName":"search_term_string"}}],"inLanguage":"fr-FR"}]}},"_links":{"self":[{"href":"https:\/\/www.s1helmets.ca\/fr\/wp-json\/wp\/v2\/pages\/10933","targetHints":{"allow":["GET"]}}],"collection":[{"href":"https:\/\/www.s1helmets.ca\/fr\/wp-json\/wp\/v2\/pages"}],"about":[{"href":"https:\/\/www.s1helmets.ca\/fr\/wp-json\/wp\/v2\/types\/page"}],"author":[{"embeddable":true,"href":"https:\/\/www.s1helmets.ca\/fr\/wp-json\/wp\/v2\/users\/1"}],"replies":[{"embeddable":true,"href":"https:\/\/www.s1helmets.ca\/fr\/wp-json\/wp\/v2\/comments?post=10933"}],"version-history":[{"count":0,"href":"https:\/\/www.s1helmets.ca\/fr\/wp-json\/wp\/v2\/pages\/10933\/revisions"}],"wp:attachment":[{"href":"https:\/\/www.s1helmets.ca\/fr\/wp-json\/wp\/v2\/media?parent=10933"}],"curies":[{"name":"wp","href":"https:\/\/api.w.org\/{rel}","templated":true}]}}