{"id":10161,"date":"2020-06-11T15:23:59","date_gmt":"2020-06-11T20:23:59","guid":{"rendered":"https:\/\/www.s1helmets.ca\/?post_type=product&#038;p=10161"},"modified":"2026-04-15T12:16:03","modified_gmt":"2026-04-15T17:16:03","slug":"casque-s1-retro-lifer-blanc-lustre-avec-rayures-noires","status":"publish","type":"product","link":"https:\/\/www.s1helmets.ca\/fr\/produit\/casque-s1-retro-lifer-blanc-lustre-avec-rayures-noires\/","title":{"rendered":"Casque S1 Retro Lifer &#8211; Blanc Lustr\u00e9 avec Rayures Noires"},"content":{"rendered":"<h2><strong>Casque S1 Retro Lifer &#8211; Blanc Lustr\u00e9 avec Rayures Noires de Skate\/V\u00e9lo Certifi\u00e9<\/strong><\/h2>\n<p>Le Casque S1 Retro Lifer &#8211; Blanc Lustr\u00e9 avec Rayures Noires \u00e0 la m\u00eame coque int\u00e9rieure que notre casque Lifer standard, mais avec un look Retro inspir\u00e9 des casques Retro. Nous d\u00e9crivons le casque S1 Retro comme un casque de planche \u00e0 roulettes car nous fabriquons de casques de planche \u00e0 roulettes depuis plus de 20 ans. Vous pouvez \u00e9galement d\u00e9crire le S1 Retro Lifer comme un <strong>casque de V\u00e9lo, de Patin \u00e0 Roulettes<\/strong>,<strong> de BMX<\/strong>,<strong> de Roller Derby ou de<\/strong><strong> Trottinette (non motoris\u00e9e)<\/strong><strong>,\u00a0<\/strong>car les S1 Lifer sont certifi\u00e9s ASTM et CPSC pour \u00eatre port\u00e9s lorsque vous faites de la planche \u00e0 roulettes, du patins \u00e0 roulettes, du v\u00e9lo ou de la trottinette (non motoris\u00e9e).<\/p>\n<h3><strong>Utilisation<\/strong>:<\/h3>\n<p>Le Casque S1 Retro Lifer &#8211; Blanc Lustr\u00e9 avec Rayures Noires est certifi\u00e9 pour prot\u00e9ger les skateurs, les cyclistes, les patineurs \u00e0 roulettes et les trottinettistes (non motoris\u00e9e).<\/p>\n<h3><\/h3>\n<h3><strong>Specs:<\/strong><\/h3>\n<ul>\n<li>Mousse Fusionn\u00e9e EPS sp\u00e9cialement formul\u00e9e,<\/li>\n<li>Certifi\u00e9 Multi-Impact <strong>ASTM F-1492-15: Test de conformit\u00e9 pour les casques de Skate et de Patin \u00e0 Roulettes,<\/strong><\/li>\n<li>Certifi\u00e9 \u00e0 Impact \u00e9lev\u00e9 <strong>CPSC 16 CFR Part 1203: Test de conformit\u00e9 pour les casques de V\u00e9lo &amp; de Skate,<\/strong><\/li>\n<li>5x plus protecteur que les casques de skate en mousse souple Non Certifi\u00e9,<\/li>\n<li>Conception de l&rsquo;ajustement de la profondeur du casque,<\/li>\n<li>Expension de la coquille externe pour prot\u00e9ger les oreilles.<\/li>\n<\/ul>\n<h3><\/h3>\n<h3><strong>Certifications:<\/strong><\/h3>\n<ul>\n<li>Certifi\u00e9\u00a0<strong>Multi-Impact<\/strong> (Test de conformit\u00e9 <strong>ASTM F-1492-15<\/strong> pour les casques de skateboard et Patin \u00e0 Roulettes)<\/li>\n<li>Certifi\u00e9\u00a0<strong>\u00e0 Impact \u00e9lev\u00e9<\/strong> (Test de conformit\u00e9 <strong>CPSC 16 CFR Part 1203<\/strong>\u00a0pour les casques V\u00e9lo &amp; Patin )<\/li>\n<li>Certifi\u00e9\u00a0<strong>Skate &amp; V\u00e9lo<\/strong> (Test de conformit\u00e9 pour les cyclistes <strong>AS\/NZS 2063:2020<\/strong>\u00a0cyclistes, skateurs et patins \u00e0 roulettes)<\/li>\n<\/ul>\n<p>* Le casque S1 Retro Lifer est certifi\u00e9 pour les utilisateurs de v\u00e9los \u00e9lectriques jusqu&rsquo;\u00e0 15 mph. Si vous voulez plus de protection, regardez le <a href=\"https:\/\/stage.s1helmets.ca\/fr\/product-category\/s1-retro-lifer-e-helmet\/\">casqueS1 Retro Lifer E-Helmets<\/a> qui est certifi\u00e9 NTA 8776 pour des vitesses \u00e9lectriques allant jusqu&rsquo;\u00e0 28 mph<\/p>\n<h3><\/h3>\n<p>&nbsp;<\/p>\n<h3><strong>A propos de.. :\u00a0<\/strong><\/h3>\n<p>Le Casque S1 Retro Lifer est fait d&rsquo;une Mousse Fusionn\u00e9e EPS sp\u00e9cialement formul\u00e9e qui lui permet de prot\u00e9ger votre t\u00eate contre de multiples chocs de faible intensit\u00e9 ainsi qu&rsquo;un seul Impact \u00e0 Haute Intensit\u00e9. Il s&rsquo;agit d&rsquo;un casque certifi\u00e9 multi-impact qui offre jusqu&rsquo;\u00e0 5x plus de protection que celui Non Certifi\u00e9 en mousse souple.<\/p>\n<p>Le Casque S1 Retro Lifer est un design innovant qui combine la s\u00e9curit\u00e9 accrue d&rsquo;un casque certifi\u00e9 CPSC et ASTM avec le confort et l&rsquo;ajustement d&rsquo;un casque Non Certifi\u00e9. Il est le casque le mieux adapt\u00e9 contre de multiples chocs de faible intensit\u00e9 ainsi qu&rsquo;un seul Impact \u00e0 Haute Intensit\u00e9 sur le march\u00e9.<\/p>\n<p>S1 a \u00e9t\u00e9 le pionnier dans les normes de s\u00e9curit\u00e9 des casques au cours des vingt derni\u00e8res ann\u00e9es et le casque S1 Lifer est reconnu comme l&rsquo;un des casques de planche \u00e0 roulettes les plus s\u00fbrs et de meilleure qualit\u00e9 au monde. Au cours des 5 derni\u00e8res ann\u00e9es, le casque S1 Lifer a gagn\u00e9 sa r\u00e9putation de casque doublement certifi\u00e9 le plus vendu aux Etats-Unis.<\/p>\n<p>Que vous fassiez du v\u00e9lo dans la rue ou que vous rouliez au skatepark local, le casque S1 Lifer est test\u00e9 et approuv\u00e9 pour aider \u00e0 disperser l&rsquo;\u00e9nergie loin de votre t\u00eate en cas d&rsquo;accident.<\/p>\n<div>\n<p>&nbsp;<\/p>\n<p>L\u00e9g\u00e8ret\u00e9 + Bon ajustement + CPSC Certified + Approuv\u00e9 par les Pros = <strong>Casque S1 Retro Lifer<\/strong><\/p>\n<p>&nbsp;<\/p>\n<\/div>\n<div>\n<h3><strong>T\u00e9moignages :<\/strong><\/h3>\n<p><em>\u00ab J&rsquo;adore le S1 Lifer . Confort, ajustement et protection : il coche toutes les cases. \u00bb<\/em> &#8211; Lady Trample | Patin \u00e0 Roulettes | Co-Fondatrice CIB | @ladytrample<\/p>\n<p><em>\u00ab Le casque S1 Lifer est le seul casque que je porte. Et mes enfants le portent aussi. \u00bb<\/em> &#8211; Gary Young | Professionnel de BMX | @garybyoung<\/p>\n<p><em>\u00ab L\u00e9g\u00e8ret\u00e9. Certifi\u00e9. Confortable. Il s&rsquo;adapte parfaitement \u00e0 ma t\u00eate! C&rsquo;est le seul casque certifi\u00e9 que je porterai. Le meilleur casque de trottinette sur le march\u00e9. \u00bb<\/em> &#8211; Raymond Warner | Trottinettiste Professionnel | @raymondwarner<\/p>\n<p><em>\u00ab Le S1 Lifer est le seul casque que je porte. \u00c0 mon avis, c&rsquo;est le casque de skate le mieux ajust\u00e9, le plus s\u00fbr et le plus confortable sur le march\u00e9. \u00bb<\/em> -Heimana Reynolds | Skateboardeur Professionnel | Olympien | @heimanareynolds<\/p>\n<p><em>\u00ab S1 est sans conteste le meilleur fabricant de casques et de protections. \u00bb<\/em> -Darren Navarrette | Skateboarder Professionnel | @navs5000<\/p>\n<p>&nbsp;<\/p>\n<p><strong>Cliquez\u00a0<a href=\"https:\/\/shop.s1helmets.com\/s1-retro-lifer-helmet-black-gloss-glitter\/\">ici<\/a>\u00a0pour lire d&rsquo;autres avis sur les casques S1 Retro Lifer !<\/strong><\/p>\n<div>\n<p><img decoding=\"async\" src=\"https:\/\/stage.s1helmets.ca\/wp-content\/uploads\/2023\/07\/Head_Sizing_Chart.jpg\" alt=\"S1 Retro Lifer Helmet - Noir Mat avec Blanc Damiers - Image 4\" \/><\/p>\n<\/div>\n<div>\n<div style=\"width: 900px;\" class=\"wp-video\"><video class=\"wp-video-shortcode\" id=\"video-10161-1\" width=\"900\" height=\"506\" preload=\"metadata\" controls=\"controls\"><source type=\"video\/mp4\" src=\"https:\/\/www.s1helmets.ca\/wp-content\/uploads\/2023\/07\/FushionFoam_Short_Tube.mp4?_=1\" \/><a href=\"https:\/\/www.s1helmets.ca\/wp-content\/uploads\/2023\/07\/FushionFoam_Short_Tube.mp4\">https:\/\/www.s1helmets.ca\/wp-content\/uploads\/2023\/07\/FushionFoam_Short_Tube.mp4<\/a><\/video><\/div>\n<p><iframe loading=\"lazy\" title=\"S1 Lifer Manifesto - Full Length - Open Captions\" src=\"https:\/\/player.vimeo.com\/video\/213023482?dnt=1&amp;app_id=122963\" width=\"900\" height=\"506\" frameborder=\"0\" allow=\"autoplay; fullscreen; picture-in-picture; clipboard-write; encrypted-media; web-share\" referrerpolicy=\"strict-origin-when-cross-origin\"><\/iframe><\/p>\n<p><iframe loading=\"lazy\" title=\"How To Wear Your Helmet\" src=\"https:\/\/player.vimeo.com\/video\/389598710?dnt=1&amp;app_id=122963\" width=\"900\" height=\"506\" frameborder=\"0\" allow=\"autoplay; fullscreen; picture-in-picture; clipboard-write; encrypted-media; web-share\" referrerpolicy=\"strict-origin-when-cross-origin\"><\/iframe><\/p>\n<p><iframe loading=\"lazy\" title=\"&quot;Quality Counts&quot; S1 Helmets - Batch Testing Video - 60 seconds\" src=\"https:\/\/player.vimeo.com\/video\/286826419?dnt=1&amp;app_id=122963\" width=\"900\" height=\"506\" frameborder=\"0\" allow=\"autoplay; fullscreen; picture-in-picture; clipboard-write; encrypted-media; web-share\" referrerpolicy=\"strict-origin-when-cross-origin\"><\/iframe><\/p>\n<p>&nbsp;<\/p>\n<\/div>\n<\/div>\n","protected":false},"excerpt":{"rendered":"Casque S1 Retro Lifer &#8211; Blanc Lustr\u00e9 avec Rayures Noires de Skate\/V\u00e9lo Certifi\u00e9 Le Casque S1 Retro Lifer &#8211; Blanc Lustr\u00e9 avec Rayures Noires \u00e0 la m\u00eame coque int\u00e9rieure que notre casque Lifer standard, mais avec un look Retro inspir\u00e9 des casques Retro. Nous d\u00e9crivons le casque S1 Retro comme un casque de planche \u00e0&#8230; <a class=\"view-article\" href=\"https:\/\/www.s1helmets.ca\/fr\/produit\/casque-s1-retro-lifer-blanc-lustre-avec-rayures-noires\/\">Voir l&rsquo;article<\/a>","protected":false},"featured_media":10158,"comment_status":"open","ping_status":"closed","template":"","meta":{"_acf_changed":false},"product_brand":[],"product_cat":[238],"product_tag":[247,246,211,207,221,222],"class_list":{"0":"post-10161","1":"product","2":"type-product","3":"status-publish","4":"has-post-thumbnail","6":"product_cat-casque-s1-retro-lifer","7":"product_tag-casque-de-bmx","8":"product_tag-casque-de-velo","9":"product_tag-casques","10":"product_tag-meilleurs-casques","11":"product_tag-s1","12":"product_tag-s1-canada","14":"first","15":"outofstock","16":"taxable","17":"shipping-taxable","18":"purchasable","19":"product-type-variable"},"acf":[],"yoast_head":"<!-- This site is optimized with the Yoast SEO plugin v27.4 - https:\/\/yoast.com\/product\/yoast-seo-wordpress\/ -->\n<title>Casque S1 Retro Lifer - Blanc Lustr\u00e9 avec Rayures Noires - S1 Helmets Canada<\/title>\n<meta name=\"description\" content=\"Le Casque S1 Retro Lifer - Blanc Lustr\u00e9 avec Rayures Noires est un casque de skate parce que nous fabriquons des casques de skate depuis plus de 20 ans.\" \/>\n<meta name=\"robots\" content=\"index, follow, max-snippet:-1, max-image-preview:large, max-video-preview:-1\" \/>\n<link rel=\"canonical\" href=\"https:\/\/www.s1helmets.ca\/fr\/produit\/casque-s1-retro-lifer-blanc-lustre-avec-rayures-noires\/\" \/>\n<meta property=\"og:locale\" content=\"fr_FR\" \/>\n<meta property=\"og:type\" content=\"article\" \/>\n<meta property=\"og:title\" content=\"Casque S1 Retro Lifer - Blanc Lustr\u00e9 avec Rayures Noires - S1 Helmets Canada\" \/>\n<meta property=\"og:description\" content=\"Le Casque S1 Retro Lifer - Blanc Lustr\u00e9 avec Rayures Noires est un casque de skate parce que nous fabriquons des casques de skate depuis plus de 20 ans.\" \/>\n<meta property=\"og:url\" content=\"https:\/\/www.s1helmets.ca\/fr\/produit\/casque-s1-retro-lifer-blanc-lustre-avec-rayures-noires\/\" \/>\n<meta property=\"og:site_name\" content=\"S1 Helmets Canada\" \/>\n<meta property=\"article:modified_time\" content=\"2026-04-15T17:16:03+00:00\" \/>\n<meta property=\"og:image\" content=\"https:\/\/www.s1helmets.ca\/wp-content\/uploads\/2019\/03\/Retro_WhiteMatteBlackStrips_34.jpg\" \/>\n\t<meta property=\"og:image:width\" content=\"2077\" \/>\n\t<meta property=\"og:image:height\" content=\"2198\" \/>\n\t<meta property=\"og:image:type\" content=\"image\/jpeg\" \/>\n<meta name=\"twitter:card\" content=\"summary_large_image\" \/>\n<meta name=\"twitter:label1\" content=\"Dur\u00e9e de lecture estim\u00e9e\" \/>\n\t<meta name=\"twitter:data1\" content=\"4 minutes\" \/>\n<script type=\"application\/ld+json\" class=\"yoast-schema-graph\">{\"@context\":\"https:\\\/\\\/schema.org\",\"@graph\":[{\"@type\":\"WebPage\",\"@id\":\"https:\\\/\\\/www.s1helmets.ca\\\/fr\\\/produit\\\/casque-s1-retro-lifer-blanc-lustre-avec-rayures-noires\\\/\",\"url\":\"https:\\\/\\\/www.s1helmets.ca\\\/fr\\\/produit\\\/casque-s1-retro-lifer-blanc-lustre-avec-rayures-noires\\\/\",\"name\":\"Casque S1 Retro Lifer - Blanc Lustr\u00e9 avec Rayures Noires - S1 Helmets Canada\",\"isPartOf\":{\"@id\":\"https:\\\/\\\/www.s1helmets.ca\\\/fr\\\/#website\"},\"primaryImageOfPage\":{\"@id\":\"https:\\\/\\\/www.s1helmets.ca\\\/fr\\\/produit\\\/casque-s1-retro-lifer-blanc-lustre-avec-rayures-noires\\\/#primaryimage\"},\"image\":{\"@id\":\"https:\\\/\\\/www.s1helmets.ca\\\/fr\\\/produit\\\/casque-s1-retro-lifer-blanc-lustre-avec-rayures-noires\\\/#primaryimage\"},\"thumbnailUrl\":\"https:\\\/\\\/www.s1helmets.ca\\\/wp-content\\\/uploads\\\/2019\\\/03\\\/Retro_WhiteMatteBlackStrips_34.jpg\",\"datePublished\":\"2020-06-11T20:23:59+00:00\",\"dateModified\":\"2026-04-15T17:16:03+00:00\",\"description\":\"Le Casque S1 Retro Lifer - Blanc Lustr\u00e9 avec Rayures Noires est un casque de skate parce que nous fabriquons des casques de skate depuis plus de 20 ans.\",\"breadcrumb\":{\"@id\":\"https:\\\/\\\/www.s1helmets.ca\\\/fr\\\/produit\\\/casque-s1-retro-lifer-blanc-lustre-avec-rayures-noires\\\/#breadcrumb\"},\"inLanguage\":\"fr-FR\",\"potentialAction\":[{\"@type\":\"ReadAction\",\"target\":[\"https:\\\/\\\/www.s1helmets.ca\\\/fr\\\/produit\\\/casque-s1-retro-lifer-blanc-lustre-avec-rayures-noires\\\/\"]}]},{\"@type\":\"ImageObject\",\"inLanguage\":\"fr-FR\",\"@id\":\"https:\\\/\\\/www.s1helmets.ca\\\/fr\\\/produit\\\/casque-s1-retro-lifer-blanc-lustre-avec-rayures-noires\\\/#primaryimage\",\"url\":\"https:\\\/\\\/www.s1helmets.ca\\\/wp-content\\\/uploads\\\/2019\\\/03\\\/Retro_WhiteMatteBlackStrips_34.jpg\",\"contentUrl\":\"https:\\\/\\\/www.s1helmets.ca\\\/wp-content\\\/uploads\\\/2019\\\/03\\\/Retro_WhiteMatteBlackStrips_34.jpg\",\"width\":2077,\"height\":2198},{\"@type\":\"BreadcrumbList\",\"@id\":\"https:\\\/\\\/www.s1helmets.ca\\\/fr\\\/produit\\\/casque-s1-retro-lifer-blanc-lustre-avec-rayures-noires\\\/#breadcrumb\",\"itemListElement\":[{\"@type\":\"ListItem\",\"position\":1,\"name\":\"Home\",\"item\":\"https:\\\/\\\/www.s1helmets.ca\\\/fr\\\/\"},{\"@type\":\"ListItem\",\"position\":2,\"name\":\"Casque S1 Retro Lifer &#8211; Blanc Lustr\u00e9 avec Rayures Noires\"}]},{\"@type\":\"WebSite\",\"@id\":\"https:\\\/\\\/www.s1helmets.ca\\\/fr\\\/#website\",\"url\":\"https:\\\/\\\/www.s1helmets.ca\\\/fr\\\/\",\"name\":\"S1 Helmets Canada\",\"description\":\"Roller Derby Helmet and Pads | Skate Helmets | S1 Helmets Canada\",\"potentialAction\":[{\"@type\":\"SearchAction\",\"target\":{\"@type\":\"EntryPoint\",\"urlTemplate\":\"https:\\\/\\\/www.s1helmets.ca\\\/fr\\\/?s={search_term_string}\"},\"query-input\":{\"@type\":\"PropertyValueSpecification\",\"valueRequired\":true,\"valueName\":\"search_term_string\"}}],\"inLanguage\":\"fr-FR\"}]}<\/script>\n<!-- \/ Yoast SEO plugin. -->","yoast_head_json":{"title":"Casque S1 Retro Lifer - Blanc Lustr\u00e9 avec Rayures Noires - S1 Helmets Canada","description":"Le Casque S1 Retro Lifer - Blanc Lustr\u00e9 avec Rayures Noires est un casque de skate parce que nous fabriquons des casques de skate depuis plus de 20 ans.","robots":{"index":"index","follow":"follow","max-snippet":"max-snippet:-1","max-image-preview":"max-image-preview:large","max-video-preview":"max-video-preview:-1"},"canonical":"https:\/\/www.s1helmets.ca\/fr\/produit\/casque-s1-retro-lifer-blanc-lustre-avec-rayures-noires\/","og_locale":"fr_FR","og_type":"article","og_title":"Casque S1 Retro Lifer - Blanc Lustr\u00e9 avec Rayures Noires - S1 Helmets Canada","og_description":"Le Casque S1 Retro Lifer - Blanc Lustr\u00e9 avec Rayures Noires est un casque de skate parce que nous fabriquons des casques de skate depuis plus de 20 ans.","og_url":"https:\/\/www.s1helmets.ca\/fr\/produit\/casque-s1-retro-lifer-blanc-lustre-avec-rayures-noires\/","og_site_name":"S1 Helmets Canada","article_modified_time":"2026-04-15T17:16:03+00:00","og_image":[{"width":2077,"height":2198,"url":"https:\/\/www.s1helmets.ca\/wp-content\/uploads\/2019\/03\/Retro_WhiteMatteBlackStrips_34.jpg","type":"image\/jpeg"}],"twitter_card":"summary_large_image","twitter_misc":{"Dur\u00e9e de lecture estim\u00e9e":"4 minutes"},"schema":{"@context":"https:\/\/schema.org","@graph":[{"@type":"WebPage","@id":"https:\/\/www.s1helmets.ca\/fr\/produit\/casque-s1-retro-lifer-blanc-lustre-avec-rayures-noires\/","url":"https:\/\/www.s1helmets.ca\/fr\/produit\/casque-s1-retro-lifer-blanc-lustre-avec-rayures-noires\/","name":"Casque S1 Retro Lifer - Blanc Lustr\u00e9 avec Rayures Noires - S1 Helmets Canada","isPartOf":{"@id":"https:\/\/www.s1helmets.ca\/fr\/#website"},"primaryImageOfPage":{"@id":"https:\/\/www.s1helmets.ca\/fr\/produit\/casque-s1-retro-lifer-blanc-lustre-avec-rayures-noires\/#primaryimage"},"image":{"@id":"https:\/\/www.s1helmets.ca\/fr\/produit\/casque-s1-retro-lifer-blanc-lustre-avec-rayures-noires\/#primaryimage"},"thumbnailUrl":"https:\/\/www.s1helmets.ca\/wp-content\/uploads\/2019\/03\/Retro_WhiteMatteBlackStrips_34.jpg","datePublished":"2020-06-11T20:23:59+00:00","dateModified":"2026-04-15T17:16:03+00:00","description":"Le Casque S1 Retro Lifer - Blanc Lustr\u00e9 avec Rayures Noires est un casque de skate parce que nous fabriquons des casques de skate depuis plus de 20 ans.","breadcrumb":{"@id":"https:\/\/www.s1helmets.ca\/fr\/produit\/casque-s1-retro-lifer-blanc-lustre-avec-rayures-noires\/#breadcrumb"},"inLanguage":"fr-FR","potentialAction":[{"@type":"ReadAction","target":["https:\/\/www.s1helmets.ca\/fr\/produit\/casque-s1-retro-lifer-blanc-lustre-avec-rayures-noires\/"]}]},{"@type":"ImageObject","inLanguage":"fr-FR","@id":"https:\/\/www.s1helmets.ca\/fr\/produit\/casque-s1-retro-lifer-blanc-lustre-avec-rayures-noires\/#primaryimage","url":"https:\/\/www.s1helmets.ca\/wp-content\/uploads\/2019\/03\/Retro_WhiteMatteBlackStrips_34.jpg","contentUrl":"https:\/\/www.s1helmets.ca\/wp-content\/uploads\/2019\/03\/Retro_WhiteMatteBlackStrips_34.jpg","width":2077,"height":2198},{"@type":"BreadcrumbList","@id":"https:\/\/www.s1helmets.ca\/fr\/produit\/casque-s1-retro-lifer-blanc-lustre-avec-rayures-noires\/#breadcrumb","itemListElement":[{"@type":"ListItem","position":1,"name":"Home","item":"https:\/\/www.s1helmets.ca\/fr\/"},{"@type":"ListItem","position":2,"name":"Casque S1 Retro Lifer &#8211; Blanc Lustr\u00e9 avec Rayures Noires"}]},{"@type":"WebSite","@id":"https:\/\/www.s1helmets.ca\/fr\/#website","url":"https:\/\/www.s1helmets.ca\/fr\/","name":"S1 Helmets Canada","description":"Roller Derby Helmet and Pads | Skate Helmets | S1 Helmets Canada","potentialAction":[{"@type":"SearchAction","target":{"@type":"EntryPoint","urlTemplate":"https:\/\/www.s1helmets.ca\/fr\/?s={search_term_string}"},"query-input":{"@type":"PropertyValueSpecification","valueRequired":true,"valueName":"search_term_string"}}],"inLanguage":"fr-FR"}]}},"_links":{"self":[{"href":"https:\/\/www.s1helmets.ca\/fr\/wp-json\/wp\/v2\/product\/10161","targetHints":{"allow":["GET"]}}],"collection":[{"href":"https:\/\/www.s1helmets.ca\/fr\/wp-json\/wp\/v2\/product"}],"about":[{"href":"https:\/\/www.s1helmets.ca\/fr\/wp-json\/wp\/v2\/types\/product"}],"replies":[{"embeddable":true,"href":"https:\/\/www.s1helmets.ca\/fr\/wp-json\/wp\/v2\/comments?post=10161"}],"wp:featuredmedia":[{"embeddable":true,"href":"https:\/\/www.s1helmets.ca\/fr\/wp-json\/wp\/v2\/media\/10158"}],"wp:attachment":[{"href":"https:\/\/www.s1helmets.ca\/fr\/wp-json\/wp\/v2\/media?parent=10161"}],"wp:term":[{"taxonomy":"product_brand","embeddable":true,"href":"https:\/\/www.s1helmets.ca\/fr\/wp-json\/wp\/v2\/product_brand?post=10161"},{"taxonomy":"product_cat","embeddable":true,"href":"https:\/\/www.s1helmets.ca\/fr\/wp-json\/wp\/v2\/product_cat?post=10161"},{"taxonomy":"product_tag","embeddable":true,"href":"https:\/\/www.s1helmets.ca\/fr\/wp-json\/wp\/v2\/product_tag?post=10161"}],"curies":[{"name":"wp","href":"https:\/\/api.w.org\/{rel}","templated":true}]}}