{"id":10386,"date":"2025-05-06T15:28:05","date_gmt":"2025-05-06T20:28:05","guid":{"rendered":"https:\/\/www.s1helmets.ca\/?post_type=product&#038;p=10386"},"modified":"2026-04-22T13:10:49","modified_gmt":"2026-04-22T18:10:49","slug":"rembourrure-de-remplacement-s1-pro-gen-4-5-epaisseur-de-40-mm","status":"publish","type":"product","link":"https:\/\/www.s1helmets.ca\/fr\/produit\/rembourrure-de-remplacement-s1-pro-gen-4-5-epaisseur-de-40-mm\/","title":{"rendered":"Rembourrure de Remplacement S1 Pro Gen 4.5 &#8211; \u00c9paisseur de 40 mm"},"content":{"rendered":"<h2>Rembourrures internes pour genouill\u00e8res S1 Pro GEN 4.5 (toutes les tailles)<\/h2>\n<p>Si vos genouill\u00e8res vous semblent moins performantes qu&rsquo;\u00e0 l&rsquo;origine, remplacez leur rembourrage interne pour leur redonner du dynamisme! Rembourrure de Remplacement S1 Pro Gen 4.5 &#8211; 40 mm d&rsquo;\u00e9paisseur<\/p>\n<p>Le rembourrage interne Gen 4.5 Pro de 40 mm d&rsquo;\u00e9paisseur est con\u00e7u pour une absorption des chocs optimale. La genouill\u00e8re Gen 4.5 Pro est compatible avec la m\u00eame coque externe que les g\u00e9n\u00e9rations pr\u00e9c\u00e9dentes de genouill\u00e8res S1 Pro.<\/p>\n<p>La\u00a0Rembourrure de Remplacement S1 Pro Gen 4.5 a une \u00e9paisseur de 40 mm. Aussi profil\u00e9e et l\u00e9g\u00e8re que la Gen 4, la Gen 4.5 offre un rembourrage plus \u00e9pais.<\/p>\n<ul>\n<li>Rembourrage interne absorbant les chocs avec mousse m\u00e9moire de forme pour un confort optimal et un ajustement parfait,<\/li>\n<li>Absorption des chocs et stabilit\u00e9 \u00e0 l&rsquo;impact,<\/li>\n<li>Ensemble de deux rembourrages internes inclus.<\/li>\n<\/ul>\n<p>&nbsp;<\/p>\n<p>Voir la genouill\u00e8re S1 Pro Gen 4.5<a href=\"https:\/\/www.s1helmets.ca\/product-category\/skate-s1-pads\/\"> ici<\/a><\/p>\n","protected":false},"excerpt":{"rendered":"<hr \/>\r\n<p style=\"text-align: center;\">Les Genouill\u00e8res S1 Pro Gen 4.5 sont con\u00e7u avec soin pour offrir confort, durabilit\u00e9, stabilit\u00e9, fonctionnalit\u00e9 et une absorption des chocs optimale. Elles sont identiques aux Gen 4 en termes de conception, de fonctionnalit\u00e9s et de dimensions, \u00e0 l&rsquo;exception de sa rembourrure interne plus \u00e9paisse qui assure une meilleure dispersion des chocs<\/p>\r\n\r\n\r\n<hr \/>\r\n<p style=\"text-align: center;\">En comparaison, la mousse interne de la Gen 4 mesure 32 mm d&rsquo;\u00e9paisseur, tandis que celle de la Gen 4.5 atteint 40 mm. Aussi profil\u00e9e et l\u00e9g\u00e8re que la Gen 4, la Gen 4.5 offre un rembourrage plus \u00e9pais<\/p>\r\n\r\n\r\n<hr \/>\r\n<p style=\"text-align: center;\"><\/p>","protected":false},"featured_media":10388,"comment_status":"open","ping_status":"closed","template":"","meta":{"_acf_changed":false},"product_brand":[],"product_cat":[228],"product_tag":[258,243,245,221,222],"class_list":{"0":"post-10386","1":"product","2":"type-product","3":"status-publish","4":"has-post-thumbnail","6":"product_cat-protections-s1","7":"product_tag-genouilleres","8":"product_tag-genouilleres-pro","9":"product_tag-meilleures-genouilleres","10":"product_tag-s1","11":"product_tag-s1-canada","13":"first","14":"instock","15":"taxable","16":"shipping-taxable","17":"purchasable","18":"product-type-simple"},"acf":[],"yoast_head":"<!-- This site is optimized with the Yoast SEO plugin v27.4 - https:\/\/yoast.com\/product\/yoast-seo-wordpress\/ -->\n<title>Rembourrure de Remplacement S1 Pro Gen 4.5 - S1 Helmets Canada<\/title>\n<meta name=\"description\" content=\"La\u00a0Rembourrure de Remplacement S1 Pro Gen 4.5 a une \u00e9paisseur de 40 mm. Aussi profil\u00e9e et l\u00e9g\u00e8re que la Gen 4, la Gen 4.5 offre un rembourrage plus \u00e9pais.\" \/>\n<meta name=\"robots\" content=\"index, follow, max-snippet:-1, max-image-preview:large, max-video-preview:-1\" \/>\n<link rel=\"canonical\" href=\"https:\/\/www.s1helmets.ca\/fr\/produit\/rembourrure-de-remplacement-s1-pro-gen-4-5-epaisseur-de-40-mm\/\" \/>\n<meta property=\"og:locale\" content=\"fr_FR\" \/>\n<meta property=\"og:type\" content=\"article\" \/>\n<meta property=\"og:title\" content=\"Rembourrure de Remplacement S1 Pro Gen 4.5 - S1 Helmets Canada\" \/>\n<meta property=\"og:description\" content=\"La\u00a0Rembourrure de Remplacement S1 Pro Gen 4.5 a une \u00e9paisseur de 40 mm. Aussi profil\u00e9e et l\u00e9g\u00e8re que la Gen 4, la Gen 4.5 offre un rembourrage plus \u00e9pais.\" \/>\n<meta property=\"og:url\" content=\"https:\/\/www.s1helmets.ca\/fr\/produit\/rembourrure-de-remplacement-s1-pro-gen-4-5-epaisseur-de-40-mm\/\" \/>\n<meta property=\"og:site_name\" content=\"S1 Helmets Canada\" \/>\n<meta property=\"article:modified_time\" content=\"2026-04-22T18:10:49+00:00\" \/>\n<meta property=\"og:image\" content=\"https:\/\/www.s1helmets.ca\/wp-content\/uploads\/2025\/05\/inner-1000.jpg\" \/>\n\t<meta property=\"og:image:width\" content=\"1000\" \/>\n\t<meta property=\"og:image:height\" content=\"1000\" \/>\n\t<meta property=\"og:image:type\" content=\"image\/jpeg\" \/>\n<meta name=\"twitter:card\" content=\"summary_large_image\" \/>\n<meta name=\"twitter:label1\" content=\"Dur\u00e9e de lecture estim\u00e9e\" \/>\n\t<meta name=\"twitter:data1\" content=\"1 minute\" \/>\n<script type=\"application\/ld+json\" class=\"yoast-schema-graph\">{\"@context\":\"https:\\\/\\\/schema.org\",\"@graph\":[{\"@type\":\"WebPage\",\"@id\":\"https:\\\/\\\/www.s1helmets.ca\\\/fr\\\/produit\\\/rembourrure-de-remplacement-s1-pro-gen-4-5-epaisseur-de-40-mm\\\/\",\"url\":\"https:\\\/\\\/www.s1helmets.ca\\\/fr\\\/produit\\\/rembourrure-de-remplacement-s1-pro-gen-4-5-epaisseur-de-40-mm\\\/\",\"name\":\"Rembourrure de Remplacement S1 Pro Gen 4.5 - S1 Helmets Canada\",\"isPartOf\":{\"@id\":\"https:\\\/\\\/www.s1helmets.ca\\\/fr\\\/#website\"},\"primaryImageOfPage\":{\"@id\":\"https:\\\/\\\/www.s1helmets.ca\\\/fr\\\/produit\\\/rembourrure-de-remplacement-s1-pro-gen-4-5-epaisseur-de-40-mm\\\/#primaryimage\"},\"image\":{\"@id\":\"https:\\\/\\\/www.s1helmets.ca\\\/fr\\\/produit\\\/rembourrure-de-remplacement-s1-pro-gen-4-5-epaisseur-de-40-mm\\\/#primaryimage\"},\"thumbnailUrl\":\"https:\\\/\\\/www.s1helmets.ca\\\/wp-content\\\/uploads\\\/2025\\\/05\\\/inner-1000.jpg\",\"datePublished\":\"2025-05-06T20:28:05+00:00\",\"dateModified\":\"2026-04-22T18:10:49+00:00\",\"description\":\"La\u00a0Rembourrure de Remplacement S1 Pro Gen 4.5 a une \u00e9paisseur de 40 mm. Aussi profil\u00e9e et l\u00e9g\u00e8re que la Gen 4, la Gen 4.5 offre un rembourrage plus \u00e9pais.\",\"breadcrumb\":{\"@id\":\"https:\\\/\\\/www.s1helmets.ca\\\/fr\\\/produit\\\/rembourrure-de-remplacement-s1-pro-gen-4-5-epaisseur-de-40-mm\\\/#breadcrumb\"},\"inLanguage\":\"fr-FR\",\"potentialAction\":[{\"@type\":\"ReadAction\",\"target\":[\"https:\\\/\\\/www.s1helmets.ca\\\/fr\\\/produit\\\/rembourrure-de-remplacement-s1-pro-gen-4-5-epaisseur-de-40-mm\\\/\"]}]},{\"@type\":\"ImageObject\",\"inLanguage\":\"fr-FR\",\"@id\":\"https:\\\/\\\/www.s1helmets.ca\\\/fr\\\/produit\\\/rembourrure-de-remplacement-s1-pro-gen-4-5-epaisseur-de-40-mm\\\/#primaryimage\",\"url\":\"https:\\\/\\\/www.s1helmets.ca\\\/wp-content\\\/uploads\\\/2025\\\/05\\\/inner-1000.jpg\",\"contentUrl\":\"https:\\\/\\\/www.s1helmets.ca\\\/wp-content\\\/uploads\\\/2025\\\/05\\\/inner-1000.jpg\",\"width\":1000,\"height\":1000,\"caption\":\"S1 replacement inner knee cup - Rembourrure de remplacement\"},{\"@type\":\"BreadcrumbList\",\"@id\":\"https:\\\/\\\/www.s1helmets.ca\\\/fr\\\/produit\\\/rembourrure-de-remplacement-s1-pro-gen-4-5-epaisseur-de-40-mm\\\/#breadcrumb\",\"itemListElement\":[{\"@type\":\"ListItem\",\"position\":1,\"name\":\"Home\",\"item\":\"https:\\\/\\\/www.s1helmets.ca\\\/fr\\\/\"},{\"@type\":\"ListItem\",\"position\":2,\"name\":\"Rembourrure de Remplacement S1 Pro Gen 4.5 &#8211; \u00c9paisseur de 40 mm\"}]},{\"@type\":\"WebSite\",\"@id\":\"https:\\\/\\\/www.s1helmets.ca\\\/fr\\\/#website\",\"url\":\"https:\\\/\\\/www.s1helmets.ca\\\/fr\\\/\",\"name\":\"S1 Helmets Canada\",\"description\":\"Roller Derby Helmet and Pads | Skate Helmets | S1 Helmets Canada\",\"potentialAction\":[{\"@type\":\"SearchAction\",\"target\":{\"@type\":\"EntryPoint\",\"urlTemplate\":\"https:\\\/\\\/www.s1helmets.ca\\\/fr\\\/?s={search_term_string}\"},\"query-input\":{\"@type\":\"PropertyValueSpecification\",\"valueRequired\":true,\"valueName\":\"search_term_string\"}}],\"inLanguage\":\"fr-FR\"}]}<\/script>\n<!-- \/ Yoast SEO plugin. -->","yoast_head_json":{"title":"Rembourrure de Remplacement S1 Pro Gen 4.5 - S1 Helmets Canada","description":"La\u00a0Rembourrure de Remplacement S1 Pro Gen 4.5 a une \u00e9paisseur de 40 mm. Aussi profil\u00e9e et l\u00e9g\u00e8re que la Gen 4, la Gen 4.5 offre un rembourrage plus \u00e9pais.","robots":{"index":"index","follow":"follow","max-snippet":"max-snippet:-1","max-image-preview":"max-image-preview:large","max-video-preview":"max-video-preview:-1"},"canonical":"https:\/\/www.s1helmets.ca\/fr\/produit\/rembourrure-de-remplacement-s1-pro-gen-4-5-epaisseur-de-40-mm\/","og_locale":"fr_FR","og_type":"article","og_title":"Rembourrure de Remplacement S1 Pro Gen 4.5 - S1 Helmets Canada","og_description":"La\u00a0Rembourrure de Remplacement S1 Pro Gen 4.5 a une \u00e9paisseur de 40 mm. Aussi profil\u00e9e et l\u00e9g\u00e8re que la Gen 4, la Gen 4.5 offre un rembourrage plus \u00e9pais.","og_url":"https:\/\/www.s1helmets.ca\/fr\/produit\/rembourrure-de-remplacement-s1-pro-gen-4-5-epaisseur-de-40-mm\/","og_site_name":"S1 Helmets Canada","article_modified_time":"2026-04-22T18:10:49+00:00","og_image":[{"width":1000,"height":1000,"url":"https:\/\/www.s1helmets.ca\/wp-content\/uploads\/2025\/05\/inner-1000.jpg","type":"image\/jpeg"}],"twitter_card":"summary_large_image","twitter_misc":{"Dur\u00e9e de lecture estim\u00e9e":"1 minute"},"schema":{"@context":"https:\/\/schema.org","@graph":[{"@type":"WebPage","@id":"https:\/\/www.s1helmets.ca\/fr\/produit\/rembourrure-de-remplacement-s1-pro-gen-4-5-epaisseur-de-40-mm\/","url":"https:\/\/www.s1helmets.ca\/fr\/produit\/rembourrure-de-remplacement-s1-pro-gen-4-5-epaisseur-de-40-mm\/","name":"Rembourrure de Remplacement S1 Pro Gen 4.5 - S1 Helmets Canada","isPartOf":{"@id":"https:\/\/www.s1helmets.ca\/fr\/#website"},"primaryImageOfPage":{"@id":"https:\/\/www.s1helmets.ca\/fr\/produit\/rembourrure-de-remplacement-s1-pro-gen-4-5-epaisseur-de-40-mm\/#primaryimage"},"image":{"@id":"https:\/\/www.s1helmets.ca\/fr\/produit\/rembourrure-de-remplacement-s1-pro-gen-4-5-epaisseur-de-40-mm\/#primaryimage"},"thumbnailUrl":"https:\/\/www.s1helmets.ca\/wp-content\/uploads\/2025\/05\/inner-1000.jpg","datePublished":"2025-05-06T20:28:05+00:00","dateModified":"2026-04-22T18:10:49+00:00","description":"La\u00a0Rembourrure de Remplacement S1 Pro Gen 4.5 a une \u00e9paisseur de 40 mm. Aussi profil\u00e9e et l\u00e9g\u00e8re que la Gen 4, la Gen 4.5 offre un rembourrage plus \u00e9pais.","breadcrumb":{"@id":"https:\/\/www.s1helmets.ca\/fr\/produit\/rembourrure-de-remplacement-s1-pro-gen-4-5-epaisseur-de-40-mm\/#breadcrumb"},"inLanguage":"fr-FR","potentialAction":[{"@type":"ReadAction","target":["https:\/\/www.s1helmets.ca\/fr\/produit\/rembourrure-de-remplacement-s1-pro-gen-4-5-epaisseur-de-40-mm\/"]}]},{"@type":"ImageObject","inLanguage":"fr-FR","@id":"https:\/\/www.s1helmets.ca\/fr\/produit\/rembourrure-de-remplacement-s1-pro-gen-4-5-epaisseur-de-40-mm\/#primaryimage","url":"https:\/\/www.s1helmets.ca\/wp-content\/uploads\/2025\/05\/inner-1000.jpg","contentUrl":"https:\/\/www.s1helmets.ca\/wp-content\/uploads\/2025\/05\/inner-1000.jpg","width":1000,"height":1000,"caption":"S1 replacement inner knee cup - Rembourrure de remplacement"},{"@type":"BreadcrumbList","@id":"https:\/\/www.s1helmets.ca\/fr\/produit\/rembourrure-de-remplacement-s1-pro-gen-4-5-epaisseur-de-40-mm\/#breadcrumb","itemListElement":[{"@type":"ListItem","position":1,"name":"Home","item":"https:\/\/www.s1helmets.ca\/fr\/"},{"@type":"ListItem","position":2,"name":"Rembourrure de Remplacement S1 Pro Gen 4.5 &#8211; \u00c9paisseur de 40 mm"}]},{"@type":"WebSite","@id":"https:\/\/www.s1helmets.ca\/fr\/#website","url":"https:\/\/www.s1helmets.ca\/fr\/","name":"S1 Helmets Canada","description":"Roller Derby Helmet and Pads | Skate Helmets | S1 Helmets Canada","potentialAction":[{"@type":"SearchAction","target":{"@type":"EntryPoint","urlTemplate":"https:\/\/www.s1helmets.ca\/fr\/?s={search_term_string}"},"query-input":{"@type":"PropertyValueSpecification","valueRequired":true,"valueName":"search_term_string"}}],"inLanguage":"fr-FR"}]}},"_links":{"self":[{"href":"https:\/\/www.s1helmets.ca\/fr\/wp-json\/wp\/v2\/product\/10386","targetHints":{"allow":["GET"]}}],"collection":[{"href":"https:\/\/www.s1helmets.ca\/fr\/wp-json\/wp\/v2\/product"}],"about":[{"href":"https:\/\/www.s1helmets.ca\/fr\/wp-json\/wp\/v2\/types\/product"}],"replies":[{"embeddable":true,"href":"https:\/\/www.s1helmets.ca\/fr\/wp-json\/wp\/v2\/comments?post=10386"}],"wp:featuredmedia":[{"embeddable":true,"href":"https:\/\/www.s1helmets.ca\/fr\/wp-json\/wp\/v2\/media\/10388"}],"wp:attachment":[{"href":"https:\/\/www.s1helmets.ca\/fr\/wp-json\/wp\/v2\/media?parent=10386"}],"wp:term":[{"taxonomy":"product_brand","embeddable":true,"href":"https:\/\/www.s1helmets.ca\/fr\/wp-json\/wp\/v2\/product_brand?post=10386"},{"taxonomy":"product_cat","embeddable":true,"href":"https:\/\/www.s1helmets.ca\/fr\/wp-json\/wp\/v2\/product_cat?post=10386"},{"taxonomy":"product_tag","embeddable":true,"href":"https:\/\/www.s1helmets.ca\/fr\/wp-json\/wp\/v2\/product_tag?post=10386"}],"curies":[{"name":"wp","href":"https:\/\/api.w.org\/{rel}","templated":true}]}}