{"id":10400,"date":"2025-02-19T13:18:09","date_gmt":"2025-02-19T18:18:09","guid":{"rendered":"https:\/\/www.s1helmets.ca\/?post_type=product&#038;p=10400"},"modified":"2026-04-23T10:52:37","modified_gmt":"2026-04-23T15:52:37","slug":"coques-de-remplacement-vert-embuscade-pour-genouilleres-s1-pro","status":"publish","type":"product","link":"https:\/\/www.s1helmets.ca\/fr\/produit\/coques-de-remplacement-vert-embuscade-pour-genouilleres-s1-pro\/","title":{"rendered":"Coques de Remplacement VERT EMBUSCADE pour Genouill\u00e8res S1 Pro"},"content":{"rendered":"<h2>Coques de Remplacement VERT EMBUSCADE pour Genouill\u00e8res S1 Pro<\/h2>\n<p>Ces coques de remplacement vert embuscade sont compatibles avec les genouill\u00e8res S1 Pro. Vendues en lot, elles sont fabriqu\u00e9es en polycarbonate \u00e0 haute r\u00e9sistance \u00e0 l&rsquo;abrasion. Elles sont \u00e9galement \u00e9quip\u00e9es d&rsquo;un velcro de haute qualit\u00e9 pour une installation facile sur vos genouill\u00e8res Pro. Compatibles avec toutes les genouill\u00e8res S1 Pro.<\/p>\n<p>La coque vert embuscade pour genouill\u00e8res S1 Pro est offerte en <strong>8 autres couleurs<\/strong>. Changez de style au gr\u00e9 de vos envies!<\/p>\n<p>&nbsp;<\/p>\n<p>Cliquez ici pour d\u00e9couvrir les autres couleurs de coques pour genouill\u00e8res Pro!<\/p>\n<p>Cliquez ici pour voir les avis sur ce produit!<\/p>\n<p>&nbsp;<\/p>\n<h3>Compatibles avec les genouill\u00e8res Junior et Pro<\/h3>\n<p>Le <strong>polycarbonate \u00e0 haute r\u00e9sistance<\/strong> \u00e0 l&rsquo;abrasion est un mat\u00e9riau con\u00e7u pour une r\u00e9sistance accrue \u00e0 l&rsquo;usure. Le polycarbonate standard est d\u00e9j\u00e0 reconnu pour sa robustesse, sa r\u00e9sistance aux chocs et sa transparence, mais le polycarbonate haute r\u00e9sistance \u00e0 l&rsquo;abrasion est <strong>sp\u00e9cialement formul\u00e9 ou rev\u00eatu<\/strong> pour r\u00e9sister plus efficacement aux <strong>\u00e9gratignures, \u00e0 l&rsquo;usure et aux dommages de surface.<\/strong><\/p>\n<p>&nbsp;<\/p>\n<h3>Principales caract\u00e9ristiques du polycarbonate haute r\u00e9sistance \u00e0 l&rsquo;abrasion\u00a0:<\/h3>\n<ol>\n<li><strong>R\u00e9sistance accrue aux \u00e9gratignures<\/strong> &#8211; sa surface est plus durable que celle du polycarbonate standard,<\/li>\n<li><strong>R\u00e9sistance \u00e0 l&rsquo;usure sup\u00e9rieure<\/strong> &#8211; il conserve son int\u00e9grit\u00e9 m\u00eame en cas de frottements r\u00e9p\u00e9t\u00e9s ou de manipulations brutales,<\/li>\n<li><strong>R\u00e9sistance aux chocs<\/strong> &#8211; il pr\u00e9serve la robustesse naturelle du polycarbonate,<\/li>\n<li><strong>R\u00e9sistance aux UV et aux produits chimiques (en option)<\/strong> &#8211; certaines versions sont dot\u00e9es de stabilisateurs UV ou de rev\u00eatements r\u00e9sistants aux produits chimiques,<\/li>\n<li><strong>Transparence et clart\u00e9 optique<\/strong> &#8211; souvent utilis\u00e9 dans les applications exigeant \u00e0 la fois robustesse et clart\u00e9 visuelle.<\/li>\n<\/ol>\n<h3><\/h3>\n<h3>Applications courantes du polycarbonate :<\/h3>\n<ul>\n<li>Lunettes de s\u00e9curit\u00e9 et \u00e9crans faciaux,<\/li>\n<li>Protections de phares automobiles,<\/li>\n<li>\u00c9crans de protection (ex.\u00a0: \u00e9crans de t\u00e9l\u00e9phone, panneaux ACL),<\/li>\n<li>Protections de machines industrielles,<\/li>\n<li>Applications a\u00e9rospatiales et de d\u00e9fense,<\/li>\n<li>\u00c9quipements m\u00e9dicaux.<\/li>\n<\/ul>\n<p>&nbsp;<\/p>\n<p>Ce type de polycarbonate peut atteindre ses propri\u00e9t\u00e9s de haute r\u00e9sistance \u00e0 l&rsquo;abrasion gr\u00e2ce \u00e0 des rev\u00eatements <strong>sp\u00e9ciaux, des additifs ou des formulations polym\u00e8res modifi\u00e9es.<\/strong><\/p>\n","protected":false},"excerpt":{"rendered":"<hr \/>\r\n<p style=\"text-align: center;\">Ces coques de remplacement pour genouill\u00e8res S1 Pro sont vendues en lot et fabriqu\u00e9es en polycarbonate haute r\u00e9sistance \u00e0 l&rsquo;abrasion. Elles sont munies d&rsquo;un velcro de haute qualit\u00e9 pour une installation facile sur vos genouill\u00e8res<\/p>\r\n\r\n\r\n<hr \/>\r\n<p style=\"text-align: center;\">Les coques de remplacement S1 Pro sont compatibles avec toutes les genouill\u00e8res S1 Pro<\/p>\r\n\r\n\r\n<hr \/>\r\n<p style=\"text-align: center;\"><\/p>","protected":false},"featured_media":10399,"comment_status":"open","ping_status":"closed","template":"","meta":{"_acf_changed":false},"product_brand":[],"product_cat":[228],"product_tag":[258,243,245,221,222],"class_list":{"0":"post-10400","1":"product","2":"type-product","3":"status-publish","4":"has-post-thumbnail","6":"product_cat-protections-s1","7":"product_tag-genouilleres","8":"product_tag-genouilleres-pro","9":"product_tag-meilleures-genouilleres","10":"product_tag-s1","11":"product_tag-s1-canada","13":"first","14":"instock","15":"taxable","16":"shipping-taxable","17":"purchasable","18":"product-type-simple"},"acf":[],"yoast_head":"<!-- This site is optimized with the Yoast SEO plugin v27.4 - https:\/\/yoast.com\/product\/yoast-seo-wordpress\/ -->\n<title>Coques de Remplacement VERT EMBUSCADE pour Genouill\u00e8res S1 Pro - S1 Helmets Canada<\/title>\n<meta name=\"description\" content=\"Les Coques de Remplacement VERT EMBUSCADE pour Genouill\u00e8res S1 Pro sont vendues en lot et fabriqu\u00e9es en polycarbonate \u00e0 haute r\u00e9sistance \u00e0 l&#039;abrasion!\" \/>\n<meta name=\"robots\" content=\"index, follow, max-snippet:-1, max-image-preview:large, max-video-preview:-1\" \/>\n<link rel=\"canonical\" href=\"https:\/\/www.s1helmets.ca\/fr\/produit\/coques-de-remplacement-vert-embuscade-pour-genouilleres-s1-pro\/\" \/>\n<meta property=\"og:locale\" content=\"fr_FR\" \/>\n<meta property=\"og:type\" content=\"article\" \/>\n<meta property=\"og:title\" content=\"Coques de Remplacement VERT EMBUSCADE pour Genouill\u00e8res S1 Pro - S1 Helmets Canada\" \/>\n<meta property=\"og:description\" content=\"Les Coques de Remplacement VERT EMBUSCADE pour Genouill\u00e8res S1 Pro sont vendues en lot et fabriqu\u00e9es en polycarbonate \u00e0 haute r\u00e9sistance \u00e0 l&#039;abrasion!\" \/>\n<meta property=\"og:url\" content=\"https:\/\/www.s1helmets.ca\/fr\/produit\/coques-de-remplacement-vert-embuscade-pour-genouilleres-s1-pro\/\" \/>\n<meta property=\"og:site_name\" content=\"S1 Helmets Canada\" \/>\n<meta property=\"article:modified_time\" content=\"2026-04-23T15:52:37+00:00\" \/>\n<meta property=\"og:image\" content=\"https:\/\/www.s1helmets.ca\/wp-content\/uploads\/2025\/02\/Caps-Ambush-green.jpg\" \/>\n\t<meta property=\"og:image:width\" content=\"1000\" \/>\n\t<meta property=\"og:image:height\" content=\"1000\" \/>\n\t<meta property=\"og:image:type\" content=\"image\/jpeg\" \/>\n<meta name=\"twitter:card\" content=\"summary_large_image\" \/>\n<meta name=\"twitter:label1\" content=\"Dur\u00e9e de lecture estim\u00e9e\" \/>\n\t<meta name=\"twitter:data1\" content=\"2 minutes\" \/>\n<script type=\"application\/ld+json\" class=\"yoast-schema-graph\">{\"@context\":\"https:\\\/\\\/schema.org\",\"@graph\":[{\"@type\":\"WebPage\",\"@id\":\"https:\\\/\\\/www.s1helmets.ca\\\/fr\\\/produit\\\/coques-de-remplacement-vert-embuscade-pour-genouilleres-s1-pro\\\/\",\"url\":\"https:\\\/\\\/www.s1helmets.ca\\\/fr\\\/produit\\\/coques-de-remplacement-vert-embuscade-pour-genouilleres-s1-pro\\\/\",\"name\":\"Coques de Remplacement VERT EMBUSCADE pour Genouill\u00e8res S1 Pro - S1 Helmets Canada\",\"isPartOf\":{\"@id\":\"https:\\\/\\\/www.s1helmets.ca\\\/fr\\\/#website\"},\"primaryImageOfPage\":{\"@id\":\"https:\\\/\\\/www.s1helmets.ca\\\/fr\\\/produit\\\/coques-de-remplacement-vert-embuscade-pour-genouilleres-s1-pro\\\/#primaryimage\"},\"image\":{\"@id\":\"https:\\\/\\\/www.s1helmets.ca\\\/fr\\\/produit\\\/coques-de-remplacement-vert-embuscade-pour-genouilleres-s1-pro\\\/#primaryimage\"},\"thumbnailUrl\":\"https:\\\/\\\/www.s1helmets.ca\\\/wp-content\\\/uploads\\\/2025\\\/02\\\/Caps-Ambush-green.jpg\",\"datePublished\":\"2025-02-19T18:18:09+00:00\",\"dateModified\":\"2026-04-23T15:52:37+00:00\",\"description\":\"Les Coques de Remplacement VERT EMBUSCADE pour Genouill\u00e8res S1 Pro sont vendues en lot et fabriqu\u00e9es en polycarbonate \u00e0 haute r\u00e9sistance \u00e0 l'abrasion!\",\"breadcrumb\":{\"@id\":\"https:\\\/\\\/www.s1helmets.ca\\\/fr\\\/produit\\\/coques-de-remplacement-vert-embuscade-pour-genouilleres-s1-pro\\\/#breadcrumb\"},\"inLanguage\":\"fr-FR\",\"potentialAction\":[{\"@type\":\"ReadAction\",\"target\":[\"https:\\\/\\\/www.s1helmets.ca\\\/fr\\\/produit\\\/coques-de-remplacement-vert-embuscade-pour-genouilleres-s1-pro\\\/\"]}]},{\"@type\":\"ImageObject\",\"inLanguage\":\"fr-FR\",\"@id\":\"https:\\\/\\\/www.s1helmets.ca\\\/fr\\\/produit\\\/coques-de-remplacement-vert-embuscade-pour-genouilleres-s1-pro\\\/#primaryimage\",\"url\":\"https:\\\/\\\/www.s1helmets.ca\\\/wp-content\\\/uploads\\\/2025\\\/02\\\/Caps-Ambush-green.jpg\",\"contentUrl\":\"https:\\\/\\\/www.s1helmets.ca\\\/wp-content\\\/uploads\\\/2025\\\/02\\\/Caps-Ambush-green.jpg\",\"width\":1000,\"height\":1000,\"caption\":\"S1 Pro knee pad AMBUSH GREEN re-cap - VERT EMBUSCADE\"},{\"@type\":\"BreadcrumbList\",\"@id\":\"https:\\\/\\\/www.s1helmets.ca\\\/fr\\\/produit\\\/coques-de-remplacement-vert-embuscade-pour-genouilleres-s1-pro\\\/#breadcrumb\",\"itemListElement\":[{\"@type\":\"ListItem\",\"position\":1,\"name\":\"Home\",\"item\":\"https:\\\/\\\/www.s1helmets.ca\\\/fr\\\/\"},{\"@type\":\"ListItem\",\"position\":2,\"name\":\"Coques de Remplacement VERT EMBUSCADE pour Genouill\u00e8res S1 Pro\"}]},{\"@type\":\"WebSite\",\"@id\":\"https:\\\/\\\/www.s1helmets.ca\\\/fr\\\/#website\",\"url\":\"https:\\\/\\\/www.s1helmets.ca\\\/fr\\\/\",\"name\":\"S1 Helmets Canada\",\"description\":\"Roller Derby Helmet and Pads | Skate Helmets | S1 Helmets Canada\",\"potentialAction\":[{\"@type\":\"SearchAction\",\"target\":{\"@type\":\"EntryPoint\",\"urlTemplate\":\"https:\\\/\\\/www.s1helmets.ca\\\/fr\\\/?s={search_term_string}\"},\"query-input\":{\"@type\":\"PropertyValueSpecification\",\"valueRequired\":true,\"valueName\":\"search_term_string\"}}],\"inLanguage\":\"fr-FR\"}]}<\/script>\n<!-- \/ Yoast SEO plugin. -->","yoast_head_json":{"title":"Coques de Remplacement VERT EMBUSCADE pour Genouill\u00e8res S1 Pro - S1 Helmets Canada","description":"Les Coques de Remplacement VERT EMBUSCADE pour Genouill\u00e8res S1 Pro sont vendues en lot et fabriqu\u00e9es en polycarbonate \u00e0 haute r\u00e9sistance \u00e0 l'abrasion!","robots":{"index":"index","follow":"follow","max-snippet":"max-snippet:-1","max-image-preview":"max-image-preview:large","max-video-preview":"max-video-preview:-1"},"canonical":"https:\/\/www.s1helmets.ca\/fr\/produit\/coques-de-remplacement-vert-embuscade-pour-genouilleres-s1-pro\/","og_locale":"fr_FR","og_type":"article","og_title":"Coques de Remplacement VERT EMBUSCADE pour Genouill\u00e8res S1 Pro - S1 Helmets Canada","og_description":"Les Coques de Remplacement VERT EMBUSCADE pour Genouill\u00e8res S1 Pro sont vendues en lot et fabriqu\u00e9es en polycarbonate \u00e0 haute r\u00e9sistance \u00e0 l'abrasion!","og_url":"https:\/\/www.s1helmets.ca\/fr\/produit\/coques-de-remplacement-vert-embuscade-pour-genouilleres-s1-pro\/","og_site_name":"S1 Helmets Canada","article_modified_time":"2026-04-23T15:52:37+00:00","og_image":[{"width":1000,"height":1000,"url":"https:\/\/www.s1helmets.ca\/wp-content\/uploads\/2025\/02\/Caps-Ambush-green.jpg","type":"image\/jpeg"}],"twitter_card":"summary_large_image","twitter_misc":{"Dur\u00e9e de lecture estim\u00e9e":"2 minutes"},"schema":{"@context":"https:\/\/schema.org","@graph":[{"@type":"WebPage","@id":"https:\/\/www.s1helmets.ca\/fr\/produit\/coques-de-remplacement-vert-embuscade-pour-genouilleres-s1-pro\/","url":"https:\/\/www.s1helmets.ca\/fr\/produit\/coques-de-remplacement-vert-embuscade-pour-genouilleres-s1-pro\/","name":"Coques de Remplacement VERT EMBUSCADE pour Genouill\u00e8res S1 Pro - S1 Helmets Canada","isPartOf":{"@id":"https:\/\/www.s1helmets.ca\/fr\/#website"},"primaryImageOfPage":{"@id":"https:\/\/www.s1helmets.ca\/fr\/produit\/coques-de-remplacement-vert-embuscade-pour-genouilleres-s1-pro\/#primaryimage"},"image":{"@id":"https:\/\/www.s1helmets.ca\/fr\/produit\/coques-de-remplacement-vert-embuscade-pour-genouilleres-s1-pro\/#primaryimage"},"thumbnailUrl":"https:\/\/www.s1helmets.ca\/wp-content\/uploads\/2025\/02\/Caps-Ambush-green.jpg","datePublished":"2025-02-19T18:18:09+00:00","dateModified":"2026-04-23T15:52:37+00:00","description":"Les Coques de Remplacement VERT EMBUSCADE pour Genouill\u00e8res S1 Pro sont vendues en lot et fabriqu\u00e9es en polycarbonate \u00e0 haute r\u00e9sistance \u00e0 l'abrasion!","breadcrumb":{"@id":"https:\/\/www.s1helmets.ca\/fr\/produit\/coques-de-remplacement-vert-embuscade-pour-genouilleres-s1-pro\/#breadcrumb"},"inLanguage":"fr-FR","potentialAction":[{"@type":"ReadAction","target":["https:\/\/www.s1helmets.ca\/fr\/produit\/coques-de-remplacement-vert-embuscade-pour-genouilleres-s1-pro\/"]}]},{"@type":"ImageObject","inLanguage":"fr-FR","@id":"https:\/\/www.s1helmets.ca\/fr\/produit\/coques-de-remplacement-vert-embuscade-pour-genouilleres-s1-pro\/#primaryimage","url":"https:\/\/www.s1helmets.ca\/wp-content\/uploads\/2025\/02\/Caps-Ambush-green.jpg","contentUrl":"https:\/\/www.s1helmets.ca\/wp-content\/uploads\/2025\/02\/Caps-Ambush-green.jpg","width":1000,"height":1000,"caption":"S1 Pro knee pad AMBUSH GREEN re-cap - VERT EMBUSCADE"},{"@type":"BreadcrumbList","@id":"https:\/\/www.s1helmets.ca\/fr\/produit\/coques-de-remplacement-vert-embuscade-pour-genouilleres-s1-pro\/#breadcrumb","itemListElement":[{"@type":"ListItem","position":1,"name":"Home","item":"https:\/\/www.s1helmets.ca\/fr\/"},{"@type":"ListItem","position":2,"name":"Coques de Remplacement VERT EMBUSCADE pour Genouill\u00e8res S1 Pro"}]},{"@type":"WebSite","@id":"https:\/\/www.s1helmets.ca\/fr\/#website","url":"https:\/\/www.s1helmets.ca\/fr\/","name":"S1 Helmets Canada","description":"Roller Derby Helmet and Pads | Skate Helmets | S1 Helmets Canada","potentialAction":[{"@type":"SearchAction","target":{"@type":"EntryPoint","urlTemplate":"https:\/\/www.s1helmets.ca\/fr\/?s={search_term_string}"},"query-input":{"@type":"PropertyValueSpecification","valueRequired":true,"valueName":"search_term_string"}}],"inLanguage":"fr-FR"}]}},"_links":{"self":[{"href":"https:\/\/www.s1helmets.ca\/fr\/wp-json\/wp\/v2\/product\/10400","targetHints":{"allow":["GET"]}}],"collection":[{"href":"https:\/\/www.s1helmets.ca\/fr\/wp-json\/wp\/v2\/product"}],"about":[{"href":"https:\/\/www.s1helmets.ca\/fr\/wp-json\/wp\/v2\/types\/product"}],"replies":[{"embeddable":true,"href":"https:\/\/www.s1helmets.ca\/fr\/wp-json\/wp\/v2\/comments?post=10400"}],"wp:featuredmedia":[{"embeddable":true,"href":"https:\/\/www.s1helmets.ca\/fr\/wp-json\/wp\/v2\/media\/10399"}],"wp:attachment":[{"href":"https:\/\/www.s1helmets.ca\/fr\/wp-json\/wp\/v2\/media?parent=10400"}],"wp:term":[{"taxonomy":"product_brand","embeddable":true,"href":"https:\/\/www.s1helmets.ca\/fr\/wp-json\/wp\/v2\/product_brand?post=10400"},{"taxonomy":"product_cat","embeddable":true,"href":"https:\/\/www.s1helmets.ca\/fr\/wp-json\/wp\/v2\/product_cat?post=10400"},{"taxonomy":"product_tag","embeddable":true,"href":"https:\/\/www.s1helmets.ca\/fr\/wp-json\/wp\/v2\/product_tag?post=10400"}],"curies":[{"name":"wp","href":"https:\/\/api.w.org\/{rel}","templated":true}]}}