{"id":10420,"date":"2025-02-14T19:18:03","date_gmt":"2025-02-15T00:18:03","guid":{"rendered":"https:\/\/www.s1helmets.ca\/?post_type=product&#038;p=10420"},"modified":"2026-04-24T12:27:46","modified_gmt":"2026-04-24T17:27:46","slug":"joints-de-genou-s1","status":"publish","type":"product","link":"https:\/\/www.s1helmets.ca\/fr\/produit\/joints-de-genou-s1\/","title":{"rendered":"Joints de Genou S1"},"content":{"rendered":"<h2>Joints de Genou S1<\/h2>\n<p>\u00c0 porter sous les Genouill\u00e8res S1 Pro ou S1 Park. Souples et confortables, ces Joints de Genou S1 offrent une protection, un confort, une stabilit\u00e9 et une adh\u00e9rence accrus.<\/p>\n<p>&nbsp;<\/p>\n<p>***Lavage \u00e0 la main \u00e0 l&rsquo;eau froide et au savon. S\u00e9chage \u00e0 l&rsquo;air libre.***<\/p>\n<p>&nbsp;<\/p>\n<h3>Caract\u00e9ristiques des Joints de Genou :<\/h3>\n<ul>\n<li>Une paire comprend un joint de genou gauche et un joint de genou droit,<\/li>\n<li>Design ergonomique incurv\u00e9,<\/li>\n<li>Remplissage \u00e9pais autour de la rotule,<\/li>\n<li>Mousse EVA ultra-absorbante,<\/li>\n<li>Empi\u00e8cement en maille a\u00e9r\u00e9e \u00e0 l&rsquo;arri\u00e8re du genou pour une meilleure respirabilit\u00e9,<\/li>\n<li>Coutures sup\u00e9rieures et inf\u00e9rieures pour une durabilit\u00e9 accrue.<\/li>\n<\/ul>\n<h3><\/h3>\n<h3>Guide des tailles\u00a0:<\/h3>\n<p>Mesurez la circonf\u00e9rence de votre genou (en extension).<\/p>\n<ul>\n<li>Tr\u00e8s petit : 25 \u00e0 30 cm<\/li>\n<li>Petit : 30 \u00e0 35 cm<\/li>\n<li>Moyen : 35 \u00e0 40 cm<\/li>\n<li>Grand : 38 \u00e0 43 cm<\/li>\n<li>Tr\u00e8s grand : 43-51 cm<\/li>\n<\/ul>\n<p>&nbsp;<\/p>\n<h3>Remarque concernant les tailles\u00a0:<\/h3>\n<p>Les joitns de genou sont g\u00e9n\u00e9ralement plus petit que les genouill\u00e8res normales. En cas de doute ou pr\u00e8s de la grandeur suivant, choisissez la taille sup\u00e9rieure.<\/p>\n<p><em><strong>Remarque :<\/strong><\/em> Si vous avez des questions concernant les tailles ou si vous h\u00e9sitez entre deux grandeurs, n&rsquo;h\u00e9sitez pas \u00e0 nous appeler. On va vous aider \u00e0 trouver la taille id\u00e9ale.<\/p>\n","protected":false},"excerpt":{"rendered":"Joints de Genou S1 \u00c0 porter sous les Genouill\u00e8res S1 Pro ou S1 Park. Souples et confortables, ces Joints de Genou S1 offrent une protection, un confort, une stabilit\u00e9 et une adh\u00e9rence accrus. &nbsp; ***Lavage \u00e0 la main \u00e0 l&rsquo;eau froide et au savon. S\u00e9chage \u00e0 l&rsquo;air libre.*** &nbsp; Caract\u00e9ristiques des Joints de Genou :&#8230; <a class=\"view-article\" href=\"https:\/\/www.s1helmets.ca\/fr\/produit\/joints-de-genou-s1\/\">Voir l&rsquo;article<\/a>","protected":false},"featured_media":10417,"comment_status":"open","ping_status":"closed","template":"","meta":{"_acf_changed":false},"product_brand":[],"product_cat":[228],"product_tag":[258,243,245,221,222],"class_list":{"0":"post-10420","1":"product","2":"type-product","3":"status-publish","4":"has-post-thumbnail","6":"product_cat-protections-s1","7":"product_tag-genouilleres","8":"product_tag-genouilleres-pro","9":"product_tag-meilleures-genouilleres","10":"product_tag-s1","11":"product_tag-s1-canada","13":"first","14":"instock","15":"taxable","16":"shipping-taxable","17":"purchasable","18":"product-type-variable"},"acf":[],"yoast_head":"<!-- This site is optimized with the Yoast SEO plugin v27.4 - https:\/\/yoast.com\/product\/yoast-seo-wordpress\/ -->\n<title>Joints de Genou S1 - S1 Helmets Canada<\/title>\n<meta name=\"description\" content=\"Souples et confortables, ces Joints de Genou S1 offrent une protection, un confort, une stabilit\u00e9 et une adh\u00e9rence accrus.\" \/>\n<meta name=\"robots\" content=\"index, follow, max-snippet:-1, max-image-preview:large, max-video-preview:-1\" \/>\n<link rel=\"canonical\" href=\"https:\/\/www.s1helmets.ca\/fr\/produit\/joints-de-genou-s1\/\" \/>\n<meta property=\"og:locale\" content=\"fr_FR\" \/>\n<meta property=\"og:type\" content=\"article\" \/>\n<meta property=\"og:title\" content=\"Joints de Genou S1 - S1 Helmets Canada\" \/>\n<meta property=\"og:description\" content=\"Souples et confortables, ces Joints de Genou S1 offrent une protection, un confort, une stabilit\u00e9 et une adh\u00e9rence accrus.\" \/>\n<meta property=\"og:url\" content=\"https:\/\/www.s1helmets.ca\/fr\/produit\/joints-de-genou-s1\/\" \/>\n<meta property=\"og:site_name\" content=\"S1 Helmets Canada\" \/>\n<meta property=\"article:modified_time\" content=\"2026-04-24T17:27:46+00:00\" \/>\n<meta property=\"og:image\" content=\"https:\/\/www.s1helmets.ca\/wp-content\/uploads\/2025\/02\/Gasket-main.jpg\" \/>\n\t<meta property=\"og:image:width\" content=\"1000\" \/>\n\t<meta property=\"og:image:height\" content=\"1000\" \/>\n\t<meta property=\"og:image:type\" content=\"image\/jpeg\" \/>\n<meta name=\"twitter:card\" content=\"summary_large_image\" \/>\n<meta name=\"twitter:label1\" content=\"Dur\u00e9e de lecture estim\u00e9e\" \/>\n\t<meta name=\"twitter:data1\" content=\"2 minutes\" \/>\n<script type=\"application\/ld+json\" class=\"yoast-schema-graph\">{\"@context\":\"https:\\\/\\\/schema.org\",\"@graph\":[{\"@type\":\"WebPage\",\"@id\":\"https:\\\/\\\/www.s1helmets.ca\\\/fr\\\/produit\\\/joints-de-genou-s1\\\/\",\"url\":\"https:\\\/\\\/www.s1helmets.ca\\\/fr\\\/produit\\\/joints-de-genou-s1\\\/\",\"name\":\"Joints de Genou S1 - S1 Helmets Canada\",\"isPartOf\":{\"@id\":\"https:\\\/\\\/www.s1helmets.ca\\\/fr\\\/#website\"},\"primaryImageOfPage\":{\"@id\":\"https:\\\/\\\/www.s1helmets.ca\\\/fr\\\/produit\\\/joints-de-genou-s1\\\/#primaryimage\"},\"image\":{\"@id\":\"https:\\\/\\\/www.s1helmets.ca\\\/fr\\\/produit\\\/joints-de-genou-s1\\\/#primaryimage\"},\"thumbnailUrl\":\"https:\\\/\\\/www.s1helmets.ca\\\/wp-content\\\/uploads\\\/2025\\\/02\\\/Gasket-main.jpg\",\"datePublished\":\"2025-02-15T00:18:03+00:00\",\"dateModified\":\"2026-04-24T17:27:46+00:00\",\"description\":\"Souples et confortables, ces Joints de Genou S1 offrent une protection, un confort, une stabilit\u00e9 et une adh\u00e9rence accrus.\",\"breadcrumb\":{\"@id\":\"https:\\\/\\\/www.s1helmets.ca\\\/fr\\\/produit\\\/joints-de-genou-s1\\\/#breadcrumb\"},\"inLanguage\":\"fr-FR\",\"potentialAction\":[{\"@type\":\"ReadAction\",\"target\":[\"https:\\\/\\\/www.s1helmets.ca\\\/fr\\\/produit\\\/joints-de-genou-s1\\\/\"]}]},{\"@type\":\"ImageObject\",\"inLanguage\":\"fr-FR\",\"@id\":\"https:\\\/\\\/www.s1helmets.ca\\\/fr\\\/produit\\\/joints-de-genou-s1\\\/#primaryimage\",\"url\":\"https:\\\/\\\/www.s1helmets.ca\\\/wp-content\\\/uploads\\\/2025\\\/02\\\/Gasket-main.jpg\",\"contentUrl\":\"https:\\\/\\\/www.s1helmets.ca\\\/wp-content\\\/uploads\\\/2025\\\/02\\\/Gasket-main.jpg\",\"width\":1000,\"height\":1000,\"caption\":\"S1 Knee Gaskets - Joints de Genou\"},{\"@type\":\"BreadcrumbList\",\"@id\":\"https:\\\/\\\/www.s1helmets.ca\\\/fr\\\/produit\\\/joints-de-genou-s1\\\/#breadcrumb\",\"itemListElement\":[{\"@type\":\"ListItem\",\"position\":1,\"name\":\"Home\",\"item\":\"https:\\\/\\\/www.s1helmets.ca\\\/fr\\\/\"},{\"@type\":\"ListItem\",\"position\":2,\"name\":\"Joints de Genou S1\"}]},{\"@type\":\"WebSite\",\"@id\":\"https:\\\/\\\/www.s1helmets.ca\\\/fr\\\/#website\",\"url\":\"https:\\\/\\\/www.s1helmets.ca\\\/fr\\\/\",\"name\":\"S1 Helmets Canada\",\"description\":\"Roller Derby Helmet and Pads | Skate Helmets | S1 Helmets Canada\",\"potentialAction\":[{\"@type\":\"SearchAction\",\"target\":{\"@type\":\"EntryPoint\",\"urlTemplate\":\"https:\\\/\\\/www.s1helmets.ca\\\/fr\\\/?s={search_term_string}\"},\"query-input\":{\"@type\":\"PropertyValueSpecification\",\"valueRequired\":true,\"valueName\":\"search_term_string\"}}],\"inLanguage\":\"fr-FR\"}]}<\/script>\n<!-- \/ Yoast SEO plugin. -->","yoast_head_json":{"title":"Joints de Genou S1 - S1 Helmets Canada","description":"Souples et confortables, ces Joints de Genou S1 offrent une protection, un confort, une stabilit\u00e9 et une adh\u00e9rence accrus.","robots":{"index":"index","follow":"follow","max-snippet":"max-snippet:-1","max-image-preview":"max-image-preview:large","max-video-preview":"max-video-preview:-1"},"canonical":"https:\/\/www.s1helmets.ca\/fr\/produit\/joints-de-genou-s1\/","og_locale":"fr_FR","og_type":"article","og_title":"Joints de Genou S1 - S1 Helmets Canada","og_description":"Souples et confortables, ces Joints de Genou S1 offrent une protection, un confort, une stabilit\u00e9 et une adh\u00e9rence accrus.","og_url":"https:\/\/www.s1helmets.ca\/fr\/produit\/joints-de-genou-s1\/","og_site_name":"S1 Helmets Canada","article_modified_time":"2026-04-24T17:27:46+00:00","og_image":[{"width":1000,"height":1000,"url":"https:\/\/www.s1helmets.ca\/wp-content\/uploads\/2025\/02\/Gasket-main.jpg","type":"image\/jpeg"}],"twitter_card":"summary_large_image","twitter_misc":{"Dur\u00e9e de lecture estim\u00e9e":"2 minutes"},"schema":{"@context":"https:\/\/schema.org","@graph":[{"@type":"WebPage","@id":"https:\/\/www.s1helmets.ca\/fr\/produit\/joints-de-genou-s1\/","url":"https:\/\/www.s1helmets.ca\/fr\/produit\/joints-de-genou-s1\/","name":"Joints de Genou S1 - S1 Helmets Canada","isPartOf":{"@id":"https:\/\/www.s1helmets.ca\/fr\/#website"},"primaryImageOfPage":{"@id":"https:\/\/www.s1helmets.ca\/fr\/produit\/joints-de-genou-s1\/#primaryimage"},"image":{"@id":"https:\/\/www.s1helmets.ca\/fr\/produit\/joints-de-genou-s1\/#primaryimage"},"thumbnailUrl":"https:\/\/www.s1helmets.ca\/wp-content\/uploads\/2025\/02\/Gasket-main.jpg","datePublished":"2025-02-15T00:18:03+00:00","dateModified":"2026-04-24T17:27:46+00:00","description":"Souples et confortables, ces Joints de Genou S1 offrent une protection, un confort, une stabilit\u00e9 et une adh\u00e9rence accrus.","breadcrumb":{"@id":"https:\/\/www.s1helmets.ca\/fr\/produit\/joints-de-genou-s1\/#breadcrumb"},"inLanguage":"fr-FR","potentialAction":[{"@type":"ReadAction","target":["https:\/\/www.s1helmets.ca\/fr\/produit\/joints-de-genou-s1\/"]}]},{"@type":"ImageObject","inLanguage":"fr-FR","@id":"https:\/\/www.s1helmets.ca\/fr\/produit\/joints-de-genou-s1\/#primaryimage","url":"https:\/\/www.s1helmets.ca\/wp-content\/uploads\/2025\/02\/Gasket-main.jpg","contentUrl":"https:\/\/www.s1helmets.ca\/wp-content\/uploads\/2025\/02\/Gasket-main.jpg","width":1000,"height":1000,"caption":"S1 Knee Gaskets - Joints de Genou"},{"@type":"BreadcrumbList","@id":"https:\/\/www.s1helmets.ca\/fr\/produit\/joints-de-genou-s1\/#breadcrumb","itemListElement":[{"@type":"ListItem","position":1,"name":"Home","item":"https:\/\/www.s1helmets.ca\/fr\/"},{"@type":"ListItem","position":2,"name":"Joints de Genou S1"}]},{"@type":"WebSite","@id":"https:\/\/www.s1helmets.ca\/fr\/#website","url":"https:\/\/www.s1helmets.ca\/fr\/","name":"S1 Helmets Canada","description":"Roller Derby Helmet and Pads | Skate Helmets | S1 Helmets Canada","potentialAction":[{"@type":"SearchAction","target":{"@type":"EntryPoint","urlTemplate":"https:\/\/www.s1helmets.ca\/fr\/?s={search_term_string}"},"query-input":{"@type":"PropertyValueSpecification","valueRequired":true,"valueName":"search_term_string"}}],"inLanguage":"fr-FR"}]}},"_links":{"self":[{"href":"https:\/\/www.s1helmets.ca\/fr\/wp-json\/wp\/v2\/product\/10420","targetHints":{"allow":["GET"]}}],"collection":[{"href":"https:\/\/www.s1helmets.ca\/fr\/wp-json\/wp\/v2\/product"}],"about":[{"href":"https:\/\/www.s1helmets.ca\/fr\/wp-json\/wp\/v2\/types\/product"}],"replies":[{"embeddable":true,"href":"https:\/\/www.s1helmets.ca\/fr\/wp-json\/wp\/v2\/comments?post=10420"}],"wp:featuredmedia":[{"embeddable":true,"href":"https:\/\/www.s1helmets.ca\/fr\/wp-json\/wp\/v2\/media\/10417"}],"wp:attachment":[{"href":"https:\/\/www.s1helmets.ca\/fr\/wp-json\/wp\/v2\/media?parent=10420"}],"wp:term":[{"taxonomy":"product_brand","embeddable":true,"href":"https:\/\/www.s1helmets.ca\/fr\/wp-json\/wp\/v2\/product_brand?post=10420"},{"taxonomy":"product_cat","embeddable":true,"href":"https:\/\/www.s1helmets.ca\/fr\/wp-json\/wp\/v2\/product_cat?post=10420"},{"taxonomy":"product_tag","embeddable":true,"href":"https:\/\/www.s1helmets.ca\/fr\/wp-json\/wp\/v2\/product_tag?post=10420"}],"curies":[{"name":"wp","href":"https:\/\/api.w.org\/{rel}","templated":true}]}}