{"id":10465,"date":"2023-03-30T13:58:22","date_gmt":"2023-03-30T18:58:22","guid":{"rendered":"https:\/\/www.s1helmets.ca\/?post_type=product&#038;p=10465"},"modified":"2026-04-30T14:39:20","modified_gmt":"2026-04-30T19:39:20","slug":"genouillere-s1-pro-junior-wyatt-hammond","status":"publish","type":"product","link":"https:\/\/www.s1helmets.ca\/fr\/produit\/genouillere-s1-pro-junior-wyatt-hammond\/","title":{"rendered":"Genouill\u00e8re S1 Pro JUNIOR Wyatt Hammond"},"content":{"rendered":"<h2>Genouill\u00e8re S1 Pro JUNIOR Wyatt Hammond<\/h2>\n<p>La Genouill\u00e8res S1 Pro JUNIOR est con\u00e7ue avec soin pour offrir confort, durabilit\u00e9, stabilit\u00e9 et fonctionnalit\u00e9. Nous avons accord\u00e9 une attention particuli\u00e8re \u00e0 la conception et au d\u00e9veloppement de ce produit et sommes ravis de concr\u00e9tiser notre vision. Apr\u00e8s des ann\u00e9es de d\u00e9veloppement et des milliers d&rsquo;heures de tests d&rsquo;usure, nous sommes tr\u00e8s fiers de vous pr\u00e9senter cette genouill\u00e8re. La Genouill\u00e8re S1 Pro JUNIOR est dot\u00e9e de renforts de couture \u00e0 chaque point de contact des sangles et d&rsquo;une couche de mousse amortissante ajout\u00e9e \u00e0 la coque int\u00e9rieure du genou.<\/p>\n<p>&nbsp;<\/p>\n<h3>Genouill\u00e8res S1 Pro JUNIOR Wyatt Hammond<\/h3>\n<ul>\n<li><strong>Taille\u00a0:<\/strong> Junior (moins de 65 lbs) Taille unique<\/li>\n<li><strong>Couleur\u00a0:<\/strong> Couleur Wyatt Hammond (bleu, rose, vert)<\/li>\n<\/ul>\n<p>&nbsp;<\/p>\n<h3>CARACT\u00c9RISTIQUES DE LA GENOUILL\u00c8RE S1 JUNIOR PRO WYATT HAMMOND :<\/h3>\n<ul>\n<li>Design profil\u00e9,<\/li>\n<li>Version r\u00e9duite de la genouill\u00e8re Pro adapt\u00e9e aux jeunes,<\/li>\n<li>Enveloppe ext\u00e9rieure en nylon balistique de qualit\u00e9 militaire pour une durabilit\u00e9 accrue,<\/li>\n<li>Coque int\u00e9rieure absorbant les chocs gr\u00e2ce \u00e0 sa mousse haute et moyenne densit\u00e9,<\/li>\n<li>Coutures triples pour une r\u00e9sistance accrue,<\/li>\n<li>Rabats papillon articul\u00e9s \u00e0 l&rsquo;arri\u00e8re pour un maintien optimal et une mobilit\u00e9 accrue,<\/li>\n<li>Coque de genou rempla\u00e7able en polycarbonate haute r\u00e9sistance \u00e0 l&rsquo;abrasion avec surface ultra-plate pour une stabilit\u00e9 maximale,<\/li>\n<li>Courroies de r\u00e9glage sup\u00e9rieures \u00e0 longueur id\u00e9ale.<\/li>\n<\/ul>\n<p>&nbsp;<\/p>\n<p>Vous voulez d\u00e9couvrir d&rsquo;autres couleurs? Cliquez ici!<\/p>\n<p>Cliquez ici pour lire les avis sur ces genouill\u00e8res Pro color\u00e9es!<\/p>\n<p>&nbsp;<\/p>\n<h3>Un mot de Wyatt Hammond\u00a0:<\/h3>\n<p>\u00ab Quand S1 m&rsquo;a demand\u00e9 de cr\u00e9er un coloris personnalis\u00e9 pour la nouvelle genouill\u00e8re S1 JUNIOR Pro, je voulais qu&rsquo;elle ait du sens. J&rsquo;ai donc choisi mes trois mots-cl\u00e9s : Amour, Courage et Concentration.<\/p>\n<p>Pour ma\u00eetriser de nouvelles figures et surmonter mes peurs, je m&rsquo;appuie sur ces mots-cl\u00e9s. Ils me motivent, m&rsquo;encouragent et me poussent \u00e0 poursuivre mes r\u00eaves.<\/p>\n<p>Le rose symbolise l&rsquo;amour du skateboard, le vert repr\u00e9sente le courage, indispensable parce que ce n&rsquo;est pas toujours facile. Et le bleu repr\u00e9sente la concentration\u00a0: c&rsquo;est l&rsquo;une des choses les plus importantes en planche \u00e0 roulettes (elle permet de r\u00e9ussir tout ce qu&rsquo;on entreprend).<\/p>\n<p>Voil\u00e0 donc la signification de cette genouill\u00e8re. J&rsquo;esp\u00e8re qu&rsquo;elle vous plaira\u00a0!\u00a0\u00bb \u2013 Wyatt Hammond<\/p>\n<p>&nbsp;<\/p>\n<p><img loading=\"lazy\" decoding=\"async\" width=\"250\" height=\"138\" class=\"alignnone size-medium wp-image-5997\" src=\"https:\/\/www.s1helmets.ca\/wp-content\/uploads\/2023\/03\/knee-pad-comarison-wyatt-250x138.jpg\" alt=\"\" srcset=\"https:\/\/www.s1helmets.ca\/wp-content\/uploads\/2023\/03\/knee-pad-comarison-wyatt-250x138.jpg 250w, https:\/\/www.s1helmets.ca\/wp-content\/uploads\/2023\/03\/knee-pad-comarison-wyatt-700x385.jpg 700w, https:\/\/www.s1helmets.ca\/wp-content\/uploads\/2023\/03\/knee-pad-comarison-wyatt-768x423.jpg 768w, https:\/\/www.s1helmets.ca\/wp-content\/uploads\/2023\/03\/knee-pad-comarison-wyatt-1536x845.jpg 1536w, https:\/\/www.s1helmets.ca\/wp-content\/uploads\/2023\/03\/knee-pad-comarison-wyatt-120x66.jpg 120w, https:\/\/www.s1helmets.ca\/wp-content\/uploads\/2023\/03\/knee-pad-comarison-wyatt-300x165.jpg 300w, https:\/\/www.s1helmets.ca\/wp-content\/uploads\/2023\/03\/knee-pad-comarison-wyatt-64x35.jpg 64w, https:\/\/www.s1helmets.ca\/wp-content\/uploads\/2023\/03\/knee-pad-comarison-wyatt.jpg 1728w\" sizes=\"auto, (max-width: 250px) 100vw, 250px\" \/><\/p>\n<p><iframe loading=\"lazy\" title=\"Wyatt Hammond | S1 Youth and Kid Pro Knee Pad\" src=\"https:\/\/player.vimeo.com\/video\/794936873?dnt=1&amp;app_id=122963\" width=\"900\" height=\"506\" frameborder=\"0\" allow=\"autoplay; fullscreen; picture-in-picture; clipboard-write; encrypted-media; web-share\" referrerpolicy=\"strict-origin-when-cross-origin\"><\/iframe><\/p>\n<p>&nbsp;<\/p>\n","protected":false},"excerpt":{"rendered":"Genouill\u00e8re S1 Pro JUNIOR Wyatt Hammond La Genouill\u00e8res S1 Pro JUNIOR est con\u00e7ue avec soin pour offrir confort, durabilit\u00e9, stabilit\u00e9 et fonctionnalit\u00e9. Nous avons accord\u00e9 une attention particuli\u00e8re \u00e0 la conception et au d\u00e9veloppement de ce produit et sommes ravis de concr\u00e9tiser notre vision. Apr\u00e8s des ann\u00e9es de d\u00e9veloppement et des milliers d&rsquo;heures de tests&#8230; <a class=\"view-article\" href=\"https:\/\/www.s1helmets.ca\/fr\/produit\/genouillere-s1-pro-junior-wyatt-hammond\/\">Voir l&rsquo;article<\/a>","protected":false},"featured_media":10452,"comment_status":"open","ping_status":"closed","template":"","meta":{"_acf_changed":false},"product_brand":[],"product_cat":[228],"product_tag":[258,243,245,221,222],"class_list":{"0":"post-10465","1":"product","2":"type-product","3":"status-publish","4":"has-post-thumbnail","6":"product_cat-protections-s1","7":"product_tag-genouilleres","8":"product_tag-genouilleres-pro","9":"product_tag-meilleures-genouilleres","10":"product_tag-s1","11":"product_tag-s1-canada","13":"first","14":"instock","15":"taxable","16":"shipping-taxable","17":"purchasable","18":"product-type-variable"},"acf":[],"yoast_head":"<!-- This site is optimized with the Yoast SEO plugin v27.5 - https:\/\/yoast.com\/product\/yoast-seo-wordpress\/ -->\n<title>Genouill\u00e8re S1 Pro JUNIOR Wyatt Hammond - S1 Helmets Canada<\/title>\n<meta name=\"description\" content=\"Les genouill\u00e8res S1 Pro JUNIOR Wyatt Hammond sont une protection color\u00e9e id\u00e9ale pour vos enfants pendant la pratique de leur sport pr\u00e9f\u00e9r\u00e9. Les meilleures genouill\u00e8res sur le march\u00e9!\" \/>\n<meta name=\"robots\" content=\"index, follow, max-snippet:-1, max-image-preview:large, max-video-preview:-1\" \/>\n<link rel=\"canonical\" href=\"https:\/\/www.s1helmets.ca\/fr\/produit\/genouillere-s1-pro-junior-wyatt-hammond\/\" \/>\n<meta property=\"og:locale\" content=\"fr_FR\" \/>\n<meta property=\"og:type\" content=\"article\" \/>\n<meta property=\"og:title\" content=\"Genouill\u00e8re S1 Pro JUNIOR Wyatt Hammond - S1 Helmets Canada\" \/>\n<meta property=\"og:description\" content=\"Les genouill\u00e8res S1 Pro JUNIOR Wyatt Hammond sont une protection color\u00e9e id\u00e9ale pour vos enfants pendant la pratique de leur sport pr\u00e9f\u00e9r\u00e9. Les meilleures genouill\u00e8res sur le march\u00e9!\" \/>\n<meta property=\"og:url\" content=\"https:\/\/www.s1helmets.ca\/fr\/produit\/genouillere-s1-pro-junior-wyatt-hammond\/\" \/>\n<meta property=\"og:site_name\" content=\"S1 Helmets Canada\" \/>\n<meta property=\"article:modified_time\" content=\"2026-04-30T19:39:20+00:00\" \/>\n<meta property=\"og:image\" content=\"https:\/\/www.s1helmets.ca\/wp-content\/uploads\/2023\/03\/wyatt-hammond-colorway-youth-pro-1.jpg\" \/>\n\t<meta property=\"og:image:width\" content=\"1000\" \/>\n\t<meta property=\"og:image:height\" content=\"1000\" \/>\n\t<meta property=\"og:image:type\" content=\"image\/jpeg\" \/>\n<meta name=\"twitter:card\" content=\"summary_large_image\" \/>\n<meta name=\"twitter:label1\" content=\"Dur\u00e9e de lecture estim\u00e9e\" \/>\n\t<meta name=\"twitter:data1\" content=\"2 minutes\" \/>\n<script type=\"application\/ld+json\" class=\"yoast-schema-graph\">{\"@context\":\"https:\\\/\\\/schema.org\",\"@graph\":[{\"@type\":\"WebPage\",\"@id\":\"https:\\\/\\\/www.s1helmets.ca\\\/fr\\\/produit\\\/genouillere-s1-pro-junior-wyatt-hammond\\\/\",\"url\":\"https:\\\/\\\/www.s1helmets.ca\\\/fr\\\/produit\\\/genouillere-s1-pro-junior-wyatt-hammond\\\/\",\"name\":\"Genouill\u00e8re S1 Pro JUNIOR Wyatt Hammond - S1 Helmets Canada\",\"isPartOf\":{\"@id\":\"https:\\\/\\\/www.s1helmets.ca\\\/fr\\\/#website\"},\"primaryImageOfPage\":{\"@id\":\"https:\\\/\\\/www.s1helmets.ca\\\/fr\\\/produit\\\/genouillere-s1-pro-junior-wyatt-hammond\\\/#primaryimage\"},\"image\":{\"@id\":\"https:\\\/\\\/www.s1helmets.ca\\\/fr\\\/produit\\\/genouillere-s1-pro-junior-wyatt-hammond\\\/#primaryimage\"},\"thumbnailUrl\":\"https:\\\/\\\/www.s1helmets.ca\\\/wp-content\\\/uploads\\\/2023\\\/03\\\/wyatt-hammond-colorway-youth-pro-1.jpg\",\"datePublished\":\"2023-03-30T18:58:22+00:00\",\"dateModified\":\"2026-04-30T19:39:20+00:00\",\"description\":\"Les genouill\u00e8res S1 Pro JUNIOR Wyatt Hammond sont une protection color\u00e9e id\u00e9ale pour vos enfants pendant la pratique de leur sport pr\u00e9f\u00e9r\u00e9. Les meilleures genouill\u00e8res sur le march\u00e9!\",\"breadcrumb\":{\"@id\":\"https:\\\/\\\/www.s1helmets.ca\\\/fr\\\/produit\\\/genouillere-s1-pro-junior-wyatt-hammond\\\/#breadcrumb\"},\"inLanguage\":\"fr-FR\",\"potentialAction\":[{\"@type\":\"ReadAction\",\"target\":[\"https:\\\/\\\/www.s1helmets.ca\\\/fr\\\/produit\\\/genouillere-s1-pro-junior-wyatt-hammond\\\/\"]}]},{\"@type\":\"ImageObject\",\"inLanguage\":\"fr-FR\",\"@id\":\"https:\\\/\\\/www.s1helmets.ca\\\/fr\\\/produit\\\/genouillere-s1-pro-junior-wyatt-hammond\\\/#primaryimage\",\"url\":\"https:\\\/\\\/www.s1helmets.ca\\\/wp-content\\\/uploads\\\/2023\\\/03\\\/wyatt-hammond-colorway-youth-pro-1.jpg\",\"contentUrl\":\"https:\\\/\\\/www.s1helmets.ca\\\/wp-content\\\/uploads\\\/2023\\\/03\\\/wyatt-hammond-colorway-youth-pro-1.jpg\",\"width\":1000,\"height\":1000},{\"@type\":\"BreadcrumbList\",\"@id\":\"https:\\\/\\\/www.s1helmets.ca\\\/fr\\\/produit\\\/genouillere-s1-pro-junior-wyatt-hammond\\\/#breadcrumb\",\"itemListElement\":[{\"@type\":\"ListItem\",\"position\":1,\"name\":\"Home\",\"item\":\"https:\\\/\\\/www.s1helmets.ca\\\/fr\\\/\"},{\"@type\":\"ListItem\",\"position\":2,\"name\":\"Genouill\u00e8re S1 Pro JUNIOR Wyatt Hammond\"}]},{\"@type\":\"WebSite\",\"@id\":\"https:\\\/\\\/www.s1helmets.ca\\\/fr\\\/#website\",\"url\":\"https:\\\/\\\/www.s1helmets.ca\\\/fr\\\/\",\"name\":\"S1 Helmets Canada\",\"description\":\"Roller Derby Helmet and Pads | Skate Helmets | S1 Helmets Canada\",\"potentialAction\":[{\"@type\":\"SearchAction\",\"target\":{\"@type\":\"EntryPoint\",\"urlTemplate\":\"https:\\\/\\\/www.s1helmets.ca\\\/fr\\\/?s={search_term_string}\"},\"query-input\":{\"@type\":\"PropertyValueSpecification\",\"valueRequired\":true,\"valueName\":\"search_term_string\"}}],\"inLanguage\":\"fr-FR\"}]}<\/script>\n<!-- \/ Yoast SEO plugin. -->","yoast_head_json":{"title":"Genouill\u00e8re S1 Pro JUNIOR Wyatt Hammond - S1 Helmets Canada","description":"Les genouill\u00e8res S1 Pro JUNIOR Wyatt Hammond sont une protection color\u00e9e id\u00e9ale pour vos enfants pendant la pratique de leur sport pr\u00e9f\u00e9r\u00e9. Les meilleures genouill\u00e8res sur le march\u00e9!","robots":{"index":"index","follow":"follow","max-snippet":"max-snippet:-1","max-image-preview":"max-image-preview:large","max-video-preview":"max-video-preview:-1"},"canonical":"https:\/\/www.s1helmets.ca\/fr\/produit\/genouillere-s1-pro-junior-wyatt-hammond\/","og_locale":"fr_FR","og_type":"article","og_title":"Genouill\u00e8re S1 Pro JUNIOR Wyatt Hammond - S1 Helmets Canada","og_description":"Les genouill\u00e8res S1 Pro JUNIOR Wyatt Hammond sont une protection color\u00e9e id\u00e9ale pour vos enfants pendant la pratique de leur sport pr\u00e9f\u00e9r\u00e9. Les meilleures genouill\u00e8res sur le march\u00e9!","og_url":"https:\/\/www.s1helmets.ca\/fr\/produit\/genouillere-s1-pro-junior-wyatt-hammond\/","og_site_name":"S1 Helmets Canada","article_modified_time":"2026-04-30T19:39:20+00:00","og_image":[{"width":1000,"height":1000,"url":"https:\/\/www.s1helmets.ca\/wp-content\/uploads\/2023\/03\/wyatt-hammond-colorway-youth-pro-1.jpg","type":"image\/jpeg"}],"twitter_card":"summary_large_image","twitter_misc":{"Dur\u00e9e de lecture estim\u00e9e":"2 minutes"},"schema":{"@context":"https:\/\/schema.org","@graph":[{"@type":"WebPage","@id":"https:\/\/www.s1helmets.ca\/fr\/produit\/genouillere-s1-pro-junior-wyatt-hammond\/","url":"https:\/\/www.s1helmets.ca\/fr\/produit\/genouillere-s1-pro-junior-wyatt-hammond\/","name":"Genouill\u00e8re S1 Pro JUNIOR Wyatt Hammond - S1 Helmets Canada","isPartOf":{"@id":"https:\/\/www.s1helmets.ca\/fr\/#website"},"primaryImageOfPage":{"@id":"https:\/\/www.s1helmets.ca\/fr\/produit\/genouillere-s1-pro-junior-wyatt-hammond\/#primaryimage"},"image":{"@id":"https:\/\/www.s1helmets.ca\/fr\/produit\/genouillere-s1-pro-junior-wyatt-hammond\/#primaryimage"},"thumbnailUrl":"https:\/\/www.s1helmets.ca\/wp-content\/uploads\/2023\/03\/wyatt-hammond-colorway-youth-pro-1.jpg","datePublished":"2023-03-30T18:58:22+00:00","dateModified":"2026-04-30T19:39:20+00:00","description":"Les genouill\u00e8res S1 Pro JUNIOR Wyatt Hammond sont une protection color\u00e9e id\u00e9ale pour vos enfants pendant la pratique de leur sport pr\u00e9f\u00e9r\u00e9. Les meilleures genouill\u00e8res sur le march\u00e9!","breadcrumb":{"@id":"https:\/\/www.s1helmets.ca\/fr\/produit\/genouillere-s1-pro-junior-wyatt-hammond\/#breadcrumb"},"inLanguage":"fr-FR","potentialAction":[{"@type":"ReadAction","target":["https:\/\/www.s1helmets.ca\/fr\/produit\/genouillere-s1-pro-junior-wyatt-hammond\/"]}]},{"@type":"ImageObject","inLanguage":"fr-FR","@id":"https:\/\/www.s1helmets.ca\/fr\/produit\/genouillere-s1-pro-junior-wyatt-hammond\/#primaryimage","url":"https:\/\/www.s1helmets.ca\/wp-content\/uploads\/2023\/03\/wyatt-hammond-colorway-youth-pro-1.jpg","contentUrl":"https:\/\/www.s1helmets.ca\/wp-content\/uploads\/2023\/03\/wyatt-hammond-colorway-youth-pro-1.jpg","width":1000,"height":1000},{"@type":"BreadcrumbList","@id":"https:\/\/www.s1helmets.ca\/fr\/produit\/genouillere-s1-pro-junior-wyatt-hammond\/#breadcrumb","itemListElement":[{"@type":"ListItem","position":1,"name":"Home","item":"https:\/\/www.s1helmets.ca\/fr\/"},{"@type":"ListItem","position":2,"name":"Genouill\u00e8re S1 Pro JUNIOR Wyatt Hammond"}]},{"@type":"WebSite","@id":"https:\/\/www.s1helmets.ca\/fr\/#website","url":"https:\/\/www.s1helmets.ca\/fr\/","name":"S1 Helmets Canada","description":"Roller Derby Helmet and Pads | Skate Helmets | S1 Helmets Canada","potentialAction":[{"@type":"SearchAction","target":{"@type":"EntryPoint","urlTemplate":"https:\/\/www.s1helmets.ca\/fr\/?s={search_term_string}"},"query-input":{"@type":"PropertyValueSpecification","valueRequired":true,"valueName":"search_term_string"}}],"inLanguage":"fr-FR"}]}},"_links":{"self":[{"href":"https:\/\/www.s1helmets.ca\/fr\/wp-json\/wp\/v2\/product\/10465","targetHints":{"allow":["GET"]}}],"collection":[{"href":"https:\/\/www.s1helmets.ca\/fr\/wp-json\/wp\/v2\/product"}],"about":[{"href":"https:\/\/www.s1helmets.ca\/fr\/wp-json\/wp\/v2\/types\/product"}],"replies":[{"embeddable":true,"href":"https:\/\/www.s1helmets.ca\/fr\/wp-json\/wp\/v2\/comments?post=10465"}],"wp:featuredmedia":[{"embeddable":true,"href":"https:\/\/www.s1helmets.ca\/fr\/wp-json\/wp\/v2\/media\/10452"}],"wp:attachment":[{"href":"https:\/\/www.s1helmets.ca\/fr\/wp-json\/wp\/v2\/media?parent=10465"}],"wp:term":[{"taxonomy":"product_brand","embeddable":true,"href":"https:\/\/www.s1helmets.ca\/fr\/wp-json\/wp\/v2\/product_brand?post=10465"},{"taxonomy":"product_cat","embeddable":true,"href":"https:\/\/www.s1helmets.ca\/fr\/wp-json\/wp\/v2\/product_cat?post=10465"},{"taxonomy":"product_tag","embeddable":true,"href":"https:\/\/www.s1helmets.ca\/fr\/wp-json\/wp\/v2\/product_tag?post=10465"}],"curies":[{"name":"wp","href":"https:\/\/api.w.org\/{rel}","templated":true}]}}