{"id":10644,"date":"2019-03-19T19:28:26","date_gmt":"2019-03-19T19:28:26","guid":{"rendered":"https:\/\/www.s1helmets.ca\/?post_type=product&#038;p=10644"},"modified":"2026-05-06T10:13:40","modified_gmt":"2026-05-06T15:13:40","slug":"genouilleres-s1-pro-gen-4-0-epaisseur-de-32mm","status":"publish","type":"product","link":"https:\/\/www.s1helmets.ca\/fr\/produit\/genouilleres-s1-pro-gen-4-0-epaisseur-de-32mm\/","title":{"rendered":"Genouill\u00e8res S1 Pro Gen 4.0 (\u00e9paisseur de 32mm)"},"content":{"rendered":"<h2>Genouill\u00e8res S1 Pro Gen 4.0 (\u00e9paisseur de 32mm)<\/h2>\n<p>Les genouill\u00e8res S1 Pro Gen 4.0 a \u00e9t\u00e9 con\u00e7ue avec soin pour offrir confort, durabilit\u00e9, stabilit\u00e9 et fonctionnalit\u00e9. Nous avons accord\u00e9 une attention particuli\u00e8re \u00e0 la conception et au d\u00e9veloppement de ce produit et sommes ravis de concr\u00e9tiser notre vision. Apr\u00e8s des ann\u00e9es de d\u00e9veloppement et des milliers d&rsquo;heures de tests d&rsquo;usure, nous sommes fiers de vous pr\u00e9senter la genouill\u00e8re S1 Pro Gen 4.0. La genouill\u00e8re Gen 4 Pro est identique \u00e0 la Gen 3 en termes de conception, de fonctionnalit\u00e9s et de dimensions. Seules des coutures renforc\u00e9es aux points de contact des sangles et une nouvelle couche de mousse amortissante ont \u00e9t\u00e9 ajout\u00e9es \u00e0 la coquille int\u00e9rieure du genou.<\/p>\n<p>&nbsp;<\/p>\n<h3>CARACT\u00c9RISTIQUES\u00a0:<\/h3>\n<ul>\n<li>Mousse interne \u00e9paisse (40 mm) absorbant les chocs pour une dispersion et une stabilit\u00e9 optimales,<\/li>\n<li>Enveloppe ext\u00e9rieure en nylon balistique de qualit\u00e9 militaire pour une durabilit\u00e9 accrue,<\/li>\n<li>Coutures triples pour une r\u00e9sistance accrue,<\/li>\n<li>Rabats arri\u00e8re articul\u00e9s de type papillon pour un maintien s\u00e9curitaire, une mobilit\u00e9 accrue et une meilleure adh\u00e9rence,<\/li>\n<li>Genouill\u00e8re en polycarbonate haute r\u00e9sistance \u00e0 l&rsquo;abrasion, rempla\u00e7able et dot\u00e9e d&rsquo;une surface ultra-plate pour une stabilit\u00e9 optimale,<\/li>\n<li>Sangles sup\u00e9rieures de r\u00e9glage \u00e0 longueur ajustable.<\/li>\n<\/ul>\n<p>&nbsp;<\/p>\n<p>Vous voulez d\u00e9couvrir d&rsquo;autres couleurs\u00a0? Cliquez ici pour voir toutes les options\u00a0!<\/p>\n<p>Cliquez ici pour lire les avis sur ces genouill\u00e8res Pro\u00a0!<\/p>\n<p>&nbsp;<\/p>\n<h3>Guide des tailles et instructions pour les genouill\u00e8res S1 Pro<\/h3>\n<p><img loading=\"lazy\" decoding=\"async\" class=\"alignnone wp-image-10650 size-full\" src=\"https:\/\/www.s1helmets.ca\/wp-content\/uploads\/2019\/03\/Sans-titre-1.jpg\" alt=\"\" width=\"1567\" height=\"528\" srcset=\"https:\/\/www.s1helmets.ca\/wp-content\/uploads\/2019\/03\/Sans-titre-1.jpg 1567w, https:\/\/www.s1helmets.ca\/wp-content\/uploads\/2019\/03\/Sans-titre-1-250x84.jpg 250w, https:\/\/www.s1helmets.ca\/wp-content\/uploads\/2019\/03\/Sans-titre-1-700x236.jpg 700w, https:\/\/www.s1helmets.ca\/wp-content\/uploads\/2019\/03\/Sans-titre-1-768x259.jpg 768w, https:\/\/www.s1helmets.ca\/wp-content\/uploads\/2019\/03\/Sans-titre-1-1536x518.jpg 1536w, https:\/\/www.s1helmets.ca\/wp-content\/uploads\/2019\/03\/Sans-titre-1-120x40.jpg 120w, https:\/\/www.s1helmets.ca\/wp-content\/uploads\/2019\/03\/Sans-titre-1-300x101.jpg 300w, https:\/\/www.s1helmets.ca\/wp-content\/uploads\/2019\/03\/Sans-titre-1-64x22.jpg 64w\" sizes=\"auto, (max-width: 1567px) 100vw, 1567px\" \/><\/p>\n<p>&nbsp;<\/p>\n<p><strong>Remarque\u00a0:<\/strong> Si vous avez le moindre doute concernant les tailles ou si vous h\u00e9sitez entre deux tailles, n\u2019h\u00e9sitez pas \u00e0 nous appeler. On va vous aider \u00e0 trouver la taille id\u00e9ale.<\/p>\n<p style=\"text-align: center;\">Brevet n\u00b0\u00a0<strong>US D813,463 S<\/strong><\/p>\n<p><iframe loading=\"lazy\" title=\"Lonny Hiramoto\" src=\"https:\/\/player.vimeo.com\/video\/1127243483?dnt=1&amp;app_id=122963\" width=\"900\" height=\"506\" frameborder=\"0\" allow=\"autoplay; fullscreen; picture-in-picture; clipboard-write; encrypted-media; web-share\" referrerpolicy=\"strict-origin-when-cross-origin\"><\/iframe><\/p>\n<p><iframe loading=\"lazy\" title=\"S1 Pro Knee Pad Sizing Instructions with Scald Eagle\" src=\"https:\/\/player.vimeo.com\/video\/1165493494?dnt=1&amp;app_id=122963\" width=\"900\" height=\"506\" frameborder=\"0\" allow=\"autoplay; fullscreen; picture-in-picture; clipboard-write; encrypted-media; web-share\" referrerpolicy=\"strict-origin-when-cross-origin\"><\/iframe><\/p>\n<p>&nbsp;<\/p>\n","protected":false},"excerpt":{"rendered":"<hr \/>\r\n<p style=\"text-align: center;\">La genouill\u00e8re S1 Pro Gen 4.0 a \u00e9t\u00e9 con\u00e7ue avec soin pour offrir confort, durabilit\u00e9, stabilit\u00e9 et fonctionnalit\u00e9. Nous avons accord\u00e9 une attention particuli\u00e8re \u00e0 la conception et au d\u00e9veloppement de ce produit et sommes ravis de concr\u00e9tiser notre vision. Apr\u00e8s des ann\u00e9es de d\u00e9veloppement et des milliers d&rsquo;heures de tests d&rsquo;usure, nous sommes fiers de vous pr\u00e9senter la genouill\u00e8re S1 Pro Gen 4.0.<\/p>\r\n\r\n\r\n<hr \/>\r\n<p style=\"text-align: center;\">La genouill\u00e8re Gen 4 Pro est identique \u00e0 la Gen 3 en termes de conception, de fonctionnalit\u00e9s et de dimensions. Seules des coutures renforc\u00e9es aux points de contact des sangles et une nouvelle couche de mousse amortissante ont \u00e9t\u00e9 ajout\u00e9es \u00e0 la coquille int\u00e9rieure du genou<\/p>\r\n\r\n\r\n<hr \/>\r\n<p style=\"text-align: center;\"><\/p>","protected":false},"featured_media":10542,"comment_status":"open","ping_status":"closed","template":"","meta":{"_acf_changed":false},"product_brand":[],"product_cat":[228],"product_tag":[258,243,245,221,222],"class_list":{"0":"post-10644","1":"product","2":"type-product","3":"status-publish","4":"has-post-thumbnail","6":"product_cat-protections-s1","7":"product_tag-genouilleres","8":"product_tag-genouilleres-pro","9":"product_tag-meilleures-genouilleres","10":"product_tag-s1","11":"product_tag-s1-canada","13":"first","14":"instock","15":"taxable","16":"shipping-taxable","17":"purchasable","18":"product-type-variable"},"acf":[],"yoast_head":"<!-- This site is optimized with the Yoast SEO plugin v27.6 - https:\/\/yoast.com\/product\/yoast-seo-wordpress\/ -->\n<title>Genouill\u00e8res S1 Pro Gen 4.0 (\u00e9paisseur de 32mm) - S1 Helmets Canada<\/title>\n<meta name=\"description\" content=\"Nous avons con\u00e7u les Genouill\u00e8res S1 Pro Gen 4.0 (\u00e9paisseur de 32mm) en privil\u00e9giant le confort, la durabilit\u00e9, la stabilit\u00e9, la fonctionnalit\u00e9 et une absorption des chocs maximale.\" \/>\n<meta name=\"robots\" content=\"index, follow, max-snippet:-1, max-image-preview:large, max-video-preview:-1\" \/>\n<link rel=\"canonical\" href=\"https:\/\/www.s1helmets.ca\/fr\/produit\/genouilleres-s1-pro-gen-4-0-epaisseur-de-32mm\/\" \/>\n<meta property=\"og:locale\" content=\"fr_FR\" \/>\n<meta property=\"og:type\" content=\"article\" \/>\n<meta property=\"og:title\" content=\"Genouill\u00e8res S1 Pro Gen 4.0 (\u00e9paisseur de 32mm) - S1 Helmets Canada\" \/>\n<meta property=\"og:description\" content=\"Nous avons con\u00e7u les Genouill\u00e8res S1 Pro Gen 4.0 (\u00e9paisseur de 32mm) en privil\u00e9giant le confort, la durabilit\u00e9, la stabilit\u00e9, la fonctionnalit\u00e9 et une absorption des chocs maximale.\" \/>\n<meta property=\"og:url\" content=\"https:\/\/www.s1helmets.ca\/fr\/produit\/genouilleres-s1-pro-gen-4-0-epaisseur-de-32mm\/\" \/>\n<meta property=\"og:site_name\" content=\"S1 Helmets Canada\" \/>\n<meta property=\"article:modified_time\" content=\"2026-05-06T15:13:40+00:00\" \/>\n<meta property=\"og:image\" content=\"https:\/\/www.s1helmets.ca\/wp-content\/uploads\/2019\/03\/black-side.jpg\" \/>\n\t<meta property=\"og:image:width\" content=\"1000\" \/>\n\t<meta property=\"og:image:height\" content=\"1000\" \/>\n\t<meta property=\"og:image:type\" content=\"image\/jpeg\" \/>\n<meta name=\"twitter:card\" content=\"summary_large_image\" \/>\n<meta name=\"twitter:label1\" content=\"Dur\u00e9e de lecture estim\u00e9e\" \/>\n\t<meta name=\"twitter:data1\" content=\"2 minutes\" \/>\n<script type=\"application\/ld+json\" class=\"yoast-schema-graph\">{\"@context\":\"https:\\\/\\\/schema.org\",\"@graph\":[{\"@type\":\"WebPage\",\"@id\":\"https:\\\/\\\/www.s1helmets.ca\\\/fr\\\/produit\\\/genouilleres-s1-pro-gen-4-0-epaisseur-de-32mm\\\/\",\"url\":\"https:\\\/\\\/www.s1helmets.ca\\\/fr\\\/produit\\\/genouilleres-s1-pro-gen-4-0-epaisseur-de-32mm\\\/\",\"name\":\"Genouill\u00e8res S1 Pro Gen 4.0 (\u00e9paisseur de 32mm) - S1 Helmets Canada\",\"isPartOf\":{\"@id\":\"https:\\\/\\\/www.s1helmets.ca\\\/fr\\\/#website\"},\"primaryImageOfPage\":{\"@id\":\"https:\\\/\\\/www.s1helmets.ca\\\/fr\\\/produit\\\/genouilleres-s1-pro-gen-4-0-epaisseur-de-32mm\\\/#primaryimage\"},\"image\":{\"@id\":\"https:\\\/\\\/www.s1helmets.ca\\\/fr\\\/produit\\\/genouilleres-s1-pro-gen-4-0-epaisseur-de-32mm\\\/#primaryimage\"},\"thumbnailUrl\":\"https:\\\/\\\/www.s1helmets.ca\\\/wp-content\\\/uploads\\\/2019\\\/03\\\/black-side.jpg\",\"datePublished\":\"2019-03-19T19:28:26+00:00\",\"dateModified\":\"2026-05-06T15:13:40+00:00\",\"description\":\"Nous avons con\u00e7u les Genouill\u00e8res S1 Pro Gen 4.0 (\u00e9paisseur de 32mm) en privil\u00e9giant le confort, la durabilit\u00e9, la stabilit\u00e9, la fonctionnalit\u00e9 et une absorption des chocs maximale.\",\"breadcrumb\":{\"@id\":\"https:\\\/\\\/www.s1helmets.ca\\\/fr\\\/produit\\\/genouilleres-s1-pro-gen-4-0-epaisseur-de-32mm\\\/#breadcrumb\"},\"inLanguage\":\"fr-FR\",\"potentialAction\":[{\"@type\":\"ReadAction\",\"target\":[\"https:\\\/\\\/www.s1helmets.ca\\\/fr\\\/produit\\\/genouilleres-s1-pro-gen-4-0-epaisseur-de-32mm\\\/\"]}]},{\"@type\":\"ImageObject\",\"inLanguage\":\"fr-FR\",\"@id\":\"https:\\\/\\\/www.s1helmets.ca\\\/fr\\\/produit\\\/genouilleres-s1-pro-gen-4-0-epaisseur-de-32mm\\\/#primaryimage\",\"url\":\"https:\\\/\\\/www.s1helmets.ca\\\/wp-content\\\/uploads\\\/2019\\\/03\\\/black-side.jpg\",\"contentUrl\":\"https:\\\/\\\/www.s1helmets.ca\\\/wp-content\\\/uploads\\\/2019\\\/03\\\/black-side.jpg\",\"width\":1000,\"height\":1000,\"caption\":\"Genouill\u00e8res S1 Pro Gen 4.0\"},{\"@type\":\"BreadcrumbList\",\"@id\":\"https:\\\/\\\/www.s1helmets.ca\\\/fr\\\/produit\\\/genouilleres-s1-pro-gen-4-0-epaisseur-de-32mm\\\/#breadcrumb\",\"itemListElement\":[{\"@type\":\"ListItem\",\"position\":1,\"name\":\"Home\",\"item\":\"https:\\\/\\\/www.s1helmets.ca\\\/fr\\\/\"},{\"@type\":\"ListItem\",\"position\":2,\"name\":\"Genouill\u00e8res S1 Pro Gen 4.0 (\u00e9paisseur de 32mm)\"}]},{\"@type\":\"WebSite\",\"@id\":\"https:\\\/\\\/www.s1helmets.ca\\\/fr\\\/#website\",\"url\":\"https:\\\/\\\/www.s1helmets.ca\\\/fr\\\/\",\"name\":\"S1 Helmets Canada\",\"description\":\"Roller Derby Helmet and Pads | Skate Helmets | S1 Helmets Canada\",\"potentialAction\":[{\"@type\":\"SearchAction\",\"target\":{\"@type\":\"EntryPoint\",\"urlTemplate\":\"https:\\\/\\\/www.s1helmets.ca\\\/fr\\\/?s={search_term_string}\"},\"query-input\":{\"@type\":\"PropertyValueSpecification\",\"valueRequired\":true,\"valueName\":\"search_term_string\"}}],\"inLanguage\":\"fr-FR\"}]}<\/script>\n<!-- \/ Yoast SEO plugin. -->","yoast_head_json":{"title":"Genouill\u00e8res S1 Pro Gen 4.0 (\u00e9paisseur de 32mm) - S1 Helmets Canada","description":"Nous avons con\u00e7u les Genouill\u00e8res S1 Pro Gen 4.0 (\u00e9paisseur de 32mm) en privil\u00e9giant le confort, la durabilit\u00e9, la stabilit\u00e9, la fonctionnalit\u00e9 et une absorption des chocs maximale.","robots":{"index":"index","follow":"follow","max-snippet":"max-snippet:-1","max-image-preview":"max-image-preview:large","max-video-preview":"max-video-preview:-1"},"canonical":"https:\/\/www.s1helmets.ca\/fr\/produit\/genouilleres-s1-pro-gen-4-0-epaisseur-de-32mm\/","og_locale":"fr_FR","og_type":"article","og_title":"Genouill\u00e8res S1 Pro Gen 4.0 (\u00e9paisseur de 32mm) - S1 Helmets Canada","og_description":"Nous avons con\u00e7u les Genouill\u00e8res S1 Pro Gen 4.0 (\u00e9paisseur de 32mm) en privil\u00e9giant le confort, la durabilit\u00e9, la stabilit\u00e9, la fonctionnalit\u00e9 et une absorption des chocs maximale.","og_url":"https:\/\/www.s1helmets.ca\/fr\/produit\/genouilleres-s1-pro-gen-4-0-epaisseur-de-32mm\/","og_site_name":"S1 Helmets Canada","article_modified_time":"2026-05-06T15:13:40+00:00","og_image":[{"width":1000,"height":1000,"url":"https:\/\/www.s1helmets.ca\/wp-content\/uploads\/2019\/03\/black-side.jpg","type":"image\/jpeg"}],"twitter_card":"summary_large_image","twitter_misc":{"Dur\u00e9e de lecture estim\u00e9e":"2 minutes"},"schema":{"@context":"https:\/\/schema.org","@graph":[{"@type":"WebPage","@id":"https:\/\/www.s1helmets.ca\/fr\/produit\/genouilleres-s1-pro-gen-4-0-epaisseur-de-32mm\/","url":"https:\/\/www.s1helmets.ca\/fr\/produit\/genouilleres-s1-pro-gen-4-0-epaisseur-de-32mm\/","name":"Genouill\u00e8res S1 Pro Gen 4.0 (\u00e9paisseur de 32mm) - S1 Helmets Canada","isPartOf":{"@id":"https:\/\/www.s1helmets.ca\/fr\/#website"},"primaryImageOfPage":{"@id":"https:\/\/www.s1helmets.ca\/fr\/produit\/genouilleres-s1-pro-gen-4-0-epaisseur-de-32mm\/#primaryimage"},"image":{"@id":"https:\/\/www.s1helmets.ca\/fr\/produit\/genouilleres-s1-pro-gen-4-0-epaisseur-de-32mm\/#primaryimage"},"thumbnailUrl":"https:\/\/www.s1helmets.ca\/wp-content\/uploads\/2019\/03\/black-side.jpg","datePublished":"2019-03-19T19:28:26+00:00","dateModified":"2026-05-06T15:13:40+00:00","description":"Nous avons con\u00e7u les Genouill\u00e8res S1 Pro Gen 4.0 (\u00e9paisseur de 32mm) en privil\u00e9giant le confort, la durabilit\u00e9, la stabilit\u00e9, la fonctionnalit\u00e9 et une absorption des chocs maximale.","breadcrumb":{"@id":"https:\/\/www.s1helmets.ca\/fr\/produit\/genouilleres-s1-pro-gen-4-0-epaisseur-de-32mm\/#breadcrumb"},"inLanguage":"fr-FR","potentialAction":[{"@type":"ReadAction","target":["https:\/\/www.s1helmets.ca\/fr\/produit\/genouilleres-s1-pro-gen-4-0-epaisseur-de-32mm\/"]}]},{"@type":"ImageObject","inLanguage":"fr-FR","@id":"https:\/\/www.s1helmets.ca\/fr\/produit\/genouilleres-s1-pro-gen-4-0-epaisseur-de-32mm\/#primaryimage","url":"https:\/\/www.s1helmets.ca\/wp-content\/uploads\/2019\/03\/black-side.jpg","contentUrl":"https:\/\/www.s1helmets.ca\/wp-content\/uploads\/2019\/03\/black-side.jpg","width":1000,"height":1000,"caption":"Genouill\u00e8res S1 Pro Gen 4.0"},{"@type":"BreadcrumbList","@id":"https:\/\/www.s1helmets.ca\/fr\/produit\/genouilleres-s1-pro-gen-4-0-epaisseur-de-32mm\/#breadcrumb","itemListElement":[{"@type":"ListItem","position":1,"name":"Home","item":"https:\/\/www.s1helmets.ca\/fr\/"},{"@type":"ListItem","position":2,"name":"Genouill\u00e8res S1 Pro Gen 4.0 (\u00e9paisseur de 32mm)"}]},{"@type":"WebSite","@id":"https:\/\/www.s1helmets.ca\/fr\/#website","url":"https:\/\/www.s1helmets.ca\/fr\/","name":"S1 Helmets Canada","description":"Roller Derby Helmet and Pads | Skate Helmets | S1 Helmets Canada","potentialAction":[{"@type":"SearchAction","target":{"@type":"EntryPoint","urlTemplate":"https:\/\/www.s1helmets.ca\/fr\/?s={search_term_string}"},"query-input":{"@type":"PropertyValueSpecification","valueRequired":true,"valueName":"search_term_string"}}],"inLanguage":"fr-FR"}]}},"_links":{"self":[{"href":"https:\/\/www.s1helmets.ca\/fr\/wp-json\/wp\/v2\/product\/10644","targetHints":{"allow":["GET"]}}],"collection":[{"href":"https:\/\/www.s1helmets.ca\/fr\/wp-json\/wp\/v2\/product"}],"about":[{"href":"https:\/\/www.s1helmets.ca\/fr\/wp-json\/wp\/v2\/types\/product"}],"replies":[{"embeddable":true,"href":"https:\/\/www.s1helmets.ca\/fr\/wp-json\/wp\/v2\/comments?post=10644"}],"wp:featuredmedia":[{"embeddable":true,"href":"https:\/\/www.s1helmets.ca\/fr\/wp-json\/wp\/v2\/media\/10542"}],"wp:attachment":[{"href":"https:\/\/www.s1helmets.ca\/fr\/wp-json\/wp\/v2\/media?parent=10644"}],"wp:term":[{"taxonomy":"product_brand","embeddable":true,"href":"https:\/\/www.s1helmets.ca\/fr\/wp-json\/wp\/v2\/product_brand?post=10644"},{"taxonomy":"product_cat","embeddable":true,"href":"https:\/\/www.s1helmets.ca\/fr\/wp-json\/wp\/v2\/product_cat?post=10644"},{"taxonomy":"product_tag","embeddable":true,"href":"https:\/\/www.s1helmets.ca\/fr\/wp-json\/wp\/v2\/product_tag?post=10644"}],"curies":[{"name":"wp","href":"https:\/\/api.w.org\/{rel}","templated":true}]}}