{"id":10729,"date":"2022-02-19T13:41:50","date_gmt":"2022-02-19T18:41:50","guid":{"rendered":"https:\/\/www.s1helmets.ca\/?post_type=product&#038;p=10729"},"modified":"2026-05-06T12:55:45","modified_gmt":"2026-05-06T17:55:45","slug":"ensemble-de-protections-shred-s1-genouilleres-et-protege-coudes-3-a-7-ans","status":"publish","type":"product","link":"https:\/\/www.s1helmets.ca\/fr\/produit\/ensemble-de-protections-shred-s1-genouilleres-et-protege-coudes-3-a-7-ans\/","title":{"rendered":"ENSEMBLE DE PROTECTIONS SHRED S1 &#8211; GENOUILL\u00c8RES ET PROT\u00c8GE-COUDES (3 \u00c0 7 ANS)"},"content":{"rendered":"<h2>ENSEMBLE DE PROTECTIONS SHRED S1 &#8211; GENOUILL\u00c8RES ET PROT\u00c8GE-COUDES (3 \u00c0 7 ANS)<\/h2>\n<p>L&rsquo;ensemble de protections SHRED S1 sont vendues en kit avec genouill\u00e8res et prot\u00e8ge-coudes inclus et conviennent aux enfants de 3 \u00e0 7 ans. L\u00e9g\u00e8res, souples et confortables, elles prot\u00e8gent efficacement les genoux et les coudes des chocs. Plus volumineuses et plus rembourr\u00e9es que nos kits S1 Starter Pads, les protections Shred S1 s&rsquo;enfilent facilement, offrant ainsi un meilleur maintien des coudes et des genoux.<\/p>\n<h3><\/h3>\n<h3>Caract\u00e9ristiques\u00a0:<\/h3>\n<ul>\n<li>Genouill\u00e8res et coudi\u00e8res incluses,<\/li>\n<li>Tailles adapt\u00e9es aux enfants,<\/li>\n<li>Coque en plastique ABS haute r\u00e9sistance,<\/li>\n<li>Rev\u00eatement ext\u00e9rieur robuste,<\/li>\n<li>Conception l\u00e9g\u00e8re pour un confort et une flexibilit\u00e9 optimaux,<\/li>\n<li>Courroies \u00e9lastiques en haut et en bas.<\/li>\n<\/ul>\n<p>&nbsp;<\/p>\n<p>Pour d\u00e9terminer votre taille, mesurez la circonf\u00e9rence de votre coude et de votre genou, puis r\u00e9f\u00e9rez-vous au guide des tailles ci-dessous.<\/p>\n<h3><\/h3>\n<h3>GUIDE DES TAILLES<\/h3>\n<ul>\n<li>Enfants TP (Genou 25-28 cm | Coude 15-18 cm)<\/li>\n<li>Enfants M\/L (Genou 28-30 cm | Coude 18-20 cm)<\/li>\n<\/ul>\n<p>&nbsp;<\/p>\n<h4>NOTE SUR LES TAILLES : En g\u00e9n\u00e9ral, pour les protections Shred Pads, les enfants minces de 3 \u00e0 5 ans portent la taille TP\/P, et ceux de 5 \u00e0 7 ans la taille M\/L.<\/h4>\n","protected":false},"excerpt":{"rendered":"<hr \/>\r\n<p style=\"text-align: center;\">Les ensembles de protections SHRED S1 sont vendues en kit avec genouill\u00e8res et prot\u00e8ge-coudes inclus et conviennent aux enfants de 3 \u00e0 7 ans. L\u00e9g\u00e8res, souples et confortables, elles prot\u00e8gent efficacement les genoux et les coudes des chocs. Plus volumineuses et plus rembourr\u00e9es que nos kits S1 Starter Pads, les protections Shred S1 s&rsquo;enfilent facilement, offrant ainsi un meilleur maintien des coudes et des genoux.<\/p>\r\n\r\n\r\n<hr \/>\r\n\r\n&nbsp;","protected":false},"featured_media":10725,"comment_status":"open","ping_status":"closed","template":"","meta":{"_acf_changed":false},"product_brand":[],"product_cat":[228],"product_tag":[],"class_list":{"0":"post-10729","1":"product","2":"type-product","3":"status-publish","4":"has-post-thumbnail","6":"product_cat-protections-s1","8":"first","9":"instock","10":"taxable","11":"shipping-taxable","12":"purchasable","13":"product-type-variable"},"acf":[],"yoast_head":"<!-- This site is optimized with the Yoast SEO plugin v27.6 - https:\/\/yoast.com\/product\/yoast-seo-wordpress\/ -->\n<title>ENSEMBLE DE PROTECTIONS SHRED S1 - S1 Helmets Canada<\/title>\n<meta name=\"description\" content=\"L&#039;ensemble de protections SHRED S1 sont l\u00e9g\u00e8res, souples et confortables, elles prot\u00e8gent efficacement les genoux et les coudes des chocs pour les petits\" \/>\n<meta name=\"robots\" content=\"index, follow, max-snippet:-1, max-image-preview:large, max-video-preview:-1\" \/>\n<link rel=\"canonical\" href=\"https:\/\/www.s1helmets.ca\/fr\/produit\/ensemble-de-protections-shred-s1-genouilleres-et-protege-coudes-3-a-7-ans\/\" \/>\n<meta property=\"og:locale\" content=\"fr_FR\" \/>\n<meta property=\"og:type\" content=\"article\" \/>\n<meta property=\"og:title\" content=\"ENSEMBLE DE PROTECTIONS SHRED S1 - S1 Helmets Canada\" \/>\n<meta property=\"og:description\" content=\"L&#039;ensemble de protections SHRED S1 sont l\u00e9g\u00e8res, souples et confortables, elles prot\u00e8gent efficacement les genoux et les coudes des chocs pour les petits\" \/>\n<meta property=\"og:url\" content=\"https:\/\/www.s1helmets.ca\/fr\/produit\/ensemble-de-protections-shred-s1-genouilleres-et-protege-coudes-3-a-7-ans\/\" \/>\n<meta property=\"og:site_name\" content=\"S1 Helmets Canada\" \/>\n<meta property=\"article:modified_time\" content=\"2026-05-06T17:55:45+00:00\" \/>\n<meta property=\"og:image\" content=\"https:\/\/www.s1helmets.ca\/wp-content\/uploads\/2022\/02\/S1-Shred-Pads-knee-and-Elbow-Sets-34-View.jpg\" \/>\n\t<meta property=\"og:image:width\" content=\"1000\" \/>\n\t<meta property=\"og:image:height\" content=\"1000\" \/>\n\t<meta property=\"og:image:type\" content=\"image\/jpeg\" \/>\n<meta name=\"twitter:card\" content=\"summary_large_image\" \/>\n<meta name=\"twitter:label1\" content=\"Dur\u00e9e de lecture estim\u00e9e\" \/>\n\t<meta name=\"twitter:data1\" content=\"2 minutes\" \/>\n<script type=\"application\/ld+json\" class=\"yoast-schema-graph\">{\"@context\":\"https:\\\/\\\/schema.org\",\"@graph\":[{\"@type\":\"WebPage\",\"@id\":\"https:\\\/\\\/www.s1helmets.ca\\\/fr\\\/produit\\\/ensemble-de-protections-shred-s1-genouilleres-et-protege-coudes-3-a-7-ans\\\/\",\"url\":\"https:\\\/\\\/www.s1helmets.ca\\\/fr\\\/produit\\\/ensemble-de-protections-shred-s1-genouilleres-et-protege-coudes-3-a-7-ans\\\/\",\"name\":\"ENSEMBLE DE PROTECTIONS SHRED S1 - S1 Helmets Canada\",\"isPartOf\":{\"@id\":\"https:\\\/\\\/www.s1helmets.ca\\\/fr\\\/#website\"},\"primaryImageOfPage\":{\"@id\":\"https:\\\/\\\/www.s1helmets.ca\\\/fr\\\/produit\\\/ensemble-de-protections-shred-s1-genouilleres-et-protege-coudes-3-a-7-ans\\\/#primaryimage\"},\"image\":{\"@id\":\"https:\\\/\\\/www.s1helmets.ca\\\/fr\\\/produit\\\/ensemble-de-protections-shred-s1-genouilleres-et-protege-coudes-3-a-7-ans\\\/#primaryimage\"},\"thumbnailUrl\":\"https:\\\/\\\/www.s1helmets.ca\\\/wp-content\\\/uploads\\\/2022\\\/02\\\/S1-Shred-Pads-knee-and-Elbow-Sets-34-View.jpg\",\"datePublished\":\"2022-02-19T18:41:50+00:00\",\"dateModified\":\"2026-05-06T17:55:45+00:00\",\"description\":\"L'ensemble de protections SHRED S1 sont l\u00e9g\u00e8res, souples et confortables, elles prot\u00e8gent efficacement les genoux et les coudes des chocs pour les petits\",\"breadcrumb\":{\"@id\":\"https:\\\/\\\/www.s1helmets.ca\\\/fr\\\/produit\\\/ensemble-de-protections-shred-s1-genouilleres-et-protege-coudes-3-a-7-ans\\\/#breadcrumb\"},\"inLanguage\":\"fr-FR\",\"potentialAction\":[{\"@type\":\"ReadAction\",\"target\":[\"https:\\\/\\\/www.s1helmets.ca\\\/fr\\\/produit\\\/ensemble-de-protections-shred-s1-genouilleres-et-protege-coudes-3-a-7-ans\\\/\"]}]},{\"@type\":\"ImageObject\",\"inLanguage\":\"fr-FR\",\"@id\":\"https:\\\/\\\/www.s1helmets.ca\\\/fr\\\/produit\\\/ensemble-de-protections-shred-s1-genouilleres-et-protege-coudes-3-a-7-ans\\\/#primaryimage\",\"url\":\"https:\\\/\\\/www.s1helmets.ca\\\/wp-content\\\/uploads\\\/2022\\\/02\\\/S1-Shred-Pads-knee-and-Elbow-Sets-34-View.jpg\",\"contentUrl\":\"https:\\\/\\\/www.s1helmets.ca\\\/wp-content\\\/uploads\\\/2022\\\/02\\\/S1-Shred-Pads-knee-and-Elbow-Sets-34-View.jpg\",\"width\":1000,\"height\":1000,\"caption\":\"The S1 Shred Pads - protections shred S1\"},{\"@type\":\"BreadcrumbList\",\"@id\":\"https:\\\/\\\/www.s1helmets.ca\\\/fr\\\/produit\\\/ensemble-de-protections-shred-s1-genouilleres-et-protege-coudes-3-a-7-ans\\\/#breadcrumb\",\"itemListElement\":[{\"@type\":\"ListItem\",\"position\":1,\"name\":\"Home\",\"item\":\"https:\\\/\\\/www.s1helmets.ca\\\/fr\\\/\"},{\"@type\":\"ListItem\",\"position\":2,\"name\":\"ENSEMBLE DE PROTECTIONS SHRED S1 &#8211; GENOUILL\u00c8RES ET PROT\u00c8GE-COUDES (3 \u00c0 7 ANS)\"}]},{\"@type\":\"WebSite\",\"@id\":\"https:\\\/\\\/www.s1helmets.ca\\\/fr\\\/#website\",\"url\":\"https:\\\/\\\/www.s1helmets.ca\\\/fr\\\/\",\"name\":\"S1 Helmets Canada\",\"description\":\"Roller Derby Helmet and Pads | Skate Helmets | S1 Helmets Canada\",\"potentialAction\":[{\"@type\":\"SearchAction\",\"target\":{\"@type\":\"EntryPoint\",\"urlTemplate\":\"https:\\\/\\\/www.s1helmets.ca\\\/fr\\\/?s={search_term_string}\"},\"query-input\":{\"@type\":\"PropertyValueSpecification\",\"valueRequired\":true,\"valueName\":\"search_term_string\"}}],\"inLanguage\":\"fr-FR\"}]}<\/script>\n<!-- \/ Yoast SEO plugin. -->","yoast_head_json":{"title":"ENSEMBLE DE PROTECTIONS SHRED S1 - S1 Helmets Canada","description":"L'ensemble de protections SHRED S1 sont l\u00e9g\u00e8res, souples et confortables, elles prot\u00e8gent efficacement les genoux et les coudes des chocs pour les petits","robots":{"index":"index","follow":"follow","max-snippet":"max-snippet:-1","max-image-preview":"max-image-preview:large","max-video-preview":"max-video-preview:-1"},"canonical":"https:\/\/www.s1helmets.ca\/fr\/produit\/ensemble-de-protections-shred-s1-genouilleres-et-protege-coudes-3-a-7-ans\/","og_locale":"fr_FR","og_type":"article","og_title":"ENSEMBLE DE PROTECTIONS SHRED S1 - S1 Helmets Canada","og_description":"L'ensemble de protections SHRED S1 sont l\u00e9g\u00e8res, souples et confortables, elles prot\u00e8gent efficacement les genoux et les coudes des chocs pour les petits","og_url":"https:\/\/www.s1helmets.ca\/fr\/produit\/ensemble-de-protections-shred-s1-genouilleres-et-protege-coudes-3-a-7-ans\/","og_site_name":"S1 Helmets Canada","article_modified_time":"2026-05-06T17:55:45+00:00","og_image":[{"width":1000,"height":1000,"url":"https:\/\/www.s1helmets.ca\/wp-content\/uploads\/2022\/02\/S1-Shred-Pads-knee-and-Elbow-Sets-34-View.jpg","type":"image\/jpeg"}],"twitter_card":"summary_large_image","twitter_misc":{"Dur\u00e9e de lecture estim\u00e9e":"2 minutes"},"schema":{"@context":"https:\/\/schema.org","@graph":[{"@type":"WebPage","@id":"https:\/\/www.s1helmets.ca\/fr\/produit\/ensemble-de-protections-shred-s1-genouilleres-et-protege-coudes-3-a-7-ans\/","url":"https:\/\/www.s1helmets.ca\/fr\/produit\/ensemble-de-protections-shred-s1-genouilleres-et-protege-coudes-3-a-7-ans\/","name":"ENSEMBLE DE PROTECTIONS SHRED S1 - S1 Helmets Canada","isPartOf":{"@id":"https:\/\/www.s1helmets.ca\/fr\/#website"},"primaryImageOfPage":{"@id":"https:\/\/www.s1helmets.ca\/fr\/produit\/ensemble-de-protections-shred-s1-genouilleres-et-protege-coudes-3-a-7-ans\/#primaryimage"},"image":{"@id":"https:\/\/www.s1helmets.ca\/fr\/produit\/ensemble-de-protections-shred-s1-genouilleres-et-protege-coudes-3-a-7-ans\/#primaryimage"},"thumbnailUrl":"https:\/\/www.s1helmets.ca\/wp-content\/uploads\/2022\/02\/S1-Shred-Pads-knee-and-Elbow-Sets-34-View.jpg","datePublished":"2022-02-19T18:41:50+00:00","dateModified":"2026-05-06T17:55:45+00:00","description":"L'ensemble de protections SHRED S1 sont l\u00e9g\u00e8res, souples et confortables, elles prot\u00e8gent efficacement les genoux et les coudes des chocs pour les petits","breadcrumb":{"@id":"https:\/\/www.s1helmets.ca\/fr\/produit\/ensemble-de-protections-shred-s1-genouilleres-et-protege-coudes-3-a-7-ans\/#breadcrumb"},"inLanguage":"fr-FR","potentialAction":[{"@type":"ReadAction","target":["https:\/\/www.s1helmets.ca\/fr\/produit\/ensemble-de-protections-shred-s1-genouilleres-et-protege-coudes-3-a-7-ans\/"]}]},{"@type":"ImageObject","inLanguage":"fr-FR","@id":"https:\/\/www.s1helmets.ca\/fr\/produit\/ensemble-de-protections-shred-s1-genouilleres-et-protege-coudes-3-a-7-ans\/#primaryimage","url":"https:\/\/www.s1helmets.ca\/wp-content\/uploads\/2022\/02\/S1-Shred-Pads-knee-and-Elbow-Sets-34-View.jpg","contentUrl":"https:\/\/www.s1helmets.ca\/wp-content\/uploads\/2022\/02\/S1-Shred-Pads-knee-and-Elbow-Sets-34-View.jpg","width":1000,"height":1000,"caption":"The S1 Shred Pads - protections shred S1"},{"@type":"BreadcrumbList","@id":"https:\/\/www.s1helmets.ca\/fr\/produit\/ensemble-de-protections-shred-s1-genouilleres-et-protege-coudes-3-a-7-ans\/#breadcrumb","itemListElement":[{"@type":"ListItem","position":1,"name":"Home","item":"https:\/\/www.s1helmets.ca\/fr\/"},{"@type":"ListItem","position":2,"name":"ENSEMBLE DE PROTECTIONS SHRED S1 &#8211; GENOUILL\u00c8RES ET PROT\u00c8GE-COUDES (3 \u00c0 7 ANS)"}]},{"@type":"WebSite","@id":"https:\/\/www.s1helmets.ca\/fr\/#website","url":"https:\/\/www.s1helmets.ca\/fr\/","name":"S1 Helmets Canada","description":"Roller Derby Helmet and Pads | Skate Helmets | S1 Helmets Canada","potentialAction":[{"@type":"SearchAction","target":{"@type":"EntryPoint","urlTemplate":"https:\/\/www.s1helmets.ca\/fr\/?s={search_term_string}"},"query-input":{"@type":"PropertyValueSpecification","valueRequired":true,"valueName":"search_term_string"}}],"inLanguage":"fr-FR"}]}},"_links":{"self":[{"href":"https:\/\/www.s1helmets.ca\/fr\/wp-json\/wp\/v2\/product\/10729","targetHints":{"allow":["GET"]}}],"collection":[{"href":"https:\/\/www.s1helmets.ca\/fr\/wp-json\/wp\/v2\/product"}],"about":[{"href":"https:\/\/www.s1helmets.ca\/fr\/wp-json\/wp\/v2\/types\/product"}],"replies":[{"embeddable":true,"href":"https:\/\/www.s1helmets.ca\/fr\/wp-json\/wp\/v2\/comments?post=10729"}],"wp:featuredmedia":[{"embeddable":true,"href":"https:\/\/www.s1helmets.ca\/fr\/wp-json\/wp\/v2\/media\/10725"}],"wp:attachment":[{"href":"https:\/\/www.s1helmets.ca\/fr\/wp-json\/wp\/v2\/media?parent=10729"}],"wp:term":[{"taxonomy":"product_brand","embeddable":true,"href":"https:\/\/www.s1helmets.ca\/fr\/wp-json\/wp\/v2\/product_brand?post=10729"},{"taxonomy":"product_cat","embeddable":true,"href":"https:\/\/www.s1helmets.ca\/fr\/wp-json\/wp\/v2\/product_cat?post=10729"},{"taxonomy":"product_tag","embeddable":true,"href":"https:\/\/www.s1helmets.ca\/fr\/wp-json\/wp\/v2\/product_tag?post=10729"}],"curies":[{"name":"wp","href":"https:\/\/api.w.org\/{rel}","templated":true}]}}