{"id":10759,"date":"2022-02-08T15:00:08","date_gmt":"2022-02-08T20:00:08","guid":{"rendered":"https:\/\/www.s1helmets.ca\/?post_type=product&#038;p=10759"},"modified":"2026-05-06T13:20:13","modified_gmt":"2026-05-06T18:20:13","slug":"ensemble-de-genouilleres-et-de-protege-coudes-park-s1-retro","status":"publish","type":"product","link":"https:\/\/www.s1helmets.ca\/fr\/produit\/ensemble-de-genouilleres-et-de-protege-coudes-park-s1-retro\/","title":{"rendered":"ENSEMBLE DE GENOUILL\u00c8RES ET DE PROT\u00c8GE-COUDES PARK S1 &#8211; RETRO"},"content":{"rendered":"<h2>ENSEMBLE DE GENOUILL\u00c8RES ET DE PROT\u00c8GE-COUDES PARK S1 &#8211; RETRO<\/h2>\n<p>L\u00e9g\u00e8res, souples et confortables. L&rsquo;ensemble de genouill\u00e8res et prot\u00e8ge-coudes PARK S1 &#8211; RETRO sont id\u00e9ales pour prot\u00e9ger vos genoux et vos coudes en cas de chute. Parfait pour les d\u00e9butants \u00e0 la recherche d&rsquo;\u00e9quipement confortable, elles sont \u00e9galement excellentes pour les planchistes interm\u00e9diaires et experts qui privil\u00e9gient la l\u00e9g\u00e8ret\u00e9.<\/p>\n<h3><\/h3>\n<h3>Caract\u00e9ristiques\u00a0:<\/h3>\n<ul>\n<li>Conception articul\u00e9e pour une flexibilit\u00e9 accrue,<\/li>\n<li>Conception l\u00e9g\u00e8re et flexible pour un confort optimal,<\/li>\n<li>Tissus hautement respirants,<\/li>\n<li>Tissus ext\u00e9rieurs ultra-r\u00e9sistants,<\/li>\n<li>Sangles du haut et du bas pour un ajustement parfait.<\/li>\n<\/ul>\n<p>&nbsp;<\/p>\n<h3>GUIDE DES TAILLES<\/h3>\n<ul>\n<li>S (Genou : 30-35 cm | Coude : 20-23 cm)<\/li>\n<li>M (Genou : 35-40 cm | Coude : 25-28 cm)<\/li>\n<li>L (Genou : 38-43 cm | Coude : 28-30 cm)<\/li>\n<li>XL (Genou\u00a0: 43-46\u00a0cm | Coude\u00a0: 33-35\u00a0cm)<\/li>\n<\/ul>\n<p>Pour d\u00e9terminer votre taille, mesurez la circonf\u00e9rence de votre coude au niveau de l\u2019articulation et comparez votre mesure au guide des tailles ci-dessous.<\/p>\n","protected":false},"excerpt":{"rendered":"<hr \/>\r\n<p style=\"text-align: center;\">L\u00e9g\u00e8res, souples et confortables. Les genouill\u00e8res et prot\u00e8ge-coudes PARK S1 sont id\u00e9ales pour prot\u00e9ger vos genoux et vos coudes en cas de chute. Parfait pour les d\u00e9butants \u00e0 la recherche d&rsquo;\u00e9quipement confortable, elles sont \u00e9galement excellentes pour les planchistes interm\u00e9diaires et experts qui privil\u00e9gient la l\u00e9g\u00e8ret\u00e9.<\/p>\r\n\r\n\r\n<hr \/>\r\n\r\n&nbsp;","protected":false},"featured_media":10752,"comment_status":"open","ping_status":"closed","template":"","meta":{"_acf_changed":false},"product_brand":[],"product_cat":[228],"product_tag":[],"class_list":{"0":"post-10759","1":"product","2":"type-product","3":"status-publish","4":"has-post-thumbnail","6":"product_cat-protections-s1","8":"first","9":"instock","10":"taxable","11":"shipping-taxable","12":"purchasable","13":"product-type-variable"},"acf":[],"yoast_head":"<!-- This site is optimized with the Yoast SEO plugin v27.6 - https:\/\/yoast.com\/product\/yoast-seo-wordpress\/ -->\n<title>ENSEMBLE DE GENOUILL\u00c8RES ET DE PROT\u00c8GE-COUDES PARK S1 - RETRO - S1 Helmets Canada<\/title>\n<meta name=\"description\" content=\"L\u00e9g\u00e8res, souples et confortables. L&#039;ensemble de genouill\u00e8res et prot\u00e8ge-coudes PARK S1-RETRO sont id\u00e9ales pour prot\u00e9ger vos genoux et coudes en cas de chute\" \/>\n<meta name=\"robots\" content=\"index, follow, max-snippet:-1, max-image-preview:large, max-video-preview:-1\" \/>\n<link rel=\"canonical\" href=\"https:\/\/www.s1helmets.ca\/fr\/produit\/ensemble-de-genouilleres-et-de-protege-coudes-park-s1-retro\/\" \/>\n<meta property=\"og:locale\" content=\"fr_FR\" \/>\n<meta property=\"og:type\" content=\"article\" \/>\n<meta property=\"og:title\" content=\"ENSEMBLE DE GENOUILL\u00c8RES ET DE PROT\u00c8GE-COUDES PARK S1 - RETRO - S1 Helmets Canada\" \/>\n<meta property=\"og:description\" content=\"L\u00e9g\u00e8res, souples et confortables. L&#039;ensemble de genouill\u00e8res et prot\u00e8ge-coudes PARK S1-RETRO sont id\u00e9ales pour prot\u00e9ger vos genoux et coudes en cas de chute\" \/>\n<meta property=\"og:url\" content=\"https:\/\/www.s1helmets.ca\/fr\/produit\/ensemble-de-genouilleres-et-de-protege-coudes-park-s1-retro\/\" \/>\n<meta property=\"og:site_name\" content=\"S1 Helmets Canada\" \/>\n<meta property=\"article:modified_time\" content=\"2026-05-06T18:20:13+00:00\" \/>\n<meta property=\"og:image\" content=\"https:\/\/www.s1helmets.ca\/wp-content\/uploads\/2022\/02\/S1-Retro-Park-Knee-Elbow-Set-34-Studio.jpg\" \/>\n\t<meta property=\"og:image:width\" content=\"1920\" \/>\n\t<meta property=\"og:image:height\" content=\"1962\" \/>\n\t<meta property=\"og:image:type\" content=\"image\/jpeg\" \/>\n<meta name=\"twitter:card\" content=\"summary_large_image\" \/>\n<meta name=\"twitter:label1\" content=\"Dur\u00e9e de lecture estim\u00e9e\" \/>\n\t<meta name=\"twitter:data1\" content=\"1 minute\" \/>\n<script type=\"application\/ld+json\" class=\"yoast-schema-graph\">{\"@context\":\"https:\\\/\\\/schema.org\",\"@graph\":[{\"@type\":\"WebPage\",\"@id\":\"https:\\\/\\\/www.s1helmets.ca\\\/fr\\\/produit\\\/ensemble-de-genouilleres-et-de-protege-coudes-park-s1-retro\\\/\",\"url\":\"https:\\\/\\\/www.s1helmets.ca\\\/fr\\\/produit\\\/ensemble-de-genouilleres-et-de-protege-coudes-park-s1-retro\\\/\",\"name\":\"ENSEMBLE DE GENOUILL\u00c8RES ET DE PROT\u00c8GE-COUDES PARK S1 - RETRO - S1 Helmets Canada\",\"isPartOf\":{\"@id\":\"https:\\\/\\\/www.s1helmets.ca\\\/fr\\\/#website\"},\"primaryImageOfPage\":{\"@id\":\"https:\\\/\\\/www.s1helmets.ca\\\/fr\\\/produit\\\/ensemble-de-genouilleres-et-de-protege-coudes-park-s1-retro\\\/#primaryimage\"},\"image\":{\"@id\":\"https:\\\/\\\/www.s1helmets.ca\\\/fr\\\/produit\\\/ensemble-de-genouilleres-et-de-protege-coudes-park-s1-retro\\\/#primaryimage\"},\"thumbnailUrl\":\"https:\\\/\\\/www.s1helmets.ca\\\/wp-content\\\/uploads\\\/2022\\\/02\\\/S1-Retro-Park-Knee-Elbow-Set-34-Studio.jpg\",\"datePublished\":\"2022-02-08T20:00:08+00:00\",\"dateModified\":\"2026-05-06T18:20:13+00:00\",\"description\":\"L\u00e9g\u00e8res, souples et confortables. L'ensemble de genouill\u00e8res et prot\u00e8ge-coudes PARK S1-RETRO sont id\u00e9ales pour prot\u00e9ger vos genoux et coudes en cas de chute\",\"breadcrumb\":{\"@id\":\"https:\\\/\\\/www.s1helmets.ca\\\/fr\\\/produit\\\/ensemble-de-genouilleres-et-de-protege-coudes-park-s1-retro\\\/#breadcrumb\"},\"inLanguage\":\"fr-FR\",\"potentialAction\":[{\"@type\":\"ReadAction\",\"target\":[\"https:\\\/\\\/www.s1helmets.ca\\\/fr\\\/produit\\\/ensemble-de-genouilleres-et-de-protege-coudes-park-s1-retro\\\/\"]}]},{\"@type\":\"ImageObject\",\"inLanguage\":\"fr-FR\",\"@id\":\"https:\\\/\\\/www.s1helmets.ca\\\/fr\\\/produit\\\/ensemble-de-genouilleres-et-de-protege-coudes-park-s1-retro\\\/#primaryimage\",\"url\":\"https:\\\/\\\/www.s1helmets.ca\\\/wp-content\\\/uploads\\\/2022\\\/02\\\/S1-Retro-Park-Knee-Elbow-Set-34-Studio.jpg\",\"contentUrl\":\"https:\\\/\\\/www.s1helmets.ca\\\/wp-content\\\/uploads\\\/2022\\\/02\\\/S1-Retro-Park-Knee-Elbow-Set-34-Studio.jpg\",\"width\":1920,\"height\":1962,\"caption\":\"S1 PARK KNEE AND ELBOW PAD SET - RETRO - ENSEMBLE DE GENOUILL\u00c8RES ET DE PROT\u00c8GE-COUDES\"},{\"@type\":\"BreadcrumbList\",\"@id\":\"https:\\\/\\\/www.s1helmets.ca\\\/fr\\\/produit\\\/ensemble-de-genouilleres-et-de-protege-coudes-park-s1-retro\\\/#breadcrumb\",\"itemListElement\":[{\"@type\":\"ListItem\",\"position\":1,\"name\":\"Home\",\"item\":\"https:\\\/\\\/www.s1helmets.ca\\\/fr\\\/\"},{\"@type\":\"ListItem\",\"position\":2,\"name\":\"ENSEMBLE DE GENOUILL\u00c8RES ET DE PROT\u00c8GE-COUDES PARK S1 &#8211; RETRO\"}]},{\"@type\":\"WebSite\",\"@id\":\"https:\\\/\\\/www.s1helmets.ca\\\/fr\\\/#website\",\"url\":\"https:\\\/\\\/www.s1helmets.ca\\\/fr\\\/\",\"name\":\"S1 Helmets Canada\",\"description\":\"Roller Derby Helmet and Pads | Skate Helmets | S1 Helmets Canada\",\"potentialAction\":[{\"@type\":\"SearchAction\",\"target\":{\"@type\":\"EntryPoint\",\"urlTemplate\":\"https:\\\/\\\/www.s1helmets.ca\\\/fr\\\/?s={search_term_string}\"},\"query-input\":{\"@type\":\"PropertyValueSpecification\",\"valueRequired\":true,\"valueName\":\"search_term_string\"}}],\"inLanguage\":\"fr-FR\"}]}<\/script>\n<!-- \/ Yoast SEO plugin. -->","yoast_head_json":{"title":"ENSEMBLE DE GENOUILL\u00c8RES ET DE PROT\u00c8GE-COUDES PARK S1 - RETRO - S1 Helmets Canada","description":"L\u00e9g\u00e8res, souples et confortables. L'ensemble de genouill\u00e8res et prot\u00e8ge-coudes PARK S1-RETRO sont id\u00e9ales pour prot\u00e9ger vos genoux et coudes en cas de chute","robots":{"index":"index","follow":"follow","max-snippet":"max-snippet:-1","max-image-preview":"max-image-preview:large","max-video-preview":"max-video-preview:-1"},"canonical":"https:\/\/www.s1helmets.ca\/fr\/produit\/ensemble-de-genouilleres-et-de-protege-coudes-park-s1-retro\/","og_locale":"fr_FR","og_type":"article","og_title":"ENSEMBLE DE GENOUILL\u00c8RES ET DE PROT\u00c8GE-COUDES PARK S1 - RETRO - S1 Helmets Canada","og_description":"L\u00e9g\u00e8res, souples et confortables. L'ensemble de genouill\u00e8res et prot\u00e8ge-coudes PARK S1-RETRO sont id\u00e9ales pour prot\u00e9ger vos genoux et coudes en cas de chute","og_url":"https:\/\/www.s1helmets.ca\/fr\/produit\/ensemble-de-genouilleres-et-de-protege-coudes-park-s1-retro\/","og_site_name":"S1 Helmets Canada","article_modified_time":"2026-05-06T18:20:13+00:00","og_image":[{"width":1920,"height":1962,"url":"https:\/\/www.s1helmets.ca\/wp-content\/uploads\/2022\/02\/S1-Retro-Park-Knee-Elbow-Set-34-Studio.jpg","type":"image\/jpeg"}],"twitter_card":"summary_large_image","twitter_misc":{"Dur\u00e9e de lecture estim\u00e9e":"1 minute"},"schema":{"@context":"https:\/\/schema.org","@graph":[{"@type":"WebPage","@id":"https:\/\/www.s1helmets.ca\/fr\/produit\/ensemble-de-genouilleres-et-de-protege-coudes-park-s1-retro\/","url":"https:\/\/www.s1helmets.ca\/fr\/produit\/ensemble-de-genouilleres-et-de-protege-coudes-park-s1-retro\/","name":"ENSEMBLE DE GENOUILL\u00c8RES ET DE PROT\u00c8GE-COUDES PARK S1 - RETRO - S1 Helmets Canada","isPartOf":{"@id":"https:\/\/www.s1helmets.ca\/fr\/#website"},"primaryImageOfPage":{"@id":"https:\/\/www.s1helmets.ca\/fr\/produit\/ensemble-de-genouilleres-et-de-protege-coudes-park-s1-retro\/#primaryimage"},"image":{"@id":"https:\/\/www.s1helmets.ca\/fr\/produit\/ensemble-de-genouilleres-et-de-protege-coudes-park-s1-retro\/#primaryimage"},"thumbnailUrl":"https:\/\/www.s1helmets.ca\/wp-content\/uploads\/2022\/02\/S1-Retro-Park-Knee-Elbow-Set-34-Studio.jpg","datePublished":"2022-02-08T20:00:08+00:00","dateModified":"2026-05-06T18:20:13+00:00","description":"L\u00e9g\u00e8res, souples et confortables. L'ensemble de genouill\u00e8res et prot\u00e8ge-coudes PARK S1-RETRO sont id\u00e9ales pour prot\u00e9ger vos genoux et coudes en cas de chute","breadcrumb":{"@id":"https:\/\/www.s1helmets.ca\/fr\/produit\/ensemble-de-genouilleres-et-de-protege-coudes-park-s1-retro\/#breadcrumb"},"inLanguage":"fr-FR","potentialAction":[{"@type":"ReadAction","target":["https:\/\/www.s1helmets.ca\/fr\/produit\/ensemble-de-genouilleres-et-de-protege-coudes-park-s1-retro\/"]}]},{"@type":"ImageObject","inLanguage":"fr-FR","@id":"https:\/\/www.s1helmets.ca\/fr\/produit\/ensemble-de-genouilleres-et-de-protege-coudes-park-s1-retro\/#primaryimage","url":"https:\/\/www.s1helmets.ca\/wp-content\/uploads\/2022\/02\/S1-Retro-Park-Knee-Elbow-Set-34-Studio.jpg","contentUrl":"https:\/\/www.s1helmets.ca\/wp-content\/uploads\/2022\/02\/S1-Retro-Park-Knee-Elbow-Set-34-Studio.jpg","width":1920,"height":1962,"caption":"S1 PARK KNEE AND ELBOW PAD SET - RETRO - ENSEMBLE DE GENOUILL\u00c8RES ET DE PROT\u00c8GE-COUDES"},{"@type":"BreadcrumbList","@id":"https:\/\/www.s1helmets.ca\/fr\/produit\/ensemble-de-genouilleres-et-de-protege-coudes-park-s1-retro\/#breadcrumb","itemListElement":[{"@type":"ListItem","position":1,"name":"Home","item":"https:\/\/www.s1helmets.ca\/fr\/"},{"@type":"ListItem","position":2,"name":"ENSEMBLE DE GENOUILL\u00c8RES ET DE PROT\u00c8GE-COUDES PARK S1 &#8211; RETRO"}]},{"@type":"WebSite","@id":"https:\/\/www.s1helmets.ca\/fr\/#website","url":"https:\/\/www.s1helmets.ca\/fr\/","name":"S1 Helmets Canada","description":"Roller Derby Helmet and Pads | Skate Helmets | S1 Helmets Canada","potentialAction":[{"@type":"SearchAction","target":{"@type":"EntryPoint","urlTemplate":"https:\/\/www.s1helmets.ca\/fr\/?s={search_term_string}"},"query-input":{"@type":"PropertyValueSpecification","valueRequired":true,"valueName":"search_term_string"}}],"inLanguage":"fr-FR"}]}},"_links":{"self":[{"href":"https:\/\/www.s1helmets.ca\/fr\/wp-json\/wp\/v2\/product\/10759","targetHints":{"allow":["GET"]}}],"collection":[{"href":"https:\/\/www.s1helmets.ca\/fr\/wp-json\/wp\/v2\/product"}],"about":[{"href":"https:\/\/www.s1helmets.ca\/fr\/wp-json\/wp\/v2\/types\/product"}],"replies":[{"embeddable":true,"href":"https:\/\/www.s1helmets.ca\/fr\/wp-json\/wp\/v2\/comments?post=10759"}],"wp:featuredmedia":[{"embeddable":true,"href":"https:\/\/www.s1helmets.ca\/fr\/wp-json\/wp\/v2\/media\/10752"}],"wp:attachment":[{"href":"https:\/\/www.s1helmets.ca\/fr\/wp-json\/wp\/v2\/media?parent=10759"}],"wp:term":[{"taxonomy":"product_brand","embeddable":true,"href":"https:\/\/www.s1helmets.ca\/fr\/wp-json\/wp\/v2\/product_brand?post=10759"},{"taxonomy":"product_cat","embeddable":true,"href":"https:\/\/www.s1helmets.ca\/fr\/wp-json\/wp\/v2\/product_cat?post=10759"},{"taxonomy":"product_tag","embeddable":true,"href":"https:\/\/www.s1helmets.ca\/fr\/wp-json\/wp\/v2\/product_tag?post=10759"}],"curies":[{"name":"wp","href":"https:\/\/api.w.org\/{rel}","templated":true}]}}