{"id":10773,"date":"2021-09-27T08:19:25","date_gmt":"2021-09-27T13:19:25","guid":{"rendered":"https:\/\/www.s1helmets.ca\/?post_type=product&#038;p=10773"},"modified":"2026-05-07T09:48:28","modified_gmt":"2026-05-07T14:48:28","slug":"protege-coudes-s1-pro","status":"publish","type":"product","link":"https:\/\/www.s1helmets.ca\/fr\/produit\/protege-coudes-s1-pro\/","title":{"rendered":"Prot\u00e8ge-Coudes S1 Pro"},"content":{"rendered":"<h2>Prot\u00e8ge-Coudes S1 Pro<\/h2>\n<p>Les Prot\u00e8ge-Coudes S1 Pro offrent une articulation et une flexibilit\u00e9 sup\u00e9rieures aux Prot\u00e8ge-Coudes S1 standard et sont l\u00e9g\u00e8rement plus longues pour une meilleure protection du coude. Leur int\u00e9rieur\u00a0est dot\u00e9 d&rsquo;un tissu tr\u00e8s doux, \u00e0 haut rebond, hautement respirant et \u00e9vacuant l&rsquo;humidit\u00e9, qui ne retient pas la chaleur et vous garde au sec et au frais. L&rsquo;enveloppe ext\u00e9rieure est fabriqu\u00e9e en nylon balistique \u00e9pais et tr\u00e8s r\u00e9sistant, et les coques en plastique ABS de haute qualit\u00e9 prot\u00e8gent efficacement le coude. Elles sont \u00e9galement dot\u00e9es d&rsquo;une coque int\u00e9rieure qui maintient le coude en place et emp\u00eache tout glissement. Les Prot\u00e8ge-Coudes S1 Pro sont munies de sangles ajustables en haut et en bas pour un ajustement parfait. Confortables, respirantes et con\u00e7ues pour durer, elles sont vendues par paire (droite et gauche) dans un sac de transport en filet de qualit\u00e9.<\/p>\n<p>&nbsp;<\/p>\n<h3>Caract\u00e9ristiques\u00a0:<\/h3>\n<ul>\n<li>Tissu int\u00e9rieur du coude ultra-doux et respirant pour un s\u00e9chage rapide,<\/li>\n<li>Coupe articul\u00e9e pour une flexibilit\u00e9 accrue,<\/li>\n<li>Tissus hautement respirants,<\/li>\n<li>Tissus ext\u00e9rieurs ultra-r\u00e9sistants,<\/li>\n<li>Coupe profonde au niveau du coude pour un maintien optimal,<\/li>\n<li>Sangles du haut et du bas pour un ajustement parfait.<\/li>\n<\/ul>\n<p>&nbsp;<\/p>\n<h3>GUIDE DES TAILLES<\/h3>\n<ul>\n<li>S | 19,7 &#8211; 22,2 cm<\/li>\n<li>M | 22,2 \u00e0 24,8 cm<\/li>\n<li>M\/L | 24,8 \u00e0 27,3 cm<\/li>\n<li>L | 27,3 &#8211; 29,8 cm<\/li>\n<\/ul>\n<p>Pour d\u00e9terminer votre taille, mesurez la circonf\u00e9rence de votre coude au niveau de l&rsquo;articulation et comparez votre mesure au guide des tailles ci-dessous.<\/p>\n","protected":false},"excerpt":{"rendered":"<hr \/>\r\n<p style=\"text-align: center;\">Les Prot\u00e8ge-Coudes S1 Pro offrent une articulation et une flexibilit\u00e9 sup\u00e9rieures aux Prot\u00e8ge-Coudes S1 standard et sont l\u00e9g\u00e8rement plus longues pour une meilleure protection du coude. L&rsquo;int\u00e9rieur des Prot\u00e8ge-Coudes S1 Pro est dot\u00e9 d&rsquo;un tissu tr\u00e8s doux, \u00e0 haut rebond, hautement respirant et \u00e9vacuant l&rsquo;humidit\u00e9, qui ne retient pas la chaleur et vous garde au sec et au frais<\/p>\r\n\r\n\r\n<hr \/>\r\n<p style=\"text-align: center;\"><\/p>","protected":false},"featured_media":10769,"comment_status":"open","ping_status":"closed","template":"","meta":{"_acf_changed":false},"product_brand":[],"product_cat":[228],"product_tag":[],"class_list":{"0":"post-10773","1":"product","2":"type-product","3":"status-publish","4":"has-post-thumbnail","6":"product_cat-protections-s1","8":"first","9":"instock","10":"taxable","11":"shipping-taxable","12":"purchasable","13":"product-type-variable"},"acf":[],"yoast_head":"<!-- This site is optimized with the Yoast SEO plugin v27.6 - https:\/\/yoast.com\/product\/yoast-seo-wordpress\/ -->\n<title>Prot\u00e8ge-Coudes S1 Pro - S1 Helmets Canada<\/title>\n<meta name=\"description\" content=\"Les Prot\u00e8ge-Coudes S1 Pro offrent une articulation et une flexibilit\u00e9 sup\u00e9rieures aux Prot\u00e8ge-Coudes S1 standard et sont l\u00e9g\u00e8rement plus longues pour une meilleure protection du coude.\" \/>\n<meta name=\"robots\" content=\"index, follow, max-snippet:-1, max-image-preview:large, max-video-preview:-1\" \/>\n<link rel=\"canonical\" href=\"https:\/\/www.s1helmets.ca\/fr\/produit\/protege-coudes-s1-pro\/\" \/>\n<meta property=\"og:locale\" content=\"fr_FR\" \/>\n<meta property=\"og:type\" content=\"article\" \/>\n<meta property=\"og:title\" content=\"Prot\u00e8ge-Coudes S1 Pro - S1 Helmets Canada\" \/>\n<meta property=\"og:description\" content=\"Les Prot\u00e8ge-Coudes S1 Pro offrent une articulation et une flexibilit\u00e9 sup\u00e9rieures aux Prot\u00e8ge-Coudes S1 standard et sont l\u00e9g\u00e8rement plus longues pour une meilleure protection du coude.\" \/>\n<meta property=\"og:url\" content=\"https:\/\/www.s1helmets.ca\/fr\/produit\/protege-coudes-s1-pro\/\" \/>\n<meta property=\"og:site_name\" content=\"S1 Helmets Canada\" \/>\n<meta property=\"article:modified_time\" content=\"2026-05-07T14:48:28+00:00\" \/>\n<meta property=\"og:image\" content=\"https:\/\/www.s1helmets.ca\/wp-content\/uploads\/2021\/09\/S1-Pro-Elbow-Pads-34-Cropped.jpg\" \/>\n\t<meta property=\"og:image:width\" content=\"1949\" \/>\n\t<meta property=\"og:image:height\" content=\"2120\" \/>\n\t<meta property=\"og:image:type\" content=\"image\/jpeg\" \/>\n<meta name=\"twitter:card\" content=\"summary_large_image\" \/>\n<meta name=\"twitter:label1\" content=\"Dur\u00e9e de lecture estim\u00e9e\" \/>\n\t<meta name=\"twitter:data1\" content=\"2 minutes\" \/>\n<script type=\"application\/ld+json\" class=\"yoast-schema-graph\">{\"@context\":\"https:\\\/\\\/schema.org\",\"@graph\":[{\"@type\":\"WebPage\",\"@id\":\"https:\\\/\\\/www.s1helmets.ca\\\/fr\\\/produit\\\/protege-coudes-s1-pro\\\/\",\"url\":\"https:\\\/\\\/www.s1helmets.ca\\\/fr\\\/produit\\\/protege-coudes-s1-pro\\\/\",\"name\":\"Prot\u00e8ge-Coudes S1 Pro - S1 Helmets Canada\",\"isPartOf\":{\"@id\":\"https:\\\/\\\/www.s1helmets.ca\\\/fr\\\/#website\"},\"primaryImageOfPage\":{\"@id\":\"https:\\\/\\\/www.s1helmets.ca\\\/fr\\\/produit\\\/protege-coudes-s1-pro\\\/#primaryimage\"},\"image\":{\"@id\":\"https:\\\/\\\/www.s1helmets.ca\\\/fr\\\/produit\\\/protege-coudes-s1-pro\\\/#primaryimage\"},\"thumbnailUrl\":\"https:\\\/\\\/www.s1helmets.ca\\\/wp-content\\\/uploads\\\/2021\\\/09\\\/S1-Pro-Elbow-Pads-34-Cropped.jpg\",\"datePublished\":\"2021-09-27T13:19:25+00:00\",\"dateModified\":\"2026-05-07T14:48:28+00:00\",\"description\":\"Les Prot\u00e8ge-Coudes S1 Pro offrent une articulation et une flexibilit\u00e9 sup\u00e9rieures aux Prot\u00e8ge-Coudes S1 standard et sont l\u00e9g\u00e8rement plus longues pour une meilleure protection du coude.\",\"breadcrumb\":{\"@id\":\"https:\\\/\\\/www.s1helmets.ca\\\/fr\\\/produit\\\/protege-coudes-s1-pro\\\/#breadcrumb\"},\"inLanguage\":\"fr-FR\",\"potentialAction\":[{\"@type\":\"ReadAction\",\"target\":[\"https:\\\/\\\/www.s1helmets.ca\\\/fr\\\/produit\\\/protege-coudes-s1-pro\\\/\"]}]},{\"@type\":\"ImageObject\",\"inLanguage\":\"fr-FR\",\"@id\":\"https:\\\/\\\/www.s1helmets.ca\\\/fr\\\/produit\\\/protege-coudes-s1-pro\\\/#primaryimage\",\"url\":\"https:\\\/\\\/www.s1helmets.ca\\\/wp-content\\\/uploads\\\/2021\\\/09\\\/S1-Pro-Elbow-Pads-34-Cropped.jpg\",\"contentUrl\":\"https:\\\/\\\/www.s1helmets.ca\\\/wp-content\\\/uploads\\\/2021\\\/09\\\/S1-Pro-Elbow-Pads-34-Cropped.jpg\",\"width\":1949,\"height\":2120,\"caption\":\"S1 Pro Elbow Pad - Prot\u00e8ge-Coudes S1 Pro\"},{\"@type\":\"BreadcrumbList\",\"@id\":\"https:\\\/\\\/www.s1helmets.ca\\\/fr\\\/produit\\\/protege-coudes-s1-pro\\\/#breadcrumb\",\"itemListElement\":[{\"@type\":\"ListItem\",\"position\":1,\"name\":\"Home\",\"item\":\"https:\\\/\\\/www.s1helmets.ca\\\/fr\\\/\"},{\"@type\":\"ListItem\",\"position\":2,\"name\":\"Prot\u00e8ge-Coudes S1 Pro\"}]},{\"@type\":\"WebSite\",\"@id\":\"https:\\\/\\\/www.s1helmets.ca\\\/fr\\\/#website\",\"url\":\"https:\\\/\\\/www.s1helmets.ca\\\/fr\\\/\",\"name\":\"S1 Helmets Canada\",\"description\":\"Roller Derby Helmet and Pads | Skate Helmets | S1 Helmets Canada\",\"potentialAction\":[{\"@type\":\"SearchAction\",\"target\":{\"@type\":\"EntryPoint\",\"urlTemplate\":\"https:\\\/\\\/www.s1helmets.ca\\\/fr\\\/?s={search_term_string}\"},\"query-input\":{\"@type\":\"PropertyValueSpecification\",\"valueRequired\":true,\"valueName\":\"search_term_string\"}}],\"inLanguage\":\"fr-FR\"}]}<\/script>\n<!-- \/ Yoast SEO plugin. -->","yoast_head_json":{"title":"Prot\u00e8ge-Coudes S1 Pro - S1 Helmets Canada","description":"Les Prot\u00e8ge-Coudes S1 Pro offrent une articulation et une flexibilit\u00e9 sup\u00e9rieures aux Prot\u00e8ge-Coudes S1 standard et sont l\u00e9g\u00e8rement plus longues pour une meilleure protection du coude.","robots":{"index":"index","follow":"follow","max-snippet":"max-snippet:-1","max-image-preview":"max-image-preview:large","max-video-preview":"max-video-preview:-1"},"canonical":"https:\/\/www.s1helmets.ca\/fr\/produit\/protege-coudes-s1-pro\/","og_locale":"fr_FR","og_type":"article","og_title":"Prot\u00e8ge-Coudes S1 Pro - S1 Helmets Canada","og_description":"Les Prot\u00e8ge-Coudes S1 Pro offrent une articulation et une flexibilit\u00e9 sup\u00e9rieures aux Prot\u00e8ge-Coudes S1 standard et sont l\u00e9g\u00e8rement plus longues pour une meilleure protection du coude.","og_url":"https:\/\/www.s1helmets.ca\/fr\/produit\/protege-coudes-s1-pro\/","og_site_name":"S1 Helmets Canada","article_modified_time":"2026-05-07T14:48:28+00:00","og_image":[{"width":1949,"height":2120,"url":"https:\/\/www.s1helmets.ca\/wp-content\/uploads\/2021\/09\/S1-Pro-Elbow-Pads-34-Cropped.jpg","type":"image\/jpeg"}],"twitter_card":"summary_large_image","twitter_misc":{"Dur\u00e9e de lecture estim\u00e9e":"2 minutes"},"schema":{"@context":"https:\/\/schema.org","@graph":[{"@type":"WebPage","@id":"https:\/\/www.s1helmets.ca\/fr\/produit\/protege-coudes-s1-pro\/","url":"https:\/\/www.s1helmets.ca\/fr\/produit\/protege-coudes-s1-pro\/","name":"Prot\u00e8ge-Coudes S1 Pro - S1 Helmets Canada","isPartOf":{"@id":"https:\/\/www.s1helmets.ca\/fr\/#website"},"primaryImageOfPage":{"@id":"https:\/\/www.s1helmets.ca\/fr\/produit\/protege-coudes-s1-pro\/#primaryimage"},"image":{"@id":"https:\/\/www.s1helmets.ca\/fr\/produit\/protege-coudes-s1-pro\/#primaryimage"},"thumbnailUrl":"https:\/\/www.s1helmets.ca\/wp-content\/uploads\/2021\/09\/S1-Pro-Elbow-Pads-34-Cropped.jpg","datePublished":"2021-09-27T13:19:25+00:00","dateModified":"2026-05-07T14:48:28+00:00","description":"Les Prot\u00e8ge-Coudes S1 Pro offrent une articulation et une flexibilit\u00e9 sup\u00e9rieures aux Prot\u00e8ge-Coudes S1 standard et sont l\u00e9g\u00e8rement plus longues pour une meilleure protection du coude.","breadcrumb":{"@id":"https:\/\/www.s1helmets.ca\/fr\/produit\/protege-coudes-s1-pro\/#breadcrumb"},"inLanguage":"fr-FR","potentialAction":[{"@type":"ReadAction","target":["https:\/\/www.s1helmets.ca\/fr\/produit\/protege-coudes-s1-pro\/"]}]},{"@type":"ImageObject","inLanguage":"fr-FR","@id":"https:\/\/www.s1helmets.ca\/fr\/produit\/protege-coudes-s1-pro\/#primaryimage","url":"https:\/\/www.s1helmets.ca\/wp-content\/uploads\/2021\/09\/S1-Pro-Elbow-Pads-34-Cropped.jpg","contentUrl":"https:\/\/www.s1helmets.ca\/wp-content\/uploads\/2021\/09\/S1-Pro-Elbow-Pads-34-Cropped.jpg","width":1949,"height":2120,"caption":"S1 Pro Elbow Pad - Prot\u00e8ge-Coudes S1 Pro"},{"@type":"BreadcrumbList","@id":"https:\/\/www.s1helmets.ca\/fr\/produit\/protege-coudes-s1-pro\/#breadcrumb","itemListElement":[{"@type":"ListItem","position":1,"name":"Home","item":"https:\/\/www.s1helmets.ca\/fr\/"},{"@type":"ListItem","position":2,"name":"Prot\u00e8ge-Coudes S1 Pro"}]},{"@type":"WebSite","@id":"https:\/\/www.s1helmets.ca\/fr\/#website","url":"https:\/\/www.s1helmets.ca\/fr\/","name":"S1 Helmets Canada","description":"Roller Derby Helmet and Pads | Skate Helmets | S1 Helmets Canada","potentialAction":[{"@type":"SearchAction","target":{"@type":"EntryPoint","urlTemplate":"https:\/\/www.s1helmets.ca\/fr\/?s={search_term_string}"},"query-input":{"@type":"PropertyValueSpecification","valueRequired":true,"valueName":"search_term_string"}}],"inLanguage":"fr-FR"}]}},"_links":{"self":[{"href":"https:\/\/www.s1helmets.ca\/fr\/wp-json\/wp\/v2\/product\/10773","targetHints":{"allow":["GET"]}}],"collection":[{"href":"https:\/\/www.s1helmets.ca\/fr\/wp-json\/wp\/v2\/product"}],"about":[{"href":"https:\/\/www.s1helmets.ca\/fr\/wp-json\/wp\/v2\/types\/product"}],"replies":[{"embeddable":true,"href":"https:\/\/www.s1helmets.ca\/fr\/wp-json\/wp\/v2\/comments?post=10773"}],"wp:featuredmedia":[{"embeddable":true,"href":"https:\/\/www.s1helmets.ca\/fr\/wp-json\/wp\/v2\/media\/10769"}],"wp:attachment":[{"href":"https:\/\/www.s1helmets.ca\/fr\/wp-json\/wp\/v2\/media?parent=10773"}],"wp:term":[{"taxonomy":"product_brand","embeddable":true,"href":"https:\/\/www.s1helmets.ca\/fr\/wp-json\/wp\/v2\/product_brand?post=10773"},{"taxonomy":"product_cat","embeddable":true,"href":"https:\/\/www.s1helmets.ca\/fr\/wp-json\/wp\/v2\/product_cat?post=10773"},{"taxonomy":"product_tag","embeddable":true,"href":"https:\/\/www.s1helmets.ca\/fr\/wp-json\/wp\/v2\/product_tag?post=10773"}],"curies":[{"name":"wp","href":"https:\/\/api.w.org\/{rel}","templated":true}]}}