{"id":10800,"date":"2020-11-20T16:43:46","date_gmt":"2020-11-20T21:43:46","guid":{"rendered":"https:\/\/www.s1helmets.ca\/?post_type=product&#038;p=10800"},"modified":"2026-05-07T10:18:03","modified_gmt":"2026-05-07T15:18:03","slug":"protege-coudes-s1","status":"publish","type":"product","link":"https:\/\/www.s1helmets.ca\/fr\/produit\/protege-coudes-s1\/","title":{"rendered":"Prot\u00e8ge-Coudes S1"},"content":{"rendered":"<h2>Prot\u00e8ge-Coudes S1<\/h2>\n<p>Les Prot\u00e8ge-Coudes S1 sont fabriqu\u00e9es avec un tissu ext\u00e9rieur en nylon balistique \u00e9pais et ultra-r\u00e9sistant, et des coques en plastique ABS de haute qualit\u00e9 pour une protection optimale du coude. Confortables et respirantes, elles sont con\u00e7ues pour durer. La courroie sup\u00e9rieure est ajustable et la courroie inf\u00e9rieure fixe pour un maintien parfait sur l&rsquo;avant-bras. Vendues en paire (droite et gauche), elles sont fournies dans un sac de transport en filet de qualit\u00e9.<\/p>\n<p>&nbsp;<\/p>\n<h3>GUIDE DES TAILLES<\/h3>\n<ul>\n<li>XS | 17,8 cm &#8211; 21 cm<\/li>\n<li>S | 21 cm &#8211; 23,5 cm<\/li>\n<li>M | 23,5 cm &#8211; 26 cm<\/li>\n<li>L 26 cm &#8211; 28,5 cm<\/li>\n<li>XL | 28,5 cm &#8211; 33 cm<\/li>\n<\/ul>\n<p>&nbsp;<\/p>\n<p>Pour d\u00e9terminer votre taille, mesurez la circonf\u00e9rence de votre coude au niveau de l&rsquo;articulation et comparez votre mesure au guide des tailles ci-dessous.<\/p>\n","protected":false},"excerpt":{"rendered":"<hr \/>\r\n<p style=\"text-align: center;\">Les Prot\u00e8ge-Coudes S1 sont fabriqu\u00e9es avec un tissu ext\u00e9rieur en nylon balistique \u00e9pais et ultra-r\u00e9sistant, et des coques en plastique ABS de haute qualit\u00e9 pour une protection optimale du coude. Confortables et respirantes, elles sont con\u00e7ues pour durer<\/p>\r\n\r\n\r\n<hr \/>\r\n<p style=\"text-align: center;\"><\/p>","protected":false},"featured_media":10787,"comment_status":"open","ping_status":"closed","template":"","meta":{"_acf_changed":false},"product_brand":[],"product_cat":[228],"product_tag":[],"class_list":{"0":"post-10800","1":"product","2":"type-product","3":"status-publish","4":"has-post-thumbnail","6":"product_cat-protections-s1","8":"first","9":"instock","10":"taxable","11":"shipping-taxable","12":"purchasable","13":"product-type-variable"},"acf":[],"yoast_head":"<!-- This site is optimized with the Yoast SEO plugin v27.6 - https:\/\/yoast.com\/product\/yoast-seo-wordpress\/ -->\n<title>Prot\u00e8ge-Coudes S1 - S1 Helmets Canada<\/title>\n<meta name=\"description\" content=\"Les Prot\u00e8ge-Coudes S1 sont fabriqu\u00e9es avec un tissu ext\u00e9rieur en nylon balistique \u00e9pais et ultra-r\u00e9sistant, et des coques en plastique ABS de haute qualit\u00e9 pour une protection optimale du coude.\" \/>\n<meta name=\"robots\" content=\"index, follow, max-snippet:-1, max-image-preview:large, max-video-preview:-1\" \/>\n<link rel=\"canonical\" href=\"https:\/\/www.s1helmets.ca\/fr\/produit\/protege-coudes-s1\/\" \/>\n<meta property=\"og:locale\" content=\"fr_FR\" \/>\n<meta property=\"og:type\" content=\"article\" \/>\n<meta property=\"og:title\" content=\"Prot\u00e8ge-Coudes S1 - S1 Helmets Canada\" \/>\n<meta property=\"og:description\" content=\"Les Prot\u00e8ge-Coudes S1 sont fabriqu\u00e9es avec un tissu ext\u00e9rieur en nylon balistique \u00e9pais et ultra-r\u00e9sistant, et des coques en plastique ABS de haute qualit\u00e9 pour une protection optimale du coude.\" \/>\n<meta property=\"og:url\" content=\"https:\/\/www.s1helmets.ca\/fr\/produit\/protege-coudes-s1\/\" \/>\n<meta property=\"og:site_name\" content=\"S1 Helmets Canada\" \/>\n<meta property=\"article:modified_time\" content=\"2026-05-07T15:18:03+00:00\" \/>\n<meta property=\"og:image\" content=\"https:\/\/www.s1helmets.ca\/wp-content\/uploads\/2020\/11\/S1-Elbow-Pad-34.jpg\" \/>\n\t<meta property=\"og:image:width\" content=\"1000\" \/>\n\t<meta property=\"og:image:height\" content=\"1000\" \/>\n\t<meta property=\"og:image:type\" content=\"image\/jpeg\" \/>\n<meta name=\"twitter:card\" content=\"summary_large_image\" \/>\n<meta name=\"twitter:label1\" content=\"Dur\u00e9e de lecture estim\u00e9e\" \/>\n\t<meta name=\"twitter:data1\" content=\"1 minute\" \/>\n<script type=\"application\/ld+json\" class=\"yoast-schema-graph\">{\"@context\":\"https:\\\/\\\/schema.org\",\"@graph\":[{\"@type\":\"WebPage\",\"@id\":\"https:\\\/\\\/www.s1helmets.ca\\\/fr\\\/produit\\\/protege-coudes-s1\\\/\",\"url\":\"https:\\\/\\\/www.s1helmets.ca\\\/fr\\\/produit\\\/protege-coudes-s1\\\/\",\"name\":\"Prot\u00e8ge-Coudes S1 - S1 Helmets Canada\",\"isPartOf\":{\"@id\":\"https:\\\/\\\/www.s1helmets.ca\\\/fr\\\/#website\"},\"primaryImageOfPage\":{\"@id\":\"https:\\\/\\\/www.s1helmets.ca\\\/fr\\\/produit\\\/protege-coudes-s1\\\/#primaryimage\"},\"image\":{\"@id\":\"https:\\\/\\\/www.s1helmets.ca\\\/fr\\\/produit\\\/protege-coudes-s1\\\/#primaryimage\"},\"thumbnailUrl\":\"https:\\\/\\\/www.s1helmets.ca\\\/wp-content\\\/uploads\\\/2020\\\/11\\\/S1-Elbow-Pad-34.jpg\",\"datePublished\":\"2020-11-20T21:43:46+00:00\",\"dateModified\":\"2026-05-07T15:18:03+00:00\",\"description\":\"Les Prot\u00e8ge-Coudes S1 sont fabriqu\u00e9es avec un tissu ext\u00e9rieur en nylon balistique \u00e9pais et ultra-r\u00e9sistant, et des coques en plastique ABS de haute qualit\u00e9 pour une protection optimale du coude.\",\"breadcrumb\":{\"@id\":\"https:\\\/\\\/www.s1helmets.ca\\\/fr\\\/produit\\\/protege-coudes-s1\\\/#breadcrumb\"},\"inLanguage\":\"fr-FR\",\"potentialAction\":[{\"@type\":\"ReadAction\",\"target\":[\"https:\\\/\\\/www.s1helmets.ca\\\/fr\\\/produit\\\/protege-coudes-s1\\\/\"]}]},{\"@type\":\"ImageObject\",\"inLanguage\":\"fr-FR\",\"@id\":\"https:\\\/\\\/www.s1helmets.ca\\\/fr\\\/produit\\\/protege-coudes-s1\\\/#primaryimage\",\"url\":\"https:\\\/\\\/www.s1helmets.ca\\\/wp-content\\\/uploads\\\/2020\\\/11\\\/S1-Elbow-Pad-34.jpg\",\"contentUrl\":\"https:\\\/\\\/www.s1helmets.ca\\\/wp-content\\\/uploads\\\/2020\\\/11\\\/S1-Elbow-Pad-34.jpg\",\"width\":1000,\"height\":1000,\"caption\":\"S1 Elbow Pad - Prot\u00e8ge-Coudes S1\"},{\"@type\":\"BreadcrumbList\",\"@id\":\"https:\\\/\\\/www.s1helmets.ca\\\/fr\\\/produit\\\/protege-coudes-s1\\\/#breadcrumb\",\"itemListElement\":[{\"@type\":\"ListItem\",\"position\":1,\"name\":\"Home\",\"item\":\"https:\\\/\\\/www.s1helmets.ca\\\/fr\\\/\"},{\"@type\":\"ListItem\",\"position\":2,\"name\":\"Prot\u00e8ge-Coudes S1\"}]},{\"@type\":\"WebSite\",\"@id\":\"https:\\\/\\\/www.s1helmets.ca\\\/fr\\\/#website\",\"url\":\"https:\\\/\\\/www.s1helmets.ca\\\/fr\\\/\",\"name\":\"S1 Helmets Canada\",\"description\":\"Roller Derby Helmet and Pads | Skate Helmets | S1 Helmets Canada\",\"potentialAction\":[{\"@type\":\"SearchAction\",\"target\":{\"@type\":\"EntryPoint\",\"urlTemplate\":\"https:\\\/\\\/www.s1helmets.ca\\\/fr\\\/?s={search_term_string}\"},\"query-input\":{\"@type\":\"PropertyValueSpecification\",\"valueRequired\":true,\"valueName\":\"search_term_string\"}}],\"inLanguage\":\"fr-FR\"}]}<\/script>\n<!-- \/ Yoast SEO plugin. -->","yoast_head_json":{"title":"Prot\u00e8ge-Coudes S1 - S1 Helmets Canada","description":"Les Prot\u00e8ge-Coudes S1 sont fabriqu\u00e9es avec un tissu ext\u00e9rieur en nylon balistique \u00e9pais et ultra-r\u00e9sistant, et des coques en plastique ABS de haute qualit\u00e9 pour une protection optimale du coude.","robots":{"index":"index","follow":"follow","max-snippet":"max-snippet:-1","max-image-preview":"max-image-preview:large","max-video-preview":"max-video-preview:-1"},"canonical":"https:\/\/www.s1helmets.ca\/fr\/produit\/protege-coudes-s1\/","og_locale":"fr_FR","og_type":"article","og_title":"Prot\u00e8ge-Coudes S1 - S1 Helmets Canada","og_description":"Les Prot\u00e8ge-Coudes S1 sont fabriqu\u00e9es avec un tissu ext\u00e9rieur en nylon balistique \u00e9pais et ultra-r\u00e9sistant, et des coques en plastique ABS de haute qualit\u00e9 pour une protection optimale du coude.","og_url":"https:\/\/www.s1helmets.ca\/fr\/produit\/protege-coudes-s1\/","og_site_name":"S1 Helmets Canada","article_modified_time":"2026-05-07T15:18:03+00:00","og_image":[{"width":1000,"height":1000,"url":"https:\/\/www.s1helmets.ca\/wp-content\/uploads\/2020\/11\/S1-Elbow-Pad-34.jpg","type":"image\/jpeg"}],"twitter_card":"summary_large_image","twitter_misc":{"Dur\u00e9e de lecture estim\u00e9e":"1 minute"},"schema":{"@context":"https:\/\/schema.org","@graph":[{"@type":"WebPage","@id":"https:\/\/www.s1helmets.ca\/fr\/produit\/protege-coudes-s1\/","url":"https:\/\/www.s1helmets.ca\/fr\/produit\/protege-coudes-s1\/","name":"Prot\u00e8ge-Coudes S1 - S1 Helmets Canada","isPartOf":{"@id":"https:\/\/www.s1helmets.ca\/fr\/#website"},"primaryImageOfPage":{"@id":"https:\/\/www.s1helmets.ca\/fr\/produit\/protege-coudes-s1\/#primaryimage"},"image":{"@id":"https:\/\/www.s1helmets.ca\/fr\/produit\/protege-coudes-s1\/#primaryimage"},"thumbnailUrl":"https:\/\/www.s1helmets.ca\/wp-content\/uploads\/2020\/11\/S1-Elbow-Pad-34.jpg","datePublished":"2020-11-20T21:43:46+00:00","dateModified":"2026-05-07T15:18:03+00:00","description":"Les Prot\u00e8ge-Coudes S1 sont fabriqu\u00e9es avec un tissu ext\u00e9rieur en nylon balistique \u00e9pais et ultra-r\u00e9sistant, et des coques en plastique ABS de haute qualit\u00e9 pour une protection optimale du coude.","breadcrumb":{"@id":"https:\/\/www.s1helmets.ca\/fr\/produit\/protege-coudes-s1\/#breadcrumb"},"inLanguage":"fr-FR","potentialAction":[{"@type":"ReadAction","target":["https:\/\/www.s1helmets.ca\/fr\/produit\/protege-coudes-s1\/"]}]},{"@type":"ImageObject","inLanguage":"fr-FR","@id":"https:\/\/www.s1helmets.ca\/fr\/produit\/protege-coudes-s1\/#primaryimage","url":"https:\/\/www.s1helmets.ca\/wp-content\/uploads\/2020\/11\/S1-Elbow-Pad-34.jpg","contentUrl":"https:\/\/www.s1helmets.ca\/wp-content\/uploads\/2020\/11\/S1-Elbow-Pad-34.jpg","width":1000,"height":1000,"caption":"S1 Elbow Pad - Prot\u00e8ge-Coudes S1"},{"@type":"BreadcrumbList","@id":"https:\/\/www.s1helmets.ca\/fr\/produit\/protege-coudes-s1\/#breadcrumb","itemListElement":[{"@type":"ListItem","position":1,"name":"Home","item":"https:\/\/www.s1helmets.ca\/fr\/"},{"@type":"ListItem","position":2,"name":"Prot\u00e8ge-Coudes S1"}]},{"@type":"WebSite","@id":"https:\/\/www.s1helmets.ca\/fr\/#website","url":"https:\/\/www.s1helmets.ca\/fr\/","name":"S1 Helmets Canada","description":"Roller Derby Helmet and Pads | Skate Helmets | S1 Helmets Canada","potentialAction":[{"@type":"SearchAction","target":{"@type":"EntryPoint","urlTemplate":"https:\/\/www.s1helmets.ca\/fr\/?s={search_term_string}"},"query-input":{"@type":"PropertyValueSpecification","valueRequired":true,"valueName":"search_term_string"}}],"inLanguage":"fr-FR"}]}},"_links":{"self":[{"href":"https:\/\/www.s1helmets.ca\/fr\/wp-json\/wp\/v2\/product\/10800","targetHints":{"allow":["GET"]}}],"collection":[{"href":"https:\/\/www.s1helmets.ca\/fr\/wp-json\/wp\/v2\/product"}],"about":[{"href":"https:\/\/www.s1helmets.ca\/fr\/wp-json\/wp\/v2\/types\/product"}],"replies":[{"embeddable":true,"href":"https:\/\/www.s1helmets.ca\/fr\/wp-json\/wp\/v2\/comments?post=10800"}],"wp:featuredmedia":[{"embeddable":true,"href":"https:\/\/www.s1helmets.ca\/fr\/wp-json\/wp\/v2\/media\/10787"}],"wp:attachment":[{"href":"https:\/\/www.s1helmets.ca\/fr\/wp-json\/wp\/v2\/media?parent=10800"}],"wp:term":[{"taxonomy":"product_brand","embeddable":true,"href":"https:\/\/www.s1helmets.ca\/fr\/wp-json\/wp\/v2\/product_brand?post=10800"},{"taxonomy":"product_cat","embeddable":true,"href":"https:\/\/www.s1helmets.ca\/fr\/wp-json\/wp\/v2\/product_cat?post=10800"},{"taxonomy":"product_tag","embeddable":true,"href":"https:\/\/www.s1helmets.ca\/fr\/wp-json\/wp\/v2\/product_tag?post=10800"}],"curies":[{"name":"wp","href":"https:\/\/api.w.org\/{rel}","templated":true}]}}