{"id":10810,"date":"2019-03-19T18:59:07","date_gmt":"2019-03-19T18:59:07","guid":{"rendered":"https:\/\/www.s1helmets.ca\/?post_type=product&#038;p=10810"},"modified":"2026-05-07T11:05:09","modified_gmt":"2026-05-07T16:05:09","slug":"ensemble-de-protections-de-depart-s1","status":"publish","type":"product","link":"https:\/\/www.s1helmets.ca\/fr\/produit\/ensemble-de-protections-de-depart-s1\/","title":{"rendered":"Ensemble de Protections de D\u00e9part S1"},"content":{"rendered":"<h2>Ensemble de Protections de D\u00e9part S1<\/h2>\n<p>La Ensemble de Protections de D\u00e9part S1 comprend des genouill\u00e8res, des prot\u00e8ge-coudes et des prot\u00e8ge-poignets de qualit\u00e9. Les parents aiment cet ensemble parce qu&rsquo;elles offrent les trois protections en un seul emballage \u00e0 un prix avantageux. Ces protections sont id\u00e9ales pour les premiers pas des plus jeunes, car elles sont con\u00e7ues pour s&rsquo;adapter \u00e0 leur morphologie et sont faciles \u00e0 enfiler. <strong>Attention :<\/strong> ces protections sont con\u00e7ues pour une utilisation en skatepark de faible \u00e0 moyenne intensit\u00e9. Elles ne sont pas adapt\u00e9es \u00e0 la planche \u00e0 roulettes ou aux grands bowls. Si vous pr\u00e9voyez de tomber fr\u00e9quemment sur les genoux, nous vous recommandons d&rsquo;opter pour des genouill\u00e8res sp\u00e9cifiques pour la rampe. Les trousses de d\u00e9part conviennent g\u00e9n\u00e9ralement aux enfants de 3 \u00e0 7 ans.<\/p>\n<p>&nbsp;<\/p>\n<h3>Tours de poitrine et de coude\u00a0:<\/h3>\n<ul>\n<li><em><strong>Genou\u00a0:<\/strong><\/em> 20 \u00e0 28\u00a0cm<\/li>\n<li><em><strong>Coude\u00a0:<\/strong><\/em> 18 \u00e0 25\u00a0cm<\/li>\n<li><em><strong>Poignet\u00a0:<\/strong><\/em> 10 \u00e0 18\u00a0cm<\/li>\n<\/ul>\n<p>Guide des tailles\u00a0: Mesurez au milieu du poignet, du genou ou du coude.<\/p>\n","protected":false},"excerpt":{"rendered":"<hr \/>\r\n<p style=\"text-align: center;\"><strong>Attention :<\/strong> ces protections sont con\u00e7ues pour une utilisation en skatepark de faible \u00e0 moyenne intensit\u00e9. Elles ne sont pas adapt\u00e9es \u00e0 la planche \u00e0 roulettes ou aux grands bowls. Si vous pr\u00e9voyez de tomber fr\u00e9quemment sur les genoux, nous vous recommandons d&rsquo;opter pour des genouill\u00e8res sp\u00e9cifiques pour la rampe<\/p>\r\n\r\n\r\n<hr \/>\r\n<p style=\"text-align: center;\">Les trousses de d\u00e9part conviennent g\u00e9n\u00e9ralement aux enfants de 3 \u00e0 7 ans<\/p>\r\n\r\n\r\n<hr \/>\r\n<p style=\"text-align: center;\"><\/p>","protected":false},"featured_media":10806,"comment_status":"open","ping_status":"closed","template":"","meta":{"_acf_changed":false},"product_brand":[],"product_cat":[228],"product_tag":[],"class_list":{"0":"post-10810","1":"product","2":"type-product","3":"status-publish","4":"has-post-thumbnail","6":"product_cat-protections-s1","8":"first","9":"instock","10":"taxable","11":"shipping-taxable","12":"purchasable","13":"product-type-simple"},"acf":[],"yoast_head":"<!-- This site is optimized with the Yoast SEO plugin v27.6 - https:\/\/yoast.com\/product\/yoast-seo-wordpress\/ -->\n<title>Ensemble de Protections de D\u00e9part S1 - S1 Helmets Canada<\/title>\n<meta name=\"description\" content=\"La Ensemble de Protections de D\u00e9part S1 comprend des genouill\u00e8res, des prot\u00e8ge-coudes et des prot\u00e8ge-poignets de qualit\u00e9. Les parents aiment cet ensemble!\" \/>\n<meta name=\"robots\" content=\"index, follow, max-snippet:-1, max-image-preview:large, max-video-preview:-1\" \/>\n<link rel=\"canonical\" href=\"https:\/\/www.s1helmets.ca\/fr\/produit\/ensemble-de-protections-de-depart-s1\/\" \/>\n<meta property=\"og:locale\" content=\"fr_FR\" \/>\n<meta property=\"og:type\" content=\"article\" \/>\n<meta property=\"og:title\" content=\"Ensemble de Protections de D\u00e9part S1 - S1 Helmets Canada\" \/>\n<meta property=\"og:description\" content=\"La Ensemble de Protections de D\u00e9part S1 comprend des genouill\u00e8res, des prot\u00e8ge-coudes et des prot\u00e8ge-poignets de qualit\u00e9. Les parents aiment cet ensemble!\" \/>\n<meta property=\"og:url\" content=\"https:\/\/www.s1helmets.ca\/fr\/produit\/ensemble-de-protections-de-depart-s1\/\" \/>\n<meta property=\"og:site_name\" content=\"S1 Helmets Canada\" \/>\n<meta property=\"article:modified_time\" content=\"2026-05-07T16:05:09+00:00\" \/>\n<meta property=\"og:image\" content=\"https:\/\/www.s1helmets.ca\/wp-content\/uploads\/2019\/03\/PadStarterPackKit-1.jpg\" \/>\n\t<meta property=\"og:image:width\" content=\"1000\" \/>\n\t<meta property=\"og:image:height\" content=\"1000\" \/>\n\t<meta property=\"og:image:type\" content=\"image\/jpeg\" \/>\n<meta name=\"twitter:card\" content=\"summary_large_image\" \/>\n<meta name=\"twitter:label1\" content=\"Dur\u00e9e de lecture estim\u00e9e\" \/>\n\t<meta name=\"twitter:data1\" content=\"1 minute\" \/>\n<script type=\"application\/ld+json\" class=\"yoast-schema-graph\">{\"@context\":\"https:\\\/\\\/schema.org\",\"@graph\":[{\"@type\":\"WebPage\",\"@id\":\"https:\\\/\\\/www.s1helmets.ca\\\/fr\\\/produit\\\/ensemble-de-protections-de-depart-s1\\\/\",\"url\":\"https:\\\/\\\/www.s1helmets.ca\\\/fr\\\/produit\\\/ensemble-de-protections-de-depart-s1\\\/\",\"name\":\"Ensemble de Protections de D\u00e9part S1 - S1 Helmets Canada\",\"isPartOf\":{\"@id\":\"https:\\\/\\\/www.s1helmets.ca\\\/fr\\\/#website\"},\"primaryImageOfPage\":{\"@id\":\"https:\\\/\\\/www.s1helmets.ca\\\/fr\\\/produit\\\/ensemble-de-protections-de-depart-s1\\\/#primaryimage\"},\"image\":{\"@id\":\"https:\\\/\\\/www.s1helmets.ca\\\/fr\\\/produit\\\/ensemble-de-protections-de-depart-s1\\\/#primaryimage\"},\"thumbnailUrl\":\"https:\\\/\\\/www.s1helmets.ca\\\/wp-content\\\/uploads\\\/2019\\\/03\\\/PadStarterPackKit-1.jpg\",\"datePublished\":\"2019-03-19T18:59:07+00:00\",\"dateModified\":\"2026-05-07T16:05:09+00:00\",\"description\":\"La Ensemble de Protections de D\u00e9part S1 comprend des genouill\u00e8res, des prot\u00e8ge-coudes et des prot\u00e8ge-poignets de qualit\u00e9. Les parents aiment cet ensemble!\",\"breadcrumb\":{\"@id\":\"https:\\\/\\\/www.s1helmets.ca\\\/fr\\\/produit\\\/ensemble-de-protections-de-depart-s1\\\/#breadcrumb\"},\"inLanguage\":\"fr-FR\",\"potentialAction\":[{\"@type\":\"ReadAction\",\"target\":[\"https:\\\/\\\/www.s1helmets.ca\\\/fr\\\/produit\\\/ensemble-de-protections-de-depart-s1\\\/\"]}]},{\"@type\":\"ImageObject\",\"inLanguage\":\"fr-FR\",\"@id\":\"https:\\\/\\\/www.s1helmets.ca\\\/fr\\\/produit\\\/ensemble-de-protections-de-depart-s1\\\/#primaryimage\",\"url\":\"https:\\\/\\\/www.s1helmets.ca\\\/wp-content\\\/uploads\\\/2019\\\/03\\\/PadStarterPackKit-1.jpg\",\"contentUrl\":\"https:\\\/\\\/www.s1helmets.ca\\\/wp-content\\\/uploads\\\/2019\\\/03\\\/PadStarterPackKit-1.jpg\",\"width\":1000,\"height\":1000,\"caption\":\"Starter Pad Set S1 - Ensemble de Protections de D\u00e9part S1\"},{\"@type\":\"BreadcrumbList\",\"@id\":\"https:\\\/\\\/www.s1helmets.ca\\\/fr\\\/produit\\\/ensemble-de-protections-de-depart-s1\\\/#breadcrumb\",\"itemListElement\":[{\"@type\":\"ListItem\",\"position\":1,\"name\":\"Home\",\"item\":\"https:\\\/\\\/www.s1helmets.ca\\\/fr\\\/\"},{\"@type\":\"ListItem\",\"position\":2,\"name\":\"Ensemble de Protections de D\u00e9part S1\"}]},{\"@type\":\"WebSite\",\"@id\":\"https:\\\/\\\/www.s1helmets.ca\\\/fr\\\/#website\",\"url\":\"https:\\\/\\\/www.s1helmets.ca\\\/fr\\\/\",\"name\":\"S1 Helmets Canada\",\"description\":\"Roller Derby Helmet and Pads | Skate Helmets | S1 Helmets Canada\",\"potentialAction\":[{\"@type\":\"SearchAction\",\"target\":{\"@type\":\"EntryPoint\",\"urlTemplate\":\"https:\\\/\\\/www.s1helmets.ca\\\/fr\\\/?s={search_term_string}\"},\"query-input\":{\"@type\":\"PropertyValueSpecification\",\"valueRequired\":true,\"valueName\":\"search_term_string\"}}],\"inLanguage\":\"fr-FR\"}]}<\/script>\n<!-- \/ Yoast SEO plugin. -->","yoast_head_json":{"title":"Ensemble de Protections de D\u00e9part S1 - S1 Helmets Canada","description":"La Ensemble de Protections de D\u00e9part S1 comprend des genouill\u00e8res, des prot\u00e8ge-coudes et des prot\u00e8ge-poignets de qualit\u00e9. Les parents aiment cet ensemble!","robots":{"index":"index","follow":"follow","max-snippet":"max-snippet:-1","max-image-preview":"max-image-preview:large","max-video-preview":"max-video-preview:-1"},"canonical":"https:\/\/www.s1helmets.ca\/fr\/produit\/ensemble-de-protections-de-depart-s1\/","og_locale":"fr_FR","og_type":"article","og_title":"Ensemble de Protections de D\u00e9part S1 - S1 Helmets Canada","og_description":"La Ensemble de Protections de D\u00e9part S1 comprend des genouill\u00e8res, des prot\u00e8ge-coudes et des prot\u00e8ge-poignets de qualit\u00e9. Les parents aiment cet ensemble!","og_url":"https:\/\/www.s1helmets.ca\/fr\/produit\/ensemble-de-protections-de-depart-s1\/","og_site_name":"S1 Helmets Canada","article_modified_time":"2026-05-07T16:05:09+00:00","og_image":[{"width":1000,"height":1000,"url":"https:\/\/www.s1helmets.ca\/wp-content\/uploads\/2019\/03\/PadStarterPackKit-1.jpg","type":"image\/jpeg"}],"twitter_card":"summary_large_image","twitter_misc":{"Dur\u00e9e de lecture estim\u00e9e":"1 minute"},"schema":{"@context":"https:\/\/schema.org","@graph":[{"@type":"WebPage","@id":"https:\/\/www.s1helmets.ca\/fr\/produit\/ensemble-de-protections-de-depart-s1\/","url":"https:\/\/www.s1helmets.ca\/fr\/produit\/ensemble-de-protections-de-depart-s1\/","name":"Ensemble de Protections de D\u00e9part S1 - S1 Helmets Canada","isPartOf":{"@id":"https:\/\/www.s1helmets.ca\/fr\/#website"},"primaryImageOfPage":{"@id":"https:\/\/www.s1helmets.ca\/fr\/produit\/ensemble-de-protections-de-depart-s1\/#primaryimage"},"image":{"@id":"https:\/\/www.s1helmets.ca\/fr\/produit\/ensemble-de-protections-de-depart-s1\/#primaryimage"},"thumbnailUrl":"https:\/\/www.s1helmets.ca\/wp-content\/uploads\/2019\/03\/PadStarterPackKit-1.jpg","datePublished":"2019-03-19T18:59:07+00:00","dateModified":"2026-05-07T16:05:09+00:00","description":"La Ensemble de Protections de D\u00e9part S1 comprend des genouill\u00e8res, des prot\u00e8ge-coudes et des prot\u00e8ge-poignets de qualit\u00e9. Les parents aiment cet ensemble!","breadcrumb":{"@id":"https:\/\/www.s1helmets.ca\/fr\/produit\/ensemble-de-protections-de-depart-s1\/#breadcrumb"},"inLanguage":"fr-FR","potentialAction":[{"@type":"ReadAction","target":["https:\/\/www.s1helmets.ca\/fr\/produit\/ensemble-de-protections-de-depart-s1\/"]}]},{"@type":"ImageObject","inLanguage":"fr-FR","@id":"https:\/\/www.s1helmets.ca\/fr\/produit\/ensemble-de-protections-de-depart-s1\/#primaryimage","url":"https:\/\/www.s1helmets.ca\/wp-content\/uploads\/2019\/03\/PadStarterPackKit-1.jpg","contentUrl":"https:\/\/www.s1helmets.ca\/wp-content\/uploads\/2019\/03\/PadStarterPackKit-1.jpg","width":1000,"height":1000,"caption":"Starter Pad Set S1 - Ensemble de Protections de D\u00e9part S1"},{"@type":"BreadcrumbList","@id":"https:\/\/www.s1helmets.ca\/fr\/produit\/ensemble-de-protections-de-depart-s1\/#breadcrumb","itemListElement":[{"@type":"ListItem","position":1,"name":"Home","item":"https:\/\/www.s1helmets.ca\/fr\/"},{"@type":"ListItem","position":2,"name":"Ensemble de Protections de D\u00e9part S1"}]},{"@type":"WebSite","@id":"https:\/\/www.s1helmets.ca\/fr\/#website","url":"https:\/\/www.s1helmets.ca\/fr\/","name":"S1 Helmets Canada","description":"Roller Derby Helmet and Pads | Skate Helmets | S1 Helmets Canada","potentialAction":[{"@type":"SearchAction","target":{"@type":"EntryPoint","urlTemplate":"https:\/\/www.s1helmets.ca\/fr\/?s={search_term_string}"},"query-input":{"@type":"PropertyValueSpecification","valueRequired":true,"valueName":"search_term_string"}}],"inLanguage":"fr-FR"}]}},"_links":{"self":[{"href":"https:\/\/www.s1helmets.ca\/fr\/wp-json\/wp\/v2\/product\/10810","targetHints":{"allow":["GET"]}}],"collection":[{"href":"https:\/\/www.s1helmets.ca\/fr\/wp-json\/wp\/v2\/product"}],"about":[{"href":"https:\/\/www.s1helmets.ca\/fr\/wp-json\/wp\/v2\/types\/product"}],"replies":[{"embeddable":true,"href":"https:\/\/www.s1helmets.ca\/fr\/wp-json\/wp\/v2\/comments?post=10810"}],"wp:featuredmedia":[{"embeddable":true,"href":"https:\/\/www.s1helmets.ca\/fr\/wp-json\/wp\/v2\/media\/10806"}],"wp:attachment":[{"href":"https:\/\/www.s1helmets.ca\/fr\/wp-json\/wp\/v2\/media?parent=10810"}],"wp:term":[{"taxonomy":"product_brand","embeddable":true,"href":"https:\/\/www.s1helmets.ca\/fr\/wp-json\/wp\/v2\/product_brand?post=10810"},{"taxonomy":"product_cat","embeddable":true,"href":"https:\/\/www.s1helmets.ca\/fr\/wp-json\/wp\/v2\/product_cat?post=10810"},{"taxonomy":"product_tag","embeddable":true,"href":"https:\/\/www.s1helmets.ca\/fr\/wp-json\/wp\/v2\/product_tag?post=10810"}],"curies":[{"name":"wp","href":"https:\/\/api.w.org\/{rel}","templated":true}]}}