{"id":10820,"date":"2019-03-19T19:35:58","date_gmt":"2019-03-20T00:35:58","guid":{"rendered":"https:\/\/www.s1helmets.ca\/?post_type=product&#038;p=10820"},"modified":"2026-05-07T12:02:58","modified_gmt":"2026-05-07T17:02:58","slug":"visiere-de-remplacement-s1-lifer-iridium-miroir-degrade","status":"publish","type":"product","link":"https:\/\/www.s1helmets.ca\/fr\/produit\/visiere-de-remplacement-s1-lifer-iridium-miroir-degrade\/","title":{"rendered":"Visi\u00e8re de Remplacement S1 Lifer &#8211; Iridium Miroir D\u00e9grad\u00e9"},"content":{"rendered":"<h2>Visi\u00e8re de Remplacement S1 Lifer &#8211; Iridium Miroir D\u00e9grad\u00e9<\/h2>\n<p>La Visi\u00e8re de Remplacement S1 Lifer &#8211; Iridium Miroir D\u00e9grad\u00e9, pour le Casque \u00e0 Visi\u00e8re S1 Lifer Gen 2, est fabriqu\u00e9e en polycarbonate r\u00e9sistant aux chocs et offrant une vision optimis\u00e9e. Quincaillerie de montage incluse.<\/p>\n<p>&nbsp;<\/p>\n<h3>Caract\u00e9ristiques de la visi\u00e8re\u00a0:<\/h3>\n<ul>\n<li>Polycarbonate \u00e0 haute r\u00e9sistance aux chocs pour une meilleure r\u00e9sistance \u00e0 l&rsquo;\u00e9clatement en cas d&rsquo;impact,<\/li>\n<li>Lentille \u00e0 vision optimis\u00e9e,<\/li>\n<li>Traitement antibu\u00e9e \u00e0 l&rsquo;int\u00e9rieur,<\/li>\n<li>Traitement anti\u00e9gratignures ext\u00e9rieures,<\/li>\n<li>Protection UV400,<\/li>\n<li>Syst\u00e8me brevet\u00e9 \u00ab\u00a0Cover Catcher\u00a0\u00bb pour une utilisation facile de plusieurs couvre-casques,<\/li>\n<li><strong>*** Approuv\u00e9e WFTDA ***<\/strong><\/li>\n<li>Brevet n\u00b0\u00a062\/375.861.<\/li>\n<\/ul>\n<p>&nbsp;<\/p>\n<h3>** NOTE IMPORTANTE **<\/h3>\n<p>Ces visi\u00e8res sont compatibles uniquement avec les Casques \u00e0 Visi\u00e8re S1 Lifer Gen 2. Elles ne peuvent pas \u00eatre mont\u00e9es sur les casques Lifer standard, Retro Lifer, Lifer \u00ab\u00a0Full Face\u00a0\u00bb, Mini Lifer, Mega Lifer ni sur aucun autre casque.<\/p>\n","protected":false},"excerpt":{"rendered":"<hr \/>\r\n<p style=\"text-align: center;\">La Visi\u00e8re de Remplacement S1 Lifer &#8211; Iridium Miroir D\u00e9grad\u00e9, pour le Casque \u00e0 Visi\u00e8re S1 Lifer Gen 2, est fabriqu\u00e9e en polycarbonate r\u00e9sistant aux chocs et offrant une vision optimis\u00e9e.<\/p>\r\n\r\n\r\n<hr \/>\r\n<p style=\"text-align: center;\"><\/p>","protected":false},"featured_media":10818,"comment_status":"open","ping_status":"closed","template":"","meta":{"_acf_changed":false},"product_brand":[],"product_cat":[229,233],"product_tag":[],"class_list":{"0":"post-10820","1":"product","2":"type-product","3":"status-publish","4":"has-post-thumbnail","6":"product_cat-pieces-de-remplacement-pour-casque","7":"product_cat-visieres-lifer","9":"first","10":"instock","11":"taxable","12":"shipping-taxable","13":"purchasable","14":"product-type-simple"},"acf":[],"yoast_head":"<!-- This site is optimized with the Yoast SEO plugin v27.6 - https:\/\/yoast.com\/product\/yoast-seo-wordpress\/ -->\n<title>Visi\u00e8re de Remplacement S1 Lifer - Iridium Miroir D\u00e9grad\u00e9 - S1 Helmets Canada<\/title>\n<meta name=\"description\" content=\"La Visi\u00e8re de Remplacement S1 Lifer - Iridium Miroir D\u00e9grad\u00e9, pour le Casque \u00e0 Visi\u00e8re S1 Lifer Gen 2, est fabriqu\u00e9e en polycarbonate r\u00e9sistant aux chocs!\" \/>\n<meta name=\"robots\" content=\"index, follow, max-snippet:-1, max-image-preview:large, max-video-preview:-1\" \/>\n<link rel=\"canonical\" href=\"https:\/\/www.s1helmets.ca\/fr\/produit\/visiere-de-remplacement-s1-lifer-iridium-miroir-degrade\/\" \/>\n<meta property=\"og:locale\" content=\"fr_FR\" \/>\n<meta property=\"og:type\" content=\"article\" \/>\n<meta property=\"og:title\" content=\"Visi\u00e8re de Remplacement S1 Lifer - Iridium Miroir D\u00e9grad\u00e9 - S1 Helmets Canada\" \/>\n<meta property=\"og:description\" content=\"La Visi\u00e8re de Remplacement S1 Lifer - Iridium Miroir D\u00e9grad\u00e9, pour le Casque \u00e0 Visi\u00e8re S1 Lifer Gen 2, est fabriqu\u00e9e en polycarbonate r\u00e9sistant aux chocs!\" \/>\n<meta property=\"og:url\" content=\"https:\/\/www.s1helmets.ca\/fr\/produit\/visiere-de-remplacement-s1-lifer-iridium-miroir-degrade\/\" \/>\n<meta property=\"og:site_name\" content=\"S1 Helmets Canada\" \/>\n<meta property=\"article:modified_time\" content=\"2026-05-07T17:02:58+00:00\" \/>\n<meta property=\"og:image\" content=\"https:\/\/www.s1helmets.ca\/wp-content\/uploads\/2019\/03\/LiferVisor_IridiumVisor.jpg\" \/>\n\t<meta property=\"og:image:width\" content=\"2000\" \/>\n\t<meta property=\"og:image:height\" content=\"1592\" \/>\n\t<meta property=\"og:image:type\" content=\"image\/jpeg\" \/>\n<meta name=\"twitter:card\" content=\"summary_large_image\" \/>\n<meta name=\"twitter:label1\" content=\"Dur\u00e9e de lecture estim\u00e9e\" \/>\n\t<meta name=\"twitter:data1\" content=\"1 minute\" \/>\n<script type=\"application\/ld+json\" class=\"yoast-schema-graph\">{\"@context\":\"https:\\\/\\\/schema.org\",\"@graph\":[{\"@type\":\"WebPage\",\"@id\":\"https:\\\/\\\/www.s1helmets.ca\\\/fr\\\/produit\\\/visiere-de-remplacement-s1-lifer-iridium-miroir-degrade\\\/\",\"url\":\"https:\\\/\\\/www.s1helmets.ca\\\/fr\\\/produit\\\/visiere-de-remplacement-s1-lifer-iridium-miroir-degrade\\\/\",\"name\":\"Visi\u00e8re de Remplacement S1 Lifer - Iridium Miroir D\u00e9grad\u00e9 - S1 Helmets Canada\",\"isPartOf\":{\"@id\":\"https:\\\/\\\/www.s1helmets.ca\\\/fr\\\/#website\"},\"primaryImageOfPage\":{\"@id\":\"https:\\\/\\\/www.s1helmets.ca\\\/fr\\\/produit\\\/visiere-de-remplacement-s1-lifer-iridium-miroir-degrade\\\/#primaryimage\"},\"image\":{\"@id\":\"https:\\\/\\\/www.s1helmets.ca\\\/fr\\\/produit\\\/visiere-de-remplacement-s1-lifer-iridium-miroir-degrade\\\/#primaryimage\"},\"thumbnailUrl\":\"https:\\\/\\\/www.s1helmets.ca\\\/wp-content\\\/uploads\\\/2019\\\/03\\\/LiferVisor_IridiumVisor.jpg\",\"datePublished\":\"2019-03-20T00:35:58+00:00\",\"dateModified\":\"2026-05-07T17:02:58+00:00\",\"description\":\"La Visi\u00e8re de Remplacement S1 Lifer - Iridium Miroir D\u00e9grad\u00e9, pour le Casque \u00e0 Visi\u00e8re S1 Lifer Gen 2, est fabriqu\u00e9e en polycarbonate r\u00e9sistant aux chocs!\",\"breadcrumb\":{\"@id\":\"https:\\\/\\\/www.s1helmets.ca\\\/fr\\\/produit\\\/visiere-de-remplacement-s1-lifer-iridium-miroir-degrade\\\/#breadcrumb\"},\"inLanguage\":\"fr-FR\",\"potentialAction\":[{\"@type\":\"ReadAction\",\"target\":[\"https:\\\/\\\/www.s1helmets.ca\\\/fr\\\/produit\\\/visiere-de-remplacement-s1-lifer-iridium-miroir-degrade\\\/\"]}]},{\"@type\":\"ImageObject\",\"inLanguage\":\"fr-FR\",\"@id\":\"https:\\\/\\\/www.s1helmets.ca\\\/fr\\\/produit\\\/visiere-de-remplacement-s1-lifer-iridium-miroir-degrade\\\/#primaryimage\",\"url\":\"https:\\\/\\\/www.s1helmets.ca\\\/wp-content\\\/uploads\\\/2019\\\/03\\\/LiferVisor_IridiumVisor.jpg\",\"contentUrl\":\"https:\\\/\\\/www.s1helmets.ca\\\/wp-content\\\/uploads\\\/2019\\\/03\\\/LiferVisor_IridiumVisor.jpg\",\"width\":2000,\"height\":1592,\"caption\":\"S1 Lifer Replacement Visor - Iridium Gradient Mirror - Visi\u00e8re de remplacement S1 Lifer - Iridium Miroir D\u00e9grad\u00e9\"},{\"@type\":\"BreadcrumbList\",\"@id\":\"https:\\\/\\\/www.s1helmets.ca\\\/fr\\\/produit\\\/visiere-de-remplacement-s1-lifer-iridium-miroir-degrade\\\/#breadcrumb\",\"itemListElement\":[{\"@type\":\"ListItem\",\"position\":1,\"name\":\"Home\",\"item\":\"https:\\\/\\\/www.s1helmets.ca\\\/fr\\\/\"},{\"@type\":\"ListItem\",\"position\":2,\"name\":\"Visi\u00e8re de Remplacement S1 Lifer &#8211; Iridium Miroir D\u00e9grad\u00e9\"}]},{\"@type\":\"WebSite\",\"@id\":\"https:\\\/\\\/www.s1helmets.ca\\\/fr\\\/#website\",\"url\":\"https:\\\/\\\/www.s1helmets.ca\\\/fr\\\/\",\"name\":\"S1 Helmets Canada\",\"description\":\"Roller Derby Helmet and Pads | Skate Helmets | S1 Helmets Canada\",\"potentialAction\":[{\"@type\":\"SearchAction\",\"target\":{\"@type\":\"EntryPoint\",\"urlTemplate\":\"https:\\\/\\\/www.s1helmets.ca\\\/fr\\\/?s={search_term_string}\"},\"query-input\":{\"@type\":\"PropertyValueSpecification\",\"valueRequired\":true,\"valueName\":\"search_term_string\"}}],\"inLanguage\":\"fr-FR\"}]}<\/script>\n<!-- \/ Yoast SEO plugin. -->","yoast_head_json":{"title":"Visi\u00e8re de Remplacement S1 Lifer - Iridium Miroir D\u00e9grad\u00e9 - S1 Helmets Canada","description":"La Visi\u00e8re de Remplacement S1 Lifer - Iridium Miroir D\u00e9grad\u00e9, pour le Casque \u00e0 Visi\u00e8re S1 Lifer Gen 2, est fabriqu\u00e9e en polycarbonate r\u00e9sistant aux chocs!","robots":{"index":"index","follow":"follow","max-snippet":"max-snippet:-1","max-image-preview":"max-image-preview:large","max-video-preview":"max-video-preview:-1"},"canonical":"https:\/\/www.s1helmets.ca\/fr\/produit\/visiere-de-remplacement-s1-lifer-iridium-miroir-degrade\/","og_locale":"fr_FR","og_type":"article","og_title":"Visi\u00e8re de Remplacement S1 Lifer - Iridium Miroir D\u00e9grad\u00e9 - S1 Helmets Canada","og_description":"La Visi\u00e8re de Remplacement S1 Lifer - Iridium Miroir D\u00e9grad\u00e9, pour le Casque \u00e0 Visi\u00e8re S1 Lifer Gen 2, est fabriqu\u00e9e en polycarbonate r\u00e9sistant aux chocs!","og_url":"https:\/\/www.s1helmets.ca\/fr\/produit\/visiere-de-remplacement-s1-lifer-iridium-miroir-degrade\/","og_site_name":"S1 Helmets Canada","article_modified_time":"2026-05-07T17:02:58+00:00","og_image":[{"width":2000,"height":1592,"url":"https:\/\/www.s1helmets.ca\/wp-content\/uploads\/2019\/03\/LiferVisor_IridiumVisor.jpg","type":"image\/jpeg"}],"twitter_card":"summary_large_image","twitter_misc":{"Dur\u00e9e de lecture estim\u00e9e":"1 minute"},"schema":{"@context":"https:\/\/schema.org","@graph":[{"@type":"WebPage","@id":"https:\/\/www.s1helmets.ca\/fr\/produit\/visiere-de-remplacement-s1-lifer-iridium-miroir-degrade\/","url":"https:\/\/www.s1helmets.ca\/fr\/produit\/visiere-de-remplacement-s1-lifer-iridium-miroir-degrade\/","name":"Visi\u00e8re de Remplacement S1 Lifer - Iridium Miroir D\u00e9grad\u00e9 - S1 Helmets Canada","isPartOf":{"@id":"https:\/\/www.s1helmets.ca\/fr\/#website"},"primaryImageOfPage":{"@id":"https:\/\/www.s1helmets.ca\/fr\/produit\/visiere-de-remplacement-s1-lifer-iridium-miroir-degrade\/#primaryimage"},"image":{"@id":"https:\/\/www.s1helmets.ca\/fr\/produit\/visiere-de-remplacement-s1-lifer-iridium-miroir-degrade\/#primaryimage"},"thumbnailUrl":"https:\/\/www.s1helmets.ca\/wp-content\/uploads\/2019\/03\/LiferVisor_IridiumVisor.jpg","datePublished":"2019-03-20T00:35:58+00:00","dateModified":"2026-05-07T17:02:58+00:00","description":"La Visi\u00e8re de Remplacement S1 Lifer - Iridium Miroir D\u00e9grad\u00e9, pour le Casque \u00e0 Visi\u00e8re S1 Lifer Gen 2, est fabriqu\u00e9e en polycarbonate r\u00e9sistant aux chocs!","breadcrumb":{"@id":"https:\/\/www.s1helmets.ca\/fr\/produit\/visiere-de-remplacement-s1-lifer-iridium-miroir-degrade\/#breadcrumb"},"inLanguage":"fr-FR","potentialAction":[{"@type":"ReadAction","target":["https:\/\/www.s1helmets.ca\/fr\/produit\/visiere-de-remplacement-s1-lifer-iridium-miroir-degrade\/"]}]},{"@type":"ImageObject","inLanguage":"fr-FR","@id":"https:\/\/www.s1helmets.ca\/fr\/produit\/visiere-de-remplacement-s1-lifer-iridium-miroir-degrade\/#primaryimage","url":"https:\/\/www.s1helmets.ca\/wp-content\/uploads\/2019\/03\/LiferVisor_IridiumVisor.jpg","contentUrl":"https:\/\/www.s1helmets.ca\/wp-content\/uploads\/2019\/03\/LiferVisor_IridiumVisor.jpg","width":2000,"height":1592,"caption":"S1 Lifer Replacement Visor - Iridium Gradient Mirror - Visi\u00e8re de remplacement S1 Lifer - Iridium Miroir D\u00e9grad\u00e9"},{"@type":"BreadcrumbList","@id":"https:\/\/www.s1helmets.ca\/fr\/produit\/visiere-de-remplacement-s1-lifer-iridium-miroir-degrade\/#breadcrumb","itemListElement":[{"@type":"ListItem","position":1,"name":"Home","item":"https:\/\/www.s1helmets.ca\/fr\/"},{"@type":"ListItem","position":2,"name":"Visi\u00e8re de Remplacement S1 Lifer &#8211; Iridium Miroir D\u00e9grad\u00e9"}]},{"@type":"WebSite","@id":"https:\/\/www.s1helmets.ca\/fr\/#website","url":"https:\/\/www.s1helmets.ca\/fr\/","name":"S1 Helmets Canada","description":"Roller Derby Helmet and Pads | Skate Helmets | S1 Helmets Canada","potentialAction":[{"@type":"SearchAction","target":{"@type":"EntryPoint","urlTemplate":"https:\/\/www.s1helmets.ca\/fr\/?s={search_term_string}"},"query-input":{"@type":"PropertyValueSpecification","valueRequired":true,"valueName":"search_term_string"}}],"inLanguage":"fr-FR"}]}},"_links":{"self":[{"href":"https:\/\/www.s1helmets.ca\/fr\/wp-json\/wp\/v2\/product\/10820","targetHints":{"allow":["GET"]}}],"collection":[{"href":"https:\/\/www.s1helmets.ca\/fr\/wp-json\/wp\/v2\/product"}],"about":[{"href":"https:\/\/www.s1helmets.ca\/fr\/wp-json\/wp\/v2\/types\/product"}],"replies":[{"embeddable":true,"href":"https:\/\/www.s1helmets.ca\/fr\/wp-json\/wp\/v2\/comments?post=10820"}],"wp:featuredmedia":[{"embeddable":true,"href":"https:\/\/www.s1helmets.ca\/fr\/wp-json\/wp\/v2\/media\/10818"}],"wp:attachment":[{"href":"https:\/\/www.s1helmets.ca\/fr\/wp-json\/wp\/v2\/media?parent=10820"}],"wp:term":[{"taxonomy":"product_brand","embeddable":true,"href":"https:\/\/www.s1helmets.ca\/fr\/wp-json\/wp\/v2\/product_brand?post=10820"},{"taxonomy":"product_cat","embeddable":true,"href":"https:\/\/www.s1helmets.ca\/fr\/wp-json\/wp\/v2\/product_cat?post=10820"},{"taxonomy":"product_tag","embeddable":true,"href":"https:\/\/www.s1helmets.ca\/fr\/wp-json\/wp\/v2\/product_tag?post=10820"}],"curies":[{"name":"wp","href":"https:\/\/api.w.org\/{rel}","templated":true}]}}