{"id":10829,"date":"2019-03-31T18:17:10","date_gmt":"2019-03-31T18:17:10","guid":{"rendered":"https:\/\/www.s1helmets.ca\/?post_type=product&#038;p=10829"},"modified":"2026-05-07T12:24:28","modified_gmt":"2026-05-07T17:24:28","slug":"quincaillerie-de-montage-pour-casque-a-visiere-s1-lifer","status":"publish","type":"product","link":"https:\/\/www.s1helmets.ca\/fr\/produit\/quincaillerie-de-montage-pour-casque-a-visiere-s1-lifer\/","title":{"rendered":"Quincaillerie de Montage pour Casque \u00e0 Visi\u00e8re S1 Lifer"},"content":{"rendered":"<p>Voici la Quincaillerie de Montage pour Casque \u00e0 Visi\u00e8re S1 Lifer complet, permettant de fixer votre visi\u00e8re sur votre Casque \u00e0 Visi\u00e8re S1 Lifer Gen2.<\/p>\n<p>&nbsp;<\/p>\n<h3>Inclus :<\/h3>\n<ul>\n<li>4 bouchons de s\u00e9curit\u00e9 en caoutchouc pour vis,<\/li>\n<li>4 vis molet\u00e9es,<\/li>\n<li>4 rondelles en nylon + 4 rondelles additionnelles.<\/li>\n<\/ul>\n<p><iframe loading=\"lazy\" src=\"https:\/\/www.youtube.com\/embed\/uINDjDcgEuQ\" width=\"790\" height=\"395\" frameborder=\"0\" allowfullscreen=\"allowfullscreen\" data-mce-fragment=\"1\"><\/iframe><\/p>\n","protected":false},"excerpt":{"rendered":"Voici la Quincaillerie de Montage pour Casque \u00e0 Visi\u00e8re S1 Lifer complet, permettant de fixer votre visi\u00e8re sur votre Casque \u00e0 Visi\u00e8re S1 Lifer Gen2. &nbsp; Inclus : 4 bouchons de s\u00e9curit\u00e9 en caoutchouc pour vis, 4 vis molet\u00e9es, 4 rondelles en nylon + 4 rondelles additionnelles.","protected":false},"featured_media":10826,"comment_status":"open","ping_status":"closed","template":"","meta":{"_acf_changed":false},"product_brand":[],"product_cat":[229,230],"product_tag":[],"class_list":{"0":"post-10829","1":"product","2":"type-product","3":"status-publish","4":"has-post-thumbnail","6":"product_cat-pieces-de-remplacement-pour-casque","7":"product_cat-quincaillerie","9":"first","10":"instock","11":"taxable","12":"shipping-taxable","13":"purchasable","14":"product-type-simple"},"acf":[],"yoast_head":"<!-- This site is optimized with the Yoast SEO plugin v27.6 - https:\/\/yoast.com\/product\/yoast-seo-wordpress\/ -->\n<title>Quincaillerie de Montage pour Casque \u00e0 Visi\u00e8re S1 Lifer - S1 Helmets Canada<\/title>\n<meta name=\"description\" content=\"Voici la Quincaillerie de Montage pour Casque \u00e0 Visi\u00e8re S1 Lifer complet, permettant de fixer votre visi\u00e8re sur votre Casque \u00e0 Visi\u00e8re S1 Lifer Gen2.\" \/>\n<meta name=\"robots\" content=\"index, follow, max-snippet:-1, max-image-preview:large, max-video-preview:-1\" \/>\n<link rel=\"canonical\" href=\"https:\/\/www.s1helmets.ca\/fr\/produit\/quincaillerie-de-montage-pour-casque-a-visiere-s1-lifer\/\" \/>\n<meta property=\"og:locale\" content=\"fr_FR\" \/>\n<meta property=\"og:type\" content=\"article\" \/>\n<meta property=\"og:title\" content=\"Quincaillerie de Montage pour Casque \u00e0 Visi\u00e8re S1 Lifer - S1 Helmets Canada\" \/>\n<meta property=\"og:description\" content=\"Voici la Quincaillerie de Montage pour Casque \u00e0 Visi\u00e8re S1 Lifer complet, permettant de fixer votre visi\u00e8re sur votre Casque \u00e0 Visi\u00e8re S1 Lifer Gen2.\" \/>\n<meta property=\"og:url\" content=\"https:\/\/www.s1helmets.ca\/fr\/produit\/quincaillerie-de-montage-pour-casque-a-visiere-s1-lifer\/\" \/>\n<meta property=\"og:site_name\" content=\"S1 Helmets Canada\" \/>\n<meta property=\"article:modified_time\" content=\"2026-05-07T17:24:28+00:00\" \/>\n<meta property=\"og:image\" content=\"https:\/\/www.s1helmets.ca\/wp-content\/uploads\/2019\/03\/LiferVisor_Hardware_Group2.jpg\" \/>\n\t<meta property=\"og:image:width\" content=\"2000\" \/>\n\t<meta property=\"og:image:height\" content=\"1313\" \/>\n\t<meta property=\"og:image:type\" content=\"image\/jpeg\" \/>\n<meta name=\"twitter:card\" content=\"summary_large_image\" \/>\n<meta name=\"twitter:label1\" content=\"Dur\u00e9e de lecture estim\u00e9e\" \/>\n\t<meta name=\"twitter:data1\" content=\"1 minute\" \/>\n<script type=\"application\/ld+json\" class=\"yoast-schema-graph\">{\"@context\":\"https:\\\/\\\/schema.org\",\"@graph\":[{\"@type\":\"WebPage\",\"@id\":\"https:\\\/\\\/www.s1helmets.ca\\\/fr\\\/produit\\\/quincaillerie-de-montage-pour-casque-a-visiere-s1-lifer\\\/\",\"url\":\"https:\\\/\\\/www.s1helmets.ca\\\/fr\\\/produit\\\/quincaillerie-de-montage-pour-casque-a-visiere-s1-lifer\\\/\",\"name\":\"Quincaillerie de Montage pour Casque \u00e0 Visi\u00e8re S1 Lifer - S1 Helmets Canada\",\"isPartOf\":{\"@id\":\"https:\\\/\\\/www.s1helmets.ca\\\/fr\\\/#website\"},\"primaryImageOfPage\":{\"@id\":\"https:\\\/\\\/www.s1helmets.ca\\\/fr\\\/produit\\\/quincaillerie-de-montage-pour-casque-a-visiere-s1-lifer\\\/#primaryimage\"},\"image\":{\"@id\":\"https:\\\/\\\/www.s1helmets.ca\\\/fr\\\/produit\\\/quincaillerie-de-montage-pour-casque-a-visiere-s1-lifer\\\/#primaryimage\"},\"thumbnailUrl\":\"https:\\\/\\\/www.s1helmets.ca\\\/wp-content\\\/uploads\\\/2019\\\/03\\\/LiferVisor_Hardware_Group2.jpg\",\"datePublished\":\"2019-03-31T18:17:10+00:00\",\"dateModified\":\"2026-05-07T17:24:28+00:00\",\"description\":\"Voici la Quincaillerie de Montage pour Casque \u00e0 Visi\u00e8re S1 Lifer complet, permettant de fixer votre visi\u00e8re sur votre Casque \u00e0 Visi\u00e8re S1 Lifer Gen2.\",\"breadcrumb\":{\"@id\":\"https:\\\/\\\/www.s1helmets.ca\\\/fr\\\/produit\\\/quincaillerie-de-montage-pour-casque-a-visiere-s1-lifer\\\/#breadcrumb\"},\"inLanguage\":\"fr-FR\",\"potentialAction\":[{\"@type\":\"ReadAction\",\"target\":[\"https:\\\/\\\/www.s1helmets.ca\\\/fr\\\/produit\\\/quincaillerie-de-montage-pour-casque-a-visiere-s1-lifer\\\/\"]}]},{\"@type\":\"ImageObject\",\"inLanguage\":\"fr-FR\",\"@id\":\"https:\\\/\\\/www.s1helmets.ca\\\/fr\\\/produit\\\/quincaillerie-de-montage-pour-casque-a-visiere-s1-lifer\\\/#primaryimage\",\"url\":\"https:\\\/\\\/www.s1helmets.ca\\\/wp-content\\\/uploads\\\/2019\\\/03\\\/LiferVisor_Hardware_Group2.jpg\",\"contentUrl\":\"https:\\\/\\\/www.s1helmets.ca\\\/wp-content\\\/uploads\\\/2019\\\/03\\\/LiferVisor_Hardware_Group2.jpg\",\"width\":2000,\"height\":1313,\"caption\":\"S1 Lifer Visor Hardware Kit - Quincaillerie de Montage\"},{\"@type\":\"BreadcrumbList\",\"@id\":\"https:\\\/\\\/www.s1helmets.ca\\\/fr\\\/produit\\\/quincaillerie-de-montage-pour-casque-a-visiere-s1-lifer\\\/#breadcrumb\",\"itemListElement\":[{\"@type\":\"ListItem\",\"position\":1,\"name\":\"Home\",\"item\":\"https:\\\/\\\/www.s1helmets.ca\\\/fr\\\/\"},{\"@type\":\"ListItem\",\"position\":2,\"name\":\"Quincaillerie de Montage pour Casque \u00e0 Visi\u00e8re S1 Lifer\"}]},{\"@type\":\"WebSite\",\"@id\":\"https:\\\/\\\/www.s1helmets.ca\\\/fr\\\/#website\",\"url\":\"https:\\\/\\\/www.s1helmets.ca\\\/fr\\\/\",\"name\":\"S1 Helmets Canada\",\"description\":\"Roller Derby Helmet and Pads | Skate Helmets | S1 Helmets Canada\",\"potentialAction\":[{\"@type\":\"SearchAction\",\"target\":{\"@type\":\"EntryPoint\",\"urlTemplate\":\"https:\\\/\\\/www.s1helmets.ca\\\/fr\\\/?s={search_term_string}\"},\"query-input\":{\"@type\":\"PropertyValueSpecification\",\"valueRequired\":true,\"valueName\":\"search_term_string\"}}],\"inLanguage\":\"fr-FR\"}]}<\/script>\n<!-- \/ Yoast SEO plugin. -->","yoast_head_json":{"title":"Quincaillerie de Montage pour Casque \u00e0 Visi\u00e8re S1 Lifer - S1 Helmets Canada","description":"Voici la Quincaillerie de Montage pour Casque \u00e0 Visi\u00e8re S1 Lifer complet, permettant de fixer votre visi\u00e8re sur votre Casque \u00e0 Visi\u00e8re S1 Lifer Gen2.","robots":{"index":"index","follow":"follow","max-snippet":"max-snippet:-1","max-image-preview":"max-image-preview:large","max-video-preview":"max-video-preview:-1"},"canonical":"https:\/\/www.s1helmets.ca\/fr\/produit\/quincaillerie-de-montage-pour-casque-a-visiere-s1-lifer\/","og_locale":"fr_FR","og_type":"article","og_title":"Quincaillerie de Montage pour Casque \u00e0 Visi\u00e8re S1 Lifer - S1 Helmets Canada","og_description":"Voici la Quincaillerie de Montage pour Casque \u00e0 Visi\u00e8re S1 Lifer complet, permettant de fixer votre visi\u00e8re sur votre Casque \u00e0 Visi\u00e8re S1 Lifer Gen2.","og_url":"https:\/\/www.s1helmets.ca\/fr\/produit\/quincaillerie-de-montage-pour-casque-a-visiere-s1-lifer\/","og_site_name":"S1 Helmets Canada","article_modified_time":"2026-05-07T17:24:28+00:00","og_image":[{"width":2000,"height":1313,"url":"https:\/\/www.s1helmets.ca\/wp-content\/uploads\/2019\/03\/LiferVisor_Hardware_Group2.jpg","type":"image\/jpeg"}],"twitter_card":"summary_large_image","twitter_misc":{"Dur\u00e9e de lecture estim\u00e9e":"1 minute"},"schema":{"@context":"https:\/\/schema.org","@graph":[{"@type":"WebPage","@id":"https:\/\/www.s1helmets.ca\/fr\/produit\/quincaillerie-de-montage-pour-casque-a-visiere-s1-lifer\/","url":"https:\/\/www.s1helmets.ca\/fr\/produit\/quincaillerie-de-montage-pour-casque-a-visiere-s1-lifer\/","name":"Quincaillerie de Montage pour Casque \u00e0 Visi\u00e8re S1 Lifer - S1 Helmets Canada","isPartOf":{"@id":"https:\/\/www.s1helmets.ca\/fr\/#website"},"primaryImageOfPage":{"@id":"https:\/\/www.s1helmets.ca\/fr\/produit\/quincaillerie-de-montage-pour-casque-a-visiere-s1-lifer\/#primaryimage"},"image":{"@id":"https:\/\/www.s1helmets.ca\/fr\/produit\/quincaillerie-de-montage-pour-casque-a-visiere-s1-lifer\/#primaryimage"},"thumbnailUrl":"https:\/\/www.s1helmets.ca\/wp-content\/uploads\/2019\/03\/LiferVisor_Hardware_Group2.jpg","datePublished":"2019-03-31T18:17:10+00:00","dateModified":"2026-05-07T17:24:28+00:00","description":"Voici la Quincaillerie de Montage pour Casque \u00e0 Visi\u00e8re S1 Lifer complet, permettant de fixer votre visi\u00e8re sur votre Casque \u00e0 Visi\u00e8re S1 Lifer Gen2.","breadcrumb":{"@id":"https:\/\/www.s1helmets.ca\/fr\/produit\/quincaillerie-de-montage-pour-casque-a-visiere-s1-lifer\/#breadcrumb"},"inLanguage":"fr-FR","potentialAction":[{"@type":"ReadAction","target":["https:\/\/www.s1helmets.ca\/fr\/produit\/quincaillerie-de-montage-pour-casque-a-visiere-s1-lifer\/"]}]},{"@type":"ImageObject","inLanguage":"fr-FR","@id":"https:\/\/www.s1helmets.ca\/fr\/produit\/quincaillerie-de-montage-pour-casque-a-visiere-s1-lifer\/#primaryimage","url":"https:\/\/www.s1helmets.ca\/wp-content\/uploads\/2019\/03\/LiferVisor_Hardware_Group2.jpg","contentUrl":"https:\/\/www.s1helmets.ca\/wp-content\/uploads\/2019\/03\/LiferVisor_Hardware_Group2.jpg","width":2000,"height":1313,"caption":"S1 Lifer Visor Hardware Kit - Quincaillerie de Montage"},{"@type":"BreadcrumbList","@id":"https:\/\/www.s1helmets.ca\/fr\/produit\/quincaillerie-de-montage-pour-casque-a-visiere-s1-lifer\/#breadcrumb","itemListElement":[{"@type":"ListItem","position":1,"name":"Home","item":"https:\/\/www.s1helmets.ca\/fr\/"},{"@type":"ListItem","position":2,"name":"Quincaillerie de Montage pour Casque \u00e0 Visi\u00e8re S1 Lifer"}]},{"@type":"WebSite","@id":"https:\/\/www.s1helmets.ca\/fr\/#website","url":"https:\/\/www.s1helmets.ca\/fr\/","name":"S1 Helmets Canada","description":"Roller Derby Helmet and Pads | Skate Helmets | S1 Helmets Canada","potentialAction":[{"@type":"SearchAction","target":{"@type":"EntryPoint","urlTemplate":"https:\/\/www.s1helmets.ca\/fr\/?s={search_term_string}"},"query-input":{"@type":"PropertyValueSpecification","valueRequired":true,"valueName":"search_term_string"}}],"inLanguage":"fr-FR"}]}},"_links":{"self":[{"href":"https:\/\/www.s1helmets.ca\/fr\/wp-json\/wp\/v2\/product\/10829","targetHints":{"allow":["GET"]}}],"collection":[{"href":"https:\/\/www.s1helmets.ca\/fr\/wp-json\/wp\/v2\/product"}],"about":[{"href":"https:\/\/www.s1helmets.ca\/fr\/wp-json\/wp\/v2\/types\/product"}],"replies":[{"embeddable":true,"href":"https:\/\/www.s1helmets.ca\/fr\/wp-json\/wp\/v2\/comments?post=10829"}],"wp:featuredmedia":[{"embeddable":true,"href":"https:\/\/www.s1helmets.ca\/fr\/wp-json\/wp\/v2\/media\/10826"}],"wp:attachment":[{"href":"https:\/\/www.s1helmets.ca\/fr\/wp-json\/wp\/v2\/media?parent=10829"}],"wp:term":[{"taxonomy":"product_brand","embeddable":true,"href":"https:\/\/www.s1helmets.ca\/fr\/wp-json\/wp\/v2\/product_brand?post=10829"},{"taxonomy":"product_cat","embeddable":true,"href":"https:\/\/www.s1helmets.ca\/fr\/wp-json\/wp\/v2\/product_cat?post=10829"},{"taxonomy":"product_tag","embeddable":true,"href":"https:\/\/www.s1helmets.ca\/fr\/wp-json\/wp\/v2\/product_tag?post=10829"}],"curies":[{"name":"wp","href":"https:\/\/api.w.org\/{rel}","templated":true}]}}