{"id":10834,"date":"2019-03-19T19:19:06","date_gmt":"2019-03-19T19:19:06","guid":{"rendered":"https:\/\/www.s1helmets.ca\/?post_type=product&#038;p=10834"},"modified":"2026-05-07T13:07:00","modified_gmt":"2026-05-07T18:07:00","slug":"doublures-de-grandeur-en-tissu-molleton-pour-casque-s1","status":"publish","type":"product","link":"https:\/\/www.s1helmets.ca\/fr\/produit\/doublures-de-grandeur-en-tissu-molleton-pour-casque-s1\/","title":{"rendered":"Doublures de Grandeur en Tissu Molleton pour Casque S1"},"content":{"rendered":"<h2>Doublures de Grandeur en Tissu Molleton pour Casque S1<\/h2>\n<p>Remplacez les doublures de votre casque S1 Lifer par des doublures en tissu molleton neuves, r\u00e9sistantes, lavables et absorbantes.<\/p>\n<p>La Doublures de Grandeur en Tissu Molleton pour Casque S1 est une doublure de remplacement cousue. Sp\u00e9cialement con\u00e7ue pour le casque Lifer. Le tissu molleton est cousu sur la doublure, scell\u00e9 aux extr\u00e9mit\u00e9s et recouvre l&rsquo;avant et l&rsquo;arri\u00e8re, ce qui la rend plus r\u00e9sistante et lui permet de durer plus longtemps que les doublures d&rsquo;origine Lifer.<\/p>\n<p>Le tissu molleton absorbe aussi la transpiration et est lavable. Nous recommandons de rincer la doublure \u00e0 l&rsquo;eau froide courante. Rincer avec ou sans savon doux, de l&rsquo;essorer et de la laisser s\u00e9cher \u00e0 l&rsquo;air libre.<\/p>\n<p>Les tailles des doublures en tissu molleton S1 Lifer sont identiques \u00e0 celles de nos doublures standards et sont compatibles avec toutes nos coques de casque Lifer, y compris les mod\u00e8les Lifer standard, Mini Lifer et Mega Lifer. Pour un guide complet des tailles des casques, consultez notre page \u00ab Choisir un casque \u00bb.<\/p>\n<p>Un ensemble de doublures en tissu molleton comprend une doublure avant et une doublure arri\u00e8re. Bandes Velcro incluses pour la fixation \u00e0 l&rsquo;int\u00e9rieur du casque.<\/p>\n<p>&nbsp;<\/p>\n<h3>*** Remarque concernant l&rsquo;installation ***<\/h3>\n<p>Si vous installez ces doublures en tissu molleton dans un casque que vous avez d\u00e9j\u00e0 port\u00e9, veuillez nettoyer les points de contact. Nettoyez les zones o\u00f9 vous pr\u00e9voyez de placer la nouvelle bande Velcro. Nettoyer avec un linge humide afin d&rsquo;\u00e9liminer toute trace de transpiration qui aurait pu s&rsquo;accumuler sur la surface int\u00e9rieure du casque. Cela assurera une adh\u00e9rence optimale de la bande Velcro.<\/p>\n","protected":false},"excerpt":{"rendered":"Doublures de Grandeur en Tissu Molleton pour Casque S1 Remplacez les doublures de votre casque S1 Lifer par des doublures en tissu molleton neuves, r\u00e9sistantes, lavables et absorbantes. La Doublures de Grandeur en Tissu Molleton pour Casque S1 est une doublure de remplacement cousue. Sp\u00e9cialement con\u00e7ue pour le casque Lifer. Le tissu molleton est cousu&#8230; <a class=\"view-article\" href=\"https:\/\/www.s1helmets.ca\/fr\/produit\/doublures-de-grandeur-en-tissu-molleton-pour-casque-s1\/\">Voir l&rsquo;article<\/a>","protected":false},"featured_media":10830,"comment_status":"open","ping_status":"closed","template":"","meta":{"_acf_changed":false},"product_brand":[],"product_cat":[232,229],"product_tag":[],"class_list":{"0":"post-10834","1":"product","2":"type-product","3":"status-publish","4":"has-post-thumbnail","6":"product_cat-doublures-de-grandeur","7":"product_cat-pieces-de-remplacement-pour-casque","9":"first","10":"instock","11":"taxable","12":"shipping-taxable","13":"purchasable","14":"product-type-variable"},"acf":[],"yoast_head":"<!-- This site is optimized with the Yoast SEO plugin v27.6 - https:\/\/yoast.com\/product\/yoast-seo-wordpress\/ -->\n<title>Doublures de Grandeur en Tissu Molleton pour Casque S1 - S1 Helmets Canada<\/title>\n<meta name=\"description\" content=\"Remplacez vos doublures de casque S1 Lifer par des Doublures de Grandeur en Tissu Molleton pour Casque S1 neuves, r\u00e9sistantes, lavables et absorbantes.\" \/>\n<meta name=\"robots\" content=\"index, follow, max-snippet:-1, max-image-preview:large, max-video-preview:-1\" \/>\n<link rel=\"canonical\" href=\"https:\/\/www.s1helmets.ca\/fr\/produit\/doublures-de-grandeur-en-tissu-molleton-pour-casque-s1\/\" \/>\n<meta property=\"og:locale\" content=\"fr_FR\" \/>\n<meta property=\"og:type\" content=\"article\" \/>\n<meta property=\"og:title\" content=\"Doublures de Grandeur en Tissu Molleton pour Casque S1 - S1 Helmets Canada\" \/>\n<meta property=\"og:description\" content=\"Remplacez vos doublures de casque S1 Lifer par des Doublures de Grandeur en Tissu Molleton pour Casque S1 neuves, r\u00e9sistantes, lavables et absorbantes.\" \/>\n<meta property=\"og:url\" content=\"https:\/\/www.s1helmets.ca\/fr\/produit\/doublures-de-grandeur-en-tissu-molleton-pour-casque-s1\/\" \/>\n<meta property=\"og:site_name\" content=\"S1 Helmets Canada\" \/>\n<meta property=\"article:modified_time\" content=\"2026-05-07T18:07:00+00:00\" \/>\n<meta property=\"og:image\" content=\"https:\/\/www.s1helmets.ca\/wp-content\/uploads\/2019\/03\/2017_3_TerryLiner_overview.jpg\" \/>\n\t<meta property=\"og:image:width\" content=\"2000\" \/>\n\t<meta property=\"og:image:height\" content=\"1060\" \/>\n\t<meta property=\"og:image:type\" content=\"image\/jpeg\" \/>\n<meta name=\"twitter:card\" content=\"summary_large_image\" \/>\n<meta name=\"twitter:label1\" content=\"Dur\u00e9e de lecture estim\u00e9e\" \/>\n\t<meta name=\"twitter:data1\" content=\"2 minutes\" \/>\n<script type=\"application\/ld+json\" class=\"yoast-schema-graph\">{\"@context\":\"https:\\\/\\\/schema.org\",\"@graph\":[{\"@type\":\"WebPage\",\"@id\":\"https:\\\/\\\/www.s1helmets.ca\\\/fr\\\/produit\\\/doublures-de-grandeur-en-tissu-molleton-pour-casque-s1\\\/\",\"url\":\"https:\\\/\\\/www.s1helmets.ca\\\/fr\\\/produit\\\/doublures-de-grandeur-en-tissu-molleton-pour-casque-s1\\\/\",\"name\":\"Doublures de Grandeur en Tissu Molleton pour Casque S1 - S1 Helmets Canada\",\"isPartOf\":{\"@id\":\"https:\\\/\\\/www.s1helmets.ca\\\/fr\\\/#website\"},\"primaryImageOfPage\":{\"@id\":\"https:\\\/\\\/www.s1helmets.ca\\\/fr\\\/produit\\\/doublures-de-grandeur-en-tissu-molleton-pour-casque-s1\\\/#primaryimage\"},\"image\":{\"@id\":\"https:\\\/\\\/www.s1helmets.ca\\\/fr\\\/produit\\\/doublures-de-grandeur-en-tissu-molleton-pour-casque-s1\\\/#primaryimage\"},\"thumbnailUrl\":\"https:\\\/\\\/www.s1helmets.ca\\\/wp-content\\\/uploads\\\/2019\\\/03\\\/2017_3_TerryLiner_overview.jpg\",\"datePublished\":\"2019-03-19T19:19:06+00:00\",\"dateModified\":\"2026-05-07T18:07:00+00:00\",\"description\":\"Remplacez vos doublures de casque S1 Lifer par des Doublures de Grandeur en Tissu Molleton pour Casque S1 neuves, r\u00e9sistantes, lavables et absorbantes.\",\"breadcrumb\":{\"@id\":\"https:\\\/\\\/www.s1helmets.ca\\\/fr\\\/produit\\\/doublures-de-grandeur-en-tissu-molleton-pour-casque-s1\\\/#breadcrumb\"},\"inLanguage\":\"fr-FR\",\"potentialAction\":[{\"@type\":\"ReadAction\",\"target\":[\"https:\\\/\\\/www.s1helmets.ca\\\/fr\\\/produit\\\/doublures-de-grandeur-en-tissu-molleton-pour-casque-s1\\\/\"]}]},{\"@type\":\"ImageObject\",\"inLanguage\":\"fr-FR\",\"@id\":\"https:\\\/\\\/www.s1helmets.ca\\\/fr\\\/produit\\\/doublures-de-grandeur-en-tissu-molleton-pour-casque-s1\\\/#primaryimage\",\"url\":\"https:\\\/\\\/www.s1helmets.ca\\\/wp-content\\\/uploads\\\/2019\\\/03\\\/2017_3_TerryLiner_overview.jpg\",\"contentUrl\":\"https:\\\/\\\/www.s1helmets.ca\\\/wp-content\\\/uploads\\\/2019\\\/03\\\/2017_3_TerryLiner_overview.jpg\",\"width\":2000,\"height\":1060,\"caption\":\"S1 Lifer Helmet Terry Cloth Sizing Liner - Doublures de Grandeur en Tissu Molleton pour Casque S1\"},{\"@type\":\"BreadcrumbList\",\"@id\":\"https:\\\/\\\/www.s1helmets.ca\\\/fr\\\/produit\\\/doublures-de-grandeur-en-tissu-molleton-pour-casque-s1\\\/#breadcrumb\",\"itemListElement\":[{\"@type\":\"ListItem\",\"position\":1,\"name\":\"Home\",\"item\":\"https:\\\/\\\/www.s1helmets.ca\\\/fr\\\/\"},{\"@type\":\"ListItem\",\"position\":2,\"name\":\"Doublures de Grandeur en Tissu Molleton pour Casque S1\"}]},{\"@type\":\"WebSite\",\"@id\":\"https:\\\/\\\/www.s1helmets.ca\\\/fr\\\/#website\",\"url\":\"https:\\\/\\\/www.s1helmets.ca\\\/fr\\\/\",\"name\":\"S1 Helmets Canada\",\"description\":\"Roller Derby Helmet and Pads | Skate Helmets | S1 Helmets Canada\",\"potentialAction\":[{\"@type\":\"SearchAction\",\"target\":{\"@type\":\"EntryPoint\",\"urlTemplate\":\"https:\\\/\\\/www.s1helmets.ca\\\/fr\\\/?s={search_term_string}\"},\"query-input\":{\"@type\":\"PropertyValueSpecification\",\"valueRequired\":true,\"valueName\":\"search_term_string\"}}],\"inLanguage\":\"fr-FR\"}]}<\/script>\n<!-- \/ Yoast SEO plugin. -->","yoast_head_json":{"title":"Doublures de Grandeur en Tissu Molleton pour Casque S1 - S1 Helmets Canada","description":"Remplacez vos doublures de casque S1 Lifer par des Doublures de Grandeur en Tissu Molleton pour Casque S1 neuves, r\u00e9sistantes, lavables et absorbantes.","robots":{"index":"index","follow":"follow","max-snippet":"max-snippet:-1","max-image-preview":"max-image-preview:large","max-video-preview":"max-video-preview:-1"},"canonical":"https:\/\/www.s1helmets.ca\/fr\/produit\/doublures-de-grandeur-en-tissu-molleton-pour-casque-s1\/","og_locale":"fr_FR","og_type":"article","og_title":"Doublures de Grandeur en Tissu Molleton pour Casque S1 - S1 Helmets Canada","og_description":"Remplacez vos doublures de casque S1 Lifer par des Doublures de Grandeur en Tissu Molleton pour Casque S1 neuves, r\u00e9sistantes, lavables et absorbantes.","og_url":"https:\/\/www.s1helmets.ca\/fr\/produit\/doublures-de-grandeur-en-tissu-molleton-pour-casque-s1\/","og_site_name":"S1 Helmets Canada","article_modified_time":"2026-05-07T18:07:00+00:00","og_image":[{"width":2000,"height":1060,"url":"https:\/\/www.s1helmets.ca\/wp-content\/uploads\/2019\/03\/2017_3_TerryLiner_overview.jpg","type":"image\/jpeg"}],"twitter_card":"summary_large_image","twitter_misc":{"Dur\u00e9e de lecture estim\u00e9e":"2 minutes"},"schema":{"@context":"https:\/\/schema.org","@graph":[{"@type":"WebPage","@id":"https:\/\/www.s1helmets.ca\/fr\/produit\/doublures-de-grandeur-en-tissu-molleton-pour-casque-s1\/","url":"https:\/\/www.s1helmets.ca\/fr\/produit\/doublures-de-grandeur-en-tissu-molleton-pour-casque-s1\/","name":"Doublures de Grandeur en Tissu Molleton pour Casque S1 - S1 Helmets Canada","isPartOf":{"@id":"https:\/\/www.s1helmets.ca\/fr\/#website"},"primaryImageOfPage":{"@id":"https:\/\/www.s1helmets.ca\/fr\/produit\/doublures-de-grandeur-en-tissu-molleton-pour-casque-s1\/#primaryimage"},"image":{"@id":"https:\/\/www.s1helmets.ca\/fr\/produit\/doublures-de-grandeur-en-tissu-molleton-pour-casque-s1\/#primaryimage"},"thumbnailUrl":"https:\/\/www.s1helmets.ca\/wp-content\/uploads\/2019\/03\/2017_3_TerryLiner_overview.jpg","datePublished":"2019-03-19T19:19:06+00:00","dateModified":"2026-05-07T18:07:00+00:00","description":"Remplacez vos doublures de casque S1 Lifer par des Doublures de Grandeur en Tissu Molleton pour Casque S1 neuves, r\u00e9sistantes, lavables et absorbantes.","breadcrumb":{"@id":"https:\/\/www.s1helmets.ca\/fr\/produit\/doublures-de-grandeur-en-tissu-molleton-pour-casque-s1\/#breadcrumb"},"inLanguage":"fr-FR","potentialAction":[{"@type":"ReadAction","target":["https:\/\/www.s1helmets.ca\/fr\/produit\/doublures-de-grandeur-en-tissu-molleton-pour-casque-s1\/"]}]},{"@type":"ImageObject","inLanguage":"fr-FR","@id":"https:\/\/www.s1helmets.ca\/fr\/produit\/doublures-de-grandeur-en-tissu-molleton-pour-casque-s1\/#primaryimage","url":"https:\/\/www.s1helmets.ca\/wp-content\/uploads\/2019\/03\/2017_3_TerryLiner_overview.jpg","contentUrl":"https:\/\/www.s1helmets.ca\/wp-content\/uploads\/2019\/03\/2017_3_TerryLiner_overview.jpg","width":2000,"height":1060,"caption":"S1 Lifer Helmet Terry Cloth Sizing Liner - Doublures de Grandeur en Tissu Molleton pour Casque S1"},{"@type":"BreadcrumbList","@id":"https:\/\/www.s1helmets.ca\/fr\/produit\/doublures-de-grandeur-en-tissu-molleton-pour-casque-s1\/#breadcrumb","itemListElement":[{"@type":"ListItem","position":1,"name":"Home","item":"https:\/\/www.s1helmets.ca\/fr\/"},{"@type":"ListItem","position":2,"name":"Doublures de Grandeur en Tissu Molleton pour Casque S1"}]},{"@type":"WebSite","@id":"https:\/\/www.s1helmets.ca\/fr\/#website","url":"https:\/\/www.s1helmets.ca\/fr\/","name":"S1 Helmets Canada","description":"Roller Derby Helmet and Pads | Skate Helmets | S1 Helmets Canada","potentialAction":[{"@type":"SearchAction","target":{"@type":"EntryPoint","urlTemplate":"https:\/\/www.s1helmets.ca\/fr\/?s={search_term_string}"},"query-input":{"@type":"PropertyValueSpecification","valueRequired":true,"valueName":"search_term_string"}}],"inLanguage":"fr-FR"}]}},"_links":{"self":[{"href":"https:\/\/www.s1helmets.ca\/fr\/wp-json\/wp\/v2\/product\/10834","targetHints":{"allow":["GET"]}}],"collection":[{"href":"https:\/\/www.s1helmets.ca\/fr\/wp-json\/wp\/v2\/product"}],"about":[{"href":"https:\/\/www.s1helmets.ca\/fr\/wp-json\/wp\/v2\/types\/product"}],"replies":[{"embeddable":true,"href":"https:\/\/www.s1helmets.ca\/fr\/wp-json\/wp\/v2\/comments?post=10834"}],"wp:featuredmedia":[{"embeddable":true,"href":"https:\/\/www.s1helmets.ca\/fr\/wp-json\/wp\/v2\/media\/10830"}],"wp:attachment":[{"href":"https:\/\/www.s1helmets.ca\/fr\/wp-json\/wp\/v2\/media?parent=10834"}],"wp:term":[{"taxonomy":"product_brand","embeddable":true,"href":"https:\/\/www.s1helmets.ca\/fr\/wp-json\/wp\/v2\/product_brand?post=10834"},{"taxonomy":"product_cat","embeddable":true,"href":"https:\/\/www.s1helmets.ca\/fr\/wp-json\/wp\/v2\/product_cat?post=10834"},{"taxonomy":"product_tag","embeddable":true,"href":"https:\/\/www.s1helmets.ca\/fr\/wp-json\/wp\/v2\/product_tag?post=10834"}],"curies":[{"name":"wp","href":"https:\/\/api.w.org\/{rel}","templated":true}]}}