{"id":10844,"date":"2019-03-19T19:15:28","date_gmt":"2019-03-19T19:15:28","guid":{"rendered":"https:\/\/www.s1helmets.ca\/?post_type=product&#038;p=10844"},"modified":"2026-05-07T13:21:23","modified_gmt":"2026-05-07T18:21:23","slug":"doublure-de-grandeur-pour-casque-s1-lifer","status":"publish","type":"product","link":"https:\/\/www.s1helmets.ca\/fr\/produit\/doublure-de-grandeur-pour-casque-s1-lifer\/","title":{"rendered":"Doublure de Grandeur pour Casque S1 Lifer"},"content":{"rendered":"<p>Remplacez les mousses de votre casque S1 Lifer par des neuves! Les mousses de rechange pour casques S1 Lifer sont des coussinets avant et arri\u00e8re compatibles avec tous nos \u00e9tuis de casque Lifer, y compris les mod\u00e8les standard, Mini Lifer et Mega Lifer. Pour un guide complet des tailles des casques, consultez notre page \u00ab Choisir un casque \u00bb.<\/p>\n","protected":false},"excerpt":{"rendered":"Remplacez les mousses de votre casque S1 Lifer par des neuves! Les mousses de rechange pour casques S1 Lifer sont des coussinets avant et arri\u00e8re compatibles avec tous nos \u00e9tuis de casque Lifer, y compris les mod\u00e8les standard, Mini Lifer et Mega Lifer. Pour un guide complet des tailles des casques, consultez notre page \u00ab&#8230; <a class=\"view-article\" href=\"https:\/\/www.s1helmets.ca\/fr\/produit\/doublure-de-grandeur-pour-casque-s1-lifer\/\">Voir l&rsquo;article<\/a>","protected":false},"featured_media":10843,"comment_status":"open","ping_status":"closed","template":"","meta":{"_acf_changed":false},"product_brand":[],"product_cat":[232,229],"product_tag":[],"class_list":{"0":"post-10844","1":"product","2":"type-product","3":"status-publish","4":"has-post-thumbnail","6":"product_cat-doublures-de-grandeur","7":"product_cat-pieces-de-remplacement-pour-casque","9":"first","10":"instock","11":"taxable","12":"shipping-taxable","13":"purchasable","14":"product-type-variable"},"acf":[],"yoast_head":"<!-- This site is optimized with the Yoast SEO plugin v27.6 - https:\/\/yoast.com\/product\/yoast-seo-wordpress\/ -->\n<title>Doublure de Grandeur pour Casque S1 Lifer - S1 Helmets Canada<\/title>\n<meta name=\"description\" content=\"Doublure de Grandeur pour Casque S1 Lifer Remplacez les mousses de votre casque S1 Lifer par des neuves!\" \/>\n<meta name=\"robots\" content=\"index, follow, max-snippet:-1, max-image-preview:large, max-video-preview:-1\" \/>\n<link rel=\"canonical\" href=\"https:\/\/www.s1helmets.ca\/fr\/produit\/doublure-de-grandeur-pour-casque-s1-lifer\/\" \/>\n<meta property=\"og:locale\" content=\"fr_FR\" \/>\n<meta property=\"og:type\" content=\"article\" \/>\n<meta property=\"og:title\" content=\"Doublure de Grandeur pour Casque S1 Lifer - S1 Helmets Canada\" \/>\n<meta property=\"og:description\" content=\"Doublure de Grandeur pour Casque S1 Lifer Remplacez les mousses de votre casque S1 Lifer par des neuves!\" \/>\n<meta property=\"og:url\" content=\"https:\/\/www.s1helmets.ca\/fr\/produit\/doublure-de-grandeur-pour-casque-s1-lifer\/\" \/>\n<meta property=\"og:site_name\" content=\"S1 Helmets Canada\" \/>\n<meta property=\"article:modified_time\" content=\"2026-05-07T18:21:23+00:00\" \/>\n<meta property=\"og:image\" content=\"https:\/\/www.s1helmets.ca\/wp-content\/uploads\/2019\/03\/Lifer_Liners.jpg\" \/>\n\t<meta property=\"og:image:width\" content=\"3000\" \/>\n\t<meta property=\"og:image:height\" content=\"2000\" \/>\n\t<meta property=\"og:image:type\" content=\"image\/jpeg\" \/>\n<meta name=\"twitter:card\" content=\"summary_large_image\" \/>\n<meta name=\"twitter:label1\" content=\"Dur\u00e9e de lecture estim\u00e9e\" \/>\n\t<meta name=\"twitter:data1\" content=\"1 minute\" \/>\n<script type=\"application\/ld+json\" class=\"yoast-schema-graph\">{\"@context\":\"https:\\\/\\\/schema.org\",\"@graph\":[{\"@type\":\"WebPage\",\"@id\":\"https:\\\/\\\/www.s1helmets.ca\\\/fr\\\/produit\\\/doublure-de-grandeur-pour-casque-s1-lifer\\\/\",\"url\":\"https:\\\/\\\/www.s1helmets.ca\\\/fr\\\/produit\\\/doublure-de-grandeur-pour-casque-s1-lifer\\\/\",\"name\":\"Doublure de Grandeur pour Casque S1 Lifer - S1 Helmets Canada\",\"isPartOf\":{\"@id\":\"https:\\\/\\\/www.s1helmets.ca\\\/fr\\\/#website\"},\"primaryImageOfPage\":{\"@id\":\"https:\\\/\\\/www.s1helmets.ca\\\/fr\\\/produit\\\/doublure-de-grandeur-pour-casque-s1-lifer\\\/#primaryimage\"},\"image\":{\"@id\":\"https:\\\/\\\/www.s1helmets.ca\\\/fr\\\/produit\\\/doublure-de-grandeur-pour-casque-s1-lifer\\\/#primaryimage\"},\"thumbnailUrl\":\"https:\\\/\\\/www.s1helmets.ca\\\/wp-content\\\/uploads\\\/2019\\\/03\\\/Lifer_Liners.jpg\",\"datePublished\":\"2019-03-19T19:15:28+00:00\",\"dateModified\":\"2026-05-07T18:21:23+00:00\",\"description\":\"Doublure de Grandeur pour Casque S1 Lifer Remplacez les mousses de votre casque S1 Lifer par des neuves!\",\"breadcrumb\":{\"@id\":\"https:\\\/\\\/www.s1helmets.ca\\\/fr\\\/produit\\\/doublure-de-grandeur-pour-casque-s1-lifer\\\/#breadcrumb\"},\"inLanguage\":\"fr-FR\",\"potentialAction\":[{\"@type\":\"ReadAction\",\"target\":[\"https:\\\/\\\/www.s1helmets.ca\\\/fr\\\/produit\\\/doublure-de-grandeur-pour-casque-s1-lifer\\\/\"]}]},{\"@type\":\"ImageObject\",\"inLanguage\":\"fr-FR\",\"@id\":\"https:\\\/\\\/www.s1helmets.ca\\\/fr\\\/produit\\\/doublure-de-grandeur-pour-casque-s1-lifer\\\/#primaryimage\",\"url\":\"https:\\\/\\\/www.s1helmets.ca\\\/wp-content\\\/uploads\\\/2019\\\/03\\\/Lifer_Liners.jpg\",\"contentUrl\":\"https:\\\/\\\/www.s1helmets.ca\\\/wp-content\\\/uploads\\\/2019\\\/03\\\/Lifer_Liners.jpg\",\"width\":3000,\"height\":2000},{\"@type\":\"BreadcrumbList\",\"@id\":\"https:\\\/\\\/www.s1helmets.ca\\\/fr\\\/produit\\\/doublure-de-grandeur-pour-casque-s1-lifer\\\/#breadcrumb\",\"itemListElement\":[{\"@type\":\"ListItem\",\"position\":1,\"name\":\"Home\",\"item\":\"https:\\\/\\\/www.s1helmets.ca\\\/fr\\\/\"},{\"@type\":\"ListItem\",\"position\":2,\"name\":\"Doublure de Grandeur pour Casque S1 Lifer\"}]},{\"@type\":\"WebSite\",\"@id\":\"https:\\\/\\\/www.s1helmets.ca\\\/fr\\\/#website\",\"url\":\"https:\\\/\\\/www.s1helmets.ca\\\/fr\\\/\",\"name\":\"S1 Helmets Canada\",\"description\":\"Roller Derby Helmet and Pads | Skate Helmets | S1 Helmets Canada\",\"potentialAction\":[{\"@type\":\"SearchAction\",\"target\":{\"@type\":\"EntryPoint\",\"urlTemplate\":\"https:\\\/\\\/www.s1helmets.ca\\\/fr\\\/?s={search_term_string}\"},\"query-input\":{\"@type\":\"PropertyValueSpecification\",\"valueRequired\":true,\"valueName\":\"search_term_string\"}}],\"inLanguage\":\"fr-FR\"}]}<\/script>\n<!-- \/ Yoast SEO plugin. -->","yoast_head_json":{"title":"Doublure de Grandeur pour Casque S1 Lifer - S1 Helmets Canada","description":"Doublure de Grandeur pour Casque S1 Lifer Remplacez les mousses de votre casque S1 Lifer par des neuves!","robots":{"index":"index","follow":"follow","max-snippet":"max-snippet:-1","max-image-preview":"max-image-preview:large","max-video-preview":"max-video-preview:-1"},"canonical":"https:\/\/www.s1helmets.ca\/fr\/produit\/doublure-de-grandeur-pour-casque-s1-lifer\/","og_locale":"fr_FR","og_type":"article","og_title":"Doublure de Grandeur pour Casque S1 Lifer - S1 Helmets Canada","og_description":"Doublure de Grandeur pour Casque S1 Lifer Remplacez les mousses de votre casque S1 Lifer par des neuves!","og_url":"https:\/\/www.s1helmets.ca\/fr\/produit\/doublure-de-grandeur-pour-casque-s1-lifer\/","og_site_name":"S1 Helmets Canada","article_modified_time":"2026-05-07T18:21:23+00:00","og_image":[{"width":3000,"height":2000,"url":"https:\/\/www.s1helmets.ca\/wp-content\/uploads\/2019\/03\/Lifer_Liners.jpg","type":"image\/jpeg"}],"twitter_card":"summary_large_image","twitter_misc":{"Dur\u00e9e de lecture estim\u00e9e":"1 minute"},"schema":{"@context":"https:\/\/schema.org","@graph":[{"@type":"WebPage","@id":"https:\/\/www.s1helmets.ca\/fr\/produit\/doublure-de-grandeur-pour-casque-s1-lifer\/","url":"https:\/\/www.s1helmets.ca\/fr\/produit\/doublure-de-grandeur-pour-casque-s1-lifer\/","name":"Doublure de Grandeur pour Casque S1 Lifer - S1 Helmets Canada","isPartOf":{"@id":"https:\/\/www.s1helmets.ca\/fr\/#website"},"primaryImageOfPage":{"@id":"https:\/\/www.s1helmets.ca\/fr\/produit\/doublure-de-grandeur-pour-casque-s1-lifer\/#primaryimage"},"image":{"@id":"https:\/\/www.s1helmets.ca\/fr\/produit\/doublure-de-grandeur-pour-casque-s1-lifer\/#primaryimage"},"thumbnailUrl":"https:\/\/www.s1helmets.ca\/wp-content\/uploads\/2019\/03\/Lifer_Liners.jpg","datePublished":"2019-03-19T19:15:28+00:00","dateModified":"2026-05-07T18:21:23+00:00","description":"Doublure de Grandeur pour Casque S1 Lifer Remplacez les mousses de votre casque S1 Lifer par des neuves!","breadcrumb":{"@id":"https:\/\/www.s1helmets.ca\/fr\/produit\/doublure-de-grandeur-pour-casque-s1-lifer\/#breadcrumb"},"inLanguage":"fr-FR","potentialAction":[{"@type":"ReadAction","target":["https:\/\/www.s1helmets.ca\/fr\/produit\/doublure-de-grandeur-pour-casque-s1-lifer\/"]}]},{"@type":"ImageObject","inLanguage":"fr-FR","@id":"https:\/\/www.s1helmets.ca\/fr\/produit\/doublure-de-grandeur-pour-casque-s1-lifer\/#primaryimage","url":"https:\/\/www.s1helmets.ca\/wp-content\/uploads\/2019\/03\/Lifer_Liners.jpg","contentUrl":"https:\/\/www.s1helmets.ca\/wp-content\/uploads\/2019\/03\/Lifer_Liners.jpg","width":3000,"height":2000},{"@type":"BreadcrumbList","@id":"https:\/\/www.s1helmets.ca\/fr\/produit\/doublure-de-grandeur-pour-casque-s1-lifer\/#breadcrumb","itemListElement":[{"@type":"ListItem","position":1,"name":"Home","item":"https:\/\/www.s1helmets.ca\/fr\/"},{"@type":"ListItem","position":2,"name":"Doublure de Grandeur pour Casque S1 Lifer"}]},{"@type":"WebSite","@id":"https:\/\/www.s1helmets.ca\/fr\/#website","url":"https:\/\/www.s1helmets.ca\/fr\/","name":"S1 Helmets Canada","description":"Roller Derby Helmet and Pads | Skate Helmets | S1 Helmets Canada","potentialAction":[{"@type":"SearchAction","target":{"@type":"EntryPoint","urlTemplate":"https:\/\/www.s1helmets.ca\/fr\/?s={search_term_string}"},"query-input":{"@type":"PropertyValueSpecification","valueRequired":true,"valueName":"search_term_string"}}],"inLanguage":"fr-FR"}]}},"_links":{"self":[{"href":"https:\/\/www.s1helmets.ca\/fr\/wp-json\/wp\/v2\/product\/10844","targetHints":{"allow":["GET"]}}],"collection":[{"href":"https:\/\/www.s1helmets.ca\/fr\/wp-json\/wp\/v2\/product"}],"about":[{"href":"https:\/\/www.s1helmets.ca\/fr\/wp-json\/wp\/v2\/types\/product"}],"replies":[{"embeddable":true,"href":"https:\/\/www.s1helmets.ca\/fr\/wp-json\/wp\/v2\/comments?post=10844"}],"wp:featuredmedia":[{"embeddable":true,"href":"https:\/\/www.s1helmets.ca\/fr\/wp-json\/wp\/v2\/media\/10843"}],"wp:attachment":[{"href":"https:\/\/www.s1helmets.ca\/fr\/wp-json\/wp\/v2\/media?parent=10844"}],"wp:term":[{"taxonomy":"product_brand","embeddable":true,"href":"https:\/\/www.s1helmets.ca\/fr\/wp-json\/wp\/v2\/product_brand?post=10844"},{"taxonomy":"product_cat","embeddable":true,"href":"https:\/\/www.s1helmets.ca\/fr\/wp-json\/wp\/v2\/product_cat?post=10844"},{"taxonomy":"product_tag","embeddable":true,"href":"https:\/\/www.s1helmets.ca\/fr\/wp-json\/wp\/v2\/product_tag?post=10844"}],"curies":[{"name":"wp","href":"https:\/\/api.w.org\/{rel}","templated":true}]}}