{"id":8364,"date":"2024-06-07T15:37:46","date_gmt":"2024-06-07T20:37:46","guid":{"rendered":"https:\/\/www.s1helmets.ca\/?post_type=product&#038;p=8364"},"modified":"2026-04-02T13:54:41","modified_gmt":"2026-04-02T18:54:41","slug":"casque-s1-lifer-noir-mat-vato-skull-lance-mountain","status":"publish","type":"product","link":"https:\/\/www.s1helmets.ca\/fr\/produit\/casque-s1-lifer-noir-mat-vato-skull-lance-mountain\/","title":{"rendered":"Casque S1 Lifer &#8211; Noir Mat &#8211; Vato Skull &#8211; Lance Mountain"},"content":{"rendered":"<h2><strong>Casque S1 Lifer &#8211; Noir Mat &#8211; Vato Skull &#8211; Lance Mountain Collab Skate\/V\u00e9lo Certifi\u00e9<\/strong><\/h2>\n<p>Le casque S1 Lifer &#8211; Noir mat &#8211; Vato Skull &#8211; Lance Mountain est l&rsquo;un des casques les plus confortables et les plus s\u00e9curitaires sur le march\u00e9. Tous les casques S1 Lifer sont fabriqu\u00e9s en mousse EPS Fusion sp\u00e9cialement formul\u00e9e, qui prot\u00e8ge votre t\u00eate des impacts r\u00e9p\u00e9t\u00e9s, qu&rsquo;ils soient de faible ou de forte intensit\u00e9. Ce casque b\u00e9n\u00e9ficie d&rsquo;une double certification et offre une protection jusqu&rsquo;\u00e0 5 fois sup\u00e9rieure \u00e0 celle des casques en mousse souple non certifi\u00e9s. \u00c9dition limit\u00e9e !<\/p>\n<h3><strong>Specs:<\/strong><\/h3>\n<ul>\n<li>Edition <strong>limit\u00e9e<\/strong> Noir Mat &#8211; Vato Skull &#8211; Lance Mountain Collab Graphique\u00a0imprim\u00e9,<\/li>\n<li>Mousse Fusionn\u00e9e EPS sp\u00e9cialement formul\u00e9e,<\/li>\n<li>Certifi\u00e9 Multi-Impact <strong>ASTM F-1492-15: Test de conformit\u00e9 pour les casques de Skate et de Patin \u00e0 Roulettes,<\/strong><\/li>\n<li>Certifi\u00e9 \u00e0 Impact \u00e9lev\u00e9 <strong>CPSC 16 CFR Part 1203: Test de conformit\u00e9 pour les casques de V\u00e9lo &amp; de Skate,<\/strong><\/li>\n<li>5x plus protecteur que les casques de skate en mousse souple Non Certifi\u00e9,<\/li>\n<li>Conception de l&rsquo;ajustement de la profondeur du casque.<\/li>\n<\/ul>\n<h3><\/h3>\n<h3>Certifications\u00a0:<\/h3>\n<ul>\n<li>Certifi\u00e9<strong> Multi-impacts<\/strong> (Tests de conformit\u00e9 <strong>ASTM F-1492-15<\/strong> pour les casques de skate et de patins \u00e0 roulettes),<\/li>\n<li>Certifi\u00e9 <strong>Impact \u00c9lev\u00e9<\/strong> (Tests de conformit\u00e9 \u00e0 la norme <strong>CPSC 16 CFR Part 1203<\/strong> pour les casques de v\u00e9lo et de skate),<\/li>\n<li>Certifi\u00e9 <strong>Skate et V\u00e9lo<\/strong> (Tests de conformit\u00e9 \u00e0 la norme <strong>AS\/NZS 2063:2020<\/strong> pour les cyclistes, les skateurs et les adeptes du patin \u00e0 roulettes).<\/li>\n<\/ul>\n<p>* Le casque S1 Lifer est certifi\u00e9 pour les utilisateurs de v\u00e9los \u00e9lectriques jusqu&rsquo;\u00e0 24 km\/h. Pour une protection accrue, d\u00e9couvrez les casques S1 Retro Lifer E-Heelmets, certifi\u00e9s NTA 8776 pour des vitesses allant jusqu&rsquo;\u00e0 45 km\/h.<\/p>\n<p>&nbsp;<\/p>\n<h3><strong>A propos de.. :<\/strong><\/h3>\n<p>S1 a \u00e9t\u00e9 pionnier dans les normes de s\u00e9curit\u00e9 des casques au cours des vingt derni\u00e8res ann\u00e9es. Le casque S1 Lifer est reconnu comme l&rsquo;un des casques de planche \u00e0 roulettes les plus s\u00fbrs et de meilleure qualit\u00e9 au monde. Au cours des 10 derni\u00e8res ann\u00e9es, le Casque S1 Lifer a acquis la r\u00e9putation d&rsquo;\u00eatre le casque double certifi\u00e9 le plus vendu aux \u00c9tats-Unis.<\/p>\n<p>Que vous fassiez du v\u00e9lo dans la rue ou que vous rouliez au skatepark local, le casque S1 Lifer est test\u00e9 et approuv\u00e9 pour aider \u00e0 disperser l&rsquo;\u00e9nergie loin de votre t\u00eate en cas d&rsquo;accident.<\/p>\n<p>L\u00e9g\u00e8ret\u00e9 + Bon ajustement + CPSC Certified + Approuv\u00e9 par les Pros =\u00a0<strong>S1 Lifer Helmet<\/strong><\/p>\n<h3><\/h3>\n<h3><strong>T\u00e9moignages : <\/strong><\/h3>\n<p><em>\u00ab J&rsquo;adore le S1 Lifer . Confort, ajustement et protection : il coche toutes les cases. \u00bb<\/em> &#8211; Lady Trample | Patin \u00e0 Roulettes | Co-Fondatrice CIB | @ladytrample<\/p>\n<p><em>\u00ab Le casque S1 Lifer est le seul casque que je porte. Et mes enfants le portent aussi. \u00bb<\/em> &#8211; Gary Young | Professionnel de BMX | @garybyoung<\/p>\n<p><em>\u00ab L\u00e9g\u00e8ret\u00e9. Certifi\u00e9. Confortable. Il s&rsquo;adapte parfaitement \u00e0 ma t\u00eate! C&rsquo;est le seul casque certifi\u00e9 que je porterai. Le meilleur casque de trottinette sur le march\u00e9. \u00bb<\/em> &#8211; Raymond Warner | Trottinettiste Professionnel | @raymondwarner<\/p>\n<p><em>\u00ab Le S1 Lifer est le seul casque que je porte. \u00c0 mon avis, c&rsquo;est le casque de skate le mieux ajust\u00e9, le plus s\u00fbr et le plus confortable sur le march\u00e9. \u00bb<\/em> -Heimana Reynolds | Skateboardeur Professionnel | Olympien | @heimanareynolds<\/p>\n<p><em>\u00ab S1 est sans conteste le meilleur fabricant de casques et de protections. \u00bb<\/em> -Darren Navarrette | Skateboarder professionnel | @navs5000<\/p>\n<p><strong>Cliquer<a href=\"https:\/\/www.s1helmets.ca\/wp-content\/uploads\/2023\/07\/FushionFoam_Short_Tube.mp4\"> ici<\/a> lire d&rsquo;autres avis sur les S1 Lifer !<\/strong><\/p>\n<h2><img loading=\"lazy\" decoding=\"async\" class=\"__mce_add_custom__\" style=\"font-size: 16px;\" src=\"https:\/\/cdn11.bigcommerce.com\/s-yn3wzm\/product_images\/uploaded_images\/2019-specsandhead-sizing-chart.jpg\" alt=\"\" width=\"1074\" height=\"1280\" \/><\/h2>\n<p>&nbsp;<\/p>\n<div>\n<div style=\"width: 900px;\" class=\"wp-video\"><video class=\"wp-video-shortcode\" id=\"video-8364-1\" width=\"900\" height=\"506\" preload=\"metadata\" controls=\"controls\"><source type=\"video\/mp4\" src=\"https:\/\/www.s1helmets.ca\/wp-content\/uploads\/2023\/07\/FushionFoam_Short_Tube.mp4?_=1\" \/><a href=\"https:\/\/www.s1helmets.ca\/wp-content\/uploads\/2023\/07\/FushionFoam_Short_Tube.mp4\">https:\/\/www.s1helmets.ca\/wp-content\/uploads\/2023\/07\/FushionFoam_Short_Tube.mp4<\/a><\/video><\/div>\n<p><iframe loading=\"lazy\" title=\"S1 Lifer Manifesto - Full Length - Open Captions\" src=\"https:\/\/player.vimeo.com\/video\/213023482?dnt=1&amp;app_id=122963\" width=\"900\" height=\"506\" frameborder=\"0\" allow=\"autoplay; fullscreen; picture-in-picture; clipboard-write; encrypted-media; web-share\" referrerpolicy=\"strict-origin-when-cross-origin\"><\/iframe><\/p>\n<p><iframe loading=\"lazy\" title=\"How To Wear Your Helmet\" src=\"https:\/\/player.vimeo.com\/video\/389598710?dnt=1&amp;app_id=122963\" width=\"900\" height=\"506\" frameborder=\"0\" allow=\"autoplay; fullscreen; picture-in-picture; clipboard-write; encrypted-media; web-share\" referrerpolicy=\"strict-origin-when-cross-origin\"><\/iframe><\/p>\n<p><iframe loading=\"lazy\" title=\"&quot;Quality Counts&quot; S1 Helmets - Batch Testing Video - 60 seconds\" src=\"https:\/\/player.vimeo.com\/video\/286826419?dnt=1&amp;app_id=122963\" width=\"900\" height=\"506\" frameborder=\"0\" allow=\"autoplay; fullscreen; picture-in-picture; clipboard-write; encrypted-media; web-share\" referrerpolicy=\"strict-origin-when-cross-origin\"><\/iframe><\/p>\n<p style=\"text-align: center;\">\n<\/div>\n","protected":false},"excerpt":{"rendered":"Casque S1 Lifer &#8211; Noir Mat &#8211; Vato Skull &#8211; Lance Mountain Collab Skate\/V\u00e9lo Certifi\u00e9 Le casque S1 Lifer &#8211; Noir mat &#8211; Vato Skull &#8211; Lance Mountain est l&rsquo;un des casques les plus confortables et les plus s\u00e9curitaires sur le march\u00e9. Tous les casques S1 Lifer sont fabriqu\u00e9s en mousse EPS Fusion sp\u00e9cialement formul\u00e9e,&#8230; <a class=\"view-article\" href=\"https:\/\/www.s1helmets.ca\/fr\/produit\/casque-s1-lifer-noir-mat-vato-skull-lance-mountain\/\">Voir l&rsquo;article<\/a>","protected":false},"featured_media":8360,"comment_status":"open","ping_status":"closed","template":"","meta":{"_acf_changed":false},"product_brand":[],"product_cat":[224,223],"product_tag":[247,246,260,254,244,221,222],"class_list":{"0":"post-8364","1":"product","2":"type-product","3":"status-publish","4":"has-post-thumbnail","6":"product_cat-casque-s1-lifer-20-5-23-5","7":"product_cat-collaborations","8":"product_tag-casque-de-bmx","9":"product_tag-casque-de-velo","10":"product_tag-casque-lifer-2","11":"product_tag-casques-2","12":"product_tag-meilleurs-casques-2","13":"product_tag-s1","14":"product_tag-s1-canada","16":"first","17":"instock","18":"taxable","19":"shipping-taxable","20":"purchasable","21":"product-type-variable"},"acf":[],"yoast_head":"<!-- This site is optimized with the Yoast SEO plugin v27.5 - https:\/\/yoast.com\/product\/yoast-seo-wordpress\/ -->\n<title>Casque S1 Lifer - Noir Mat - Vato Skull - Lance Mountain - S1 Helmets Canada<\/title>\n<meta name=\"description\" content=\"Casque S1 Lifer - Noir Mat - Vato Skull - Lance Mountain est l&#039;un des casques les plus confortables et les plus s\u00e9curitaires sur le march\u00e9.\" \/>\n<meta name=\"robots\" content=\"index, follow, max-snippet:-1, max-image-preview:large, max-video-preview:-1\" \/>\n<link rel=\"canonical\" href=\"https:\/\/www.s1helmets.ca\/fr\/produit\/casque-s1-lifer-noir-mat-vato-skull-lance-mountain\/\" \/>\n<meta property=\"og:locale\" content=\"fr_FR\" \/>\n<meta property=\"og:type\" content=\"article\" \/>\n<meta property=\"og:title\" content=\"Casque S1 Lifer - Noir Mat - Vato Skull - Lance Mountain - S1 Helmets Canada\" \/>\n<meta property=\"og:description\" content=\"Casque S1 Lifer - Noir Mat - Vato Skull - Lance Mountain est l&#039;un des casques les plus confortables et les plus s\u00e9curitaires sur le march\u00e9.\" \/>\n<meta property=\"og:url\" content=\"https:\/\/www.s1helmets.ca\/fr\/produit\/casque-s1-lifer-noir-mat-vato-skull-lance-mountain\/\" \/>\n<meta property=\"og:site_name\" content=\"S1 Helmets Canada\" \/>\n<meta property=\"article:modified_time\" content=\"2026-04-02T18:54:41+00:00\" \/>\n<meta property=\"og:image\" content=\"https:\/\/www.s1helmets.ca\/wp-content\/uploads\/2024\/06\/Lance-Mountain-34.jpg\" \/>\n\t<meta property=\"og:image:width\" content=\"1662\" \/>\n\t<meta property=\"og:image:height\" content=\"2048\" \/>\n\t<meta property=\"og:image:type\" content=\"image\/jpeg\" \/>\n<meta name=\"twitter:card\" content=\"summary_large_image\" \/>\n<meta name=\"twitter:label1\" content=\"Dur\u00e9e de lecture estim\u00e9e\" \/>\n\t<meta name=\"twitter:data1\" content=\"3 minutes\" \/>\n<script type=\"application\/ld+json\" class=\"yoast-schema-graph\">{\"@context\":\"https:\\\/\\\/schema.org\",\"@graph\":[{\"@type\":\"WebPage\",\"@id\":\"https:\\\/\\\/www.s1helmets.ca\\\/fr\\\/produit\\\/casque-s1-lifer-noir-mat-vato-skull-lance-mountain\\\/\",\"url\":\"https:\\\/\\\/www.s1helmets.ca\\\/fr\\\/produit\\\/casque-s1-lifer-noir-mat-vato-skull-lance-mountain\\\/\",\"name\":\"Casque S1 Lifer - Noir Mat - Vato Skull - Lance Mountain - S1 Helmets Canada\",\"isPartOf\":{\"@id\":\"https:\\\/\\\/www.s1helmets.ca\\\/fr\\\/#website\"},\"primaryImageOfPage\":{\"@id\":\"https:\\\/\\\/www.s1helmets.ca\\\/fr\\\/produit\\\/casque-s1-lifer-noir-mat-vato-skull-lance-mountain\\\/#primaryimage\"},\"image\":{\"@id\":\"https:\\\/\\\/www.s1helmets.ca\\\/fr\\\/produit\\\/casque-s1-lifer-noir-mat-vato-skull-lance-mountain\\\/#primaryimage\"},\"thumbnailUrl\":\"https:\\\/\\\/www.s1helmets.ca\\\/wp-content\\\/uploads\\\/2024\\\/06\\\/Lance-Mountain-34.jpg\",\"datePublished\":\"2024-06-07T20:37:46+00:00\",\"dateModified\":\"2026-04-02T18:54:41+00:00\",\"description\":\"Casque S1 Lifer - Noir Mat - Vato Skull - Lance Mountain est l'un des casques les plus confortables et les plus s\u00e9curitaires sur le march\u00e9.\",\"breadcrumb\":{\"@id\":\"https:\\\/\\\/www.s1helmets.ca\\\/fr\\\/produit\\\/casque-s1-lifer-noir-mat-vato-skull-lance-mountain\\\/#breadcrumb\"},\"inLanguage\":\"fr-FR\",\"potentialAction\":[{\"@type\":\"ReadAction\",\"target\":[\"https:\\\/\\\/www.s1helmets.ca\\\/fr\\\/produit\\\/casque-s1-lifer-noir-mat-vato-skull-lance-mountain\\\/\"]}]},{\"@type\":\"ImageObject\",\"inLanguage\":\"fr-FR\",\"@id\":\"https:\\\/\\\/www.s1helmets.ca\\\/fr\\\/produit\\\/casque-s1-lifer-noir-mat-vato-skull-lance-mountain\\\/#primaryimage\",\"url\":\"https:\\\/\\\/www.s1helmets.ca\\\/wp-content\\\/uploads\\\/2024\\\/06\\\/Lance-Mountain-34.jpg\",\"contentUrl\":\"https:\\\/\\\/www.s1helmets.ca\\\/wp-content\\\/uploads\\\/2024\\\/06\\\/Lance-Mountain-34.jpg\",\"width\":1662,\"height\":2048,\"caption\":\"S1 Lifer Helmet - Black Matte - Vato Skull - Lance Mountain\"},{\"@type\":\"BreadcrumbList\",\"@id\":\"https:\\\/\\\/www.s1helmets.ca\\\/fr\\\/produit\\\/casque-s1-lifer-noir-mat-vato-skull-lance-mountain\\\/#breadcrumb\",\"itemListElement\":[{\"@type\":\"ListItem\",\"position\":1,\"name\":\"Home\",\"item\":\"https:\\\/\\\/www.s1helmets.ca\\\/fr\\\/\"},{\"@type\":\"ListItem\",\"position\":2,\"name\":\"Casque S1 Lifer &#8211; Noir Mat &#8211; Vato Skull &#8211; Lance Mountain\"}]},{\"@type\":\"WebSite\",\"@id\":\"https:\\\/\\\/www.s1helmets.ca\\\/fr\\\/#website\",\"url\":\"https:\\\/\\\/www.s1helmets.ca\\\/fr\\\/\",\"name\":\"S1 Helmets Canada\",\"description\":\"Roller Derby Helmet and Pads | Skate Helmets | S1 Helmets Canada\",\"potentialAction\":[{\"@type\":\"SearchAction\",\"target\":{\"@type\":\"EntryPoint\",\"urlTemplate\":\"https:\\\/\\\/www.s1helmets.ca\\\/fr\\\/?s={search_term_string}\"},\"query-input\":{\"@type\":\"PropertyValueSpecification\",\"valueRequired\":true,\"valueName\":\"search_term_string\"}}],\"inLanguage\":\"fr-FR\"}]}<\/script>\n<!-- \/ Yoast SEO plugin. -->","yoast_head_json":{"title":"Casque S1 Lifer - Noir Mat - Vato Skull - Lance Mountain - S1 Helmets Canada","description":"Casque S1 Lifer - Noir Mat - Vato Skull - Lance Mountain est l'un des casques les plus confortables et les plus s\u00e9curitaires sur le march\u00e9.","robots":{"index":"index","follow":"follow","max-snippet":"max-snippet:-1","max-image-preview":"max-image-preview:large","max-video-preview":"max-video-preview:-1"},"canonical":"https:\/\/www.s1helmets.ca\/fr\/produit\/casque-s1-lifer-noir-mat-vato-skull-lance-mountain\/","og_locale":"fr_FR","og_type":"article","og_title":"Casque S1 Lifer - Noir Mat - Vato Skull - Lance Mountain - S1 Helmets Canada","og_description":"Casque S1 Lifer - Noir Mat - Vato Skull - Lance Mountain est l'un des casques les plus confortables et les plus s\u00e9curitaires sur le march\u00e9.","og_url":"https:\/\/www.s1helmets.ca\/fr\/produit\/casque-s1-lifer-noir-mat-vato-skull-lance-mountain\/","og_site_name":"S1 Helmets Canada","article_modified_time":"2026-04-02T18:54:41+00:00","og_image":[{"width":1662,"height":2048,"url":"https:\/\/www.s1helmets.ca\/wp-content\/uploads\/2024\/06\/Lance-Mountain-34.jpg","type":"image\/jpeg"}],"twitter_card":"summary_large_image","twitter_misc":{"Dur\u00e9e de lecture estim\u00e9e":"3 minutes"},"schema":{"@context":"https:\/\/schema.org","@graph":[{"@type":"WebPage","@id":"https:\/\/www.s1helmets.ca\/fr\/produit\/casque-s1-lifer-noir-mat-vato-skull-lance-mountain\/","url":"https:\/\/www.s1helmets.ca\/fr\/produit\/casque-s1-lifer-noir-mat-vato-skull-lance-mountain\/","name":"Casque S1 Lifer - Noir Mat - Vato Skull - Lance Mountain - S1 Helmets Canada","isPartOf":{"@id":"https:\/\/www.s1helmets.ca\/fr\/#website"},"primaryImageOfPage":{"@id":"https:\/\/www.s1helmets.ca\/fr\/produit\/casque-s1-lifer-noir-mat-vato-skull-lance-mountain\/#primaryimage"},"image":{"@id":"https:\/\/www.s1helmets.ca\/fr\/produit\/casque-s1-lifer-noir-mat-vato-skull-lance-mountain\/#primaryimage"},"thumbnailUrl":"https:\/\/www.s1helmets.ca\/wp-content\/uploads\/2024\/06\/Lance-Mountain-34.jpg","datePublished":"2024-06-07T20:37:46+00:00","dateModified":"2026-04-02T18:54:41+00:00","description":"Casque S1 Lifer - Noir Mat - Vato Skull - Lance Mountain est l'un des casques les plus confortables et les plus s\u00e9curitaires sur le march\u00e9.","breadcrumb":{"@id":"https:\/\/www.s1helmets.ca\/fr\/produit\/casque-s1-lifer-noir-mat-vato-skull-lance-mountain\/#breadcrumb"},"inLanguage":"fr-FR","potentialAction":[{"@type":"ReadAction","target":["https:\/\/www.s1helmets.ca\/fr\/produit\/casque-s1-lifer-noir-mat-vato-skull-lance-mountain\/"]}]},{"@type":"ImageObject","inLanguage":"fr-FR","@id":"https:\/\/www.s1helmets.ca\/fr\/produit\/casque-s1-lifer-noir-mat-vato-skull-lance-mountain\/#primaryimage","url":"https:\/\/www.s1helmets.ca\/wp-content\/uploads\/2024\/06\/Lance-Mountain-34.jpg","contentUrl":"https:\/\/www.s1helmets.ca\/wp-content\/uploads\/2024\/06\/Lance-Mountain-34.jpg","width":1662,"height":2048,"caption":"S1 Lifer Helmet - Black Matte - Vato Skull - Lance Mountain"},{"@type":"BreadcrumbList","@id":"https:\/\/www.s1helmets.ca\/fr\/produit\/casque-s1-lifer-noir-mat-vato-skull-lance-mountain\/#breadcrumb","itemListElement":[{"@type":"ListItem","position":1,"name":"Home","item":"https:\/\/www.s1helmets.ca\/fr\/"},{"@type":"ListItem","position":2,"name":"Casque S1 Lifer &#8211; Noir Mat &#8211; Vato Skull &#8211; Lance Mountain"}]},{"@type":"WebSite","@id":"https:\/\/www.s1helmets.ca\/fr\/#website","url":"https:\/\/www.s1helmets.ca\/fr\/","name":"S1 Helmets Canada","description":"Roller Derby Helmet and Pads | Skate Helmets | S1 Helmets Canada","potentialAction":[{"@type":"SearchAction","target":{"@type":"EntryPoint","urlTemplate":"https:\/\/www.s1helmets.ca\/fr\/?s={search_term_string}"},"query-input":{"@type":"PropertyValueSpecification","valueRequired":true,"valueName":"search_term_string"}}],"inLanguage":"fr-FR"}]}},"_links":{"self":[{"href":"https:\/\/www.s1helmets.ca\/fr\/wp-json\/wp\/v2\/product\/8364","targetHints":{"allow":["GET"]}}],"collection":[{"href":"https:\/\/www.s1helmets.ca\/fr\/wp-json\/wp\/v2\/product"}],"about":[{"href":"https:\/\/www.s1helmets.ca\/fr\/wp-json\/wp\/v2\/types\/product"}],"replies":[{"embeddable":true,"href":"https:\/\/www.s1helmets.ca\/fr\/wp-json\/wp\/v2\/comments?post=8364"}],"wp:featuredmedia":[{"embeddable":true,"href":"https:\/\/www.s1helmets.ca\/fr\/wp-json\/wp\/v2\/media\/8360"}],"wp:attachment":[{"href":"https:\/\/www.s1helmets.ca\/fr\/wp-json\/wp\/v2\/media?parent=8364"}],"wp:term":[{"taxonomy":"product_brand","embeddable":true,"href":"https:\/\/www.s1helmets.ca\/fr\/wp-json\/wp\/v2\/product_brand?post=8364"},{"taxonomy":"product_cat","embeddable":true,"href":"https:\/\/www.s1helmets.ca\/fr\/wp-json\/wp\/v2\/product_cat?post=8364"},{"taxonomy":"product_tag","embeddable":true,"href":"https:\/\/www.s1helmets.ca\/fr\/wp-json\/wp\/v2\/product_tag?post=8364"}],"curies":[{"name":"wp","href":"https:\/\/api.w.org\/{rel}","templated":true}]}}