{"id":8445,"date":"2019-11-18T18:20:30","date_gmt":"2019-11-18T22:20:30","guid":{"rendered":"https:\/\/www.s1helmets.ca\/?post_type=product&#038;p=8445"},"modified":"2026-03-16T13:08:41","modified_gmt":"2026-03-16T18:08:41","slug":"doublures-de-grandeur-rad","status":"publish","type":"product","link":"https:\/\/www.s1helmets.ca\/fr\/produit\/doublures-de-grandeur-rad\/","title":{"rendered":"Doublures de Grandeur RAD"},"content":{"rendered":"<h2>Doublures de Grandeur RAD<\/h2>\n<p>S1 Helmets renforce la r\u00e9duction des impacts en ajoutant une couche de protection suppl\u00e9mentaire \u00e0 votre casque. Avec notre nouvelle doublure de grandeur r\u00e9volutionnaire de r\u00e9duction des impacts, les doublures de grandeur RAD.<\/p>\n<ul>\n<li>Les doublures RAD r\u00e9duisent l&rsquo;impact en absorbant et en dispersant l&rsquo;\u00e9nergie de l&rsquo;impact loin de la t\u00eate.<\/li>\n<li>Elles servent un double objectif en agissant \u00e0 la fois comme votre doublure de grandeur de casque tout en ajoutant une couche suppl\u00e9mentaire de mousse r\u00e9duisant l&rsquo;impact \u00e0 votre casque.<\/li>\n<li>Les tests en laboratoire montrent qu&rsquo;en fonction de l&rsquo;impact, la doublure RAD r\u00e9duit l&rsquo;\u00e9nergie de l&rsquo;impact de 7,5 % \u00e0 16,5 %. Une r\u00e9duction moyenne de 12 % de l&rsquo;\u00e9nergie de l&rsquo;impact \u00e0 la t\u00eate sur l&rsquo;ensemble des doublures test\u00e9s.<\/li>\n<li>Les doublures RAD sont de la m\u00eame taille que nos doublures de grandeur standard. Elles s&rsquo;adaptent \u00e0 tous les casques S1 Lifer. Elles sont recouvertes d&rsquo;un tissu Molleton absorbant la transpiration et lavable \u00e0 la main.<\/li>\n<li>Doublures de grandeur S1 RAD. Pour un niveau de protection sup\u00e9rieur.<\/li>\n<\/ul>\n<p>&nbsp;<\/p>\n<h4><strong>****NOTE POUR GRANDEUR****<\/strong><\/h4>\n<p>Les doublures RAD sont fabriqu\u00e9s avec une couche de mousse rigide. Celle-ci absorbe les chocs. Elles ne se compriment donc pas autant que les doublures de grandeur standard ou les doublures en tissus Molleton standard. De nombreux utilisateurs choisissent de prendre une grandeur au-dessus de celle qu&rsquo;ils portent normalement. Surtout si vous \u00eates \u00e0 la limite entre deux. Si vous faites habituellement Small, par exemple, nous vous sugg\u00e9rons de commander la doublure de grandeur RAD Medium. Cependant, dans certains cas, les utilisateurs pr\u00e9f\u00e8rent rester dans leur grandeur d&rsquo;origine.<\/p>\n<p>Veuillez nous appeler ou nous envoyer un courriel pour toute question ou pr\u00e9occupation.<\/p>\n<p>&nbsp;<\/p>\n<h4><strong>Avertissement sur les doublures de grandeur RAD<\/strong><\/h4>\n<p><strong>AVERTISSEMENT :<\/strong> Les doublures de grandeur RAD S1 r\u00e9duisent le risque et la gravit\u00e9 des traumatismes cr\u00e2niens, par rapport \u00e0 l&rsquo;absence de protection de la t\u00eate. D&rsquo;\u00e9minents m\u00e9decins, docteurs et scientifiques ont conclu qu&rsquo;une r\u00e9duction de l&rsquo;\u00e9nergie de l&rsquo;impact \u00e0 la t\u00eate est en corr\u00e9lation avec une r\u00e9duction du risque de commotion c\u00e9r\u00e9brale. Un traumatisme cr\u00e2nien est toujours possible, m\u00eame avec une protection de la t\u00eate. Aucun casque ou doublures de grandeur r\u00e9duisant l&rsquo;impact ne peut emp\u00eacher les commotions c\u00e9r\u00e9brales ou \u00e9liminer compl\u00e8tement les risque de ce type de blessure.<\/p>\n<p>&nbsp;<\/p>\n<h4><strong>*** Note d&rsquo;installation ***\u00a0<\/strong><\/h4>\n<p>Si vous ajoutez ces doublures en tissu molleton dans un casque que vous avez d\u00e9j\u00e0 port\u00e9, veuillez laver les contact o\u00f9 vous pr\u00e9voyez de placer le nouveau Velcro. Nettoyer avec un chiffon humide afin d&rsquo;\u00e9liminer tout r\u00e9sidu de sueur qui aurait pu s&rsquo;accumuler \u00e0 la surface de la coque int\u00e9rieure du casque. Cela permettra au Velcro d&rsquo;adh\u00e9rer fermement \u00e0 la coque int\u00e9rieure.<\/p>\n","protected":false},"excerpt":{"rendered":"Doublures de Grandeur RAD S1 Helmets renforce la r\u00e9duction des impacts en ajoutant une couche de protection suppl\u00e9mentaire \u00e0 votre casque. Avec notre nouvelle doublure de grandeur r\u00e9volutionnaire de r\u00e9duction des impacts, les doublures de grandeur RAD. Les doublures RAD r\u00e9duisent l&rsquo;impact en absorbant et en dispersant l&rsquo;\u00e9nergie de l&rsquo;impact loin de la t\u00eate. Elles&#8230; <a class=\"view-article\" href=\"https:\/\/www.s1helmets.ca\/fr\/produit\/doublures-de-grandeur-rad\/\">Voir l&rsquo;article<\/a>","protected":false},"featured_media":8441,"comment_status":"open","ping_status":"closed","template":"","meta":{"_acf_changed":false},"product_brand":[],"product_cat":[237,224,240,239,238,223,232,229,233],"product_tag":[],"class_list":{"0":"post-8445","1":"product","2":"type-product","3":"status-publish","4":"has-post-thumbnail","6":"product_cat-casque-a-visiere-s1-lifer","7":"product_cat-casque-s1-lifer-20-5-23-5","8":"product_cat-casque-s1-mega-lifer","9":"product_cat-casque-s1-mini-lifer","10":"product_cat-casque-s1-retro-lifer","11":"product_cat-collaborations","12":"product_cat-doublures-de-grandeur","13":"product_cat-pieces-de-remplacement-pour-casque","14":"product_cat-visieres-lifer","16":"first","17":"instock","18":"taxable","19":"shipping-taxable","20":"purchasable","21":"product-type-variable"},"acf":[],"yoast_head":"<!-- This site is optimized with the Yoast SEO plugin v27.5 - https:\/\/yoast.com\/product\/yoast-seo-wordpress\/ -->\n<title>Doublures de Grandeur RAD - S1 Helmets Canada<\/title>\n<meta name=\"description\" content=\"Notre nouvelle doublure de grandeur r\u00e9volutionnaire de r\u00e9duction des impacts, les doublures de grandeur RAD!\" \/>\n<meta name=\"robots\" content=\"index, follow, max-snippet:-1, max-image-preview:large, max-video-preview:-1\" \/>\n<link rel=\"canonical\" href=\"https:\/\/www.s1helmets.ca\/fr\/produit\/doublures-de-grandeur-rad\/\" \/>\n<meta property=\"og:locale\" content=\"fr_FR\" \/>\n<meta property=\"og:type\" content=\"article\" \/>\n<meta property=\"og:title\" content=\"Doublures de Grandeur RAD - S1 Helmets Canada\" \/>\n<meta property=\"og:description\" content=\"Notre nouvelle doublure de grandeur r\u00e9volutionnaire de r\u00e9duction des impacts, les doublures de grandeur RAD!\" \/>\n<meta property=\"og:url\" content=\"https:\/\/www.s1helmets.ca\/fr\/produit\/doublures-de-grandeur-rad\/\" \/>\n<meta property=\"og:site_name\" content=\"S1 Helmets Canada\" \/>\n<meta property=\"article:modified_time\" content=\"2026-03-16T18:08:41+00:00\" \/>\n<meta property=\"og:image\" content=\"https:\/\/www.s1helmets.ca\/wp-content\/uploads\/2019\/11\/S1_RadLiners_StackOfSizes.jpg\" \/>\n\t<meta property=\"og:image:width\" content=\"2000\" \/>\n\t<meta property=\"og:image:height\" content=\"1634\" \/>\n\t<meta property=\"og:image:type\" content=\"image\/jpeg\" \/>\n<meta name=\"twitter:card\" content=\"summary_large_image\" \/>\n<meta name=\"twitter:label1\" content=\"Dur\u00e9e de lecture estim\u00e9e\" \/>\n\t<meta name=\"twitter:data1\" content=\"3 minutes\" \/>\n<script type=\"application\/ld+json\" class=\"yoast-schema-graph\">{\"@context\":\"https:\\\/\\\/schema.org\",\"@graph\":[{\"@type\":\"WebPage\",\"@id\":\"https:\\\/\\\/www.s1helmets.ca\\\/fr\\\/produit\\\/doublures-de-grandeur-rad\\\/\",\"url\":\"https:\\\/\\\/www.s1helmets.ca\\\/fr\\\/produit\\\/doublures-de-grandeur-rad\\\/\",\"name\":\"Doublures de Grandeur RAD - S1 Helmets Canada\",\"isPartOf\":{\"@id\":\"https:\\\/\\\/www.s1helmets.ca\\\/fr\\\/#website\"},\"primaryImageOfPage\":{\"@id\":\"https:\\\/\\\/www.s1helmets.ca\\\/fr\\\/produit\\\/doublures-de-grandeur-rad\\\/#primaryimage\"},\"image\":{\"@id\":\"https:\\\/\\\/www.s1helmets.ca\\\/fr\\\/produit\\\/doublures-de-grandeur-rad\\\/#primaryimage\"},\"thumbnailUrl\":\"https:\\\/\\\/www.s1helmets.ca\\\/wp-content\\\/uploads\\\/2019\\\/11\\\/S1_RadLiners_StackOfSizes.jpg\",\"datePublished\":\"2019-11-18T22:20:30+00:00\",\"dateModified\":\"2026-03-16T18:08:41+00:00\",\"description\":\"Notre nouvelle doublure de grandeur r\u00e9volutionnaire de r\u00e9duction des impacts, les doublures de grandeur RAD!\",\"breadcrumb\":{\"@id\":\"https:\\\/\\\/www.s1helmets.ca\\\/fr\\\/produit\\\/doublures-de-grandeur-rad\\\/#breadcrumb\"},\"inLanguage\":\"fr-FR\",\"potentialAction\":[{\"@type\":\"ReadAction\",\"target\":[\"https:\\\/\\\/www.s1helmets.ca\\\/fr\\\/produit\\\/doublures-de-grandeur-rad\\\/\"]}]},{\"@type\":\"ImageObject\",\"inLanguage\":\"fr-FR\",\"@id\":\"https:\\\/\\\/www.s1helmets.ca\\\/fr\\\/produit\\\/doublures-de-grandeur-rad\\\/#primaryimage\",\"url\":\"https:\\\/\\\/www.s1helmets.ca\\\/wp-content\\\/uploads\\\/2019\\\/11\\\/S1_RadLiners_StackOfSizes.jpg\",\"contentUrl\":\"https:\\\/\\\/www.s1helmets.ca\\\/wp-content\\\/uploads\\\/2019\\\/11\\\/S1_RadLiners_StackOfSizes.jpg\",\"width\":2000,\"height\":1634,\"caption\":\"Doublures de grandeur RAD\"},{\"@type\":\"BreadcrumbList\",\"@id\":\"https:\\\/\\\/www.s1helmets.ca\\\/fr\\\/produit\\\/doublures-de-grandeur-rad\\\/#breadcrumb\",\"itemListElement\":[{\"@type\":\"ListItem\",\"position\":1,\"name\":\"Home\",\"item\":\"https:\\\/\\\/www.s1helmets.ca\\\/fr\\\/\"},{\"@type\":\"ListItem\",\"position\":2,\"name\":\"Doublures de Grandeur RAD\"}]},{\"@type\":\"WebSite\",\"@id\":\"https:\\\/\\\/www.s1helmets.ca\\\/fr\\\/#website\",\"url\":\"https:\\\/\\\/www.s1helmets.ca\\\/fr\\\/\",\"name\":\"S1 Helmets Canada\",\"description\":\"Roller Derby Helmet and Pads | Skate Helmets | S1 Helmets Canada\",\"potentialAction\":[{\"@type\":\"SearchAction\",\"target\":{\"@type\":\"EntryPoint\",\"urlTemplate\":\"https:\\\/\\\/www.s1helmets.ca\\\/fr\\\/?s={search_term_string}\"},\"query-input\":{\"@type\":\"PropertyValueSpecification\",\"valueRequired\":true,\"valueName\":\"search_term_string\"}}],\"inLanguage\":\"fr-FR\"}]}<\/script>\n<!-- \/ Yoast SEO plugin. -->","yoast_head_json":{"title":"Doublures de Grandeur RAD - S1 Helmets Canada","description":"Notre nouvelle doublure de grandeur r\u00e9volutionnaire de r\u00e9duction des impacts, les doublures de grandeur RAD!","robots":{"index":"index","follow":"follow","max-snippet":"max-snippet:-1","max-image-preview":"max-image-preview:large","max-video-preview":"max-video-preview:-1"},"canonical":"https:\/\/www.s1helmets.ca\/fr\/produit\/doublures-de-grandeur-rad\/","og_locale":"fr_FR","og_type":"article","og_title":"Doublures de Grandeur RAD - S1 Helmets Canada","og_description":"Notre nouvelle doublure de grandeur r\u00e9volutionnaire de r\u00e9duction des impacts, les doublures de grandeur RAD!","og_url":"https:\/\/www.s1helmets.ca\/fr\/produit\/doublures-de-grandeur-rad\/","og_site_name":"S1 Helmets Canada","article_modified_time":"2026-03-16T18:08:41+00:00","og_image":[{"width":2000,"height":1634,"url":"https:\/\/www.s1helmets.ca\/wp-content\/uploads\/2019\/11\/S1_RadLiners_StackOfSizes.jpg","type":"image\/jpeg"}],"twitter_card":"summary_large_image","twitter_misc":{"Dur\u00e9e de lecture estim\u00e9e":"3 minutes"},"schema":{"@context":"https:\/\/schema.org","@graph":[{"@type":"WebPage","@id":"https:\/\/www.s1helmets.ca\/fr\/produit\/doublures-de-grandeur-rad\/","url":"https:\/\/www.s1helmets.ca\/fr\/produit\/doublures-de-grandeur-rad\/","name":"Doublures de Grandeur RAD - S1 Helmets Canada","isPartOf":{"@id":"https:\/\/www.s1helmets.ca\/fr\/#website"},"primaryImageOfPage":{"@id":"https:\/\/www.s1helmets.ca\/fr\/produit\/doublures-de-grandeur-rad\/#primaryimage"},"image":{"@id":"https:\/\/www.s1helmets.ca\/fr\/produit\/doublures-de-grandeur-rad\/#primaryimage"},"thumbnailUrl":"https:\/\/www.s1helmets.ca\/wp-content\/uploads\/2019\/11\/S1_RadLiners_StackOfSizes.jpg","datePublished":"2019-11-18T22:20:30+00:00","dateModified":"2026-03-16T18:08:41+00:00","description":"Notre nouvelle doublure de grandeur r\u00e9volutionnaire de r\u00e9duction des impacts, les doublures de grandeur RAD!","breadcrumb":{"@id":"https:\/\/www.s1helmets.ca\/fr\/produit\/doublures-de-grandeur-rad\/#breadcrumb"},"inLanguage":"fr-FR","potentialAction":[{"@type":"ReadAction","target":["https:\/\/www.s1helmets.ca\/fr\/produit\/doublures-de-grandeur-rad\/"]}]},{"@type":"ImageObject","inLanguage":"fr-FR","@id":"https:\/\/www.s1helmets.ca\/fr\/produit\/doublures-de-grandeur-rad\/#primaryimage","url":"https:\/\/www.s1helmets.ca\/wp-content\/uploads\/2019\/11\/S1_RadLiners_StackOfSizes.jpg","contentUrl":"https:\/\/www.s1helmets.ca\/wp-content\/uploads\/2019\/11\/S1_RadLiners_StackOfSizes.jpg","width":2000,"height":1634,"caption":"Doublures de grandeur RAD"},{"@type":"BreadcrumbList","@id":"https:\/\/www.s1helmets.ca\/fr\/produit\/doublures-de-grandeur-rad\/#breadcrumb","itemListElement":[{"@type":"ListItem","position":1,"name":"Home","item":"https:\/\/www.s1helmets.ca\/fr\/"},{"@type":"ListItem","position":2,"name":"Doublures de Grandeur RAD"}]},{"@type":"WebSite","@id":"https:\/\/www.s1helmets.ca\/fr\/#website","url":"https:\/\/www.s1helmets.ca\/fr\/","name":"S1 Helmets Canada","description":"Roller Derby Helmet and Pads | Skate Helmets | S1 Helmets Canada","potentialAction":[{"@type":"SearchAction","target":{"@type":"EntryPoint","urlTemplate":"https:\/\/www.s1helmets.ca\/fr\/?s={search_term_string}"},"query-input":{"@type":"PropertyValueSpecification","valueRequired":true,"valueName":"search_term_string"}}],"inLanguage":"fr-FR"}]}},"_links":{"self":[{"href":"https:\/\/www.s1helmets.ca\/fr\/wp-json\/wp\/v2\/product\/8445","targetHints":{"allow":["GET"]}}],"collection":[{"href":"https:\/\/www.s1helmets.ca\/fr\/wp-json\/wp\/v2\/product"}],"about":[{"href":"https:\/\/www.s1helmets.ca\/fr\/wp-json\/wp\/v2\/types\/product"}],"replies":[{"embeddable":true,"href":"https:\/\/www.s1helmets.ca\/fr\/wp-json\/wp\/v2\/comments?post=8445"}],"wp:featuredmedia":[{"embeddable":true,"href":"https:\/\/www.s1helmets.ca\/fr\/wp-json\/wp\/v2\/media\/8441"}],"wp:attachment":[{"href":"https:\/\/www.s1helmets.ca\/fr\/wp-json\/wp\/v2\/media?parent=8445"}],"wp:term":[{"taxonomy":"product_brand","embeddable":true,"href":"https:\/\/www.s1helmets.ca\/fr\/wp-json\/wp\/v2\/product_brand?post=8445"},{"taxonomy":"product_cat","embeddable":true,"href":"https:\/\/www.s1helmets.ca\/fr\/wp-json\/wp\/v2\/product_cat?post=8445"},{"taxonomy":"product_tag","embeddable":true,"href":"https:\/\/www.s1helmets.ca\/fr\/wp-json\/wp\/v2\/product_tag?post=8445"}],"curies":[{"name":"wp","href":"https:\/\/api.w.org\/{rel}","templated":true}]}}