{"id":8492,"date":"2019-03-29T17:50:15","date_gmt":"2019-03-29T22:50:15","guid":{"rendered":"https:\/\/www.s1helmets.ca\/?post_type=product&#038;p=8492"},"modified":"2026-03-16T11:47:02","modified_gmt":"2026-03-16T16:47:02","slug":"doublures-de-grandeur-large-en-tissu-molleton-pour-casque-s1","status":"publish","type":"product","link":"https:\/\/www.s1helmets.ca\/fr\/produit\/doublures-de-grandeur-large-en-tissu-molleton-pour-casque-s1\/","title":{"rendered":"Doublures de Grandeur Large en Tissu Molleton pour Casque S1"},"content":{"rendered":"<h2>Doublures de Grandeur Large en Tissu Molleton pour Casque S1<\/h2>\n<p>Remplacez votre doublure de grandeur r\u00e9guli\u00e8re par des Doublures de Grandeur Large en Tissu Molleton pour Casque S1. Frais, durable, lavable et absorbant.<\/p>\n<p>La Doublure de grandeur en Tissu Molleton pour Casque S1 est une doublure de rechange en molleton cousue. Le tissu Molleton est cousu sur la doublure, scell\u00e9 aux extr\u00e9mit\u00e9s et couvre l&rsquo;avant et l&rsquo;arri\u00e8re de la doublure. C&rsquo;est ce qui la rend plus durable et lui permet de ne pas se d\u00e9grader aussi rapidement que la doublure de grandeur r\u00e9guli\u00e8re S1.<\/p>\n<p>En plus d&rsquo;\u00eatre lavable, le tissu molleton aide \u00e0 absorber la transpiration. Nous recommandons de rincer la doublure \u00e0 l&rsquo;eau froide avec ou sans savon l\u00e9ger. Essorer et de la faire s\u00e9cher \u00e0 l&rsquo;air libre.<\/p>\n<p>La grandeur de la doublure de grandeur large en tissu molleton S1 est exactement la m\u00eame que la doublure de grandeur standard. Elle est compatible avec toutes les coques de casque S1. Pour conna\u00eetre la gamme de grandeur compl\u00e8te de nos casques, rendez-vous sur la page Choisissez un casque.<\/p>\n<p>L&rsquo;ensemble de doublure de grandeur large en Tissu Molleton est livr\u00e9 avec la doublure arri\u00e8re et avant et les Velcro pour les attacher \u00e0 l&rsquo;int\u00e9rieur.<\/p>\n<h4><\/h4>\n<h4>*** Note d&rsquo;installation ***<\/h4>\n<p>Si vous ajoutez ces doublure en tissu molleton \u00e0 un casque que vous avez d\u00e9j\u00e0 port\u00e9, veuillez nettoyer les contact o\u00f9 vous pr\u00e9voyez placer le nouveau Velcro. \u00c0 l&rsquo;aide d&rsquo;un chiffon humide \u00e9liminer tout r\u00e9sidu de sueur qui aurait pu s&rsquo;accumuler \u00e0 la surface de la coque int\u00e9rieure du casque. Cela permettra au Velcro d&rsquo;adh\u00e9rer fermement \u00e0 la coque int\u00e9rieure.<\/p>\n","protected":false},"excerpt":{"rendered":"Doublures de Grandeur Large en Tissu Molleton pour Casque S1 Remplacez votre doublure de grandeur r\u00e9guli\u00e8re par des Doublures de Grandeur Large en Tissu Molleton pour Casque S1. Frais, durable, lavable et absorbant. La Doublure de grandeur en Tissu Molleton pour Casque S1 est une doublure de rechange en molleton cousue. Le tissu Molleton est&#8230; <a class=\"view-article\" href=\"https:\/\/www.s1helmets.ca\/fr\/produit\/doublures-de-grandeur-large-en-tissu-molleton-pour-casque-s1\/\">Voir l&rsquo;article<\/a>","protected":false},"featured_media":8487,"comment_status":"open","ping_status":"closed","template":"","meta":{"_acf_changed":false},"product_brand":[],"product_cat":[237,224,240,239,238,223,232,229,233],"product_tag":[],"class_list":{"0":"post-8492","1":"product","2":"type-product","3":"status-publish","4":"has-post-thumbnail","6":"product_cat-casque-a-visiere-s1-lifer","7":"product_cat-casque-s1-lifer-20-5-23-5","8":"product_cat-casque-s1-mega-lifer","9":"product_cat-casque-s1-mini-lifer","10":"product_cat-casque-s1-retro-lifer","11":"product_cat-collaborations","12":"product_cat-doublures-de-grandeur","13":"product_cat-pieces-de-remplacement-pour-casque","14":"product_cat-visieres-lifer","16":"first","17":"instock","18":"taxable","19":"shipping-taxable","20":"purchasable","21":"product-type-variable"},"acf":[],"yoast_head":"<!-- This site is optimized with the Yoast SEO plugin v27.5 - https:\/\/yoast.com\/product\/yoast-seo-wordpress\/ -->\n<title>Doublures de Grandeur Large en Tissu Molleton pour Casque S1 - S1 Helmets Canada<\/title>\n<meta name=\"description\" content=\"Doublures de Grandeur Large en Tissu Molleton pour Casque S1 est une doublure de rechange en molleton cousue pour le casque S1\" \/>\n<meta name=\"robots\" content=\"index, follow, max-snippet:-1, max-image-preview:large, max-video-preview:-1\" \/>\n<link rel=\"canonical\" href=\"https:\/\/www.s1helmets.ca\/fr\/produit\/doublures-de-grandeur-large-en-tissu-molleton-pour-casque-s1\/\" \/>\n<meta property=\"og:locale\" content=\"fr_FR\" \/>\n<meta property=\"og:type\" content=\"article\" \/>\n<meta property=\"og:title\" content=\"Doublures de Grandeur Large en Tissu Molleton pour Casque S1 - S1 Helmets Canada\" \/>\n<meta property=\"og:description\" content=\"Doublures de Grandeur Large en Tissu Molleton pour Casque S1 est une doublure de rechange en molleton cousue pour le casque S1\" \/>\n<meta property=\"og:url\" content=\"https:\/\/www.s1helmets.ca\/fr\/produit\/doublures-de-grandeur-large-en-tissu-molleton-pour-casque-s1\/\" \/>\n<meta property=\"og:site_name\" content=\"S1 Helmets Canada\" \/>\n<meta property=\"article:modified_time\" content=\"2026-03-16T16:47:02+00:00\" \/>\n<meta property=\"og:image\" content=\"https:\/\/www.s1helmets.ca\/wp-content\/uploads\/2019\/03\/Liner_Grey_Top-and-Bottom__87864.1525890490.jpg\" \/>\n\t<meta property=\"og:image:width\" content=\"1\" \/>\n\t<meta property=\"og:image:height\" content=\"1\" \/>\n\t<meta property=\"og:image:type\" content=\"image\/jpeg\" \/>\n<meta name=\"twitter:card\" content=\"summary_large_image\" \/>\n<meta name=\"twitter:label1\" content=\"Dur\u00e9e de lecture estim\u00e9e\" \/>\n\t<meta name=\"twitter:data1\" content=\"2 minutes\" \/>\n<script type=\"application\/ld+json\" class=\"yoast-schema-graph\">{\"@context\":\"https:\\\/\\\/schema.org\",\"@graph\":[{\"@type\":\"WebPage\",\"@id\":\"https:\\\/\\\/www.s1helmets.ca\\\/fr\\\/produit\\\/doublures-de-grandeur-large-en-tissu-molleton-pour-casque-s1\\\/\",\"url\":\"https:\\\/\\\/www.s1helmets.ca\\\/fr\\\/produit\\\/doublures-de-grandeur-large-en-tissu-molleton-pour-casque-s1\\\/\",\"name\":\"Doublures de Grandeur Large en Tissu Molleton pour Casque S1 - S1 Helmets Canada\",\"isPartOf\":{\"@id\":\"https:\\\/\\\/www.s1helmets.ca\\\/fr\\\/#website\"},\"primaryImageOfPage\":{\"@id\":\"https:\\\/\\\/www.s1helmets.ca\\\/fr\\\/produit\\\/doublures-de-grandeur-large-en-tissu-molleton-pour-casque-s1\\\/#primaryimage\"},\"image\":{\"@id\":\"https:\\\/\\\/www.s1helmets.ca\\\/fr\\\/produit\\\/doublures-de-grandeur-large-en-tissu-molleton-pour-casque-s1\\\/#primaryimage\"},\"thumbnailUrl\":\"https:\\\/\\\/www.s1helmets.ca\\\/wp-content\\\/uploads\\\/2019\\\/03\\\/Liner_Grey_Top-and-Bottom__87864.1525890490.jpg\",\"datePublished\":\"2019-03-29T22:50:15+00:00\",\"dateModified\":\"2026-03-16T16:47:02+00:00\",\"description\":\"Doublures de Grandeur Large en Tissu Molleton pour Casque S1 est une doublure de rechange en molleton cousue pour le casque S1\",\"breadcrumb\":{\"@id\":\"https:\\\/\\\/www.s1helmets.ca\\\/fr\\\/produit\\\/doublures-de-grandeur-large-en-tissu-molleton-pour-casque-s1\\\/#breadcrumb\"},\"inLanguage\":\"fr-FR\",\"potentialAction\":[{\"@type\":\"ReadAction\",\"target\":[\"https:\\\/\\\/www.s1helmets.ca\\\/fr\\\/produit\\\/doublures-de-grandeur-large-en-tissu-molleton-pour-casque-s1\\\/\"]}]},{\"@type\":\"ImageObject\",\"inLanguage\":\"fr-FR\",\"@id\":\"https:\\\/\\\/www.s1helmets.ca\\\/fr\\\/produit\\\/doublures-de-grandeur-large-en-tissu-molleton-pour-casque-s1\\\/#primaryimage\",\"url\":\"https:\\\/\\\/www.s1helmets.ca\\\/wp-content\\\/uploads\\\/2019\\\/03\\\/Liner_Grey_Top-and-Bottom__87864.1525890490.jpg\",\"contentUrl\":\"https:\\\/\\\/www.s1helmets.ca\\\/wp-content\\\/uploads\\\/2019\\\/03\\\/Liner_Grey_Top-and-Bottom__87864.1525890490.jpg\",\"caption\":\"Wide Terry Cloth sizing liners\"},{\"@type\":\"BreadcrumbList\",\"@id\":\"https:\\\/\\\/www.s1helmets.ca\\\/fr\\\/produit\\\/doublures-de-grandeur-large-en-tissu-molleton-pour-casque-s1\\\/#breadcrumb\",\"itemListElement\":[{\"@type\":\"ListItem\",\"position\":1,\"name\":\"Home\",\"item\":\"https:\\\/\\\/www.s1helmets.ca\\\/fr\\\/\"},{\"@type\":\"ListItem\",\"position\":2,\"name\":\"Doublures de Grandeur Large en Tissu Molleton pour Casque S1\"}]},{\"@type\":\"WebSite\",\"@id\":\"https:\\\/\\\/www.s1helmets.ca\\\/fr\\\/#website\",\"url\":\"https:\\\/\\\/www.s1helmets.ca\\\/fr\\\/\",\"name\":\"S1 Helmets Canada\",\"description\":\"Roller Derby Helmet and Pads | Skate Helmets | S1 Helmets Canada\",\"potentialAction\":[{\"@type\":\"SearchAction\",\"target\":{\"@type\":\"EntryPoint\",\"urlTemplate\":\"https:\\\/\\\/www.s1helmets.ca\\\/fr\\\/?s={search_term_string}\"},\"query-input\":{\"@type\":\"PropertyValueSpecification\",\"valueRequired\":true,\"valueName\":\"search_term_string\"}}],\"inLanguage\":\"fr-FR\"}]}<\/script>\n<!-- \/ Yoast SEO plugin. -->","yoast_head_json":{"title":"Doublures de Grandeur Large en Tissu Molleton pour Casque S1 - S1 Helmets Canada","description":"Doublures de Grandeur Large en Tissu Molleton pour Casque S1 est une doublure de rechange en molleton cousue pour le casque S1","robots":{"index":"index","follow":"follow","max-snippet":"max-snippet:-1","max-image-preview":"max-image-preview:large","max-video-preview":"max-video-preview:-1"},"canonical":"https:\/\/www.s1helmets.ca\/fr\/produit\/doublures-de-grandeur-large-en-tissu-molleton-pour-casque-s1\/","og_locale":"fr_FR","og_type":"article","og_title":"Doublures de Grandeur Large en Tissu Molleton pour Casque S1 - S1 Helmets Canada","og_description":"Doublures de Grandeur Large en Tissu Molleton pour Casque S1 est une doublure de rechange en molleton cousue pour le casque S1","og_url":"https:\/\/www.s1helmets.ca\/fr\/produit\/doublures-de-grandeur-large-en-tissu-molleton-pour-casque-s1\/","og_site_name":"S1 Helmets Canada","article_modified_time":"2026-03-16T16:47:02+00:00","og_image":[{"url":"https:\/\/www.s1helmets.ca\/wp-content\/uploads\/2019\/03\/Liner_Grey_Top-and-Bottom__87864.1525890490.jpg","width":1,"height":1,"type":"image\/jpeg"}],"twitter_card":"summary_large_image","twitter_misc":{"Dur\u00e9e de lecture estim\u00e9e":"2 minutes"},"schema":{"@context":"https:\/\/schema.org","@graph":[{"@type":"WebPage","@id":"https:\/\/www.s1helmets.ca\/fr\/produit\/doublures-de-grandeur-large-en-tissu-molleton-pour-casque-s1\/","url":"https:\/\/www.s1helmets.ca\/fr\/produit\/doublures-de-grandeur-large-en-tissu-molleton-pour-casque-s1\/","name":"Doublures de Grandeur Large en Tissu Molleton pour Casque S1 - S1 Helmets Canada","isPartOf":{"@id":"https:\/\/www.s1helmets.ca\/fr\/#website"},"primaryImageOfPage":{"@id":"https:\/\/www.s1helmets.ca\/fr\/produit\/doublures-de-grandeur-large-en-tissu-molleton-pour-casque-s1\/#primaryimage"},"image":{"@id":"https:\/\/www.s1helmets.ca\/fr\/produit\/doublures-de-grandeur-large-en-tissu-molleton-pour-casque-s1\/#primaryimage"},"thumbnailUrl":"https:\/\/www.s1helmets.ca\/wp-content\/uploads\/2019\/03\/Liner_Grey_Top-and-Bottom__87864.1525890490.jpg","datePublished":"2019-03-29T22:50:15+00:00","dateModified":"2026-03-16T16:47:02+00:00","description":"Doublures de Grandeur Large en Tissu Molleton pour Casque S1 est une doublure de rechange en molleton cousue pour le casque S1","breadcrumb":{"@id":"https:\/\/www.s1helmets.ca\/fr\/produit\/doublures-de-grandeur-large-en-tissu-molleton-pour-casque-s1\/#breadcrumb"},"inLanguage":"fr-FR","potentialAction":[{"@type":"ReadAction","target":["https:\/\/www.s1helmets.ca\/fr\/produit\/doublures-de-grandeur-large-en-tissu-molleton-pour-casque-s1\/"]}]},{"@type":"ImageObject","inLanguage":"fr-FR","@id":"https:\/\/www.s1helmets.ca\/fr\/produit\/doublures-de-grandeur-large-en-tissu-molleton-pour-casque-s1\/#primaryimage","url":"https:\/\/www.s1helmets.ca\/wp-content\/uploads\/2019\/03\/Liner_Grey_Top-and-Bottom__87864.1525890490.jpg","contentUrl":"https:\/\/www.s1helmets.ca\/wp-content\/uploads\/2019\/03\/Liner_Grey_Top-and-Bottom__87864.1525890490.jpg","caption":"Wide Terry Cloth sizing liners"},{"@type":"BreadcrumbList","@id":"https:\/\/www.s1helmets.ca\/fr\/produit\/doublures-de-grandeur-large-en-tissu-molleton-pour-casque-s1\/#breadcrumb","itemListElement":[{"@type":"ListItem","position":1,"name":"Home","item":"https:\/\/www.s1helmets.ca\/fr\/"},{"@type":"ListItem","position":2,"name":"Doublures de Grandeur Large en Tissu Molleton pour Casque S1"}]},{"@type":"WebSite","@id":"https:\/\/www.s1helmets.ca\/fr\/#website","url":"https:\/\/www.s1helmets.ca\/fr\/","name":"S1 Helmets Canada","description":"Roller Derby Helmet and Pads | Skate Helmets | S1 Helmets Canada","potentialAction":[{"@type":"SearchAction","target":{"@type":"EntryPoint","urlTemplate":"https:\/\/www.s1helmets.ca\/fr\/?s={search_term_string}"},"query-input":{"@type":"PropertyValueSpecification","valueRequired":true,"valueName":"search_term_string"}}],"inLanguage":"fr-FR"}]}},"_links":{"self":[{"href":"https:\/\/www.s1helmets.ca\/fr\/wp-json\/wp\/v2\/product\/8492","targetHints":{"allow":["GET"]}}],"collection":[{"href":"https:\/\/www.s1helmets.ca\/fr\/wp-json\/wp\/v2\/product"}],"about":[{"href":"https:\/\/www.s1helmets.ca\/fr\/wp-json\/wp\/v2\/types\/product"}],"replies":[{"embeddable":true,"href":"https:\/\/www.s1helmets.ca\/fr\/wp-json\/wp\/v2\/comments?post=8492"}],"wp:featuredmedia":[{"embeddable":true,"href":"https:\/\/www.s1helmets.ca\/fr\/wp-json\/wp\/v2\/media\/8487"}],"wp:attachment":[{"href":"https:\/\/www.s1helmets.ca\/fr\/wp-json\/wp\/v2\/media?parent=8492"}],"wp:term":[{"taxonomy":"product_brand","embeddable":true,"href":"https:\/\/www.s1helmets.ca\/fr\/wp-json\/wp\/v2\/product_brand?post=8492"},{"taxonomy":"product_cat","embeddable":true,"href":"https:\/\/www.s1helmets.ca\/fr\/wp-json\/wp\/v2\/product_cat?post=8492"},{"taxonomy":"product_tag","embeddable":true,"href":"https:\/\/www.s1helmets.ca\/fr\/wp-json\/wp\/v2\/product_tag?post=8492"}],"curies":[{"name":"wp","href":"https:\/\/api.w.org\/{rel}","templated":true}]}}