{"id":8503,"date":"2019-03-19T19:42:14","date_gmt":"2019-03-19T19:42:14","guid":{"rendered":"https:\/\/www.s1helmets.ca\/?post_type=product&#038;p=8503"},"modified":"2026-03-16T13:04:39","modified_gmt":"2026-03-16T18:04:39","slug":"sac-de-transport-premium-s1","status":"publish","type":"product","link":"https:\/\/www.s1helmets.ca\/fr\/produit\/sac-de-transport-premium-s1\/","title":{"rendered":"Sac de Transport Premium S1"},"content":{"rendered":"<h2>Description<\/h2>\n<p>Vous cherchez le parfait sac de transport pour garder votre casque bien prot\u00e9g\u00e9? Voici le sac qu&rsquo;il vous faut. Le Sac de Transport Premium S1 s&rsquo;adapte \u00e0 tous les casques S1, y compris le Casque \u00e0 Visi\u00e8re Lifer Casque.<\/p>\n<p>Il est dot\u00e9 d&rsquo;une doublure int\u00e9rieure en coton et d&rsquo;un cordon de serrage pour maintenir le casque en place!<\/p>\n","protected":false},"excerpt":{"rendered":"Description Vous cherchez le parfait sac de transport pour garder votre casque bien prot\u00e9g\u00e9? Voici le sac qu&rsquo;il vous faut. Le Sac de Transport Premium S1 s&rsquo;adapte \u00e0 tous les casques S1, y compris le Casque \u00e0 Visi\u00e8re Lifer Casque. Il est dot\u00e9 d&rsquo;une doublure int\u00e9rieure en coton et d&rsquo;un cordon de serrage pour maintenir&#8230; <a class=\"view-article\" href=\"https:\/\/www.s1helmets.ca\/fr\/produit\/sac-de-transport-premium-s1\/\">Voir l&rsquo;article<\/a>","protected":false},"featured_media":8501,"comment_status":"open","ping_status":"closed","template":"","meta":{"_acf_changed":false},"product_brand":[],"product_cat":[237,224,240,239,238,223,232,229,231,233],"product_tag":[215,214,219,218,260,211,210,208,209,216,220,213,207,221,222,217],"class_list":{"0":"post-8503","1":"product","2":"type-product","3":"status-publish","4":"has-post-thumbnail","6":"product_cat-casque-a-visiere-s1-lifer","7":"product_cat-casque-s1-lifer-20-5-23-5","8":"product_cat-casque-s1-mega-lifer","9":"product_cat-casque-s1-mini-lifer","10":"product_cat-casque-s1-retro-lifer","11":"product_cat-collaborations","12":"product_cat-doublures-de-grandeur","13":"product_cat-pieces-de-remplacement-pour-casque","14":"product_cat-sac-de-casque","15":"product_cat-visieres-lifer","16":"product_tag-casque-de-patin-a-roulettes","17":"product_tag-casque-de-roller-derby","18":"product_tag-casque-de-skateboard","19":"product_tag-casque-de-trottinette","20":"product_tag-casque-lifer-2","21":"product_tag-casques","22":"product_tag-casques-de-bmx","23":"product_tag-casques-de-skate","24":"product_tag-casques-de-velo","25":"product_tag-casques-s1","26":"product_tag-collab","27":"product_tag-equipement-de-protection","28":"product_tag-meilleurs-casques","29":"product_tag-s1","30":"product_tag-s1-canada","31":"product_tag-securite","33":"first","34":"instock","35":"taxable","36":"shipping-taxable","37":"purchasable","38":"product-type-simple"},"acf":[],"yoast_head":"<!-- This site is optimized with the Yoast SEO plugin v27.5 - https:\/\/yoast.com\/product\/yoast-seo-wordpress\/ -->\n<title>Sac de Transport Premium S1 - S1 Helmets Canada<\/title>\n<meta name=\"description\" content=\"Le Sac de Transport Premium S1 Premium s&#039;adapte \u00e0 tous les casques S1, y compris le Casque \u00e0 Visi\u00e8re Lifer Casque!\" \/>\n<meta name=\"robots\" content=\"index, follow, max-snippet:-1, max-image-preview:large, max-video-preview:-1\" \/>\n<link rel=\"canonical\" href=\"https:\/\/www.s1helmets.ca\/fr\/produit\/sac-de-transport-premium-s1\/\" \/>\n<meta property=\"og:locale\" content=\"fr_FR\" \/>\n<meta property=\"og:type\" content=\"article\" \/>\n<meta property=\"og:title\" content=\"Sac de Transport Premium S1 - S1 Helmets Canada\" \/>\n<meta property=\"og:description\" content=\"Le Sac de Transport Premium S1 Premium s&#039;adapte \u00e0 tous les casques S1, y compris le Casque \u00e0 Visi\u00e8re Lifer Casque!\" \/>\n<meta property=\"og:url\" content=\"https:\/\/www.s1helmets.ca\/fr\/produit\/sac-de-transport-premium-s1\/\" \/>\n<meta property=\"og:site_name\" content=\"S1 Helmets Canada\" \/>\n<meta property=\"article:modified_time\" content=\"2026-03-16T18:04:39+00:00\" \/>\n<meta property=\"og:image\" content=\"https:\/\/www.s1helmets.ca\/wp-content\/uploads\/2019\/03\/2017_3_HelmetBag_flat.jpg\" \/>\n\t<meta property=\"og:image:width\" content=\"2000\" \/>\n\t<meta property=\"og:image:height\" content=\"1544\" \/>\n\t<meta property=\"og:image:type\" content=\"image\/jpeg\" \/>\n<meta name=\"twitter:card\" content=\"summary_large_image\" \/>\n<meta name=\"twitter:label1\" content=\"Dur\u00e9e de lecture estim\u00e9e\" \/>\n\t<meta name=\"twitter:data1\" content=\"1 minute\" \/>\n<script type=\"application\/ld+json\" class=\"yoast-schema-graph\">{\"@context\":\"https:\\\/\\\/schema.org\",\"@graph\":[{\"@type\":\"WebPage\",\"@id\":\"https:\\\/\\\/www.s1helmets.ca\\\/fr\\\/produit\\\/sac-de-transport-premium-s1\\\/\",\"url\":\"https:\\\/\\\/www.s1helmets.ca\\\/fr\\\/produit\\\/sac-de-transport-premium-s1\\\/\",\"name\":\"Sac de Transport Premium S1 - S1 Helmets Canada\",\"isPartOf\":{\"@id\":\"https:\\\/\\\/www.s1helmets.ca\\\/fr\\\/#website\"},\"primaryImageOfPage\":{\"@id\":\"https:\\\/\\\/www.s1helmets.ca\\\/fr\\\/produit\\\/sac-de-transport-premium-s1\\\/#primaryimage\"},\"image\":{\"@id\":\"https:\\\/\\\/www.s1helmets.ca\\\/fr\\\/produit\\\/sac-de-transport-premium-s1\\\/#primaryimage\"},\"thumbnailUrl\":\"https:\\\/\\\/www.s1helmets.ca\\\/wp-content\\\/uploads\\\/2019\\\/03\\\/2017_3_HelmetBag_flat.jpg\",\"datePublished\":\"2019-03-19T19:42:14+00:00\",\"dateModified\":\"2026-03-16T18:04:39+00:00\",\"description\":\"Le Sac de Transport Premium S1 Premium s'adapte \u00e0 tous les casques S1, y compris le Casque \u00e0 Visi\u00e8re Lifer Casque!\",\"breadcrumb\":{\"@id\":\"https:\\\/\\\/www.s1helmets.ca\\\/fr\\\/produit\\\/sac-de-transport-premium-s1\\\/#breadcrumb\"},\"inLanguage\":\"fr-FR\",\"potentialAction\":[{\"@type\":\"ReadAction\",\"target\":[\"https:\\\/\\\/www.s1helmets.ca\\\/fr\\\/produit\\\/sac-de-transport-premium-s1\\\/\"]}]},{\"@type\":\"ImageObject\",\"inLanguage\":\"fr-FR\",\"@id\":\"https:\\\/\\\/www.s1helmets.ca\\\/fr\\\/produit\\\/sac-de-transport-premium-s1\\\/#primaryimage\",\"url\":\"https:\\\/\\\/www.s1helmets.ca\\\/wp-content\\\/uploads\\\/2019\\\/03\\\/2017_3_HelmetBag_flat.jpg\",\"contentUrl\":\"https:\\\/\\\/www.s1helmets.ca\\\/wp-content\\\/uploads\\\/2019\\\/03\\\/2017_3_HelmetBag_flat.jpg\",\"width\":2000,\"height\":1544,\"caption\":\"S1 Premium helmet bag - Sac de Transport Premium S1\"},{\"@type\":\"BreadcrumbList\",\"@id\":\"https:\\\/\\\/www.s1helmets.ca\\\/fr\\\/produit\\\/sac-de-transport-premium-s1\\\/#breadcrumb\",\"itemListElement\":[{\"@type\":\"ListItem\",\"position\":1,\"name\":\"Home\",\"item\":\"https:\\\/\\\/www.s1helmets.ca\\\/fr\\\/\"},{\"@type\":\"ListItem\",\"position\":2,\"name\":\"Sac de Transport Premium S1\"}]},{\"@type\":\"WebSite\",\"@id\":\"https:\\\/\\\/www.s1helmets.ca\\\/fr\\\/#website\",\"url\":\"https:\\\/\\\/www.s1helmets.ca\\\/fr\\\/\",\"name\":\"S1 Helmets Canada\",\"description\":\"Roller Derby Helmet and Pads | Skate Helmets | S1 Helmets Canada\",\"potentialAction\":[{\"@type\":\"SearchAction\",\"target\":{\"@type\":\"EntryPoint\",\"urlTemplate\":\"https:\\\/\\\/www.s1helmets.ca\\\/fr\\\/?s={search_term_string}\"},\"query-input\":{\"@type\":\"PropertyValueSpecification\",\"valueRequired\":true,\"valueName\":\"search_term_string\"}}],\"inLanguage\":\"fr-FR\"}]}<\/script>\n<!-- \/ Yoast SEO plugin. -->","yoast_head_json":{"title":"Sac de Transport Premium S1 - S1 Helmets Canada","description":"Le Sac de Transport Premium S1 Premium s'adapte \u00e0 tous les casques S1, y compris le Casque \u00e0 Visi\u00e8re Lifer Casque!","robots":{"index":"index","follow":"follow","max-snippet":"max-snippet:-1","max-image-preview":"max-image-preview:large","max-video-preview":"max-video-preview:-1"},"canonical":"https:\/\/www.s1helmets.ca\/fr\/produit\/sac-de-transport-premium-s1\/","og_locale":"fr_FR","og_type":"article","og_title":"Sac de Transport Premium S1 - S1 Helmets Canada","og_description":"Le Sac de Transport Premium S1 Premium s'adapte \u00e0 tous les casques S1, y compris le Casque \u00e0 Visi\u00e8re Lifer Casque!","og_url":"https:\/\/www.s1helmets.ca\/fr\/produit\/sac-de-transport-premium-s1\/","og_site_name":"S1 Helmets Canada","article_modified_time":"2026-03-16T18:04:39+00:00","og_image":[{"width":2000,"height":1544,"url":"https:\/\/www.s1helmets.ca\/wp-content\/uploads\/2019\/03\/2017_3_HelmetBag_flat.jpg","type":"image\/jpeg"}],"twitter_card":"summary_large_image","twitter_misc":{"Dur\u00e9e de lecture estim\u00e9e":"1 minute"},"schema":{"@context":"https:\/\/schema.org","@graph":[{"@type":"WebPage","@id":"https:\/\/www.s1helmets.ca\/fr\/produit\/sac-de-transport-premium-s1\/","url":"https:\/\/www.s1helmets.ca\/fr\/produit\/sac-de-transport-premium-s1\/","name":"Sac de Transport Premium S1 - S1 Helmets Canada","isPartOf":{"@id":"https:\/\/www.s1helmets.ca\/fr\/#website"},"primaryImageOfPage":{"@id":"https:\/\/www.s1helmets.ca\/fr\/produit\/sac-de-transport-premium-s1\/#primaryimage"},"image":{"@id":"https:\/\/www.s1helmets.ca\/fr\/produit\/sac-de-transport-premium-s1\/#primaryimage"},"thumbnailUrl":"https:\/\/www.s1helmets.ca\/wp-content\/uploads\/2019\/03\/2017_3_HelmetBag_flat.jpg","datePublished":"2019-03-19T19:42:14+00:00","dateModified":"2026-03-16T18:04:39+00:00","description":"Le Sac de Transport Premium S1 Premium s'adapte \u00e0 tous les casques S1, y compris le Casque \u00e0 Visi\u00e8re Lifer Casque!","breadcrumb":{"@id":"https:\/\/www.s1helmets.ca\/fr\/produit\/sac-de-transport-premium-s1\/#breadcrumb"},"inLanguage":"fr-FR","potentialAction":[{"@type":"ReadAction","target":["https:\/\/www.s1helmets.ca\/fr\/produit\/sac-de-transport-premium-s1\/"]}]},{"@type":"ImageObject","inLanguage":"fr-FR","@id":"https:\/\/www.s1helmets.ca\/fr\/produit\/sac-de-transport-premium-s1\/#primaryimage","url":"https:\/\/www.s1helmets.ca\/wp-content\/uploads\/2019\/03\/2017_3_HelmetBag_flat.jpg","contentUrl":"https:\/\/www.s1helmets.ca\/wp-content\/uploads\/2019\/03\/2017_3_HelmetBag_flat.jpg","width":2000,"height":1544,"caption":"S1 Premium helmet bag - Sac de Transport Premium S1"},{"@type":"BreadcrumbList","@id":"https:\/\/www.s1helmets.ca\/fr\/produit\/sac-de-transport-premium-s1\/#breadcrumb","itemListElement":[{"@type":"ListItem","position":1,"name":"Home","item":"https:\/\/www.s1helmets.ca\/fr\/"},{"@type":"ListItem","position":2,"name":"Sac de Transport Premium S1"}]},{"@type":"WebSite","@id":"https:\/\/www.s1helmets.ca\/fr\/#website","url":"https:\/\/www.s1helmets.ca\/fr\/","name":"S1 Helmets Canada","description":"Roller Derby Helmet and Pads | Skate Helmets | S1 Helmets Canada","potentialAction":[{"@type":"SearchAction","target":{"@type":"EntryPoint","urlTemplate":"https:\/\/www.s1helmets.ca\/fr\/?s={search_term_string}"},"query-input":{"@type":"PropertyValueSpecification","valueRequired":true,"valueName":"search_term_string"}}],"inLanguage":"fr-FR"}]}},"_links":{"self":[{"href":"https:\/\/www.s1helmets.ca\/fr\/wp-json\/wp\/v2\/product\/8503","targetHints":{"allow":["GET"]}}],"collection":[{"href":"https:\/\/www.s1helmets.ca\/fr\/wp-json\/wp\/v2\/product"}],"about":[{"href":"https:\/\/www.s1helmets.ca\/fr\/wp-json\/wp\/v2\/types\/product"}],"replies":[{"embeddable":true,"href":"https:\/\/www.s1helmets.ca\/fr\/wp-json\/wp\/v2\/comments?post=8503"}],"wp:featuredmedia":[{"embeddable":true,"href":"https:\/\/www.s1helmets.ca\/fr\/wp-json\/wp\/v2\/media\/8501"}],"wp:attachment":[{"href":"https:\/\/www.s1helmets.ca\/fr\/wp-json\/wp\/v2\/media?parent=8503"}],"wp:term":[{"taxonomy":"product_brand","embeddable":true,"href":"https:\/\/www.s1helmets.ca\/fr\/wp-json\/wp\/v2\/product_brand?post=8503"},{"taxonomy":"product_cat","embeddable":true,"href":"https:\/\/www.s1helmets.ca\/fr\/wp-json\/wp\/v2\/product_cat?post=8503"},{"taxonomy":"product_tag","embeddable":true,"href":"https:\/\/www.s1helmets.ca\/fr\/wp-json\/wp\/v2\/product_tag?post=8503"}],"curies":[{"name":"wp","href":"https:\/\/api.w.org\/{rel}","templated":true}]}}