{"id":9481,"date":"2019-03-19T19:40:40","date_gmt":"2019-03-20T00:40:40","guid":{"rendered":"https:\/\/www.s1helmets.ca\/?post_type=product&#038;p=9481"},"modified":"2026-04-08T13:11:30","modified_gmt":"2026-04-08T18:11:30","slug":"casque-a-visiere-s1-lifer-gen-2-blanc-lustre","status":"publish","type":"product","link":"https:\/\/www.s1helmets.ca\/fr\/produit\/casque-a-visiere-s1-lifer-gen-2-blanc-lustre\/","title":{"rendered":"Casque \u00e0 Visi\u00e8re S1 Lifer &#8211; Gen 2 &#8211; Blanc Lustr\u00e9"},"content":{"rendered":"<h2>Casque \u00e0 Visi\u00e8re S1 Lifer &#8211; Gen 2 &#8211; Blanc Lustr\u00e9 de Skate Certifi\u00e9<\/h2>\n<p>Le Casque \u00e0 Visi\u00e8re S1 Lifer &#8211; Gen 2 &#8211; Blanc Lustr\u00e9 est certifi\u00e9 pour prot\u00e9ger les skateurs, les cyclistes, les patineurs \u00e0 roulettes, les joueurs\/joueuses de roller derby et les Trottinettistes (non motoris\u00e9e). Il s&rsquo;agit de la deuxi\u00e8me \u00e9dition de ce produit, qui a \u00e9t\u00e9 enti\u00e8rement repens\u00e9 par rapport \u00e0 la version originale.<\/p>\n<p>&nbsp;<\/p>\n<h4><strong>Chaque casque sera livr\u00e9 avec :<\/strong><\/h4>\n<ul>\n<li>Un sac de transport Premium,<\/li>\n<li>La quincaillerie de montage,<\/li>\n<li>Un chiffon en microfibre,<\/li>\n<li>4 couvre-vis de s\u00e9curit\u00e9 en caoutchouc,<\/li>\n<li>1 Visi\u00e8re Claire et<\/li>\n<li>Trois coussinets sup\u00e9rieurs d&rsquo;\u00e9paisseurs diff\u00e9rentes pour r\u00e9gler la profondeur ou la surface de contact du casque sur le haut de votre t\u00eate.<\/li>\n<\/ul>\n<p>&nbsp;<\/p>\n<h2>Sp\u00e9cifications du Casque \u00e0 Visi\u00e8re S1 Lifer<\/h2>\n<h3>Certifications du Casque:<\/h3>\n<ul>\n<li><strong>ASTM 1492<\/strong> pour les Impacts multiples \u00e0 faible intensit\u00e9,<\/li>\n<li><strong>CPSC 1203<\/strong> pour un Impact \u00e0 haute intensit\u00e9 unique,<\/li>\n<li><strong>CE EN 1078<\/strong> (certification europ\u00e9enne relative aux chocs),<\/li>\n<li><strong>AUS\/NZS 2063:2008<\/strong> (certification australienne\/n\u00e9o-z\u00e9landaise relative aux chocs).<\/li>\n<\/ul>\n<h3>Specs de la Visi\u00e8re:<\/h3>\n<ul>\n<li>Polycarbonate \u00e0 Impact \u00e9lev\u00e9 pour \u00e9viter les \u00e9clats \u00e0 l&rsquo;impact,<\/li>\n<li>Visi\u00e8re optiquement rectifi\u00e9e,<\/li>\n<li>Rev\u00eatement anti-bu\u00e9e sur la paroie int\u00e9rieure de Visi\u00e8re pour \u00e9viter la formation de bu\u00e9e,<\/li>\n<li>Rev\u00eatement anti-rayures sur la paroie ext\u00e9rieure de la Visi\u00e8re pour \u00e9viter les rayures et les entailles mineures,<\/li>\n<li>Syst\u00e8me brevet\u00e9 \u00abCover Catcher\u00bb permettant de porter plusieurs couvre-casques, de les enfiler et les retirer facilement,<\/li>\n<li>Mat\u00e9riel de montage int\u00e9gr\u00e9 dans le moule du casque pour que la Visi\u00e8re puisse \u00eatre enlev\u00e9e et remplac\u00e9e si n\u00e9cessaire,<\/li>\n<li>Couvre-vis de s\u00e9curit\u00e9 en caoutchouc,<\/li>\n<li>Brevet # 10,349,698.<\/li>\n<\/ul>\n<div>\n<p>* Le casque S1 Lifer est certifi\u00e9 pour les utilisateurs de v\u00e9los \u00e9lectriques roulant jusqu&rsquo;\u00e0 15 mph. Si vous souhaitez une meilleure protection adapt\u00e9e aux vitesses \u00e9lectriques, voici le casque <a href=\"https:\/\/stage.s1helmets.ca\/fr\/product-category\/s1-retro-lifer-e-helmet\/\">S1 Retro Lifer E-Helmets qui est certifi\u00e9<\/a> NTA 8776 pour les vitesses \u00e9lectriques allant jusqu&rsquo;\u00e0 28 mph.<\/p>\n<p>&nbsp;<\/p>\n<h3><strong>Description:\u00a0<\/strong><\/h3>\n<p>Le Casque \u00e0 Visi\u00e8re S1 Lifer &#8211; Gen 2 &#8211; Blanc Lustr\u00e9 est un casque de planche \u00e0 roulettes parce que nous fabriquons des casques de planche \u00e0 roulettes depuis plus 20 ans. Vous pourriez \u00e9galement d\u00e9crire le Casque S1 Lifer comme \u00e9tant un casque <strong>de Roller Derby, de v\u00e9lo, de Patin \u00e0 Roulettes, de BMX ou de Trottinette (non motoris\u00e9e),<\/strong> car le Casque \u00e0 Visi\u00e8re S1 Lifer est certifi\u00e9 ASTM et CPSC pour \u00eatre port\u00e9 lorsque vous faites de la planche \u00e0 roulettes, du patins \u00e0 roulettes, du v\u00e9lo ou de la trottinette (non motoris\u00e9e).<\/p>\n<p>&nbsp;<\/p>\n<h3><strong>A propos de.. :\u00a0<\/strong><\/h3>\n<p>Le Casque \u00e0 Visi\u00e8re S1 Lifer est l&rsquo;un des casques les plus confortables et les plus s\u00fbrs pour le Skateboard, Longboard, BMX, Trottinette, Patin \u00e0 Roulettes et Roller Derby. Le Casque \u00e0 Visi\u00e8re S1 est fait d&rsquo;une Mousse Fusionn\u00e9e EPS sp\u00e9cialement formul\u00e9e qui lui permet de prot\u00e9ger votre t\u00eate contre de multiples chocs de faible intensit\u00e9 ainsi qu&rsquo;un seul Impact \u00e0 Haute Intensit\u00e9. Il s&rsquo;agit d&rsquo;un casque certifi\u00e9 multi-impact qui offre jusqu&rsquo;\u00e0 5x plus de protection que celui Non Certifi\u00e9 en mousse souple.<\/p>\n<p>Le Casque \u00e0 Visi\u00e8re S1 Lifer est un design innovant qui combine la s\u00e9curit\u00e9 accrue d&rsquo;un casque certifi\u00e9 CPSC et ASTM avec le confort et l&rsquo;ajustement d&rsquo;un casque Non Certifi\u00e9. Il est le casque le mieux adapt\u00e9 contre de multiples chocs de faible intensit\u00e9 ainsi qu&rsquo;un seul Impact \u00e0 Haute Intensit\u00e9 sur le march\u00e9.<\/p>\n<p>S1 a \u00e9t\u00e9 le pionnier dans les normes de s\u00e9curit\u00e9 des casques au cours des vingt derni\u00e8res ann\u00e9es et le casque S1 Lifer est reconnu comme l&rsquo;un des casques de planche \u00e0 roulettes les plus s\u00fbrs et de meilleure qualit\u00e9 au monde. Au cours des 5 derni\u00e8res ann\u00e9es, le casque S1 Lifer a gagn\u00e9 sa r\u00e9putation de casque doublement certifi\u00e9 le plus vendu aux Etats-Unis.<\/p>\n<p>Que vous fassiez du v\u00e9lo dans la rue ou que vous rouliez au skatepark local, le casque S1 Lifer est test\u00e9 et approuv\u00e9 pour aider \u00e0 disperser l&rsquo;\u00e9nergie loin de votre t\u00eate en cas d&rsquo;accident.<\/p>\n<div>\n<p>L\u00e9g\u00e8ret\u00e9 + Bon ajustement + CPSC Certified + Approuv\u00e9 par les Pros = <strong>S1 Lifer Helmet<\/strong><\/p>\n<\/div>\n<\/div>\n<div>\n<p>&nbsp;<\/p>\n<h3><strong>T\u00e9moignages : <\/strong><\/h3>\n<p><em>\u00ab J&rsquo;adore le S1 Lifer. Confort, ajustement et protection : il coche toutes les cases. \u00bb<\/em> &#8211; Lady Trample | Patin \u00e0 Roulettes | Co-Fondatrice CIB | @ladytrample<\/p>\n<p><em>\u00ab Le casque S1 Lifer est le seul casque que je porte. Et mes enfants le portent aussi. \u00bb<\/em> &#8211; Gary Young | Professionnel de BMX | @garybyoung<\/p>\n<p><em>\u00ab L\u00e9g\u00e8ret\u00e9. Certifi\u00e9. Confortable. Il s&rsquo;adapte parfaitement \u00e0 ma t\u00eate! C&rsquo;est le seul casque certifi\u00e9 que je porterai. Le meilleur casque de trottinette sur le march\u00e9. \u00bb<\/em> &#8211; Raymond Warner | Trottinettiste Professionnel | @raymondwarner<\/p>\n<p><em>\u00ab Le S1 Lifer est le seul casque que je porte. \u00c0 mon avis, c&rsquo;est le casque de skate le mieux ajust\u00e9, le plus s\u00fbr et le plus confortable sur le march\u00e9. \u00bb<\/em> -Heimana Reynolds | Skateboardeur Professionnel | Olympien | @heimanareynolds<\/p>\n<p><em>\u00ab S1 est sans conteste le meilleur fabricant de casques et de protections. \u00bb<\/em> -Darren Navarrette | Skateboarder professionnel | @navs5000<\/p>\n<p><strong>Cliquer<a href=\"https:\/\/www.s1helmets.ca\/wp-content\/uploads\/2023\/07\/FushionFoam_Short_Tube.mp4\"> ici<\/a> lire d&rsquo;autres avis sur les S1 Lifer !<\/strong><\/p>\n<p>&nbsp;<\/p>\n<p><img decoding=\"async\" src=\"https:\/\/cdn11.bigcommerce.com\/s-yn3wzm\/product_images\/uploaded_images\/2019-specsandhead-sizing-chart.jpg\" \/><\/p>\n<div>\n<div style=\"width: 900px;\" class=\"wp-video\"><video class=\"wp-video-shortcode\" id=\"video-9481-1\" width=\"900\" height=\"506\" preload=\"metadata\" controls=\"controls\"><source type=\"video\/mp4\" src=\"https:\/\/www.s1helmets.ca\/wp-content\/uploads\/2023\/07\/FushionFoam_Short_Tube.mp4?_=1\" \/><a href=\"https:\/\/www.s1helmets.ca\/wp-content\/uploads\/2023\/07\/FushionFoam_Short_Tube.mp4\">https:\/\/www.s1helmets.ca\/wp-content\/uploads\/2023\/07\/FushionFoam_Short_Tube.mp4<\/a><\/video><\/div>\n<p><iframe loading=\"lazy\" title=\"S1 Lifer Manifesto - Full Length - Open Captions\" src=\"https:\/\/player.vimeo.com\/video\/213023482?dnt=1&amp;app_id=122963\" width=\"900\" height=\"506\" frameborder=\"0\" allow=\"autoplay; fullscreen; picture-in-picture; clipboard-write; encrypted-media; web-share\" referrerpolicy=\"strict-origin-when-cross-origin\"><\/iframe><\/p>\n<p><iframe loading=\"lazy\" title=\"How To Wear Your Helmet\" src=\"https:\/\/player.vimeo.com\/video\/389598710?dnt=1&amp;app_id=122963\" width=\"900\" height=\"506\" frameborder=\"0\" allow=\"autoplay; fullscreen; picture-in-picture; clipboard-write; encrypted-media; web-share\" referrerpolicy=\"strict-origin-when-cross-origin\"><\/iframe><\/p>\n<p><iframe loading=\"lazy\" title=\"&quot;Quality Counts&quot; S1 Helmets - Batch Testing Video - 60 seconds\" src=\"https:\/\/player.vimeo.com\/video\/286826419?dnt=1&amp;app_id=122963\" width=\"900\" height=\"506\" frameborder=\"0\" allow=\"autoplay; fullscreen; picture-in-picture; clipboard-write; encrypted-media; web-share\" referrerpolicy=\"strict-origin-when-cross-origin\"><\/iframe><\/p>\n<p style=\"text-align: center;\">\n<\/div>\n<\/div>\n","protected":false},"excerpt":{"rendered":"Casque \u00e0 Visi\u00e8re S1 Lifer &#8211; Gen 2 &#8211; Blanc Lustr\u00e9 de Skate Certifi\u00e9 Le Casque \u00e0 Visi\u00e8re S1 Lifer &#8211; Gen 2 &#8211; Blanc Lustr\u00e9 est certifi\u00e9 pour prot\u00e9ger les skateurs, les cyclistes, les patineurs \u00e0 roulettes, les joueurs\/joueuses de roller derby et les Trottinettistes (non motoris\u00e9e). Il s&rsquo;agit de la deuxi\u00e8me \u00e9dition de&#8230; <a class=\"view-article\" href=\"https:\/\/www.s1helmets.ca\/fr\/produit\/casque-a-visiere-s1-lifer-gen-2-blanc-lustre\/\">Voir l&rsquo;article<\/a>","protected":false},"featured_media":9478,"comment_status":"open","ping_status":"closed","template":"","meta":{"_acf_changed":false},"product_brand":[],"product_cat":[237],"product_tag":[261,247,251,246,254,250,259,244,221,222],"class_list":{"0":"post-9481","1":"product","2":"type-product","3":"status-publish","4":"has-post-thumbnail","6":"product_cat-casque-a-visiere-s1-lifer","7":"product_tag-casque-a-visiere-lifer","8":"product_tag-casque-de-bmx","9":"product_tag-casque-de-derby","10":"product_tag-casque-de-velo","11":"product_tag-casques-2","12":"product_tag-derby","13":"product_tag-lifer","14":"product_tag-meilleurs-casques-2","15":"product_tag-s1","16":"product_tag-s1-canada","18":"first","19":"instock","20":"taxable","21":"shipping-taxable","22":"purchasable","23":"product-type-variable"},"acf":[],"yoast_head":"<!-- This site is optimized with the Yoast SEO plugin v27.3 - https:\/\/yoast.com\/product\/yoast-seo-wordpress\/ -->\n<title>Casque \u00e0 Visi\u00e8re S1 Lifer - Gen 2 - Blanc Lustr\u00e9 - S1 Helmets Canada<\/title>\n<meta name=\"description\" content=\"LE Casque \u00e0 Visi\u00e8re S1 Lifer - Gen 2 - Blanc Lustr\u00e9 est l&#039;un des casques les plus confortables et les plus s\u00e9curitaires sur le march\u00e9.\" \/>\n<meta name=\"robots\" content=\"index, follow, max-snippet:-1, max-image-preview:large, max-video-preview:-1\" \/>\n<link rel=\"canonical\" href=\"https:\/\/www.s1helmets.ca\/fr\/produit\/casque-a-visiere-s1-lifer-gen-2-blanc-lustre\/\" \/>\n<meta property=\"og:locale\" content=\"fr_FR\" \/>\n<meta property=\"og:type\" content=\"article\" \/>\n<meta property=\"og:title\" content=\"Casque \u00e0 Visi\u00e8re S1 Lifer - Gen 2 - Blanc Lustr\u00e9 - S1 Helmets Canada\" \/>\n<meta property=\"og:description\" content=\"LE Casque \u00e0 Visi\u00e8re S1 Lifer - Gen 2 - Blanc Lustr\u00e9 est l&#039;un des casques les plus confortables et les plus s\u00e9curitaires sur le march\u00e9.\" \/>\n<meta property=\"og:url\" content=\"https:\/\/www.s1helmets.ca\/fr\/produit\/casque-a-visiere-s1-lifer-gen-2-blanc-lustre\/\" \/>\n<meta property=\"og:site_name\" content=\"S1 Helmets Canada\" \/>\n<meta property=\"article:modified_time\" content=\"2026-04-08T18:11:30+00:00\" \/>\n<meta property=\"og:image\" content=\"https:\/\/www.s1helmets.ca\/wp-content\/uploads\/2019\/03\/LiferVisor_WhiteGlossr_34_Clear.jpg\" \/>\n\t<meta property=\"og:image:width\" content=\"2118\" \/>\n\t<meta property=\"og:image:height\" content=\"2550\" \/>\n\t<meta property=\"og:image:type\" content=\"image\/jpeg\" \/>\n<meta name=\"twitter:card\" content=\"summary_large_image\" \/>\n<meta name=\"twitter:label1\" content=\"Dur\u00e9e de lecture estim\u00e9e\" \/>\n\t<meta name=\"twitter:data1\" content=\"4 minutes\" \/>\n<script type=\"application\/ld+json\" class=\"yoast-schema-graph\">{\"@context\":\"https:\\\/\\\/schema.org\",\"@graph\":[{\"@type\":\"WebPage\",\"@id\":\"https:\\\/\\\/www.s1helmets.ca\\\/fr\\\/produit\\\/casque-a-visiere-s1-lifer-gen-2-blanc-lustre\\\/\",\"url\":\"https:\\\/\\\/www.s1helmets.ca\\\/fr\\\/produit\\\/casque-a-visiere-s1-lifer-gen-2-blanc-lustre\\\/\",\"name\":\"Casque \u00e0 Visi\u00e8re S1 Lifer - Gen 2 - Blanc Lustr\u00e9 - S1 Helmets Canada\",\"isPartOf\":{\"@id\":\"https:\\\/\\\/www.s1helmets.ca\\\/fr\\\/#website\"},\"primaryImageOfPage\":{\"@id\":\"https:\\\/\\\/www.s1helmets.ca\\\/fr\\\/produit\\\/casque-a-visiere-s1-lifer-gen-2-blanc-lustre\\\/#primaryimage\"},\"image\":{\"@id\":\"https:\\\/\\\/www.s1helmets.ca\\\/fr\\\/produit\\\/casque-a-visiere-s1-lifer-gen-2-blanc-lustre\\\/#primaryimage\"},\"thumbnailUrl\":\"https:\\\/\\\/www.s1helmets.ca\\\/wp-content\\\/uploads\\\/2019\\\/03\\\/LiferVisor_WhiteGlossr_34_Clear.jpg\",\"datePublished\":\"2019-03-20T00:40:40+00:00\",\"dateModified\":\"2026-04-08T18:11:30+00:00\",\"description\":\"LE Casque \u00e0 Visi\u00e8re S1 Lifer - Gen 2 - Blanc Lustr\u00e9 est l'un des casques les plus confortables et les plus s\u00e9curitaires sur le march\u00e9.\",\"breadcrumb\":{\"@id\":\"https:\\\/\\\/www.s1helmets.ca\\\/fr\\\/produit\\\/casque-a-visiere-s1-lifer-gen-2-blanc-lustre\\\/#breadcrumb\"},\"inLanguage\":\"fr-FR\",\"potentialAction\":[{\"@type\":\"ReadAction\",\"target\":[\"https:\\\/\\\/www.s1helmets.ca\\\/fr\\\/produit\\\/casque-a-visiere-s1-lifer-gen-2-blanc-lustre\\\/\"]}]},{\"@type\":\"ImageObject\",\"inLanguage\":\"fr-FR\",\"@id\":\"https:\\\/\\\/www.s1helmets.ca\\\/fr\\\/produit\\\/casque-a-visiere-s1-lifer-gen-2-blanc-lustre\\\/#primaryimage\",\"url\":\"https:\\\/\\\/www.s1helmets.ca\\\/wp-content\\\/uploads\\\/2019\\\/03\\\/LiferVisor_WhiteGlossr_34_Clear.jpg\",\"contentUrl\":\"https:\\\/\\\/www.s1helmets.ca\\\/wp-content\\\/uploads\\\/2019\\\/03\\\/LiferVisor_WhiteGlossr_34_Clear.jpg\",\"width\":2118,\"height\":2550,\"caption\":\"S1 Lifer Visor Helmet - Gen 2 - White Gloss\"},{\"@type\":\"BreadcrumbList\",\"@id\":\"https:\\\/\\\/www.s1helmets.ca\\\/fr\\\/produit\\\/casque-a-visiere-s1-lifer-gen-2-blanc-lustre\\\/#breadcrumb\",\"itemListElement\":[{\"@type\":\"ListItem\",\"position\":1,\"name\":\"Home\",\"item\":\"https:\\\/\\\/www.s1helmets.ca\\\/fr\\\/\"},{\"@type\":\"ListItem\",\"position\":2,\"name\":\"Casque \u00e0 Visi\u00e8re S1 Lifer &#8211; Gen 2 &#8211; Blanc Lustr\u00e9\"}]},{\"@type\":\"WebSite\",\"@id\":\"https:\\\/\\\/www.s1helmets.ca\\\/fr\\\/#website\",\"url\":\"https:\\\/\\\/www.s1helmets.ca\\\/fr\\\/\",\"name\":\"S1 Helmets Canada\",\"description\":\"Roller Derby Helmet and Pads | Skate Helmets | S1 Helmets Canada\",\"potentialAction\":[{\"@type\":\"SearchAction\",\"target\":{\"@type\":\"EntryPoint\",\"urlTemplate\":\"https:\\\/\\\/www.s1helmets.ca\\\/fr\\\/?s={search_term_string}\"},\"query-input\":{\"@type\":\"PropertyValueSpecification\",\"valueRequired\":true,\"valueName\":\"search_term_string\"}}],\"inLanguage\":\"fr-FR\"}]}<\/script>\n<!-- \/ Yoast SEO plugin. -->","yoast_head_json":{"title":"Casque \u00e0 Visi\u00e8re S1 Lifer - Gen 2 - Blanc Lustr\u00e9 - S1 Helmets Canada","description":"LE Casque \u00e0 Visi\u00e8re S1 Lifer - Gen 2 - Blanc Lustr\u00e9 est l'un des casques les plus confortables et les plus s\u00e9curitaires sur le march\u00e9.","robots":{"index":"index","follow":"follow","max-snippet":"max-snippet:-1","max-image-preview":"max-image-preview:large","max-video-preview":"max-video-preview:-1"},"canonical":"https:\/\/www.s1helmets.ca\/fr\/produit\/casque-a-visiere-s1-lifer-gen-2-blanc-lustre\/","og_locale":"fr_FR","og_type":"article","og_title":"Casque \u00e0 Visi\u00e8re S1 Lifer - Gen 2 - Blanc Lustr\u00e9 - S1 Helmets Canada","og_description":"LE Casque \u00e0 Visi\u00e8re S1 Lifer - Gen 2 - Blanc Lustr\u00e9 est l'un des casques les plus confortables et les plus s\u00e9curitaires sur le march\u00e9.","og_url":"https:\/\/www.s1helmets.ca\/fr\/produit\/casque-a-visiere-s1-lifer-gen-2-blanc-lustre\/","og_site_name":"S1 Helmets Canada","article_modified_time":"2026-04-08T18:11:30+00:00","og_image":[{"width":2118,"height":2550,"url":"https:\/\/www.s1helmets.ca\/wp-content\/uploads\/2019\/03\/LiferVisor_WhiteGlossr_34_Clear.jpg","type":"image\/jpeg"}],"twitter_card":"summary_large_image","twitter_misc":{"Dur\u00e9e de lecture estim\u00e9e":"4 minutes"},"schema":{"@context":"https:\/\/schema.org","@graph":[{"@type":"WebPage","@id":"https:\/\/www.s1helmets.ca\/fr\/produit\/casque-a-visiere-s1-lifer-gen-2-blanc-lustre\/","url":"https:\/\/www.s1helmets.ca\/fr\/produit\/casque-a-visiere-s1-lifer-gen-2-blanc-lustre\/","name":"Casque \u00e0 Visi\u00e8re S1 Lifer - Gen 2 - Blanc Lustr\u00e9 - S1 Helmets Canada","isPartOf":{"@id":"https:\/\/www.s1helmets.ca\/fr\/#website"},"primaryImageOfPage":{"@id":"https:\/\/www.s1helmets.ca\/fr\/produit\/casque-a-visiere-s1-lifer-gen-2-blanc-lustre\/#primaryimage"},"image":{"@id":"https:\/\/www.s1helmets.ca\/fr\/produit\/casque-a-visiere-s1-lifer-gen-2-blanc-lustre\/#primaryimage"},"thumbnailUrl":"https:\/\/www.s1helmets.ca\/wp-content\/uploads\/2019\/03\/LiferVisor_WhiteGlossr_34_Clear.jpg","datePublished":"2019-03-20T00:40:40+00:00","dateModified":"2026-04-08T18:11:30+00:00","description":"LE Casque \u00e0 Visi\u00e8re S1 Lifer - Gen 2 - Blanc Lustr\u00e9 est l'un des casques les plus confortables et les plus s\u00e9curitaires sur le march\u00e9.","breadcrumb":{"@id":"https:\/\/www.s1helmets.ca\/fr\/produit\/casque-a-visiere-s1-lifer-gen-2-blanc-lustre\/#breadcrumb"},"inLanguage":"fr-FR","potentialAction":[{"@type":"ReadAction","target":["https:\/\/www.s1helmets.ca\/fr\/produit\/casque-a-visiere-s1-lifer-gen-2-blanc-lustre\/"]}]},{"@type":"ImageObject","inLanguage":"fr-FR","@id":"https:\/\/www.s1helmets.ca\/fr\/produit\/casque-a-visiere-s1-lifer-gen-2-blanc-lustre\/#primaryimage","url":"https:\/\/www.s1helmets.ca\/wp-content\/uploads\/2019\/03\/LiferVisor_WhiteGlossr_34_Clear.jpg","contentUrl":"https:\/\/www.s1helmets.ca\/wp-content\/uploads\/2019\/03\/LiferVisor_WhiteGlossr_34_Clear.jpg","width":2118,"height":2550,"caption":"S1 Lifer Visor Helmet - Gen 2 - White Gloss"},{"@type":"BreadcrumbList","@id":"https:\/\/www.s1helmets.ca\/fr\/produit\/casque-a-visiere-s1-lifer-gen-2-blanc-lustre\/#breadcrumb","itemListElement":[{"@type":"ListItem","position":1,"name":"Home","item":"https:\/\/www.s1helmets.ca\/fr\/"},{"@type":"ListItem","position":2,"name":"Casque \u00e0 Visi\u00e8re S1 Lifer &#8211; Gen 2 &#8211; Blanc Lustr\u00e9"}]},{"@type":"WebSite","@id":"https:\/\/www.s1helmets.ca\/fr\/#website","url":"https:\/\/www.s1helmets.ca\/fr\/","name":"S1 Helmets Canada","description":"Roller Derby Helmet and Pads | Skate Helmets | S1 Helmets Canada","potentialAction":[{"@type":"SearchAction","target":{"@type":"EntryPoint","urlTemplate":"https:\/\/www.s1helmets.ca\/fr\/?s={search_term_string}"},"query-input":{"@type":"PropertyValueSpecification","valueRequired":true,"valueName":"search_term_string"}}],"inLanguage":"fr-FR"}]}},"_links":{"self":[{"href":"https:\/\/www.s1helmets.ca\/fr\/wp-json\/wp\/v2\/product\/9481","targetHints":{"allow":["GET"]}}],"collection":[{"href":"https:\/\/www.s1helmets.ca\/fr\/wp-json\/wp\/v2\/product"}],"about":[{"href":"https:\/\/www.s1helmets.ca\/fr\/wp-json\/wp\/v2\/types\/product"}],"replies":[{"embeddable":true,"href":"https:\/\/www.s1helmets.ca\/fr\/wp-json\/wp\/v2\/comments?post=9481"}],"wp:featuredmedia":[{"embeddable":true,"href":"https:\/\/www.s1helmets.ca\/fr\/wp-json\/wp\/v2\/media\/9478"}],"wp:attachment":[{"href":"https:\/\/www.s1helmets.ca\/fr\/wp-json\/wp\/v2\/media?parent=9481"}],"wp:term":[{"taxonomy":"product_brand","embeddable":true,"href":"https:\/\/www.s1helmets.ca\/fr\/wp-json\/wp\/v2\/product_brand?post=9481"},{"taxonomy":"product_cat","embeddable":true,"href":"https:\/\/www.s1helmets.ca\/fr\/wp-json\/wp\/v2\/product_cat?post=9481"},{"taxonomy":"product_tag","embeddable":true,"href":"https:\/\/www.s1helmets.ca\/fr\/wp-json\/wp\/v2\/product_tag?post=9481"}],"curies":[{"name":"wp","href":"https:\/\/api.w.org\/{rel}","templated":true}]}}