{"id":9866,"date":"2019-03-19T19:01:09","date_gmt":"2019-03-20T00:01:09","guid":{"rendered":"https:\/\/www.s1helmets.ca\/?post_type=product&#038;p=9866"},"modified":"2026-04-09T10:06:14","modified_gmt":"2026-04-09T15:06:14","slug":"casque-s1-mini-lifer-blanc-lustre","status":"publish","type":"product","link":"https:\/\/www.s1helmets.ca\/fr\/produit\/casque-s1-mini-lifer-blanc-lustre\/","title":{"rendered":"Casque S1 Mini Lifer &#8211; Blanc Lustr\u00e9"},"content":{"rendered":"<h2><strong>Casque S1 Mini Lifer &#8211; Blanc Lustr\u00e9 de Skate\/V\u00e9lo Certifi\u00e9<\/strong><\/h2>\n<p>Le Casque S1 Mini Lifer &#8211; Blanc Lustr\u00e9 est certifi\u00e9 pour prot\u00e9ger les skateurs, les cyclistes, les patineurs \u00e0 roulettes et les trottinettistes (non motoris\u00e9e).<\/p>\n<p>Le casque S1 Mini Lifer est un version r\u00e9duite de notre Casque Lifer Standard. Il s&rsquo;agit d&rsquo;un moule plus petit avec des sangles plus courtes. Il est id\u00e9al pour les petits rippers ou les personnes ayant une plus petite t\u00eate. Nous incluons deux ensembles suppl\u00e9mentaires de doublures de grandeur pour assurer un ajustement parfait et personnalis\u00e9.<\/p>\n<p>Nous d\u00e9crivons le Casque S1 Mini Lifer &#8211; Blanc Lustr\u00e9 comme un casque de planche \u00e0 roulettes car nous fabriquons des casques de planche \u00e0 roulettes depuis plus de 20 ans, mais vous pourriez \u00e9galement le d\u00e9crire comme un <strong>casque de v\u00e9lo, de patin \u00e0 roulettes, de bmx<\/strong>, <strong>de roller derby ou <\/strong><strong>un casque<\/strong><strong>\u00a0trottinette non motoris\u00e9e<\/strong><strong>, <\/strong>car il est certifi\u00e9 ASTM et CPSC pour \u00eatre port\u00e9 lorsque vous faites de planche \u00e0 roulettes, du patins \u00e0 roulettes, du v\u00e9lo ou de la trottinette (non motoris\u00e9e).<\/p>\n<h3><\/h3>\n<h3><strong>Specs:<\/strong><\/h3>\n<ul>\n<li>Mousse Fusionn\u00e9e EPS sp\u00e9cialement formul\u00e9e,<\/li>\n<li>Certifi\u00e9 Multi-Impact (<strong>ASTM F-1492-15<\/strong>),<\/li>\n<li>Certifi\u00e9 \u00e0 Impact \u00e9lev\u00e9 (<strong>CPSC 16 CFR Part 1203<\/strong>) Pour des vitesses allant jusqu&rsquo;\u00e0 15 mph,<\/li>\n<li>5x Plus de Protection qu&rsquo;un Casque Non-Certifi\u00e9 en Mousse,<\/li>\n<li>Offre un Ajustement de la Profondeur du casque.<\/li>\n<\/ul>\n<p>&nbsp;<\/p>\n<h3><strong>Certifications:<\/strong><\/h3>\n<ul>\n<li>Certifi\u00e9\u00a0<strong>Multi-Impact<\/strong>\u00a0(Test de conformit\u00e9 pour\u00a0<strong>ASTM F-1492-15<\/strong> pour les Casques de Skateboard et Patin \u00e0 Roulettes),<\/li>\n<li>Certifi\u00e9\u00a0<strong>\u00e0 Impact \u00e9lev\u00e9<\/strong>\u00a0(Test de conformit\u00e9 pour\u00a0<strong>CPSC 16 CFR Part 1203<\/strong> pour Casques de V\u00e9lo &amp; Skate),<\/li>\n<li>Certifi\u00e9\u00a0<strong>Skate &amp; V\u00e9lo<\/strong>\u00a0(Test de conformit\u00e9 pour les cyclistes et\u00a0<strong>AS\/NZS 2063:2020<\/strong> cyclistes, patineurs et patins \u00e0 roulettes).<\/li>\n<\/ul>\n<p>&nbsp;<\/p>\n<p>&nbsp;<\/p>\n<h3><strong>A propos de.. :\u00a0<\/strong><\/h3>\n<p>Le casque S1 Mini Lifer est l&rsquo;un des casques les mieux adapt\u00e9s et les plus s\u00fbrs du march\u00e9. Tous les casques S1 Mini Lifer sont fabriqu\u00e9s avec la Mousse Fusionn\u00e9e EPS sp\u00e9cialement formul\u00e9e qui permet de prot\u00e9ger votre t\u00eate contre de multiples impacts de faible force ainsi que un impact \u00e9lev\u00e9. Il est un casque doublement certifi\u00e9 qui est jusqu&rsquo;\u00e0 5x plus protecteur que les casques en mousse souple non certifi\u00e9.<\/p>\n<p>S1 est un pionnier dans les normes de s\u00e9curit\u00e9 des casques au cours des vingt derni\u00e8res ann\u00e9es et le Mini Lifer est reconnu comme l&rsquo;un des casques de planche \u00e0 roulettes les plus s\u00fbrs et de meilleure qualit\u00e9 au monde. Au cours des 5 derni\u00e8res ann\u00e9es, le Casque S1 Mini Lifer a gagn\u00e9 sa r\u00e9putation de casque double certifications le plus vendu aux Etats-Unis.<\/p>\n<p>Que vous fassiez du v\u00e9lo dans la rue ou que vous rouliez au skatepark local, le casque S1 Mini Lifer est test\u00e9 et approuv\u00e9 pour aider \u00e0 disperser l&rsquo;\u00e9nergie loin de votre t\u00eate en cas d&rsquo;accident.<\/p>\n<p>&nbsp;<\/p>\n<p>L\u00e9g\u00e8ret\u00e9 + CPSC Skate &amp; V\u00e9lo Certifi\u00e9 + Approuv\u00e9 par les Pros = <strong>Casque S1 Mini Lifer<\/strong><\/p>\n<p>&nbsp;<\/p>\n<h3><strong>T\u00e9moignages :<\/strong><\/h3>\n<p><em>\u00ab\u00a0J&rsquo;ai confiance en moi lorsque j&rsquo;apprends de nouvelles figures avec mon casque S1 Lifer .\u00a0<\/em>&#8211;\u00a0<strong>Barbie Patin\u00a0<\/strong>| Professionnelle de Patin \u00e0 Roulettes | @barbiepatin<\/p>\n<p><em>\u00ab Le casque S1 Lifer est le casque certifi\u00e9 qui s&rsquo;ajuste le mieux&#8230; C&rsquo;est le seul casque que j&rsquo;utilise pour rouler. \u00bb \u2013<\/em><strong>Corey Walsh <\/strong>| Professionnel de BMX | @walshcorey<\/p>\n<p>\u00ab\u00a0<em>Le casque S1 Lifer est de loin le meilleur casque du jeu ! Il est super L\u00e9g\u00e8ret\u00e9 et s&rsquo;ajuste incroyablement bien, c&rsquo;est le seul casque que je porte<\/em><em>.\u00a0\u00bb<\/em>\u00a0&#8211;\u00a0<strong>JonMarco Gaydos<\/strong> | ISO World Champ 2019 | @jonmygaydos<\/p>\n<p><em>\u00ab\u00a0Le casque S1 Lifer est le seul casque que je porterai. \u00c0 mon avis, c&rsquo;est le casque de skate le mieux adapt\u00e9, le plus s\u00fbr et le plus confortable du march\u00e9.\u00a0\u00bb\u00a0<\/em>&#8211;\u00a0<strong>Heimana Reynolds<\/strong> | Skateboardeur Professionnel | Olympien | @heimanareynolds<\/p>\n<p>\u00ab\u00a0<em>Merci d&rsquo;avoir fabriqu\u00e9 un excellent casque de skate<\/em><em>.\u00a0<\/em>&#8211;\u00a0<strong>Mike Frazier\u00a0<\/strong>| Patineur Professionnel | @mfrazier72<\/p>\n<p><strong>Cliquez\u00a0<a href=\"https:\/\/shop.s1helmets.com\/s1-mini-lifer-helmet-white-gloss\/\">ici<\/a>\u00a0pour lire d&rsquo;autres avis sur les casques S1 Mini Lifer !<\/strong><\/p>\n<p><img decoding=\"async\" src=\"https:\/\/cdn11.bigcommerce.com\/s-yn3wzm\/product_images\/uploaded_images\/2019-specsandhead-sizing-chart.jpg\" \/><\/p>\n<p><iframe loading=\"lazy\" title=\"S1 Lifer Manifesto - Full Length - Open Captions\" src=\"https:\/\/player.vimeo.com\/video\/213023482?dnt=1&amp;app_id=122963\" width=\"900\" height=\"506\" frameborder=\"0\" data-mce-fragment=\"1\"><\/iframe><\/p>\n<p><iframe loading=\"lazy\" title=\"How To Wear Your Helmet\" src=\"https:\/\/player.vimeo.com\/video\/389598710?dnt=1&amp;app_id=122963\" width=\"900\" height=\"506\" frameborder=\"0\" data-mce-fragment=\"1\"><\/iframe><\/p>\n<p><iframe loading=\"lazy\" title=\"&quot;Quality Counts&quot; S1 Helmets - Batch Testing Video - 60 seconds\" src=\"https:\/\/player.vimeo.com\/video\/286826419?dnt=1&amp;app_id=122963\" width=\"900\" height=\"506\" frameborder=\"0\" data-mce-fragment=\"1\"><\/iframe><\/p>\n","protected":false},"excerpt":{"rendered":"Casque S1 Mini Lifer &#8211; Blanc Lustr\u00e9 de Skate\/V\u00e9lo Certifi\u00e9 Le Casque S1 Mini Lifer &#8211; Blanc Lustr\u00e9 est certifi\u00e9 pour prot\u00e9ger les skateurs, les cyclistes, les patineurs \u00e0 roulettes et les trottinettistes (non motoris\u00e9e). Le casque S1 Mini Lifer est un version r\u00e9duite de notre Casque Lifer Standard. Il s&rsquo;agit d&rsquo;un moule plus petit&#8230; <a class=\"view-article\" href=\"https:\/\/www.s1helmets.ca\/fr\/produit\/casque-s1-mini-lifer-blanc-lustre\/\">Voir l&rsquo;article<\/a>","protected":false},"featured_media":9863,"comment_status":"open","ping_status":"closed","template":"","meta":{"_acf_changed":false},"product_brand":[],"product_cat":[239],"product_tag":[247,246,254,256,255,244,221,222],"class_list":{"0":"post-9866","1":"product","2":"type-product","3":"status-publish","4":"has-post-thumbnail","6":"product_cat-casque-s1-mini-lifer","7":"product_tag-casque-de-bmx","8":"product_tag-casque-de-velo","9":"product_tag-casques-2","10":"product_tag-casques-pour-enfants","11":"product_tag-enfants","12":"product_tag-meilleurs-casques-2","13":"product_tag-s1","14":"product_tag-s1-canada","16":"first","17":"instock","18":"taxable","19":"shipping-taxable","20":"purchasable","21":"product-type-variable"},"acf":[],"yoast_head":"<!-- This site is optimized with the Yoast SEO plugin v27.3 - https:\/\/yoast.com\/product\/yoast-seo-wordpress\/ -->\n<title>Casque S1 Mini Lifer - Blanc Lustr\u00e9 - S1 Helmets Canada<\/title>\n<meta name=\"description\" content=\"Le Casque S1 Mini Lifer - Blanc Lustr\u00e9 est l&#039;un des casques les plus confortables et les plus s\u00e9curitaires sur le march\u00e9.\" \/>\n<meta name=\"robots\" content=\"index, follow, max-snippet:-1, max-image-preview:large, max-video-preview:-1\" \/>\n<link rel=\"canonical\" href=\"https:\/\/www.s1helmets.ca\/fr\/produit\/casque-s1-mini-lifer-blanc-lustre\/\" \/>\n<meta property=\"og:locale\" content=\"fr_FR\" \/>\n<meta property=\"og:type\" content=\"article\" \/>\n<meta property=\"og:title\" content=\"Casque S1 Mini Lifer - Blanc Lustr\u00e9 - S1 Helmets Canada\" \/>\n<meta property=\"og:description\" content=\"Le Casque S1 Mini Lifer - Blanc Lustr\u00e9 est l&#039;un des casques les plus confortables et les plus s\u00e9curitaires sur le march\u00e9.\" \/>\n<meta property=\"og:url\" content=\"https:\/\/www.s1helmets.ca\/fr\/produit\/casque-s1-mini-lifer-blanc-lustre\/\" \/>\n<meta property=\"og:site_name\" content=\"S1 Helmets Canada\" \/>\n<meta property=\"article:modified_time\" content=\"2026-04-09T15:06:14+00:00\" \/>\n<meta property=\"og:image\" content=\"https:\/\/www.s1helmets.ca\/wp-content\/uploads\/2019\/03\/MiniLifer_WhiteGloss_34.jpg\" \/>\n\t<meta property=\"og:image:width\" content=\"1950\" \/>\n\t<meta property=\"og:image:height\" content=\"2400\" \/>\n\t<meta property=\"og:image:type\" content=\"image\/jpeg\" \/>\n<meta name=\"twitter:card\" content=\"summary_large_image\" \/>\n<meta name=\"twitter:label1\" content=\"Dur\u00e9e de lecture estim\u00e9e\" \/>\n\t<meta name=\"twitter:data1\" content=\"4 minutes\" \/>\n<script type=\"application\/ld+json\" class=\"yoast-schema-graph\">{\"@context\":\"https:\\\/\\\/schema.org\",\"@graph\":[{\"@type\":\"WebPage\",\"@id\":\"https:\\\/\\\/www.s1helmets.ca\\\/fr\\\/produit\\\/casque-s1-mini-lifer-blanc-lustre\\\/\",\"url\":\"https:\\\/\\\/www.s1helmets.ca\\\/fr\\\/produit\\\/casque-s1-mini-lifer-blanc-lustre\\\/\",\"name\":\"Casque S1 Mini Lifer - Blanc Lustr\u00e9 - S1 Helmets Canada\",\"isPartOf\":{\"@id\":\"https:\\\/\\\/www.s1helmets.ca\\\/fr\\\/#website\"},\"primaryImageOfPage\":{\"@id\":\"https:\\\/\\\/www.s1helmets.ca\\\/fr\\\/produit\\\/casque-s1-mini-lifer-blanc-lustre\\\/#primaryimage\"},\"image\":{\"@id\":\"https:\\\/\\\/www.s1helmets.ca\\\/fr\\\/produit\\\/casque-s1-mini-lifer-blanc-lustre\\\/#primaryimage\"},\"thumbnailUrl\":\"https:\\\/\\\/www.s1helmets.ca\\\/wp-content\\\/uploads\\\/2019\\\/03\\\/MiniLifer_WhiteGloss_34.jpg\",\"datePublished\":\"2019-03-20T00:01:09+00:00\",\"dateModified\":\"2026-04-09T15:06:14+00:00\",\"description\":\"Le Casque S1 Mini Lifer - Blanc Lustr\u00e9 est l'un des casques les plus confortables et les plus s\u00e9curitaires sur le march\u00e9.\",\"breadcrumb\":{\"@id\":\"https:\\\/\\\/www.s1helmets.ca\\\/fr\\\/produit\\\/casque-s1-mini-lifer-blanc-lustre\\\/#breadcrumb\"},\"inLanguage\":\"fr-FR\",\"potentialAction\":[{\"@type\":\"ReadAction\",\"target\":[\"https:\\\/\\\/www.s1helmets.ca\\\/fr\\\/produit\\\/casque-s1-mini-lifer-blanc-lustre\\\/\"]}]},{\"@type\":\"ImageObject\",\"inLanguage\":\"fr-FR\",\"@id\":\"https:\\\/\\\/www.s1helmets.ca\\\/fr\\\/produit\\\/casque-s1-mini-lifer-blanc-lustre\\\/#primaryimage\",\"url\":\"https:\\\/\\\/www.s1helmets.ca\\\/wp-content\\\/uploads\\\/2019\\\/03\\\/MiniLifer_WhiteGloss_34.jpg\",\"contentUrl\":\"https:\\\/\\\/www.s1helmets.ca\\\/wp-content\\\/uploads\\\/2019\\\/03\\\/MiniLifer_WhiteGloss_34.jpg\",\"width\":1950,\"height\":2400},{\"@type\":\"BreadcrumbList\",\"@id\":\"https:\\\/\\\/www.s1helmets.ca\\\/fr\\\/produit\\\/casque-s1-mini-lifer-blanc-lustre\\\/#breadcrumb\",\"itemListElement\":[{\"@type\":\"ListItem\",\"position\":1,\"name\":\"Home\",\"item\":\"https:\\\/\\\/www.s1helmets.ca\\\/fr\\\/\"},{\"@type\":\"ListItem\",\"position\":2,\"name\":\"Casque S1 Mini Lifer &#8211; Blanc Lustr\u00e9\"}]},{\"@type\":\"WebSite\",\"@id\":\"https:\\\/\\\/www.s1helmets.ca\\\/fr\\\/#website\",\"url\":\"https:\\\/\\\/www.s1helmets.ca\\\/fr\\\/\",\"name\":\"S1 Helmets Canada\",\"description\":\"Roller Derby Helmet and Pads | Skate Helmets | S1 Helmets Canada\",\"potentialAction\":[{\"@type\":\"SearchAction\",\"target\":{\"@type\":\"EntryPoint\",\"urlTemplate\":\"https:\\\/\\\/www.s1helmets.ca\\\/fr\\\/?s={search_term_string}\"},\"query-input\":{\"@type\":\"PropertyValueSpecification\",\"valueRequired\":true,\"valueName\":\"search_term_string\"}}],\"inLanguage\":\"fr-FR\"}]}<\/script>\n<!-- \/ Yoast SEO plugin. -->","yoast_head_json":{"title":"Casque S1 Mini Lifer - Blanc Lustr\u00e9 - S1 Helmets Canada","description":"Le Casque S1 Mini Lifer - Blanc Lustr\u00e9 est l'un des casques les plus confortables et les plus s\u00e9curitaires sur le march\u00e9.","robots":{"index":"index","follow":"follow","max-snippet":"max-snippet:-1","max-image-preview":"max-image-preview:large","max-video-preview":"max-video-preview:-1"},"canonical":"https:\/\/www.s1helmets.ca\/fr\/produit\/casque-s1-mini-lifer-blanc-lustre\/","og_locale":"fr_FR","og_type":"article","og_title":"Casque S1 Mini Lifer - Blanc Lustr\u00e9 - S1 Helmets Canada","og_description":"Le Casque S1 Mini Lifer - Blanc Lustr\u00e9 est l'un des casques les plus confortables et les plus s\u00e9curitaires sur le march\u00e9.","og_url":"https:\/\/www.s1helmets.ca\/fr\/produit\/casque-s1-mini-lifer-blanc-lustre\/","og_site_name":"S1 Helmets Canada","article_modified_time":"2026-04-09T15:06:14+00:00","og_image":[{"width":1950,"height":2400,"url":"https:\/\/www.s1helmets.ca\/wp-content\/uploads\/2019\/03\/MiniLifer_WhiteGloss_34.jpg","type":"image\/jpeg"}],"twitter_card":"summary_large_image","twitter_misc":{"Dur\u00e9e de lecture estim\u00e9e":"4 minutes"},"schema":{"@context":"https:\/\/schema.org","@graph":[{"@type":"WebPage","@id":"https:\/\/www.s1helmets.ca\/fr\/produit\/casque-s1-mini-lifer-blanc-lustre\/","url":"https:\/\/www.s1helmets.ca\/fr\/produit\/casque-s1-mini-lifer-blanc-lustre\/","name":"Casque S1 Mini Lifer - Blanc Lustr\u00e9 - S1 Helmets Canada","isPartOf":{"@id":"https:\/\/www.s1helmets.ca\/fr\/#website"},"primaryImageOfPage":{"@id":"https:\/\/www.s1helmets.ca\/fr\/produit\/casque-s1-mini-lifer-blanc-lustre\/#primaryimage"},"image":{"@id":"https:\/\/www.s1helmets.ca\/fr\/produit\/casque-s1-mini-lifer-blanc-lustre\/#primaryimage"},"thumbnailUrl":"https:\/\/www.s1helmets.ca\/wp-content\/uploads\/2019\/03\/MiniLifer_WhiteGloss_34.jpg","datePublished":"2019-03-20T00:01:09+00:00","dateModified":"2026-04-09T15:06:14+00:00","description":"Le Casque S1 Mini Lifer - Blanc Lustr\u00e9 est l'un des casques les plus confortables et les plus s\u00e9curitaires sur le march\u00e9.","breadcrumb":{"@id":"https:\/\/www.s1helmets.ca\/fr\/produit\/casque-s1-mini-lifer-blanc-lustre\/#breadcrumb"},"inLanguage":"fr-FR","potentialAction":[{"@type":"ReadAction","target":["https:\/\/www.s1helmets.ca\/fr\/produit\/casque-s1-mini-lifer-blanc-lustre\/"]}]},{"@type":"ImageObject","inLanguage":"fr-FR","@id":"https:\/\/www.s1helmets.ca\/fr\/produit\/casque-s1-mini-lifer-blanc-lustre\/#primaryimage","url":"https:\/\/www.s1helmets.ca\/wp-content\/uploads\/2019\/03\/MiniLifer_WhiteGloss_34.jpg","contentUrl":"https:\/\/www.s1helmets.ca\/wp-content\/uploads\/2019\/03\/MiniLifer_WhiteGloss_34.jpg","width":1950,"height":2400},{"@type":"BreadcrumbList","@id":"https:\/\/www.s1helmets.ca\/fr\/produit\/casque-s1-mini-lifer-blanc-lustre\/#breadcrumb","itemListElement":[{"@type":"ListItem","position":1,"name":"Home","item":"https:\/\/www.s1helmets.ca\/fr\/"},{"@type":"ListItem","position":2,"name":"Casque S1 Mini Lifer &#8211; Blanc Lustr\u00e9"}]},{"@type":"WebSite","@id":"https:\/\/www.s1helmets.ca\/fr\/#website","url":"https:\/\/www.s1helmets.ca\/fr\/","name":"S1 Helmets Canada","description":"Roller Derby Helmet and Pads | Skate Helmets | S1 Helmets Canada","potentialAction":[{"@type":"SearchAction","target":{"@type":"EntryPoint","urlTemplate":"https:\/\/www.s1helmets.ca\/fr\/?s={search_term_string}"},"query-input":{"@type":"PropertyValueSpecification","valueRequired":true,"valueName":"search_term_string"}}],"inLanguage":"fr-FR"}]}},"_links":{"self":[{"href":"https:\/\/www.s1helmets.ca\/fr\/wp-json\/wp\/v2\/product\/9866","targetHints":{"allow":["GET"]}}],"collection":[{"href":"https:\/\/www.s1helmets.ca\/fr\/wp-json\/wp\/v2\/product"}],"about":[{"href":"https:\/\/www.s1helmets.ca\/fr\/wp-json\/wp\/v2\/types\/product"}],"replies":[{"embeddable":true,"href":"https:\/\/www.s1helmets.ca\/fr\/wp-json\/wp\/v2\/comments?post=9866"}],"wp:featuredmedia":[{"embeddable":true,"href":"https:\/\/www.s1helmets.ca\/fr\/wp-json\/wp\/v2\/media\/9863"}],"wp:attachment":[{"href":"https:\/\/www.s1helmets.ca\/fr\/wp-json\/wp\/v2\/media?parent=9866"}],"wp:term":[{"taxonomy":"product_brand","embeddable":true,"href":"https:\/\/www.s1helmets.ca\/fr\/wp-json\/wp\/v2\/product_brand?post=9866"},{"taxonomy":"product_cat","embeddable":true,"href":"https:\/\/www.s1helmets.ca\/fr\/wp-json\/wp\/v2\/product_cat?post=9866"},{"taxonomy":"product_tag","embeddable":true,"href":"https:\/\/www.s1helmets.ca\/fr\/wp-json\/wp\/v2\/product_tag?post=9866"}],"curies":[{"name":"wp","href":"https:\/\/api.w.org\/{rel}","templated":true}]}}